{"id":1305,"date":"2021-05-08T18:41:23","date_gmt":"2021-05-08T16:41:23","guid":{"rendered":"https:\/\/ladunedupilat.com\/?page_id=1305"},"modified":"2025-08-01T16:28:53","modified_gmt":"2025-08-01T14:28:53","slug":"how-to-come","status":"publish","type":"page","link":"https:\/\/ladunedupilat.com\/en\/preparation\/comment-venir\/","title":{"rendered":"<strong>How to access<\/strong> at the Dune du Pilat?"},"content":{"rendered":"<div style=\"height:100px\" aria-hidden=\"true\" id=\"transports\" class=\"wp-block-spacer\"><\/div>\n\n\n\n<h2 class=\"wp-block-heading has-text-align-center tw-mt-0 moveTitre\">... or consult <strong>the description<\/strong><\/h2>\n\n\n\n<div style=\"height:49px\" aria-hidden=\"true\" class=\"wp-block-spacer\"><\/div>\n\n\n\n<section class=\"wp-block-uagb-section uagb-section__wrap uagb-section__background-undefined uagb-block-f8980798 uag-hide-desktop uag-hide-tab uag-hide-mob uag-hide-desktop uag-hide-tab uag-hide-mob\"><div class=\"uagb-section__overlay\"><\/div><div class=\"uagb-section__inner-wrap\"><\/div><\/section>\n\n\n\n<div class=\"wp-block-uagb-columns uagb-columns__wrap uagb-columns__background-none uagb-columns__stack-tablet uagb-columns__valign- uagb-columns__gap-0 align uagb-block-2b134ed2 uagb-columns__columns-3 uagb-columns__max_width-custom venir\"><div class=\"uagb-columns__overlay\"><\/div><div class=\"uagb-columns__inner-wrap uagb-columns__columns-3\">\n<div class=\"wp-block-uagb-column uagb-column__wrap uagb-column__background-color uagb-block-9652cfad\"><div class=\"uagb-column__overlay\"><\/div>\n<div class=\"wp-block-getwid-tabs venir-tabs\" data-active-tab=\"0\"><ul class=\"wp-block-getwid-tabs__nav-links\"><\/ul>\n<div class=\"wp-block-getwid-tabs__nav-link\"><span class=\"wp-block-getwid-tabs__title-wrapper\"><a href=\"#\"><span class=\"wp-block-getwid-tabs__title\">By bike<\/span><\/a><\/span><\/div><div class=\"wp-block-getwid-tabs__tab-content-wrapper\"><div class=\"wp-block-getwid-tabs__tab-content\">\n<p>The Grand Site de la Dune du Pilat is located on the <a href=\"https:\/\/www.lavelodyssee.com\/\" data-type=\"URL\" data-id=\"https:\/\/www.lavelodyssee.com\/\" rel=\"nofollow noopener\" target=\"_blank\">cycle route of La V\u00e9lodyss\u00e9e<\/a> : this cycle route which crosses Brittany and runs along the Atlantic to the Basque Coast by a tonic and wild route.<\/p>\n\n\n\n<p>Thanks to the many cycle paths of the Arcachon Basin, you can easily access the Grand Site de la dune du Pilat.<\/p>\n\n\n\n<p>Bicycle rental companies are listed on the website of the <a href=\"https:\/\/bassin-arcachon.com\/\" rel=\"nofollow noopener\" target=\"_blank\">Arcachon bay<\/a>. Find yourself there <a href=\"https:\/\/bassin-arcachon.com\/bassin-a-velo\/\" rel=\"nofollow noopener\" target=\"_blank\">all walks and routes suitable for bicycles.<\/a><\/p>\n\n\n\n<p>The reception area is labeled \u201cAccueil V\u00e9lo\u201d, a national brand which guarantees a welcome and quality services for all cyclists.<\/p>\n\n\n\n<p>Of the <strong>racks are available<\/strong> in the reception area to lock your bike for the duration of your visit to the Grand Site. <strong>connected instructions<\/strong> are available to drop off your personal belongings.<\/p>\n\n\n\n<figure class=\"wp-block-gallery has-nested-images columns-default is-cropped wp-block-gallery-1 is-layout-flex wp-block-gallery-is-layout-flex\">\n<figure class=\"wp-block-image size-large\"><img loading=\"lazy\" decoding=\"async\" width=\"1024\" height=\"683\" data-id=\"26289\" src=\"https:\/\/ladunedupilat.com\/wp-content\/uploads\/2024\/07\/IMG_9539-1024x683.jpg\" alt=\"-\" class=\"wp-image-26289\" srcset=\"https:\/\/ladunedupilat.com\/wp-content\/uploads\/2024\/07\/IMG_9539-1024x683.jpg 1024w, https:\/\/ladunedupilat.com\/wp-content\/uploads\/2024\/07\/IMG_9539-300x200.jpg 300w, https:\/\/ladunedupilat.com\/wp-content\/uploads\/2024\/07\/IMG_9539-768x512.jpg 768w, https:\/\/ladunedupilat.com\/wp-content\/uploads\/2024\/07\/IMG_9539-1536x1024.jpg 1536w, https:\/\/ladunedupilat.com\/wp-content\/uploads\/2024\/07\/IMG_9539-2048x1365.jpg 2048w, https:\/\/ladunedupilat.com\/wp-content\/uploads\/2024\/07\/IMG_9539-18x12.jpg 18w, https:\/\/ladunedupilat.com\/wp-content\/uploads\/2024\/07\/IMG_9539-1200x800.jpg 1200w, https:\/\/ladunedupilat.com\/wp-content\/uploads\/2024\/07\/IMG_9539-1980x1320.jpg 1980w\" sizes=\"auto, (max-width: 1024px) 100vw, 1024px\" \/><\/figure>\n\n\n\n<figure class=\"wp-block-image size-large\"><img loading=\"lazy\" decoding=\"async\" width=\"1024\" height=\"683\" data-id=\"26290\" src=\"https:\/\/ladunedupilat.com\/wp-content\/uploads\/2024\/07\/IMG_9565-1024x683.jpg\" alt=\"-\" class=\"wp-image-26290\" srcset=\"https:\/\/ladunedupilat.com\/wp-content\/uploads\/2024\/07\/IMG_9565-1024x683.jpg 1024w, https:\/\/ladunedupilat.com\/wp-content\/uploads\/2024\/07\/IMG_9565-300x200.jpg 300w, https:\/\/ladunedupilat.com\/wp-content\/uploads\/2024\/07\/IMG_9565-768x512.jpg 768w, https:\/\/ladunedupilat.com\/wp-content\/uploads\/2024\/07\/IMG_9565-1536x1024.jpg 1536w, https:\/\/ladunedupilat.com\/wp-content\/uploads\/2024\/07\/IMG_9565-2048x1365.jpg 2048w, https:\/\/ladunedupilat.com\/wp-content\/uploads\/2024\/07\/IMG_9565-18x12.jpg 18w, https:\/\/ladunedupilat.com\/wp-content\/uploads\/2024\/07\/IMG_9565-1200x800.jpg 1200w, https:\/\/ladunedupilat.com\/wp-content\/uploads\/2024\/07\/IMG_9565-1980x1320.jpg 1980w\" sizes=\"auto, (max-width: 1024px) 100vw, 1024px\" \/><\/figure>\n\n\n\n<figure class=\"wp-block-image size-large\"><img loading=\"lazy\" decoding=\"async\" width=\"1024\" height=\"683\" data-id=\"26288\" src=\"https:\/\/ladunedupilat.com\/wp-content\/uploads\/2024\/07\/IMG_9675-1-1024x683.jpg\" alt=\"-\" class=\"wp-image-26288\" srcset=\"https:\/\/ladunedupilat.com\/wp-content\/uploads\/2024\/07\/IMG_9675-1-1024x683.jpg 1024w, https:\/\/ladunedupilat.com\/wp-content\/uploads\/2024\/07\/IMG_9675-1-300x200.jpg 300w, https:\/\/ladunedupilat.com\/wp-content\/uploads\/2024\/07\/IMG_9675-1-768x512.jpg 768w, https:\/\/ladunedupilat.com\/wp-content\/uploads\/2024\/07\/IMG_9675-1-1536x1024.jpg 1536w, https:\/\/ladunedupilat.com\/wp-content\/uploads\/2024\/07\/IMG_9675-1-2048x1365.jpg 2048w, https:\/\/ladunedupilat.com\/wp-content\/uploads\/2024\/07\/IMG_9675-1-18x12.jpg 18w, https:\/\/ladunedupilat.com\/wp-content\/uploads\/2024\/07\/IMG_9675-1-1200x800.jpg 1200w, https:\/\/ladunedupilat.com\/wp-content\/uploads\/2024\/07\/IMG_9675-1-1980x1320.jpg 1980w\" sizes=\"auto, (max-width: 1024px) 100vw, 1024px\" \/><\/figure>\n<\/figure>\n\n\n\n<p>The Car-Free Nature Getaway from the Network of Grands Sites de France gives you an idea of a route by bike, on foot, or by boat, to discover the territory of the Grand Site de la Dune du Pilat in a different way.<\/p>\n\n\n\n<div class=\"wp-block-buttons is-layout-flex wp-block-buttons-is-layout-flex\">\n<div class=\"wp-block-button\"><a class=\"wp-block-button__link wp-element-button\" href=\"https:\/\/fr.calameo.com\/read\/000024421b2dffdf169da\" target=\"_blank\" rel=\"noreferrer noopener nofollow\">I download the Nature Escapade Without Car booklet<\/a><\/div>\n<\/div>\n<\/div><\/div>\n\n\n\n<div class=\"wp-block-getwid-tabs__nav-link\"><span class=\"wp-block-getwid-tabs__title-wrapper\"><a href=\"#\"><span class=\"wp-block-getwid-tabs__title\">By bus<\/span><\/a><\/span><\/div><div class=\"wp-block-getwid-tabs__tab-content-wrapper\"><div class=\"wp-block-getwid-tabs__tab-content\">\n<p><strong>From Arcachon station:&nbsp;<\/strong><\/p>\n\n\n\n<p>Take the Ba\u00efa Bus: <strong><a href=\"https:\/\/www.bus-baia.fr\/pdf\/l3.pdf\" rel=\"nofollow noopener\" target=\"_blank\">Line 3<\/a><\/strong> direction Plage de la Salie, get off at the Dune du Pilat stop (25 min).<\/p>\n\n\n\n<p><strong>This line operates all year round (except Sundays and public holidays).<\/strong><\/p>\n\n\n\n<p>In July and August only, take the <a href=\"https:\/\/www.bus-baia.fr\/pdf\/l101.pdf\" rel=\"nofollow noopener\" target=\"_blank\">line 101 Express<\/a> to reach the Dune du Pilat from Arcachon station or from the La Teste-de-Buch market.<\/p>\n\n\n\n<p>Pay for your 1-trip PASS on board or buy your electronic tickets on the website or on the Ba\u00efa by Mybus application.<\/p>\n\n\n\n<p>Info and plans on:&nbsp;<a href=\"https:\/\/www.bus-baia.fr\/\" rel=\"nofollow noopener\" target=\"_blank\">https:\/\/www.bus-baia.fr\/<\/a><\/p>\n\n\n\n<div class=\"wp-block-buttons is-layout-flex wp-block-buttons-is-layout-flex\">\n<div class=\"wp-block-button\"><a class=\"wp-block-button__link wp-element-button\" href=\"https:\/\/mobibarval.fr\/\" target=\"_blank\" rel=\"noreferrer noopener nofollow\">I move on the Arcachon Basin<\/a><\/div>\n<\/div>\n<\/div><\/div>\n\n\n\n<div class=\"wp-block-getwid-tabs__nav-link\"><span class=\"wp-block-getwid-tabs__title-wrapper\"><a href=\"#\"><span class=\"wp-block-getwid-tabs__title\">By train<\/span><\/a><\/span><\/div><div class=\"wp-block-getwid-tabs__tab-content-wrapper\"><div class=\"wp-block-getwid-tabs__tab-content\">\n<p><strong>From Bordeaux Saint Jean station:<\/strong><\/p>\n\n\n\n<p>Take the TER <strong>line 41.2 U <\/strong>(25 return trips per day) <strong>direction Arcachon<\/strong>, get off at the terminus (50 min)<\/p>\n\n\n\n<div class=\"wp-block-buttons is-layout-flex wp-block-buttons-is-layout-flex\">\n<div class=\"wp-block-button\"><a class=\"wp-block-button__link wp-element-button\" href=\"https:\/\/www.ter.sncf.com\/nouvelle-aquitaine\/trajet-bordeaux-arcachon\" rel=\"nofollow noopener\" target=\"_blank\">I find a train<\/a><\/div>\n<\/div>\n<\/div><\/div>\n\n\n\n<div class=\"wp-block-getwid-tabs__nav-link\"><span class=\"wp-block-getwid-tabs__title-wrapper\"><a href=\"#\"><span class=\"wp-block-getwid-tabs__title\">By plane<\/span><\/a><\/span><\/div><div class=\"wp-block-getwid-tabs__tab-content-wrapper\"><div class=\"wp-block-getwid-tabs__tab-content\">\n<p>From Paris, Marseille, Nantes, London, Madrid\u2026 join the Bassin d&#039;Arcachon by arriving at Bordeaux-M\u00e9rignac airport (45 min from the Grand Site).<\/p>\n\n\n\n<p>Take the shuttle <a href=\"https:\/\/30direct.com\/\" rel=\"nofollow noopener\" target=\"_blank\">30&#039;DIRECT<\/a> to get to Bordeaux Saint Jean station (45 min).<\/p>\n<\/div><\/div>\n\n\n\n<div class=\"wp-block-getwid-tabs__nav-link\"><span class=\"wp-block-getwid-tabs__title-wrapper\"><a href=\"#\"><span class=\"wp-block-getwid-tabs__title\">On a boat<\/span><\/a><\/span><\/div><div class=\"wp-block-getwid-tabs__tab-content-wrapper\"><div class=\"wp-block-getwid-tabs__tab-content\">\n<p>It is possible to get to the dune of Pilat by sea route.&nbsp;<\/p>\n\n\n\n<p>Either by your own means, or by sailing with the maritime services available on the Arcachon Basin.&nbsp;<\/p>\n<\/div><\/div>\n\n\n\n<div class=\"wp-block-getwid-tabs__nav-link\"><span class=\"wp-block-getwid-tabs__title-wrapper\"><a href=\"#\"><span class=\"wp-block-getwid-tabs__title\">By car<\/span><\/a><\/span><\/div><div class=\"wp-block-getwid-tabs__tab-content-wrapper\"><div class=\"wp-block-getwid-tabs__tab-content\">\n<p>The reception area of the Grand Site de la Dune du Pilat has a car park. <\/p>\n\n\n\n<p><strong>Public revenue from parking is donated in full for the management of the Grand Site: waste collection in natural areas, naturalist monitoring, free environmental education tools, etc. By paying for the parking lot, you too are helping to preserve it. .<\/strong><\/p>\n\n\n\n<p><strong>From Bordeaux:<\/strong><\/p>\n\n\n\n<p>From Bordeaux, take the A630 motorway then A660 towards the Bassin d&#039;Arcachon \/ Biscarrosse, Exit D259 towards Dune du Pilat \/ Biscarrosse. Head towards the reception area of the Dune (with a parking lot).<\/p>\n\n\n\n<p><strong>From Paris, Lyon, Toulouse, Biarritz:<\/strong><\/p>\n\n\n\n<p>From Paris: A10 Paris \/ Bordeaux (5h30)<br>From Lyon: A89 Lyon \/ Bordeaux (5h20)<br>From Toulouse: A62 Toulouse \/ Bordeaux (2h40)<br>From Biarritz: A63 Biarritz \/ A660 direction Arcachon (1h50)<\/p>\n\n\n\n<div class=\"wp-block-buttons tw-mb-0 is-layout-flex wp-block-buttons-is-layout-flex\">\n<div class=\"wp-block-button\"><a class=\"wp-block-button__link wp-element-button\" href=\"https:\/\/ladunedupilat.com\/en\/preparation\/tariffs-and-subscriptions\/\"><strong>I find the prices of the parking lot<\/strong><\/a><\/div>\n<\/div>\n\n\n\n<div class=\"wp-block-buttons tw-mt-0 is-layout-flex wp-block-buttons-is-layout-flex\">\n<div class=\"wp-block-button\"><a class=\"wp-block-button__link wp-element-button\" href=\"https:\/\/ladunedupilat.com\/en\/preparation\/live-attendance\/\"><strong>I consult the online attendance tool&nbsp;<\/strong><\/a><\/div>\n<\/div>\n<\/div><\/div>\n\n\n\n<div class=\"wp-block-getwid-tabs__nav-link\"><span class=\"wp-block-getwid-tabs__title-wrapper\"><a href=\"#\"><span class=\"wp-block-getwid-tabs__title\">By motorhome<\/span><\/a><\/span><\/div><div class=\"wp-block-getwid-tabs__tab-content-wrapper\"><div class=\"wp-block-getwid-tabs__tab-content\">\n<p>During the day, the reception area of the Grand Site de la Dune du Pilat has a parking lot to welcome you. <\/p>\n\n\n\n<p><strong>Public revenue from parking is donated in full for the management of the Grand Site: waste collection in natural areas, naturalist monitoring, free environmental education tools, etc. By paying for the parking lot, you too are helping to preserve it. .<\/strong><\/p>\n\n\n\n<p><strong>From Bordeaux:<\/strong><\/p>\n\n\n\n<p>From Bordeaux, take the A630 motorway then A660 towards the Bassin d&#039;Arcachon \/ Biscarrosse, Exit D259 towards Dune du Pilat \/ Biscarrosse.&nbsp;<\/p>\n\n\n\n<p><strong>From Paris, Lyon, Toulouse, Biarritz:<\/strong><\/p>\n\n\n\n<p>From Paris: A10 Paris \/ Bordeaux (5h30)<br>From Lyon: A89 Lyon \/ Bordeaux (5h20)<br>From Toulouse: A62 Toulouse \/ Bordeaux (2h40)<br>From Biarritz: A63 Biarritz \/ A660 direction Arcachon (1h50)<\/p>\n\n\n\n<p><strong>Please note, on a classified site, night parking is prohibited. <\/strong><a href=\"https:\/\/bassin-arcachon.com\/ou-dormir\/aires-de-camping-cars\/\" rel=\"nofollow noopener\" target=\"_blank\"><strong>I consult the legal motorhome areas<\/strong><\/a><\/p>\n\n\n\n<p><\/p>\n\n\n\n<div class=\"wp-block-buttons tw-mt-0 is-layout-flex wp-block-buttons-is-layout-flex\">\n<div class=\"wp-block-button\"><a class=\"wp-block-button__link wp-element-button\" href=\"https:\/\/ladunedupilat.com\/en\/preparation\/tariffs-and-subscriptions\/\" target=\"_blank\" rel=\"noreferrer noopener\"><strong>I find the prices of the parking lot<\/strong><\/a><\/div>\n<\/div>\n\n\n\n<div class=\"wp-block-buttons is-layout-flex wp-block-buttons-is-layout-flex\">\n<div class=\"wp-block-button\"><a class=\"wp-block-button__link wp-element-button\">I consult the live attendance tool<\/a><\/div>\n<\/div>\n\n\n\n<p><\/p>\n<\/div><\/div>\n<\/div>\n<\/div>\n\n\n\n<div class=\"wp-block-uagb-column uagb-column__wrap uagb-column__background-undefined uagb-block-c070daae\"><div class=\"uagb-column__overlay\"><\/div>\n<p><\/p>\n<\/div>\n\n\n\n<div class=\"wp-block-uagb-column uagb-column__wrap uagb-column__background-color uagb-block-b0cabb98 venir-bg\"><div class=\"uagb-column__overlay\"><\/div>\n<h3 class=\"wp-block-heading tw-mt-0 has-blanc-color has-text-color\"><strong>PRACTICAL INFORMATION<\/strong><\/h3>\n\n\n\n<p class=\"has-blanc-color has-text-color\" style=\"font-size:16px;line-height:1.4\"><strong>Bus, bike, boat\u2026 and yes, the dune of Pilat can be visited differently!<\/strong><br><strong>Leave your cars behind and use other means to get around!<\/strong><\/p>\n\n\n\n<p class=\"has-blanc-color has-text-color\" style=\"font-size:16px;line-height:1.4\">In the summer season during which road traffic is dense, prefer more gentle modes of transport.<\/p>\n\n\n\n<hr class=\"wp-block-separator has-text-color has-subtle-background-color has-css-opacity has-subtle-background-background-color has-background tw-mb-3 tw-mt-2\"\/>\n\n\n\n<p class=\"has-blanc-color has-text-color\" style=\"font-size:16px;line-height:1.4\"><a href=\"https:\/\/www.calameo.com\/read\/00002442172196ce0017a\" target=\"_blank\" rel=\"noreferrer noopener nofollow\">I download the practical guide<\/a> to get around well throughout the Arcachon Basin!<\/p>\n\n\n\n<hr class=\"wp-block-separator has-text-color has-subtle-background-color has-css-opacity has-subtle-background-background-color has-background tw-mb-3 tw-mt-0\"\/>\n\n\n\n<p class=\"has-blanc-color has-text-color\" style=\"font-size:16px;line-height:1.4\">Access to the dune of Pilat is completely free if you come by bus, bicycle or on foot.<\/p>\n\n\n\n<hr class=\"wp-block-separator has-text-color has-subtle-background-color has-css-opacity has-subtle-background-background-color has-background tw-mb-3 tw-mt-0\"\/>\n\n\n\n<p class=\"has-blanc-color has-text-color\" style=\"font-size:16px;line-height:1.4\">To avoid impacting species and their habitats, but also to guarantee everyone&#039;s safety, parking along the road is prohibited.<\/p>\n<\/div>\n<\/div><\/div>\n\n\n\n<div style=\"height:50px\" aria-hidden=\"true\" class=\"wp-block-spacer\"><\/div>","protected":false},"excerpt":{"rendered":"<p>Bus, bike, boat\u2026 and yes, the dune of Pilat can be visited differently! Leave your cars behind and use other means to get around!<\/p>","protected":false},"author":8,"featured_media":26286,"parent":284,"menu_order":3,"comment_status":"closed","ping_status":"closed","template":"templates\/template-page-iti.php","meta":{"_acf_changed":false,"_uag_custom_page_level_css":"","footnotes":""},"class_list":["post-1305","page","type-page","status-publish","has-post-thumbnail","hentry"],"acf":[],"uagb_featured_image_src":{"full":["https:\/\/ladunedupilat.com\/wp-content\/uploads\/2024\/07\/IMG_9639-scaled.jpg",2560,1036,false],"thumbnail":["https:\/\/ladunedupilat.com\/wp-content\/uploads\/2024\/07\/IMG_9639-150x150.jpg",150,150,true],"medium":["https:\/\/ladunedupilat.com\/wp-content\/uploads\/2024\/07\/IMG_9639-300x121.jpg",300,121,true],"medium_large":["https:\/\/ladunedupilat.com\/wp-content\/uploads\/2024\/07\/IMG_9639-768x311.jpg",580,235,true],"large":["https:\/\/ladunedupilat.com\/wp-content\/uploads\/2024\/07\/IMG_9639-1024x414.jpg",580,234,true],"1536x1536":["https:\/\/ladunedupilat.com\/wp-content\/uploads\/2024\/07\/IMG_9639-1536x622.jpg",1536,622,true],"2048x2048":["https:\/\/ladunedupilat.com\/wp-content\/uploads\/2024\/07\/IMG_9639-2048x829.jpg",2048,829,true],"trp-custom-language-flag":["https:\/\/ladunedupilat.com\/wp-content\/uploads\/2024\/07\/IMG_9639-18x7.jpg",18,7,true],"post-thumbnail":["https:\/\/ladunedupilat.com\/wp-content\/uploads\/2024\/07\/IMG_9639-1200x486.jpg",1200,486,true],"twentytwenty-fullscreen":["https:\/\/ladunedupilat.com\/wp-content\/uploads\/2024\/07\/IMG_9639-1980x801.jpg",1980,801,true]},"uagb_author_info":{"display_name":"communication@ladunedupilat.com","author_link":"https:\/\/ladunedupilat.com\/en\/author\/communicationladunedupilat-com\/"},"uagb_comment_info":0,"uagb_excerpt":"Bus, v\u00e9lo, bateau... et oui, la dune du Pilat peut se visiter autrement ! Laissez vos voitures de c\u00f4t\u00e9 et employez d'autres moyens pour vous d\u00e9placer !","_links":{"self":[{"href":"https:\/\/ladunedupilat.com\/en\/wp-json\/wp\/v2\/pages\/1305","targetHints":{"allow":["GET"]}}],"collection":[{"href":"https:\/\/ladunedupilat.com\/en\/wp-json\/wp\/v2\/pages"}],"about":[{"href":"https:\/\/ladunedupilat.com\/en\/wp-json\/wp\/v2\/types\/page"}],"author":[{"embeddable":true,"href":"https:\/\/ladunedupilat.com\/en\/wp-json\/wp\/v2\/users\/8"}],"replies":[{"embeddable":true,"href":"https:\/\/ladunedupilat.com\/en\/wp-json\/wp\/v2\/comments?post=1305"}],"version-history":[{"count":12,"href":"https:\/\/ladunedupilat.com\/en\/wp-json\/wp\/v2\/pages\/1305\/revisions"}],"predecessor-version":[{"id":27285,"href":"https:\/\/ladunedupilat.com\/en\/wp-json\/wp\/v2\/pages\/1305\/revisions\/27285"}],"up":[{"embeddable":true,"href":"https:\/\/ladunedupilat.com\/en\/wp-json\/wp\/v2\/pages\/284"}],"wp:featuredmedia":[{"embeddable":true,"href":"https:\/\/ladunedupilat.com\/en\/wp-json\/wp\/v2\/media\/26286"}],"wp:attachment":[{"href":"https:\/\/ladunedupilat.com\/en\/wp-json\/wp\/v2\/media?parent=1305"}],"curies":[{"name":"wp","href":"https:\/\/api.w.org\/{rel}","templated":true}]}}