{"id":313,"date":"2021-03-02T18:26:19","date_gmt":"2021-03-02T17:26:19","guid":{"rendered":"https:\/\/ladunedupilat.com\/?page_id=313"},"modified":"2025-08-01T16:12:24","modified_gmt":"2025-08-01T14:12:24","slug":"the-forest","status":"publish","type":"page","link":"https:\/\/ladunedupilat.com\/en\/je-decouvre\/grand-site\/la-foret\/","title":{"rendered":"The forest"},"content":{"rendered":"<h2 class=\"wp-block-heading\">The great fire<\/h2>\n\n\n\n<section class=\"wp-block-uagb-columns uagb-columns__wrap uagb-columns__background-none uagb-columns__stack-mobile uagb-columns__valign- uagb-columns__gap-10 align uagb-block-83f6164b uagb-columns__columns-1 uagb-columns__max_width-custom\"><div class=\"uagb-columns__overlay\"><\/div><div class=\"uagb-columns__inner-wrap uagb-columns__columns-1\">\n<div class=\"wp-block-uagb-column uagb-column__wrap uagb-column__background-undefined uagb-block-ea0df662\"><div class=\"uagb-column__overlay\"><\/div>\n<p><strong>The forest backed by the Dune was hit by an unprecedented disaster in July 2022. A terrible fire of more than 6,000 hectares destroyed a large part of this immense and ancient forest massif. Firefighters, security and rescue services, hundreds of men and women\u2026. Everyone mobilized to fight tirelessly against the flames in order to save this landscape inseparable from the Grand Site.<\/strong><\/p>\n\n\n\n<p>It is a part of history that disappears, like the <strong>gemmed bottle pins<\/strong> and <strong>centuries-old oaks<\/strong> charred, taking with them part of our <strong>heritage<\/strong>. Insects, reptiles, amphibians, birds, mammals but also flowering plants, lichens, moss and mushrooms\u2026 all strata of biodiversity were deeply impacted by this large-scale fire. <\/p>\n\n\n\n<p>If the landscape of the Dune will bear its scars for a long time to come, it is a <strong>new page<\/strong> which begins for the rebirth of this magnificent forest, inseparable from the Grand Site.<\/p>\n\n\n\n<figure class=\"wp-block-gallery has-nested-images columns-4 is-cropped wp-block-gallery-1 is-layout-flex wp-block-gallery-is-layout-flex\">\n<figure class=\"wp-block-image size-large\"><img loading=\"lazy\" decoding=\"async\" width=\"1024\" height=\"683\" data-id=\"25432\" src=\"https:\/\/ladunedupilat.com\/wp-content\/uploads\/2023\/11\/incendie-1024x683.jpg\" alt=\"-\" class=\"wp-image-25432\" srcset=\"https:\/\/ladunedupilat.com\/wp-content\/uploads\/2023\/11\/incendie-1024x683.jpg 1024w, https:\/\/ladunedupilat.com\/wp-content\/uploads\/2023\/11\/incendie-300x200.jpg 300w, https:\/\/ladunedupilat.com\/wp-content\/uploads\/2023\/11\/incendie-768x512.jpg 768w, https:\/\/ladunedupilat.com\/wp-content\/uploads\/2023\/11\/incendie-1536x1024.jpg 1536w, https:\/\/ladunedupilat.com\/wp-content\/uploads\/2023\/11\/incendie-18x12.jpg 18w, https:\/\/ladunedupilat.com\/wp-content\/uploads\/2023\/11\/incendie-1200x800.jpg 1200w, https:\/\/ladunedupilat.com\/wp-content\/uploads\/2023\/11\/incendie-1980x1320.jpg 1980w, https:\/\/ladunedupilat.com\/wp-content\/uploads\/2023\/11\/incendie.jpg 2048w\" sizes=\"auto, (max-width: 1024px) 100vw, 1024px\" \/><figcaption class=\"wp-element-caption\">Cloud of smoke<\/figcaption><\/figure>\n\n\n\n<figure class=\"wp-block-image size-large\"><img loading=\"lazy\" decoding=\"async\" width=\"1024\" height=\"683\" data-id=\"25429\" src=\"https:\/\/ladunedupilat.com\/wp-content\/uploads\/2023\/11\/IMG_6482-1024x683.jpg\" alt=\"-\" class=\"wp-image-25429\" srcset=\"https:\/\/ladunedupilat.com\/wp-content\/uploads\/2023\/11\/IMG_6482-1024x683.jpg 1024w, https:\/\/ladunedupilat.com\/wp-content\/uploads\/2023\/11\/IMG_6482-300x200.jpg 300w, https:\/\/ladunedupilat.com\/wp-content\/uploads\/2023\/11\/IMG_6482-768x512.jpg 768w, https:\/\/ladunedupilat.com\/wp-content\/uploads\/2023\/11\/IMG_6482-1536x1024.jpg 1536w, https:\/\/ladunedupilat.com\/wp-content\/uploads\/2023\/11\/IMG_6482-2048x1365.jpg 2048w, https:\/\/ladunedupilat.com\/wp-content\/uploads\/2023\/11\/IMG_6482-18x12.jpg 18w, https:\/\/ladunedupilat.com\/wp-content\/uploads\/2023\/11\/IMG_6482-1200x800.jpg 1200w, https:\/\/ladunedupilat.com\/wp-content\/uploads\/2023\/11\/IMG_6482-1980x1320.jpg 1980w\" sizes=\"auto, (max-width: 1024px) 100vw, 1024px\" \/><figcaption class=\"wp-element-caption\">The scars of the fire<\/figcaption><\/figure>\n\n\n\n<figure class=\"wp-block-image size-large\"><img loading=\"lazy\" decoding=\"async\" width=\"1024\" height=\"683\" data-id=\"25426\" src=\"https:\/\/ladunedupilat.com\/wp-content\/uploads\/2023\/11\/IMG_6336-1024x683.jpg\" alt=\"-\" class=\"wp-image-25426\" srcset=\"https:\/\/ladunedupilat.com\/wp-content\/uploads\/2023\/11\/IMG_6336-1024x683.jpg 1024w, https:\/\/ladunedupilat.com\/wp-content\/uploads\/2023\/11\/IMG_6336-300x200.jpg 300w, https:\/\/ladunedupilat.com\/wp-content\/uploads\/2023\/11\/IMG_6336-768x512.jpg 768w, https:\/\/ladunedupilat.com\/wp-content\/uploads\/2023\/11\/IMG_6336-1536x1024.jpg 1536w, https:\/\/ladunedupilat.com\/wp-content\/uploads\/2023\/11\/IMG_6336-2048x1365.jpg 2048w, https:\/\/ladunedupilat.com\/wp-content\/uploads\/2023\/11\/IMG_6336-18x12.jpg 18w, https:\/\/ladunedupilat.com\/wp-content\/uploads\/2023\/11\/IMG_6336-1200x800.jpg 1200w, https:\/\/ladunedupilat.com\/wp-content\/uploads\/2023\/11\/IMG_6336-1980x1320.jpg 1980w\" sizes=\"auto, (max-width: 1024px) 100vw, 1024px\" \/><figcaption class=\"wp-element-caption\">Charred trunks<\/figcaption><\/figure>\n\n\n\n<figure class=\"wp-block-image size-large\"><img loading=\"lazy\" decoding=\"async\" width=\"1024\" height=\"683\" data-id=\"25424\" src=\"https:\/\/ladunedupilat.com\/wp-content\/uploads\/2023\/11\/IMG_5345-1024x683.jpg\" alt=\"-\" class=\"wp-image-25424\" srcset=\"https:\/\/ladunedupilat.com\/wp-content\/uploads\/2023\/11\/IMG_5345-1024x683.jpg 1024w, https:\/\/ladunedupilat.com\/wp-content\/uploads\/2023\/11\/IMG_5345-300x200.jpg 300w, https:\/\/ladunedupilat.com\/wp-content\/uploads\/2023\/11\/IMG_5345-768x512.jpg 768w, https:\/\/ladunedupilat.com\/wp-content\/uploads\/2023\/11\/IMG_5345-1536x1024.jpg 1536w, https:\/\/ladunedupilat.com\/wp-content\/uploads\/2023\/11\/IMG_5345-2048x1365.jpg 2048w, https:\/\/ladunedupilat.com\/wp-content\/uploads\/2023\/11\/IMG_5345-18x12.jpg 18w, https:\/\/ladunedupilat.com\/wp-content\/uploads\/2023\/11\/IMG_5345-1200x800.jpg 1200w, https:\/\/ladunedupilat.com\/wp-content\/uploads\/2023\/11\/IMG_5345-1980x1320.jpg 1980w\" sizes=\"auto, (max-width: 1024px) 100vw, 1024px\" \/><figcaption class=\"wp-element-caption\">The frightened nature<\/figcaption><\/figure>\n\n\n\n<figure class=\"wp-block-image size-large\"><img loading=\"lazy\" decoding=\"async\" width=\"1024\" height=\"1024\" data-id=\"25434\" src=\"https:\/\/ladunedupilat.com\/wp-content\/uploads\/2023\/11\/Incendie3-1024x1024.jpg\" alt=\"-\" class=\"wp-image-25434\" srcset=\"https:\/\/ladunedupilat.com\/wp-content\/uploads\/2023\/11\/Incendie3-1024x1024.jpg 1024w, https:\/\/ladunedupilat.com\/wp-content\/uploads\/2023\/11\/Incendie3-300x300.jpg 300w, https:\/\/ladunedupilat.com\/wp-content\/uploads\/2023\/11\/Incendie3-150x150.jpg 150w, https:\/\/ladunedupilat.com\/wp-content\/uploads\/2023\/11\/Incendie3-768x768.jpg 768w, https:\/\/ladunedupilat.com\/wp-content\/uploads\/2023\/11\/Incendie3-12x12.jpg 12w, https:\/\/ladunedupilat.com\/wp-content\/uploads\/2023\/11\/Incendie3-1200x1200.jpg 1200w, https:\/\/ladunedupilat.com\/wp-content\/uploads\/2023\/11\/Incendie3.jpg 1365w\" sizes=\"auto, (max-width: 1024px) 100vw, 1024px\" \/><figcaption class=\"wp-element-caption\">Behind the Dune, the traces of the fire<\/figcaption><\/figure>\n\n\n\n<figure class=\"wp-block-image size-large\"><img loading=\"lazy\" decoding=\"async\" width=\"1024\" height=\"683\" data-id=\"25433\" src=\"https:\/\/ladunedupilat.com\/wp-content\/uploads\/2023\/11\/Incendie_2-1024x683.jpg\" alt=\"-\" class=\"wp-image-25433\" srcset=\"https:\/\/ladunedupilat.com\/wp-content\/uploads\/2023\/11\/Incendie_2-1024x683.jpg 1024w, https:\/\/ladunedupilat.com\/wp-content\/uploads\/2023\/11\/Incendie_2-300x200.jpg 300w, https:\/\/ladunedupilat.com\/wp-content\/uploads\/2023\/11\/Incendie_2-768x512.jpg 768w, https:\/\/ladunedupilat.com\/wp-content\/uploads\/2023\/11\/Incendie_2-1536x1024.jpg 1536w, https:\/\/ladunedupilat.com\/wp-content\/uploads\/2023\/11\/Incendie_2-18x12.jpg 18w, https:\/\/ladunedupilat.com\/wp-content\/uploads\/2023\/11\/Incendie_2-1200x800.jpg 1200w, https:\/\/ladunedupilat.com\/wp-content\/uploads\/2023\/11\/Incendie_2-1980x1320.jpg 1980w, https:\/\/ladunedupilat.com\/wp-content\/uploads\/2023\/11\/Incendie_2.jpg 2048w\" sizes=\"auto, (max-width: 1024px) 100vw, 1024px\" \/><figcaption class=\"wp-element-caption\">Terrible contrast between the blond of the Dune and the gray of the smoke<\/figcaption><\/figure>\n\n\n\n<figure class=\"wp-block-image size-large\"><img loading=\"lazy\" decoding=\"async\" width=\"1024\" height=\"683\" data-id=\"25431\" src=\"https:\/\/ladunedupilat.com\/wp-content\/uploads\/2023\/11\/IMG_7187-1024x683.jpg\" alt=\"-\" class=\"wp-image-25431\" srcset=\"https:\/\/ladunedupilat.com\/wp-content\/uploads\/2023\/11\/IMG_7187-1024x683.jpg 1024w, https:\/\/ladunedupilat.com\/wp-content\/uploads\/2023\/11\/IMG_7187-300x200.jpg 300w, https:\/\/ladunedupilat.com\/wp-content\/uploads\/2023\/11\/IMG_7187-768x512.jpg 768w, https:\/\/ladunedupilat.com\/wp-content\/uploads\/2023\/11\/IMG_7187-1536x1024.jpg 1536w, https:\/\/ladunedupilat.com\/wp-content\/uploads\/2023\/11\/IMG_7187-2048x1365.jpg 2048w, https:\/\/ladunedupilat.com\/wp-content\/uploads\/2023\/11\/IMG_7187-18x12.jpg 18w, https:\/\/ladunedupilat.com\/wp-content\/uploads\/2023\/11\/IMG_7187-1200x800.jpg 1200w, https:\/\/ladunedupilat.com\/wp-content\/uploads\/2023\/11\/IMG_7187-1980x1320.jpg 1980w\" sizes=\"auto, (max-width: 1024px) 100vw, 1024px\" \/><figcaption class=\"wp-element-caption\">A lunar landscape<\/figcaption><\/figure>\n\n\n\n<figure class=\"wp-block-image size-large\"><img loading=\"lazy\" decoding=\"async\" width=\"1024\" height=\"683\" data-id=\"25430\" src=\"https:\/\/ladunedupilat.com\/wp-content\/uploads\/2023\/11\/IMG_6493-1024x683.jpg\" alt=\"-\" class=\"wp-image-25430\" srcset=\"https:\/\/ladunedupilat.com\/wp-content\/uploads\/2023\/11\/IMG_6493-1024x683.jpg 1024w, https:\/\/ladunedupilat.com\/wp-content\/uploads\/2023\/11\/IMG_6493-300x200.jpg 300w, https:\/\/ladunedupilat.com\/wp-content\/uploads\/2023\/11\/IMG_6493-768x512.jpg 768w, https:\/\/ladunedupilat.com\/wp-content\/uploads\/2023\/11\/IMG_6493-1536x1024.jpg 1536w, https:\/\/ladunedupilat.com\/wp-content\/uploads\/2023\/11\/IMG_6493-2048x1365.jpg 2048w, https:\/\/ladunedupilat.com\/wp-content\/uploads\/2023\/11\/IMG_6493-18x12.jpg 18w, https:\/\/ladunedupilat.com\/wp-content\/uploads\/2023\/11\/IMG_6493-1200x800.jpg 1200w, https:\/\/ladunedupilat.com\/wp-content\/uploads\/2023\/11\/IMG_6493-1980x1320.jpg 1980w\" sizes=\"auto, (max-width: 1024px) 100vw, 1024px\" \/><figcaption class=\"wp-element-caption\">Some young shoots<\/figcaption><\/figure>\n\n\n\n<figure class=\"wp-block-image size-large\"><img loading=\"lazy\" decoding=\"async\" width=\"1024\" height=\"683\" data-id=\"25427\" src=\"https:\/\/ladunedupilat.com\/wp-content\/uploads\/2023\/11\/IMG_6375-1024x683.jpg\" alt=\"-\" class=\"wp-image-25427\" srcset=\"https:\/\/ladunedupilat.com\/wp-content\/uploads\/2023\/11\/IMG_6375-1024x683.jpg 1024w, https:\/\/ladunedupilat.com\/wp-content\/uploads\/2023\/11\/IMG_6375-300x200.jpg 300w, https:\/\/ladunedupilat.com\/wp-content\/uploads\/2023\/11\/IMG_6375-768x512.jpg 768w, https:\/\/ladunedupilat.com\/wp-content\/uploads\/2023\/11\/IMG_6375-1536x1024.jpg 1536w, https:\/\/ladunedupilat.com\/wp-content\/uploads\/2023\/11\/IMG_6375-2048x1365.jpg 2048w, https:\/\/ladunedupilat.com\/wp-content\/uploads\/2023\/11\/IMG_6375-18x12.jpg 18w, https:\/\/ladunedupilat.com\/wp-content\/uploads\/2023\/11\/IMG_6375-1200x800.jpg 1200w, https:\/\/ladunedupilat.com\/wp-content\/uploads\/2023\/11\/IMG_6375-1980x1320.jpg 1980w\" sizes=\"auto, (max-width: 1024px) 100vw, 1024px\" \/><figcaption class=\"wp-element-caption\">Wild fauna and flora hard hit<\/figcaption><\/figure>\n<\/figure>\n<\/div>\n<\/div><\/section>\n\n\n\n<h3 class=\"wp-block-heading\">The history of the forest<\/h3>\n\n\n\n<section class=\"wp-block-uagb-columns uagb-columns__wrap uagb-columns__background-none uagb-columns__stack-tablet uagb-columns__valign- uagb-columns__gap-10 align uagb-block-f5cd9da0 uagb-columns__columns-3 uagb-columns__max_width-custom\"><div class=\"uagb-columns__overlay\"><\/div><div class=\"uagb-columns__inner-wrap uagb-columns__columns-3\">\n<div class=\"wp-block-uagb-column uagb-column__wrap uagb-column__background-undefined uagb-block-f968c68d\"><div class=\"uagb-column__overlay\"><\/div>\n<p>From the crest of the Dune, your gaze dominates the <strong>user forest of La Teste-de-Buch<\/strong> with its marked relief. This thousand-year-old forest covers ancient dunes.<\/p>\n\n\n\n<p>Walking around here in the last century, you would have noticed the notch or &quot;\u00a0<strong>square<\/strong>\u00a0\u00bb carried out by the <strong>gemmer<\/strong> on the trunks of pine trees to collect the resin. The gem produced by the tree to heal is then harvested in terracotta pots or &quot;\u00a0<strong>cutyot<\/strong>\u201c. These injuries are still visible on some pines. <\/p>\n\n\n\n<p>Until the middle of the 20<sup>e<\/sup> century, twinning constitutes one of the <strong>drivers of local economic activity<\/strong> and the source of income for many residents. <\/p>\n\n\n\n<p>Used in the chemical and pharmaceutical industry, the resin was used, once distilled, to make paints, perfumes, soap, etc.<\/p>\n\n\n\n<p>This practice declined in the 1960s. But today we can see a renewed interest in tapping in the area.<\/p>\n<\/div>\n\n\n\n<div class=\"wp-block-uagb-column uagb-column__wrap uagb-column__background-undefined uagb-block-30cc2f5f\"><div class=\"uagb-column__overlay\"><\/div><\/div>\n\n\n\n<div class=\"wp-block-uagb-column uagb-column__wrap uagb-column__background-undefined uagb-block-e9ab0d8e\"><div class=\"uagb-column__overlay\"><\/div>\n<figure class=\"wp-block-image size-large tw-mt-0\"><img loading=\"lazy\" decoding=\"async\" width=\"683\" height=\"1024\" src=\"https:\/\/ladunedupilat.com\/wp-content\/uploads\/2021\/05\/IMG_2390-683x1024.jpg\" alt=\"-\" class=\"wp-image-1530\"><\/figure>\n<\/div>\n<\/div><\/section>\n\n\n\n<section class=\"wp-block-uagb-columns uagb-columns__wrap uagb-columns__background-none uagb-columns__stack-mobile uagb-columns__valign- uagb-columns__gap-10 align uagb-block-3e5150d8 uagb-columns__columns-1 uagb-columns__max_width-custom\"><div class=\"uagb-columns__overlay\"><\/div><div class=\"uagb-columns__inner-wrap uagb-columns__columns-1\">\n<div class=\"wp-block-uagb-column uagb-column__wrap uagb-column__background-undefined uagb-block-539e11e2\"><div class=\"uagb-column__overlay\"><\/div>\n<figure class=\"wp-block-gallery has-nested-images columns-4 is-cropped galRond is-style-tw-img-rounded tw-fixed-cols tw-img-ratio-1-1 tw-cols-large wp-block-gallery-2 is-layout-flex wp-block-gallery-is-layout-flex\">\n<figure class=\"wp-block-image size-medium\"><a href=\"https:\/\/ladunedupilat.com\/wp-content\/uploads\/2021\/05\/Gemmage-Hugues-5.png\"><img loading=\"lazy\" decoding=\"async\" width=\"218\" height=\"300\" data-id=\"1526\" src=\"https:\/\/ladunedupilat.com\/wp-content\/uploads\/2021\/05\/Gemmage-Hugues-5-218x300.png\" alt=\"-\" class=\"wp-image-1526\" srcset=\"https:\/\/ladunedupilat.com\/wp-content\/uploads\/2021\/05\/Gemmage-Hugues-5-218x300.png 218w, https:\/\/ladunedupilat.com\/wp-content\/uploads\/2021\/05\/Gemmage-Hugues-5-743x1024.png 743w, https:\/\/ladunedupilat.com\/wp-content\/uploads\/2021\/05\/Gemmage-Hugues-5-768x1059.png 768w, https:\/\/ladunedupilat.com\/wp-content\/uploads\/2021\/05\/Gemmage-Hugues-5-9x12.png 9w, https:\/\/ladunedupilat.com\/wp-content\/uploads\/2021\/05\/Gemmage-Hugues-5.png 816w\" sizes=\"auto, (max-width: 218px) 100vw, 218px\" \/><\/a><\/figure>\n\n\n\n<figure class=\"wp-block-image size-medium\"><a href=\"https:\/\/ladunedupilat.com\/wp-content\/uploads\/2021\/05\/Gemmage-Hugues-14.png\"><img loading=\"lazy\" decoding=\"async\" width=\"219\" height=\"300\" data-id=\"1528\" src=\"https:\/\/ladunedupilat.com\/wp-content\/uploads\/2021\/05\/Gemmage-Hugues-14-219x300.png\" alt=\"-\" class=\"wp-image-1528\" srcset=\"https:\/\/ladunedupilat.com\/wp-content\/uploads\/2021\/05\/Gemmage-Hugues-14-219x300.png 219w, https:\/\/ladunedupilat.com\/wp-content\/uploads\/2021\/05\/Gemmage-Hugues-14-746x1024.png 746w, https:\/\/ladunedupilat.com\/wp-content\/uploads\/2021\/05\/Gemmage-Hugues-14-768x1054.png 768w, https:\/\/ladunedupilat.com\/wp-content\/uploads\/2021\/05\/Gemmage-Hugues-14-9x12.png 9w, https:\/\/ladunedupilat.com\/wp-content\/uploads\/2021\/05\/Gemmage-Hugues-14.png 820w\" sizes=\"auto, (max-width: 219px) 100vw, 219px\" \/><\/a><\/figure>\n\n\n\n<figure class=\"wp-block-image size-medium\"><a href=\"https:\/\/ladunedupilat.com\/wp-content\/uploads\/2021\/05\/Gemmage-Hugues-6.png\"><img loading=\"lazy\" decoding=\"async\" width=\"217\" height=\"300\" data-id=\"1527\" src=\"https:\/\/ladunedupilat.com\/wp-content\/uploads\/2021\/05\/Gemmage-Hugues-6-217x300.png\" alt=\"-\" class=\"wp-image-1527\" srcset=\"https:\/\/ladunedupilat.com\/wp-content\/uploads\/2021\/05\/Gemmage-Hugues-6-217x300.png 217w, https:\/\/ladunedupilat.com\/wp-content\/uploads\/2021\/05\/Gemmage-Hugues-6-741x1024.png 741w, https:\/\/ladunedupilat.com\/wp-content\/uploads\/2021\/05\/Gemmage-Hugues-6-768x1061.png 768w, https:\/\/ladunedupilat.com\/wp-content\/uploads\/2021\/05\/Gemmage-Hugues-6-9x12.png 9w, https:\/\/ladunedupilat.com\/wp-content\/uploads\/2021\/05\/Gemmage-Hugues-6.png 814w\" sizes=\"auto, (max-width: 217px) 100vw, 217px\" \/><\/a><\/figure>\n\n\n\n<figure class=\"wp-block-image size-medium\"><a href=\"https:\/\/ladunedupilat.com\/wp-content\/uploads\/2021\/05\/Gemmage-1-e1621411521962.jpg\"><img loading=\"lazy\" decoding=\"async\" width=\"193\" height=\"300\" data-id=\"1529\" src=\"https:\/\/ladunedupilat.com\/wp-content\/uploads\/2021\/05\/Gemmage-1-193x300.jpg\" alt=\"-\" class=\"wp-image-1529\"><\/a><\/figure>\n<\/figure>\n<\/div>\n<\/div><\/section>\n\n\n\n<h3 class=\"wp-block-heading\">A regulated massif<\/h3>\n\n\n\n<section class=\"wp-block-uagb-columns uagb-columns__wrap uagb-columns__background-none uagb-columns__stack-tablet uagb-columns__valign- uagb-columns__gap-10 align uagb-block-040e1362 uagb-columns__columns-3 uagb-columns__max_width-custom\"><div class=\"uagb-columns__overlay\"><\/div><div class=\"uagb-columns__inner-wrap uagb-columns__columns-3\">\n<div class=\"wp-block-uagb-column uagb-column__wrap uagb-column__background-undefined uagb-block-f5b37397\"><div class=\"uagb-column__overlay\"><\/div>\n<p><strong>Following the fire in the summer of 2022, access to the La Teste-de-Buch forest massif is strictly regulated.<\/strong><\/p>\n\n\n\n<p>The forest is the victim of an invasion of <strong>bark beetles<\/strong>. More than half of the pines that had been identified as alive are dying. Millions of bark beetles, a small parasitic worm smaller than a grain of rice, destroy pines that have not burned.  <\/p>\n<\/div>\n\n\n\n<div class=\"wp-block-uagb-column uagb-column__wrap uagb-column__background-undefined uagb-block-b56d5b53\"><div class=\"uagb-column__overlay\"><\/div><\/div>\n\n\n\n<div class=\"wp-block-uagb-column uagb-column__wrap uagb-column__background-undefined uagb-block-e5804bfa\"><div class=\"uagb-column__overlay\"><\/div>\n<figure class=\"wp-block-image size-large tw-mt-0 is-style-tw-rounded-corners\"><img loading=\"lazy\" decoding=\"async\" width=\"1024\" height=\"768\" src=\"https:\/\/ladunedupilat.com\/wp-content\/uploads\/2021\/05\/P1080517-1024x768.jpg\" alt=\"-\" class=\"wp-image-1532\"><\/figure>\n<\/div>\n<\/div><\/section>\n\n\n\n<p><\/p>","protected":false},"excerpt":{"rendered":"<p>Located at the foot of the dune of Pilat, the user forest of Teste-de-Buch is distinguished by its special status inherited from the Middle Ages, its ecological, biological, cultural and historical interest.<\/p>","protected":false},"author":8,"featured_media":1525,"parent":254,"menu_order":0,"comment_status":"closed","ping_status":"closed","template":"templates\/template-full-width.php","meta":{"_acf_changed":false,"_uag_custom_page_level_css":"","footnotes":""},"class_list":["post-313","page","type-page","status-publish","has-post-thumbnail","hentry"],"acf":[],"uagb_featured_image_src":{"full":["https:\/\/ladunedupilat.com\/wp-content\/uploads\/2021\/05\/entete-foret.jpg",1600,800,false],"thumbnail":["https:\/\/ladunedupilat.com\/wp-content\/uploads\/2021\/05\/entete-foret-150x150.jpg",150,150,true],"medium":["https:\/\/ladunedupilat.com\/wp-content\/uploads\/2021\/05\/entete-foret-300x150.jpg",300,150,true],"medium_large":["https:\/\/ladunedupilat.com\/wp-content\/uploads\/2021\/05\/entete-foret-768x384.jpg",580,290,true],"large":["https:\/\/ladunedupilat.com\/wp-content\/uploads\/2021\/05\/entete-foret-1024x512.jpg",580,290,true],"1536x1536":["https:\/\/ladunedupilat.com\/wp-content\/uploads\/2021\/05\/entete-foret-1536x768.jpg",1536,768,true],"2048x2048":["https:\/\/ladunedupilat.com\/wp-content\/uploads\/2021\/05\/entete-foret.jpg",1600,800,false],"trp-custom-language-flag":["https:\/\/ladunedupilat.com\/wp-content\/uploads\/2021\/05\/entete-foret-16x8.jpg",16,8,true],"post-thumbnail":["https:\/\/ladunedupilat.com\/wp-content\/uploads\/2021\/05\/entete-foret-1200x600.jpg",1200,600,true],"twentytwenty-fullscreen":["https:\/\/ladunedupilat.com\/wp-content\/uploads\/2021\/05\/entete-foret.jpg",1600,800,false]},"uagb_author_info":{"display_name":"communication@ladunedupilat.com","author_link":"https:\/\/ladunedupilat.com\/en\/author\/communicationladunedupilat-com\/"},"uagb_comment_info":0,"uagb_excerpt":"Situ\u00e9e au pied de la dune du Pilat, la for\u00eat usag\u00e8re de la Teste-de-Buch se distingue par son statut particulier h\u00e9rit\u00e9 du Moyen-\u00c2ge, son int\u00e9r\u00eat \u00e9cologique, biologique, culturel et historique.","_links":{"self":[{"href":"https:\/\/ladunedupilat.com\/en\/wp-json\/wp\/v2\/pages\/313","targetHints":{"allow":["GET"]}}],"collection":[{"href":"https:\/\/ladunedupilat.com\/en\/wp-json\/wp\/v2\/pages"}],"about":[{"href":"https:\/\/ladunedupilat.com\/en\/wp-json\/wp\/v2\/types\/page"}],"author":[{"embeddable":true,"href":"https:\/\/ladunedupilat.com\/en\/wp-json\/wp\/v2\/users\/8"}],"replies":[{"embeddable":true,"href":"https:\/\/ladunedupilat.com\/en\/wp-json\/wp\/v2\/comments?post=313"}],"version-history":[{"count":1,"href":"https:\/\/ladunedupilat.com\/en\/wp-json\/wp\/v2\/pages\/313\/revisions"}],"predecessor-version":[{"id":27240,"href":"https:\/\/ladunedupilat.com\/en\/wp-json\/wp\/v2\/pages\/313\/revisions\/27240"}],"up":[{"embeddable":true,"href":"https:\/\/ladunedupilat.com\/en\/wp-json\/wp\/v2\/pages\/254"}],"wp:featuredmedia":[{"embeddable":true,"href":"https:\/\/ladunedupilat.com\/en\/wp-json\/wp\/v2\/media\/1525"}],"wp:attachment":[{"href":"https:\/\/ladunedupilat.com\/en\/wp-json\/wp\/v2\/media?parent=313"}],"curies":[{"name":"wp","href":"https:\/\/api.w.org\/{rel}","templated":true}]}}