{"id":363,"date":"2021-03-03T08:23:44","date_gmt":"2021-03-03T07:23:44","guid":{"rendered":"https:\/\/ladunedupilat.com\/?page_id=363"},"modified":"2024-07-22T11:00:35","modified_gmt":"2024-07-22T09:00:35","slug":"public-management","status":"publish","type":"page","link":"https:\/\/ladunedupilat.com\/en\/je-decouvre\/mission-syndicat-mixte\/gestion-publique\/","title":{"rendered":"Collective public management"},"content":{"rendered":"<p><\/p>\n\n\n\n<figure class=\"wp-block-embed is-type-video is-provider-youtube wp-block-embed-youtube wp-embed-aspect-16-9 wp-has-aspect-ratio\"><div class=\"wp-block-embed__wrapper\">\n<iframe loading=\"lazy\" title=\"Guardians of the Dune\" width=\"580\" height=\"326\" src=\"https:\/\/www.youtube.com\/embed\/TsBpX4Nfj00?feature=oembed\" frameborder=\"0\" allow=\"accelerometer; autoplay; clipboard-write; encrypted-media; gyroscope; picture-in-picture; web-share\" referrerpolicy=\"strict-origin-when-cross-origin\" allowfullscreen><\/iframe>\n<\/div><\/figure>\n\n\n\n<h2 class=\"wp-block-heading\">\u201c<strong>Preserve<\/strong> and welcome \u201d<\/h2>\n\n\n\n<section class=\"wp-block-uagb-columns uagb-columns__wrap uagb-columns__background-none uagb-columns__stack-tablet uagb-columns__valign- uagb-columns__gap-10 align uagb-block-56969c47 uagb-columns__columns-3 uagb-columns__max_width-custom\"><div class=\"uagb-columns__overlay\"><\/div><div class=\"uagb-columns__inner-wrap uagb-columns__columns-3\">\n<div class=\"wp-block-uagb-column uagb-column__wrap uagb-column__background-undefined uagb-block-cc6a5e1c\"><div class=\"uagb-column__overlay\"><\/div>\n<p>Since 2007, local authorities have joined forces to form a public establishment, the Syndicat Mixte de la Grande Dune du Pilat. The latter is made up of the Nouvelle-Aquitaine Region, the Department of Gironde and the Municipality of La Teste de Buch.<\/p>\n\n\n\n<p>His role ? The public management of the land of the Grand Site entrusted by the Conservatoire du littoral. Alongside its partners, the Syndicat Mixte works on a daily basis to preserve these fragile environments, ensure their development and their visit under the best possible conditions.<\/p>\n\n\n\n<p>Public action is guided by the national policy of the Great Sites of France, initiated by the State, addressing, like the Dune of Pilat, to exceptional landscapes of our heritage.<\/p>\n\n\n\n<p>The Baie de Somme, the Montagne Sainte-Victoire, the Marais Poitevin or the Dune\u2026 all have a beauty that makes them attractive and therefore very popular! How to strike a balance between protecting remarkable landscapes, welcoming a large number of visitors and local development?<\/p>\n\n\n\n<div class=\"wp-block-uagb-buttons uagb-buttons__outer-wrap uagb-btn__default-btn uagb-btn-tablet__default-btn uagb-btn-mobile__default-btn uagb-block-95a71271\"><div class=\"uagb-buttons__wrap uagb-buttons-layout-wrap\">\n<div class=\"wp-block-uagb-buttons-child uagb-buttons__outer-wrap uagb-block-75793001 wp-block-button\"><div class=\"uagb-button__wrapper\"><a class=\"uagb-buttons-repeater wp-block-button__link\" aria-label=\"\" href=\"https:\/\/ladunedupilat.com\/wp-content\/uploads\/2021\/05\/Plaquette-GS-2024-FR.pdf\" rel=\"follow noopener\" target=\"_self\" role=\"button\"><div class=\"uagb-button__link\">LEARN MORE ABOUT THE MAJOR SITES IN FRANCE<\/div><\/a><\/div><\/div>\n<\/div><\/div>\n\n\n\n<p>These issues have been at the heart of public action carried out in the territory of the Grand Site de la Dune du Pilat for more than 15 years. Discover here the structuring projects in progress and in the future.<\/p>\n<\/div>\n\n\n\n<div class=\"wp-block-uagb-column uagb-column__wrap uagb-column__background-undefined uagb-block-daf946a1\"><div class=\"uagb-column__overlay\"><\/div><\/div>\n\n\n\n<div class=\"wp-block-uagb-column uagb-column__wrap uagb-column__background-undefined uagb-block-68182c6c beige-bg\"><div class=\"uagb-column__overlay\"><\/div>\n<div style=\"height:40px\" aria-hidden=\"true\" class=\"wp-block-spacer\"><\/div>\n\n\n<div class=\"wp-block-image\">\n<figure class=\"aligncenter size-large is-resized\"><a href=\"https:\/\/www.gironde.fr\/\" target=\"_blank\" rel=\"noopener nofollow\"><img decoding=\"async\" src=\"https:\/\/ladunedupilat.com\/wp-content\/uploads\/2021\/05\/GIRONDE-LOGO.svg\" alt=\"-\" class=\"wp-image-1888\" style=\"width:199px;height:80px\"><\/a><\/figure>\n<\/div>\n\n\n<section class=\"wp-block-uagb-columns uagb-columns__wrap uagb-columns__background-none uagb-columns__stack-mobile uagb-columns__valign-center uagb-columns__gap-0 align uagb-block-33f1f8f8 uagb-columns__columns-2 uagb-columns__max_width-custom\"><div class=\"uagb-columns__overlay\"><\/div><div class=\"uagb-columns__inner-wrap uagb-columns__columns-2\">\n<div class=\"wp-block-uagb-column uagb-column__wrap uagb-column__background-undefined uagb-block-d37fc30a\"><div class=\"uagb-column__overlay\"><\/div><div class=\"wp-block-image\">\n<figure class=\"aligncenter size-full is-resized\"><a href=\"https:\/\/www.nouvelle-aquitaine.fr\/\" target=\"_blank\" rel=\"noopener nofollow\"><img decoding=\"async\" src=\"https:\/\/ladunedupilat.com\/wp-content\/uploads\/2021\/05\/REGION-NA-LOGO.svg\" alt=\"-\" class=\"wp-image-1890\" style=\"width:118px;height:156px\"><\/a><\/figure>\n<\/div><\/div>\n\n\n\n<div class=\"wp-block-uagb-column uagb-column__wrap uagb-column__background-undefined uagb-block-983c883f\"><div class=\"uagb-column__overlay\"><\/div><div class=\"wp-block-image\">\n<figure class=\"aligncenter size-medium is-resized\"><a href=\"https:\/\/www.latestedebuch.fr\/\" target=\"_blank\" rel=\"noopener nofollow\"><img loading=\"lazy\" decoding=\"async\" width=\"164\" height=\"300\" src=\"https:\/\/ladunedupilat.com\/wp-content\/uploads\/2021\/05\/LATESTE-LOGO-164x300.png\" alt=\"-\" class=\"wp-image-1889\" style=\"width:82px;height:150px\" srcset=\"https:\/\/ladunedupilat.com\/wp-content\/uploads\/2021\/05\/LATESTE-LOGO-164x300.png 164w, https:\/\/ladunedupilat.com\/wp-content\/uploads\/2021\/05\/LATESTE-LOGO-558x1024.png 558w, https:\/\/ladunedupilat.com\/wp-content\/uploads\/2021\/05\/LATESTE-LOGO-7x12.png 7w, https:\/\/ladunedupilat.com\/wp-content\/uploads\/2021\/05\/LATESTE-LOGO.png 644w\" sizes=\"auto, (max-width: 164px) 100vw, 164px\" \/><\/a><\/figure>\n<\/div><\/div>\n<\/div><\/section>\n\n\n\n<div style=\"height:40px\" aria-hidden=\"true\" class=\"wp-block-spacer\"><\/div>\n\n\n\n<p class=\"has-text-align-center has-noir-color has-text-color\">The Syndicat Mixte de la Grande Dune du Pilat is a public establishment administered by a trade union committee made up of two representatives from each community.<\/p>\n<\/div>\n<\/div><\/section>\n\n\n\n<hr class=\"wp-block-separator has-text-color has-noir-color has-css-opacity has-noir-background-color has-background tw-mb-4\"\/>\n\n\n\n<p class=\"has-text-align-center\"><\/p>\n\n\n\n<p class=\"has-text-align-center\"><strong><a href=\"https:\/\/ladunedupilat.com\/en\/i-discover\/mixed-union-mission\/in-action\/\" data-type=\"page\" data-id=\"365\">I discover the work of management and enhancement of the dune&nbsp;<\/a><\/strong><\/p>\n\n\n\n<hr class=\"wp-block-separator has-text-color has-noir-color has-css-opacity has-noir-background-color has-background tw-mt-0\"\/>\n\n\n\n<section class=\"wp-block-uagb-columns uagb-columns__wrap uagb-columns__background-none uagb-columns__stack-mobile uagb-columns__valign- uagb-columns__gap-30 align uagb-block-9ba82be8 uagb-columns__columns-1 uagb-columns__max_width-custom bordeaux-bg\"><div class=\"uagb-columns__overlay\"><\/div><div class=\"uagb-columns__inner-wrap uagb-columns__columns-1\">\n<div class=\"wp-block-uagb-column uagb-column__wrap uagb-column__background-undefined uagb-block-56147a00\"><div class=\"uagb-column__overlay\"><\/div>\n<p><strong>Safeguard natural spaces and maintain access to them for all<\/strong><\/p>\n\n\n\n<p><strong>The vocation of the Coastal Conservatory responds to fundamental societal issues: <\/strong>prevent the disappearance and trivialization of natural coastal areas. The heart of its mission is land acquisition, to irreversibly preserve. By purchasing the land, the Conservatoire du littoral protects them in the long term. These lands are then restored and possibly developed in order to maintain the biological, aesthetic and identity richness of our coasts and to allow free access to all.<\/p>\n<\/div>\n<\/div><\/section>","protected":false},"excerpt":{"rendered":"<p>Since 2007, local authorities have joined forces to form a public establishment, the Syndicat Mixte de la Grande Dune du Pilat.<\/p>","protected":false},"author":8,"featured_media":2298,"parent":361,"menu_order":0,"comment_status":"closed","ping_status":"closed","template":"templates\/template-full-width.php","meta":{"_acf_changed":false,"_uag_custom_page_level_css":"","footnotes":""},"class_list":["post-363","page","type-page","status-publish","has-post-thumbnail","hentry"],"acf":[],"uagb_featured_image_src":{"full":["https:\/\/ladunedupilat.com\/wp-content\/uploads\/2021\/06\/gestion-publique-entete.jpg",1600,800,false],"thumbnail":["https:\/\/ladunedupilat.com\/wp-content\/uploads\/2021\/06\/gestion-publique-entete-150x150.jpg",150,150,true],"medium":["https:\/\/ladunedupilat.com\/wp-content\/uploads\/2021\/06\/gestion-publique-entete-300x150.jpg",300,150,true],"medium_large":["https:\/\/ladunedupilat.com\/wp-content\/uploads\/2021\/06\/gestion-publique-entete-768x384.jpg",580,290,true],"large":["https:\/\/ladunedupilat.com\/wp-content\/uploads\/2021\/06\/gestion-publique-entete-1024x512.jpg",580,290,true],"1536x1536":["https:\/\/ladunedupilat.com\/wp-content\/uploads\/2021\/06\/gestion-publique-entete-1536x768.jpg",1536,768,true],"2048x2048":["https:\/\/ladunedupilat.com\/wp-content\/uploads\/2021\/06\/gestion-publique-entete.jpg",1600,800,false],"trp-custom-language-flag":["https:\/\/ladunedupilat.com\/wp-content\/uploads\/2021\/06\/gestion-publique-entete-16x8.jpg",16,8,true],"post-thumbnail":["https:\/\/ladunedupilat.com\/wp-content\/uploads\/2021\/06\/gestion-publique-entete-1200x600.jpg",1200,600,true],"twentytwenty-fullscreen":["https:\/\/ladunedupilat.com\/wp-content\/uploads\/2021\/06\/gestion-publique-entete.jpg",1600,800,false]},"uagb_author_info":{"display_name":"communication@ladunedupilat.com","author_link":"https:\/\/ladunedupilat.com\/en\/author\/communicationladunedupilat-com\/"},"uagb_comment_info":0,"uagb_excerpt":"Depuis 2007, les collectivit\u00e9s territoriales se sont associ\u00e9es pour former un \u00e9tablissement public, le Syndicat Mixte de la Grande Dune du Pilat.","_links":{"self":[{"href":"https:\/\/ladunedupilat.com\/en\/wp-json\/wp\/v2\/pages\/363","targetHints":{"allow":["GET"]}}],"collection":[{"href":"https:\/\/ladunedupilat.com\/en\/wp-json\/wp\/v2\/pages"}],"about":[{"href":"https:\/\/ladunedupilat.com\/en\/wp-json\/wp\/v2\/types\/page"}],"author":[{"embeddable":true,"href":"https:\/\/ladunedupilat.com\/en\/wp-json\/wp\/v2\/users\/8"}],"replies":[{"embeddable":true,"href":"https:\/\/ladunedupilat.com\/en\/wp-json\/wp\/v2\/comments?post=363"}],"version-history":[{"count":3,"href":"https:\/\/ladunedupilat.com\/en\/wp-json\/wp\/v2\/pages\/363\/revisions"}],"predecessor-version":[{"id":26351,"href":"https:\/\/ladunedupilat.com\/en\/wp-json\/wp\/v2\/pages\/363\/revisions\/26351"}],"up":[{"embeddable":true,"href":"https:\/\/ladunedupilat.com\/en\/wp-json\/wp\/v2\/pages\/361"}],"wp:featuredmedia":[{"embeddable":true,"href":"https:\/\/ladunedupilat.com\/en\/wp-json\/wp\/v2\/media\/2298"}],"wp:attachment":[{"href":"https:\/\/ladunedupilat.com\/en\/wp-json\/wp\/v2\/media?parent=363"}],"curies":[{"name":"wp","href":"https:\/\/api.w.org\/{rel}","templated":true}]}}