{"id":365,"date":"2021-03-03T08:25:03","date_gmt":"2021-03-03T07:25:03","guid":{"rendered":"https:\/\/ladunedupilat.com\/?page_id=365"},"modified":"2026-04-30T11:23:17","modified_gmt":"2026-04-30T09:23:17","slug":"in-action","status":"publish","type":"page","link":"https:\/\/ladunedupilat.com\/en\/je-decouvre\/mission-syndicat-mixte\/en-action\/","title":{"rendered":"Our missions"},"content":{"rendered":"<h2 class=\"wp-block-heading\">In <strong>action<\/strong><\/h2>\n\n\n\n<section class=\"wp-block-uagb-columns uagb-columns__wrap uagb-columns__background-none uagb-columns__stack-mobile uagb-columns__valign- uagb-columns__gap-10 align uagb-block-77aef21d uagb-columns__columns-1 uagb-columns__max_width-custom\"><div class=\"uagb-columns__overlay\"><\/div><div class=\"uagb-columns__inner-wrap uagb-columns__columns-1\">\n<div class=\"wp-block-uagb-column uagb-column__wrap uagb-column__background-undefined uagb-block-b167ecc1\"><div class=\"uagb-column__overlay\"><\/div>\n<p>Many of you walk the sandy slopes of the dune every year!<\/p>\n\n\n\n<p>Did you know that the Grand Site receives nearly 2 million annual visitors?<strong> Tourism that is rewarding for the territory and its attractiveness but which can be a source of dysfunction and degradation<\/strong> (for the site, for its inhabitants and for the visitors themselves) <strong>if it is poorly organized and poorly accompanied.<\/strong><\/p>\n\n\n\n<p>Travel and in particular sustainable mobility and on a larger scale of the territory are at the heart of the challenges of public management. <strong>In concrete terms, the Grand Site, with its partners, is working to:<\/strong><\/p>\n\n\n\n<ul class=\"wp-block-list is-style-tw-checkmark\">\n<li><strong>Promote soft mobility <\/strong>by offering a different approach to the Dune: via the train then the Ba\u00efa Bus (Dune Express line in the summer season), by bike using the cycle paths that link the territory;&nbsp;<\/li>\n\n\n\n<li><strong>Encourage visitors to environmentally friendly practices <\/strong>to discover the site in the summer season: come earlier or later in the day with real-time information and the installation of variable message signs upstream of the car park;<\/li>\n\n\n\n<li><strong>Eliminate unauthorized parking<\/strong> to reduce significant damage to the forest, waste deposits, limit the fire risk and ensure public safety.<\/li>\n<\/ul>\n<\/div>\n<\/div><\/section>\n\n\n\n<h3 class=\"wp-block-heading moveTitre\"><strong>Better know<\/strong> to better protect<\/h3>\n\n\n\n<section class=\"wp-block-uagb-columns uagb-columns__wrap uagb-columns__background-none uagb-columns__stack-mobile uagb-columns__valign- uagb-columns__gap-10 align uagb-block-819e3890 uagb-columns__columns-1 uagb-columns__max_width-custom\"><div class=\"uagb-columns__overlay\"><\/div><div class=\"uagb-columns__inner-wrap uagb-columns__columns-1\">\n<div class=\"wp-block-uagb-column uagb-column__wrap uagb-column__background-undefined uagb-block-a5e6147f\"><div class=\"uagb-column__overlay\"><\/div>\n<p>A geomorphological phenomenon in perpetual motion, a true natural archive, the Dune of Pilat constitutes a vast subject of study for the academic and scientific community. The Grand Site is made up of a multitude of habitats, environments and species that form a living ecosystem.<\/p>\n\n\n\n<p>Alongside the manager, geologists, botanists, archaeologists, engineers ... find here an inexhaustible <strong>field of study and research<\/strong>. So much knowledge to pass on to everyone to become aware of the heritage value of this exceptional natural monument.<\/p>\n\n\n\n<p>The <strong>environmental education and cultural mediation activities <\/strong>constitute a fundamental pillar aiming to make all audiences aware of the exceptional character of the Grand Site and the challenges linked to its preservation.<\/p>\n<\/div>\n<\/div><\/section>\n\n\n\n<h3 class=\"wp-block-heading moveTitre\">A team of women and men who work on a daily basis&nbsp;<\/h3>\n\n\n\n<section class=\"wp-block-uagb-columns uagb-columns__wrap uagb-columns__background-none uagb-columns__stack-mobile uagb-columns__valign- uagb-columns__gap-10 align uagb-block-78532023 uagb-columns__columns-1 uagb-columns__max_width-custom\"><div class=\"uagb-columns__overlay\"><\/div><div class=\"uagb-columns__inner-wrap uagb-columns__columns-1\">\n<div class=\"wp-block-uagb-column uagb-column__wrap uagb-column__background-undefined uagb-block-b99022af\"><div class=\"uagb-column__overlay\"><\/div>\n<section class=\"wp-block-uagb-columns uagb-columns__wrap uagb-columns__background-none uagb-columns__stack-mobile uagb-columns__valign-center uagb-columns__gap-10 align uagb-block-be73b5b5 uagb-columns__columns-2 uagb-columns__max_width-custom\"><div class=\"uagb-columns__overlay\"><\/div><div class=\"uagb-columns__inner-wrap uagb-columns__columns-2\">\n<div class=\"wp-block-uagb-column uagb-column__wrap uagb-column__background-undefined uagb-block-f1901d85\"><div class=\"uagb-column__overlay\"><\/div>\n<p class=\"has-bordeaux-color has-text-color\"><strong>The Syndicat Mixte de la Grande Dune du Pilat is a public establishment administered by a trade union committee made up of two representatives from each community.<\/strong><\/p>\n\n\n\n<p><strong>New Aquitaine Regional Council<\/strong><br>Incumbents: Sandrine Laffore and Nathalie Le Yondre<br>Substitutes: Michel Durrieu and J\u00e9r\u00f4me Guillem<\/p>\n\n\n\n<p><strong>Gironde Departmental Council<\/strong><br>Incumbents: Karine Desmoulin and C\u00e9dric Pain<br>Substitutes: Pascale Got and Agn\u00e8s S\u00e9journet<\/p>\n\n\n\n<p><strong>City of La Teste de Buch<\/strong><br>Starting players: Thierry Gouaichault and Matthieu Cabaussel<br>Substitutes: Mirentxu Sa\u00efz and Anne-Mathilde Arensma<\/p>\n<\/div>\n\n\n\n<div class=\"wp-block-uagb-column uagb-column__wrap uagb-column__background-undefined uagb-block-cb804b4c\"><div class=\"uagb-column__overlay\"><\/div>\n<section class=\"wp-block-uagb-columns uagb-columns__wrap uagb-columns__background-none uagb-columns__stack-mobile uagb-columns__valign-center uagb-columns__gap-0 align uagb-block-94d96538 uagb-columns__columns-3 uagb-columns__max_width-custom\"><div class=\"uagb-columns__overlay\"><\/div><div class=\"uagb-columns__inner-wrap uagb-columns__columns-3\">\n<div class=\"wp-block-uagb-column uagb-column__wrap uagb-column__background-undefined uagb-block-532fd5f0\"><div class=\"uagb-column__overlay\"><\/div><div class=\"wp-block-image moveRight\">\n<figure class=\"aligncenter size-large is-resized\"><a href=\"https:\/\/www.nouvelle-aquitaine.fr\/\" target=\"_blank\" rel=\"noopener nofollow\"><img decoding=\"async\" src=\"https:\/\/ladunedupilat.com\/wp-content\/uploads\/2021\/05\/REGION-NA-LOGO.svg\" alt=\"-\" class=\"wp-image-1890\" style=\"width:85px;height:130px\"><\/a><\/figure>\n<\/div><\/div>\n\n\n\n<div class=\"wp-block-uagb-column uagb-column__wrap uagb-column__background-undefined uagb-block-2ee47392\"><div class=\"uagb-column__overlay\"><\/div><div class=\"wp-block-image moveRight\">\n<figure class=\"aligncenter size-medium is-resized\"><a href=\"https:\/\/www.latestedebuch.fr\/\" target=\"_blank\" rel=\"noopener nofollow\"><img loading=\"lazy\" decoding=\"async\" width=\"164\" height=\"300\" src=\"https:\/\/ladunedupilat.com\/wp-content\/uploads\/2021\/05\/LATESTE-LOGO-164x300.png\" alt=\"-\" class=\"wp-image-1889\" style=\"width:82px;height:150px\" srcset=\"https:\/\/ladunedupilat.com\/wp-content\/uploads\/2021\/05\/LATESTE-LOGO-164x300.png 164w, https:\/\/ladunedupilat.com\/wp-content\/uploads\/2021\/05\/LATESTE-LOGO-558x1024.png 558w, https:\/\/ladunedupilat.com\/wp-content\/uploads\/2021\/05\/LATESTE-LOGO-7x12.png 7w, https:\/\/ladunedupilat.com\/wp-content\/uploads\/2021\/05\/LATESTE-LOGO.png 644w\" sizes=\"auto, (max-width: 164px) 100vw, 164px\" \/><\/a><\/figure>\n<\/div><\/div>\n\n\n\n<div class=\"wp-block-uagb-column uagb-column__wrap uagb-column__background-undefined uagb-block-e74d040c\"><div class=\"uagb-column__overlay\"><\/div><div class=\"wp-block-image moveRight\">\n<figure class=\"aligncenter size-large is-resized\"><a href=\"https:\/\/www.gironde.fr\/\" target=\"_blank\" rel=\"noopener nofollow\"><img decoding=\"async\" src=\"https:\/\/ladunedupilat.com\/wp-content\/uploads\/2021\/05\/GIRONDE-LOGO.svg\" alt=\"-\" class=\"wp-image-1888\" style=\"width:300px;height:91px\"><\/a><\/figure>\n<\/div><\/div>\n<\/div><\/section>\n<\/div>\n<\/div><\/section>\n\n\n\n<div style=\"height:40px\" aria-hidden=\"true\" class=\"wp-block-spacer\"><\/div>\n\n\n\n<p>Whether you meet her or not when you come, the management team of the Grand Site, works daily to preserve and restore natural spaces, on the reception area but also all the properties of the Conservatoire du coastline: from the collection of (too) much waste to the installation of wooden ganivelles, from naturalist monitoring to the organization of environmental education activities, from welcoming visitors to the implementation of structuring projects , the missions are rich and vast! <\/p>\n\n\n\n<p>In the summer season, this multidisciplinary team is supported by seasonal staff.&nbsp;<\/p>\n\n\n\n<div class=\"wp-block-buttons is-layout-flex wp-block-buttons-is-layout-flex\">\n<div class=\"wp-block-button\"><a class=\"wp-block-button__link wp-element-button\" href=\"https:\/\/ladunedupilat.com\/en\/internship-jobs\/\">I consult the job offers<\/a><\/div>\n<\/div>\n\n\n\n<figure class=\"wp-block-gallery has-nested-images columns-default is-cropped tw-gutter-medium tw-cols-large wp-block-gallery-1 is-layout-flex wp-block-gallery-is-layout-flex\">\n<figure class=\"wp-block-image size-large\"><img loading=\"lazy\" decoding=\"async\" width=\"1024\" height=\"683\" data-id=\"26404\" src=\"https:\/\/ladunedupilat.com\/wp-content\/uploads\/2024\/08\/IMG_9572-1024x683.jpg\" alt=\"-\" class=\"wp-image-26404\" srcset=\"https:\/\/ladunedupilat.com\/wp-content\/uploads\/2024\/08\/IMG_9572-1024x683.jpg 1024w, https:\/\/ladunedupilat.com\/wp-content\/uploads\/2024\/08\/IMG_9572-300x200.jpg 300w, https:\/\/ladunedupilat.com\/wp-content\/uploads\/2024\/08\/IMG_9572-768x512.jpg 768w, https:\/\/ladunedupilat.com\/wp-content\/uploads\/2024\/08\/IMG_9572-1536x1024.jpg 1536w, https:\/\/ladunedupilat.com\/wp-content\/uploads\/2024\/08\/IMG_9572-2048x1365.jpg 2048w, https:\/\/ladunedupilat.com\/wp-content\/uploads\/2024\/08\/IMG_9572-18x12.jpg 18w, https:\/\/ladunedupilat.com\/wp-content\/uploads\/2024\/08\/IMG_9572-1200x800.jpg 1200w, https:\/\/ladunedupilat.com\/wp-content\/uploads\/2024\/08\/IMG_9572-1980x1320.jpg 1980w\" sizes=\"auto, (max-width: 1024px) 100vw, 1024px\" \/><\/figure>\n\n\n\n<figure class=\"wp-block-image size-large\"><img loading=\"lazy\" decoding=\"async\" width=\"1024\" height=\"683\" data-id=\"26403\" src=\"https:\/\/ladunedupilat.com\/wp-content\/uploads\/2024\/08\/IMG_9609-1024x683.jpg\" alt=\"-\" class=\"wp-image-26403\" srcset=\"https:\/\/ladunedupilat.com\/wp-content\/uploads\/2024\/08\/IMG_9609-1024x683.jpg 1024w, https:\/\/ladunedupilat.com\/wp-content\/uploads\/2024\/08\/IMG_9609-300x200.jpg 300w, https:\/\/ladunedupilat.com\/wp-content\/uploads\/2024\/08\/IMG_9609-768x512.jpg 768w, https:\/\/ladunedupilat.com\/wp-content\/uploads\/2024\/08\/IMG_9609-1536x1024.jpg 1536w, https:\/\/ladunedupilat.com\/wp-content\/uploads\/2024\/08\/IMG_9609-2048x1365.jpg 2048w, https:\/\/ladunedupilat.com\/wp-content\/uploads\/2024\/08\/IMG_9609-18x12.jpg 18w, https:\/\/ladunedupilat.com\/wp-content\/uploads\/2024\/08\/IMG_9609-1200x800.jpg 1200w, https:\/\/ladunedupilat.com\/wp-content\/uploads\/2024\/08\/IMG_9609-1980x1320.jpg 1980w\" sizes=\"auto, (max-width: 1024px) 100vw, 1024px\" \/><\/figure>\n\n\n\n<figure class=\"wp-block-image size-large\"><img loading=\"lazy\" decoding=\"async\" width=\"1024\" height=\"683\" data-id=\"26402\" src=\"https:\/\/ladunedupilat.com\/wp-content\/uploads\/2024\/08\/IMG_9951-1024x683.jpg\" alt=\"-\" class=\"wp-image-26402\" srcset=\"https:\/\/ladunedupilat.com\/wp-content\/uploads\/2024\/08\/IMG_9951-1024x683.jpg 1024w, https:\/\/ladunedupilat.com\/wp-content\/uploads\/2024\/08\/IMG_9951-300x200.jpg 300w, https:\/\/ladunedupilat.com\/wp-content\/uploads\/2024\/08\/IMG_9951-768x512.jpg 768w, https:\/\/ladunedupilat.com\/wp-content\/uploads\/2024\/08\/IMG_9951-1536x1024.jpg 1536w, https:\/\/ladunedupilat.com\/wp-content\/uploads\/2024\/08\/IMG_9951-2048x1365.jpg 2048w, https:\/\/ladunedupilat.com\/wp-content\/uploads\/2024\/08\/IMG_9951-18x12.jpg 18w, https:\/\/ladunedupilat.com\/wp-content\/uploads\/2024\/08\/IMG_9951-1200x800.jpg 1200w, https:\/\/ladunedupilat.com\/wp-content\/uploads\/2024\/08\/IMG_9951-1980x1320.jpg 1980w\" sizes=\"auto, (max-width: 1024px) 100vw, 1024px\" \/><\/figure>\n\n\n\n<figure class=\"wp-block-image size-large\"><img loading=\"lazy\" decoding=\"async\" width=\"1024\" height=\"683\" data-id=\"26325\" src=\"https:\/\/ladunedupilat.com\/wp-content\/uploads\/2024\/07\/IMG_9823-1024x683.jpg\" alt=\"-\" class=\"wp-image-26325\" srcset=\"https:\/\/ladunedupilat.com\/wp-content\/uploads\/2024\/07\/IMG_9823-1024x683.jpg 1024w, https:\/\/ladunedupilat.com\/wp-content\/uploads\/2024\/07\/IMG_9823-300x200.jpg 300w, https:\/\/ladunedupilat.com\/wp-content\/uploads\/2024\/07\/IMG_9823-768x512.jpg 768w, https:\/\/ladunedupilat.com\/wp-content\/uploads\/2024\/07\/IMG_9823-1536x1024.jpg 1536w, https:\/\/ladunedupilat.com\/wp-content\/uploads\/2024\/07\/IMG_9823-2048x1365.jpg 2048w, https:\/\/ladunedupilat.com\/wp-content\/uploads\/2024\/07\/IMG_9823-18x12.jpg 18w, https:\/\/ladunedupilat.com\/wp-content\/uploads\/2024\/07\/IMG_9823-1200x800.jpg 1200w, https:\/\/ladunedupilat.com\/wp-content\/uploads\/2024\/07\/IMG_9823-1980x1320.jpg 1980w\" sizes=\"auto, (max-width: 1024px) 100vw, 1024px\" \/><figcaption class=\"wp-element-caption\">Raise awareness and transmit<\/figcaption><\/figure>\n\n\n\n<figure class=\"wp-block-image size-large\"><img loading=\"lazy\" decoding=\"async\" width=\"1024\" height=\"683\" data-id=\"25165\" src=\"https:\/\/ladunedupilat.com\/wp-content\/uploads\/2023\/08\/IMG_8333-1024x683.jpg\" alt=\"-\" class=\"wp-image-25165\" srcset=\"https:\/\/ladunedupilat.com\/wp-content\/uploads\/2023\/08\/IMG_8333-1024x683.jpg 1024w, https:\/\/ladunedupilat.com\/wp-content\/uploads\/2023\/08\/IMG_8333-300x200.jpg 300w, https:\/\/ladunedupilat.com\/wp-content\/uploads\/2023\/08\/IMG_8333-768x512.jpg 768w, https:\/\/ladunedupilat.com\/wp-content\/uploads\/2023\/08\/IMG_8333-1536x1024.jpg 1536w, https:\/\/ladunedupilat.com\/wp-content\/uploads\/2023\/08\/IMG_8333-2048x1365.jpg 2048w, https:\/\/ladunedupilat.com\/wp-content\/uploads\/2023\/08\/IMG_8333-18x12.jpg 18w, https:\/\/ladunedupilat.com\/wp-content\/uploads\/2023\/08\/IMG_8333-1200x800.jpg 1200w, https:\/\/ladunedupilat.com\/wp-content\/uploads\/2023\/08\/IMG_8333-1980x1320.jpg 1980w\" sizes=\"auto, (max-width: 1024px) 100vw, 1024px\" \/><figcaption class=\"wp-element-caption\">Orient, guide, accompany visitors<\/figcaption><\/figure>\n<\/figure>\n<\/div>\n<\/div><\/section>\n\n\n\n<figure class=\"wp-block-embed is-type-video is-provider-youtube wp-block-embed-youtube wp-embed-aspect-16-9 wp-has-aspect-ratio\"><div class=\"wp-block-embed__wrapper\">\n<iframe loading=\"lazy\" title=\"Guardians of the Dune\" width=\"580\" height=\"326\" src=\"https:\/\/www.youtube.com\/embed\/TsBpX4Nfj00?feature=oembed\" frameborder=\"0\" allow=\"accelerometer; autoplay; clipboard-write; encrypted-media; gyroscope; picture-in-picture; web-share\" referrerpolicy=\"strict-origin-when-cross-origin\" allowfullscreen><\/iframe>\n<\/div><\/figure>","protected":false},"excerpt":{"rendered":"<p>The Syndicat Mixte de la Grande Dune du Pilat is a public establishment administered by a trade union committee made up of two representatives from each community.<\/p>","protected":false},"author":8,"featured_media":2245,"parent":361,"menu_order":1,"comment_status":"closed","ping_status":"closed","template":"templates\/template-full-width.php","meta":{"_acf_changed":false,"_uag_custom_page_level_css":"","footnotes":""},"class_list":["post-365","page","type-page","status-publish","has-post-thumbnail","hentry"],"acf":[],"uagb_featured_image_src":{"full":["https:\/\/ladunedupilat.com\/wp-content\/uploads\/2021\/06\/en-action-entete.jpg",1600,800,false],"thumbnail":["https:\/\/ladunedupilat.com\/wp-content\/uploads\/2021\/06\/en-action-entete-150x150.jpg",150,150,true],"medium":["https:\/\/ladunedupilat.com\/wp-content\/uploads\/2021\/06\/en-action-entete-300x150.jpg",300,150,true],"medium_large":["https:\/\/ladunedupilat.com\/wp-content\/uploads\/2021\/06\/en-action-entete-768x384.jpg",580,290,true],"large":["https:\/\/ladunedupilat.com\/wp-content\/uploads\/2021\/06\/en-action-entete-1024x512.jpg",580,290,true],"1536x1536":["https:\/\/ladunedupilat.com\/wp-content\/uploads\/2021\/06\/en-action-entete-1536x768.jpg",1536,768,true],"2048x2048":["https:\/\/ladunedupilat.com\/wp-content\/uploads\/2021\/06\/en-action-entete.jpg",1600,800,false],"trp-custom-language-flag":["https:\/\/ladunedupilat.com\/wp-content\/uploads\/2021\/06\/en-action-entete-16x8.jpg",16,8,true],"post-thumbnail":["https:\/\/ladunedupilat.com\/wp-content\/uploads\/2021\/06\/en-action-entete-1200x600.jpg",1200,600,true],"twentytwenty-fullscreen":["https:\/\/ladunedupilat.com\/wp-content\/uploads\/2021\/06\/en-action-entete.jpg",1600,800,false]},"uagb_author_info":{"display_name":"communication@ladunedupilat.com","author_link":"https:\/\/ladunedupilat.com\/en\/author\/communicationladunedupilat-com\/"},"uagb_comment_info":0,"uagb_excerpt":"Le Syndicat Mixte de la Grande Dune du Pilat est un \u00e9tablissement public administr\u00e9 par un Comit\u00e9 syndical constitu\u00e9 de deux repr\u00e9sentants de chaque collectivit\u00e9.","_links":{"self":[{"href":"https:\/\/ladunedupilat.com\/en\/wp-json\/wp\/v2\/pages\/365","targetHints":{"allow":["GET"]}}],"collection":[{"href":"https:\/\/ladunedupilat.com\/en\/wp-json\/wp\/v2\/pages"}],"about":[{"href":"https:\/\/ladunedupilat.com\/en\/wp-json\/wp\/v2\/types\/page"}],"author":[{"embeddable":true,"href":"https:\/\/ladunedupilat.com\/en\/wp-json\/wp\/v2\/users\/8"}],"replies":[{"embeddable":true,"href":"https:\/\/ladunedupilat.com\/en\/wp-json\/wp\/v2\/comments?post=365"}],"version-history":[{"count":3,"href":"https:\/\/ladunedupilat.com\/en\/wp-json\/wp\/v2\/pages\/365\/revisions"}],"predecessor-version":[{"id":27720,"href":"https:\/\/ladunedupilat.com\/en\/wp-json\/wp\/v2\/pages\/365\/revisions\/27720"}],"up":[{"embeddable":true,"href":"https:\/\/ladunedupilat.com\/en\/wp-json\/wp\/v2\/pages\/361"}],"wp:featuredmedia":[{"embeddable":true,"href":"https:\/\/ladunedupilat.com\/en\/wp-json\/wp\/v2\/media\/2245"}],"wp:attachment":[{"href":"https:\/\/ladunedupilat.com\/en\/wp-json\/wp\/v2\/media?parent=365"}],"curies":[{"name":"wp","href":"https:\/\/api.w.org\/{rel}","templated":true}]}}