{"id":373,"date":"2021-03-03T08:28:56","date_gmt":"2021-03-03T07:28:56","guid":{"rendered":"https:\/\/ladunedupilat.com\/?page_id=373"},"modified":"2023-09-04T17:34:55","modified_gmt":"2023-09-04T15:34:55","slug":"presentation-of-the-program","status":"publish","type":"page","link":"https:\/\/ladunedupilat.com\/en\/je-decouvre\/lespace-daccueil\/quels-changements\/","title":{"rendered":"What changes there?"},"content":{"rendered":"<p><\/p>\n\n\n\n<h2 class=\"wp-block-heading\">New cycle path, tools dedicated to environmental education, decline of artificial spaces... A look back at the major objectives of this project at the foot of one of France&#039;s most emblematic natural monuments.  <\/h2>\n\n\n\n<h3 class=\"wp-block-heading\">What changes today?<\/h3>\n\n\n\n<section class=\"wp-block-uagb-columns uagb-columns__wrap uagb-columns__background-none uagb-columns__stack-mobile uagb-columns__valign- uagb-columns__gap-10 align uagb-block-286980a2 uagb-columns__columns-1 uagb-columns__max_width-custom\"><div class=\"uagb-columns__overlay\"><\/div><div class=\"uagb-columns__inner-wrap uagb-columns__columns-1\">\n<div class=\"wp-block-uagb-column uagb-column__wrap uagb-column__background-undefined uagb-block-21316743\"><div class=\"uagb-column__overlay\"><\/div>\n<p>The Dune du Pilat and the adjoining forest massif are <strong>classified natural environments,<\/strong> <strong>protected by law <\/strong>(Environmental Code) and <strong>properties of the Conservatoire du littoral<\/strong>. The objective of the work was to improve the conditions for visitors throughout the year, in an already existing reception area. <strong>It was not a question of carrying out major metamorphoses or extending the facilities, on the contrary! <\/strong><\/p>\n\n\n\n<p>The Joint Syndicate, manager of the Grand Site, has the mission of ensuring its preservation while allowing everyone to access it.<\/p>\n\n\n\n<p>The requalification of the reception area was done in favor of:<\/p>\n\n\n\n<ul class=\"is-style-tw-checkmark wp-block-list\">\n<li><strong>a simple and coherent architecture (huts under the trees integrated into their forest environment)<\/strong><\/li>\n\n\n\n<li><strong>a better relationship with the adjoining forest<\/strong><\/li>\n\n\n\n<li><strong>upgrading to accessibility and safety standards<\/strong><\/li>\n\n\n\n<li><strong>public services more adapted to public attendance and expectations<\/strong><\/li>\n\n\n\n<li><strong>smoother circulation within the reception area, safe routes, alternatives to the use of the car<\/strong><\/li>\n\n\n\n<li><strong>development of mediation and environmental awareness tools<\/strong><\/li>\n\n\n\n<li><strong>an evolution of the commercial offer more in line with current trends<\/strong><\/li>\n<\/ul>\n\n\n\n<p>The work allowed <strong>to provide more pedestrian space<\/strong> and have <strong>reinforces gentle circulation<\/strong>, with a <strong>landscaping treatment<\/strong>, while maintaining the capacity of the car park (750 spaces). At the same time, the rehabilitation of the village of huts has made it possible to requalify all the services and shops.<\/p>\n\n\n\n<p><strong>A new tour route now guides visitors and gives meaning to the discovery of the Dune (understanding its formation, its biodiversity but also its evolution, etc.).<\/strong><\/p>\n\n\n\n<p>The search for a point<strong>balance between tourism and environment<\/strong> guided the entire development phase of this major project. The use of endemic species, the precise choice of materials, the treatment of the soil and the renaturation of certain areas have guaranteed the perfect landscape integration of the developments.<\/p>\n\n\n\n<p>Companies settled for 20 months<strong> (work started in September 2021<\/strong>). During this period, a <strong>so-called \u201cephemeral\u201d village <\/strong>made it possible to ensure the continuity of the public service.<\/p>\n\n\n\n<div class=\"wp-block-buttons is-layout-flex wp-block-buttons-is-layout-flex\">\n<div class=\"wp-block-button\"><a class=\"wp-block-button__link wp-element-button\" href=\"https:\/\/ladunedupilat.com\/wp-content\/uploads\/2023\/06\/CP-DuneDuPilat-web-2.pdf\">DOWNLOAD THE PRESS RELEASE<\/a><\/div>\n\n\n\n<div class=\"wp-block-button\"><a class=\"wp-block-button__link wp-element-button\" href=\"https:\/\/ladunedupilat.com\/wp-content\/uploads\/2023\/06\/DP-DuneDuPilat-web-2.pdf\">DOWNLOAD THE PRESS KIT<\/a><\/div>\n<\/div>\n<\/div>\n<\/div><\/section>\n\n\n\n<p>Discover in video, the novelties of the reception area!<\/p>\n\n\n\n<figure class=\"wp-block-embed is-type-video is-provider-youtube wp-block-embed-youtube wp-embed-aspect-16-9 wp-has-aspect-ratio\"><div class=\"wp-block-embed__wrapper\">\n<iframe loading=\"lazy\" title=\"The reception area of the Grand Site de la Dune du Pilat has had a makeover!\" width=\"580\" height=\"326\" src=\"https:\/\/www.youtube.com\/embed\/KuSXxI9lT70?start=4&#038;feature=oembed\" frameborder=\"0\" allow=\"accelerometer; autoplay; clipboard-write; encrypted-media; gyroscope; picture-in-picture; web-share\" referrerpolicy=\"strict-origin-when-cross-origin\" allowfullscreen><\/iframe>\n<\/div><figcaption class=\"wp-element-caption\">Video made by @MidiProd<\/figcaption><\/figure>","protected":false},"excerpt":{"rendered":"<p>The site is classified and the objective is to ensure its preservation while improving visitation conditions throughout the year.<\/p>","protected":false},"author":8,"featured_media":25310,"parent":371,"menu_order":0,"comment_status":"closed","ping_status":"closed","template":"templates\/template-full-width.php","meta":{"_acf_changed":false,"_uag_custom_page_level_css":"","footnotes":""},"class_list":["post-373","page","type-page","status-publish","has-post-thumbnail","hentry"],"acf":[],"uagb_featured_image_src":{"full":["https:\/\/ladunedupilat.com\/wp-content\/uploads\/2023\/09\/VILLAGE_DUNE_88-scaled-e1693841678540.jpg",2560,1186,false],"thumbnail":["https:\/\/ladunedupilat.com\/wp-content\/uploads\/2023\/09\/VILLAGE_DUNE_88-scaled-e1693841678540-150x150.jpg",150,150,true],"medium":["https:\/\/ladunedupilat.com\/wp-content\/uploads\/2023\/09\/VILLAGE_DUNE_88-scaled-e1693841678540-300x139.jpg",300,139,true],"medium_large":["https:\/\/ladunedupilat.com\/wp-content\/uploads\/2023\/09\/VILLAGE_DUNE_88-scaled-e1693841678540-768x356.jpg",580,269,true],"large":["https:\/\/ladunedupilat.com\/wp-content\/uploads\/2023\/09\/VILLAGE_DUNE_88-scaled-e1693841678540-1024x474.jpg",580,268,true],"1536x1536":["https:\/\/ladunedupilat.com\/wp-content\/uploads\/2023\/09\/VILLAGE_DUNE_88-scaled-e1693841678540-1536x712.jpg",1536,712,true],"2048x2048":["https:\/\/ladunedupilat.com\/wp-content\/uploads\/2023\/09\/VILLAGE_DUNE_88-scaled-e1693841678540-2048x949.jpg",2048,949,true],"trp-custom-language-flag":["https:\/\/ladunedupilat.com\/wp-content\/uploads\/2023\/09\/VILLAGE_DUNE_88-scaled-e1693841678540-18x8.jpg",18,8,true],"post-thumbnail":["https:\/\/ladunedupilat.com\/wp-content\/uploads\/2023\/09\/VILLAGE_DUNE_88-scaled-e1693841678540-1200x556.jpg",1200,556,true],"twentytwenty-fullscreen":["https:\/\/ladunedupilat.com\/wp-content\/uploads\/2023\/09\/VILLAGE_DUNE_88-scaled-e1693841678540-1980x917.jpg",1980,917,true]},"uagb_author_info":{"display_name":"communication@ladunedupilat.com","author_link":"https:\/\/ladunedupilat.com\/en\/author\/communicationladunedupilat-com\/"},"uagb_comment_info":0,"uagb_excerpt":"Le site est class\u00e9 et l\u2019objectif est de veiller \u00e0 sa pr\u00e9servation tout en am\u00e9liorant les conditions de visite tout au long de l\u2019ann\u00e9e.","_links":{"self":[{"href":"https:\/\/ladunedupilat.com\/en\/wp-json\/wp\/v2\/pages\/373","targetHints":{"allow":["GET"]}}],"collection":[{"href":"https:\/\/ladunedupilat.com\/en\/wp-json\/wp\/v2\/pages"}],"about":[{"href":"https:\/\/ladunedupilat.com\/en\/wp-json\/wp\/v2\/types\/page"}],"author":[{"embeddable":true,"href":"https:\/\/ladunedupilat.com\/en\/wp-json\/wp\/v2\/users\/8"}],"replies":[{"embeddable":true,"href":"https:\/\/ladunedupilat.com\/en\/wp-json\/wp\/v2\/comments?post=373"}],"version-history":[{"count":0,"href":"https:\/\/ladunedupilat.com\/en\/wp-json\/wp\/v2\/pages\/373\/revisions"}],"up":[{"embeddable":true,"href":"https:\/\/ladunedupilat.com\/en\/wp-json\/wp\/v2\/pages\/371"}],"wp:featuredmedia":[{"embeddable":true,"href":"https:\/\/ladunedupilat.com\/en\/wp-json\/wp\/v2\/media\/25310"}],"wp:attachment":[{"href":"https:\/\/ladunedupilat.com\/en\/wp-json\/wp\/v2\/media?parent=373"}],"curies":[{"name":"wp","href":"https:\/\/api.w.org\/{rel}","templated":true}]}}