{"id":398,"date":"2021-03-03T08:35:35","date_gmt":"2021-03-03T07:35:35","guid":{"rendered":"https:\/\/ladunedupilat.com\/?page_id=398"},"modified":"2025-01-28T15:49:39","modified_gmt":"2025-01-28T14:49:39","slug":"accessibility-for-all","status":"publish","type":"page","link":"https:\/\/ladunedupilat.com\/en\/preparation\/accessibilite-pour-tous\/","title":{"rendered":"<strong>Accessibility for all<\/strong>"},"content":{"rendered":"<h2 class=\"wp-block-heading\">The Dune reception area is certified <strong>Tourism &amp; Disability<\/strong> for 4 disabilities: motor, mental, visual and hearing.<\/h2>\n\n\n<div class=\"wp-block-image\">\n<figure class=\"alignright size-full\"><img loading=\"lazy\" decoding=\"async\" width=\"200\" height=\"141\" src=\"https:\/\/ladunedupilat.com\/wp-content\/uploads\/2025\/01\/Logo_Tourisme_Handicap_1-e1738071091121.jpg\" alt=\"-\" class=\"wp-image-26701\"><\/figure>\n<\/div>\n\n\n<h2 class=\"wp-block-heading\"><strong>Motor disability<\/strong><\/h2>\n\n\n\n<p><strong>As the Dune is a natural space, there are natural and technical constraints (walking in the sand, steep slope, etc.) which prevent the implementation of means allowing access to the summit for people with reduced mobility (PRM).<\/strong> <\/p>\n\n\n\n<p>However, <strong>the entire reception area <\/strong>(cabins, toilets, restaurants and cultural shops) <strong>is accessible to people with reduced mobility<\/strong>Wheelchairs and strollers can access the exhibition, information and discovery cabins. In addition, at the entrance to the site, parking spaces are reserved for <strong>people holding the mobility inclusion parking card<\/strong>.<\/p>\n\n\n\n<p>Depending on the nature of the disability, getting to the foot of the Dune may prove difficult (150 meters in the sand in the undergrowth). <strong>The ascent of the Dune is facilitated by a staircase<\/strong> (approximately 140 steps) installed between April and November.<\/p>\n\n\n\n<p>Another way to get to the foot of the Dune, ocean side: by the stairs (around a hundred steps) located at the Corniche in Pyla-sur-Mer.<\/p>\n\n\n\n<p>There are also places with <strong>viewpoint on the Dune<\/strong> accessible to people with reduced mobility, such as the Daniel Meller beach promenade (Pyla-sur-Mer) or the Moulleau jetty (Arcachon). You will find all this information at <strong>the information point team<\/strong>.<\/p>\n\n\n\n<p><\/p>\n\n\n\n<p><\/p>\n\n\n\n<h2 class=\"wp-block-heading moveTitre\"><strong>Mental disability <\/strong><\/h2>\n\n\n\n<p>One <strong>FALC document<\/strong> (easy to read and understand) presenting the Dune du Pilat is available at the information point and <strong>on this link<\/strong> :<\/p>\n\n\n\n<div class=\"wp-block-uagb-buttons uagb-buttons__outer-wrap uagb-btn__default-btn uagb-btn-tablet__default-btn uagb-btn-mobile__default-btn uagb-block-c7962975\"><div class=\"uagb-buttons__wrap uagb-buttons-layout-wrap\">\n<div class=\"wp-block-uagb-buttons-child uagb-buttons__outer-wrap uagb-block-b464cfa7 wp-block-button\"><div class=\"uagb-button__wrapper\"><a class=\"uagb-buttons-repeater wp-block-button__link\" aria-label=\"\" href=\"https:\/\/ladunedupilat.com\/wp-content\/uploads\/2025\/01\/DOCUMENT_FALC.pdf\" rel=\"follow noopener\" target=\"_self\" role=\"button\"><div class=\"uagb-button__link\">DOWNLOAD THE FALC DOCUMENT<\/div><\/a><\/div><\/div>\n<\/div><\/div>\n\n\n\n<figure class=\"wp-block-gallery has-nested-images columns-default is-cropped wp-block-gallery-1 is-layout-flex wp-block-gallery-is-layout-flex\">\n<figure class=\"wp-block-image size-large\"><img loading=\"lazy\" decoding=\"async\" width=\"1024\" height=\"1024\" data-id=\"26715\" src=\"https:\/\/ladunedupilat.com\/wp-content\/uploads\/2025\/01\/audio_description_insta-1024x1024.png\" alt=\"-\" class=\"wp-image-26715\" srcset=\"https:\/\/ladunedupilat.com\/wp-content\/uploads\/2025\/01\/audio_description_insta-1024x1024.png 1024w, https:\/\/ladunedupilat.com\/wp-content\/uploads\/2025\/01\/audio_description_insta-300x300.png 300w, https:\/\/ladunedupilat.com\/wp-content\/uploads\/2025\/01\/audio_description_insta-150x150.png 150w, https:\/\/ladunedupilat.com\/wp-content\/uploads\/2025\/01\/audio_description_insta-768x768.png 768w, https:\/\/ladunedupilat.com\/wp-content\/uploads\/2025\/01\/audio_description_insta-12x12.png 12w, https:\/\/ladunedupilat.com\/wp-content\/uploads\/2025\/01\/audio_description_insta.png 1080w\" sizes=\"auto, (max-width: 1024px) 100vw, 1024px\" \/><figcaption class=\"wp-element-caption\">Headphones with amplified sound<\/figcaption><\/figure>\n\n\n\n<figure class=\"wp-block-image size-large\"><img loading=\"lazy\" decoding=\"async\" width=\"1024\" height=\"1024\" data-id=\"26716\" src=\"https:\/\/ladunedupilat.com\/wp-content\/uploads\/2025\/01\/braille_insta-1024x1024.png\" alt=\"-\" class=\"wp-image-26716\" srcset=\"https:\/\/ladunedupilat.com\/wp-content\/uploads\/2025\/01\/braille_insta-1024x1024.png 1024w, https:\/\/ladunedupilat.com\/wp-content\/uploads\/2025\/01\/braille_insta-300x300.png 300w, https:\/\/ladunedupilat.com\/wp-content\/uploads\/2025\/01\/braille_insta-150x150.png 150w, https:\/\/ladunedupilat.com\/wp-content\/uploads\/2025\/01\/braille_insta-768x768.png 768w, https:\/\/ladunedupilat.com\/wp-content\/uploads\/2025\/01\/braille_insta-12x12.png 12w, https:\/\/ladunedupilat.com\/wp-content\/uploads\/2025\/01\/braille_insta.png 1080w\" sizes=\"auto, (max-width: 1024px) 100vw, 1024px\" \/><figcaption class=\"wp-element-caption\">Document in braille<\/figcaption><\/figure>\n\n\n\n<figure class=\"wp-block-image size-large\"><img loading=\"lazy\" decoding=\"async\" width=\"1024\" height=\"1024\" data-id=\"26717\" src=\"https:\/\/ladunedupilat.com\/wp-content\/uploads\/2025\/01\/pmr_insta-1024x1024.png\" alt=\"-\" class=\"wp-image-26717\" srcset=\"https:\/\/ladunedupilat.com\/wp-content\/uploads\/2025\/01\/pmr_insta-1024x1024.png 1024w, https:\/\/ladunedupilat.com\/wp-content\/uploads\/2025\/01\/pmr_insta-300x300.png 300w, https:\/\/ladunedupilat.com\/wp-content\/uploads\/2025\/01\/pmr_insta-150x150.png 150w, https:\/\/ladunedupilat.com\/wp-content\/uploads\/2025\/01\/pmr_insta-768x768.png 768w, https:\/\/ladunedupilat.com\/wp-content\/uploads\/2025\/01\/pmr_insta-12x12.png 12w, https:\/\/ladunedupilat.com\/wp-content\/uploads\/2025\/01\/pmr_insta.png 1080w\" sizes=\"auto, (max-width: 1024px) 100vw, 1024px\" \/><figcaption class=\"wp-element-caption\">PMR path<\/figcaption><\/figure>\n<\/figure>\n\n\n\n<h2 class=\"wp-block-heading moveTitre\"><strong>Visual impairment<\/strong><\/h2>\n\n\n\n<p>One <strong>braille document<\/strong> summarizing the panels present on site is available at the information point as well as at the mediation hut.<br>An audio-described version of the films shown in the exhibition cabin is available via headsets on demand.<br>Audio recordings of the information panels on site are available via <strong>these links:<\/strong><\/p>\n\n\n\n<div class=\"wp-block-buttons is-layout-flex wp-block-buttons-is-layout-flex\">\n<div class=\"wp-block-button\"><a class=\"wp-block-button__link wp-element-button\" href=\"https:\/\/ladunedupilat.com\/wp-content\/uploads\/2025\/01\/Station-1.mp3\">SITE MANAGEMENT AND REGULATIONS<\/a><\/div>\n\n\n\n<div class=\"wp-block-button\"><a class=\"wp-block-button__link wp-element-button\" href=\"https:\/\/ladunedupilat.com\/wp-content\/uploads\/2025\/01\/Station-2.mp3\">THE GUARDIANS OF THE DUNE<\/a><\/div>\n\n\n\n<div class=\"wp-block-button\"><a class=\"wp-block-button__link wp-element-button\" href=\"https:\/\/ladunedupilat.com\/wp-content\/uploads\/2025\/01\/Station-3.mp3\">FORMATION OF THE DUNE<\/a><\/div>\n\n\n\n<div class=\"wp-block-button\"><a class=\"wp-block-button__link wp-element-button\" href=\"https:\/\/ladunedupilat.com\/wp-content\/uploads\/2025\/01\/Station-4.mp3\">MOVING LANDSCAPES<\/a><\/div>\n\n\n\n<div class=\"wp-block-button\"><a class=\"wp-block-button__link wp-element-button\" href=\"https:\/\/ladunedupilat.com\/wp-content\/uploads\/2025\/01\/Station-5.mp3\">THE FAUNA AND FLORA OF THE GRAND SITE<\/a><\/div>\n<\/div>\n\n\n\n<h2 class=\"wp-block-heading moveTitre\"><strong>Hearing impairment<\/strong><\/h2>\n\n\n\n<p>Of the <strong>headphones with amplified sound<\/strong> are available at the information point so that people with hearing difficulties can enjoy the films shown in the exhibition cabin.<\/p>\n\n\n\n<p><\/p>\n\n\n\n<h2 class=\"wp-block-heading moveTitre\" id=\"vue360\">Films presenting the Dune, its formation and its management<\/h2>\n\n\n\n<p><strong>For those who cannot climb the Dune du Pilat, films and mediation spaces are available in the reception area.<\/strong><\/p>\n\n\n\n<figure class=\"wp-block-embed is-type-video is-provider-youtube wp-block-embed-youtube wp-embed-aspect-16-9 wp-has-aspect-ratio\"><div class=\"wp-block-embed__wrapper\">\n<iframe loading=\"lazy\" title=\"Guardians of the Dune - Audio Description\" width=\"580\" height=\"326\" src=\"https:\/\/www.youtube.com\/embed\/VBHNK5VCRrQ?feature=oembed\" frameborder=\"0\" allow=\"accelerometer; autoplay; clipboard-write; encrypted-media; gyroscope; picture-in-picture; web-share\" referrerpolicy=\"strict-origin-when-cross-origin\" allowfullscreen><\/iframe>\n<\/div><\/figure>\n\n\n\n<h2 class=\"wp-block-heading\">HANDITOURISM IN THE ARCACHON BASIN<\/h2>\n\n\n\n<p>Continue your discovery of the Arcachon Bay with walks, accommodation, leisure activities, restaurants, etc.\u00a0<strong>fully adapted<\/strong>. There<strong>\u00a0Tourism and Disability brand and the Valides Handicap\u00e9s, Handiplage, Handisurf, Handivalide labels\u00a0<\/strong>are guarantees of quality and safety.<\/p>\n\n\n\n<div class=\"wp-block-buttons is-layout-flex wp-block-buttons-is-layout-flex\">\n<div class=\"wp-block-button\"><a class=\"wp-block-button__link wp-element-button\" href=\"https:\/\/www.calameo.com\/read\/000024421494aad58e094\" rel=\"nofollow noopener\" target=\"_blank\">DOWNLOAD THE ACCESSIBLE POOL GUIDE<\/a><\/div>\n<\/div>","protected":false},"excerpt":{"rendered":"<p>Even if the 160 steps will surely be the best of your breath, everyone can climb at their own pace.<\/p>","protected":false},"author":8,"featured_media":26676,"parent":284,"menu_order":6,"comment_status":"closed","ping_status":"closed","template":"templates\/template-full-width.php","meta":{"_acf_changed":false,"_uag_custom_page_level_css":"","footnotes":""},"class_list":["post-398","page","type-page","status-publish","has-post-thumbnail","hentry"],"acf":[],"uagb_featured_image_src":{"full":["https:\/\/ladunedupilat.com\/wp-content\/uploads\/2025\/01\/Accessibilite-scaled-e1738056525185.jpg",2560,1408,false],"thumbnail":["https:\/\/ladunedupilat.com\/wp-content\/uploads\/2025\/01\/Accessibilite-scaled-e1738056525185-150x150.jpg",150,150,true],"medium":["https:\/\/ladunedupilat.com\/wp-content\/uploads\/2025\/01\/Accessibilite-scaled-e1738056525185-300x165.jpg",300,165,true],"medium_large":["https:\/\/ladunedupilat.com\/wp-content\/uploads\/2025\/01\/Accessibilite-scaled-e1738056525185-768x422.jpg",580,319,true],"large":["https:\/\/ladunedupilat.com\/wp-content\/uploads\/2025\/01\/Accessibilite-scaled-e1738056525185-1024x563.jpg",580,319,true],"1536x1536":["https:\/\/ladunedupilat.com\/wp-content\/uploads\/2025\/01\/Accessibilite-scaled-e1738056525185-1536x845.jpg",1536,845,true],"2048x2048":["https:\/\/ladunedupilat.com\/wp-content\/uploads\/2025\/01\/Accessibilite-scaled-e1738056525185-2048x1126.jpg",2048,1126,true],"trp-custom-language-flag":["https:\/\/ladunedupilat.com\/wp-content\/uploads\/2025\/01\/Accessibilite-scaled-e1738056525185-18x10.jpg",18,10,true],"post-thumbnail":["https:\/\/ladunedupilat.com\/wp-content\/uploads\/2025\/01\/Accessibilite-scaled-e1738056525185-1200x660.jpg",1200,660,true],"twentytwenty-fullscreen":["https:\/\/ladunedupilat.com\/wp-content\/uploads\/2025\/01\/Accessibilite-scaled-e1738056525185-1980x1089.jpg",1980,1089,true]},"uagb_author_info":{"display_name":"communication@ladunedupilat.com","author_link":"https:\/\/ladunedupilat.com\/en\/author\/communicationladunedupilat-com\/"},"uagb_comment_info":0,"uagb_excerpt":"M\u00eame si les 160 marches auront s\u00fbrement raison de votre souffle, chacun peut y monter \u00e0 son rythme.","_links":{"self":[{"href":"https:\/\/ladunedupilat.com\/en\/wp-json\/wp\/v2\/pages\/398","targetHints":{"allow":["GET"]}}],"collection":[{"href":"https:\/\/ladunedupilat.com\/en\/wp-json\/wp\/v2\/pages"}],"about":[{"href":"https:\/\/ladunedupilat.com\/en\/wp-json\/wp\/v2\/types\/page"}],"author":[{"embeddable":true,"href":"https:\/\/ladunedupilat.com\/en\/wp-json\/wp\/v2\/users\/8"}],"replies":[{"embeddable":true,"href":"https:\/\/ladunedupilat.com\/en\/wp-json\/wp\/v2\/comments?post=398"}],"version-history":[{"count":20,"href":"https:\/\/ladunedupilat.com\/en\/wp-json\/wp\/v2\/pages\/398\/revisions"}],"predecessor-version":[{"id":26720,"href":"https:\/\/ladunedupilat.com\/en\/wp-json\/wp\/v2\/pages\/398\/revisions\/26720"}],"up":[{"embeddable":true,"href":"https:\/\/ladunedupilat.com\/en\/wp-json\/wp\/v2\/pages\/284"}],"wp:featuredmedia":[{"embeddable":true,"href":"https:\/\/ladunedupilat.com\/en\/wp-json\/wp\/v2\/media\/26676"}],"wp:attachment":[{"href":"https:\/\/ladunedupilat.com\/en\/wp-json\/wp\/v2\/media?parent=398"}],"curies":[{"name":"wp","href":"https:\/\/api.w.org\/{rel}","templated":true}]}}