{"id":414,"date":"2021-03-03T08:40:58","date_gmt":"2021-03-03T07:40:58","guid":{"rendered":"https:\/\/ladunedupilat.com\/?page_id=414"},"modified":"2023-12-01T15:46:29","modified_gmt":"2023-12-01T14:46:29","slug":"walking-circuits-2","status":"publish","type":"page","link":"https:\/\/ladunedupilat.com\/en\/les-activites\/circuits-pedestres\/","title":{"rendered":"Walking tours"},"content":{"rendered":"<h2 class=\"wp-block-heading\"><strong>Hike on the ridge<\/strong>, between ocean and forest<\/h2>\n\n\n\n<section class=\"wp-block-uagb-columns uagb-columns__wrap uagb-columns__background-none uagb-columns__stack-mobile uagb-columns__valign- uagb-columns__gap-10 align uagb-block-168f2721 uagb-columns__columns-1 uagb-columns__max_width-custom\"><div class=\"uagb-columns__overlay\"><\/div><div class=\"uagb-columns__inner-wrap uagb-columns__columns-1\">\n<div class=\"wp-block-uagb-column uagb-column__wrap uagb-column__background-undefined uagb-block-8adddd81\"><div class=\"uagb-column__overlay\"><\/div>\n<p>Want to go beyond the first perception offered after having climbed the last steps of the staircase? To appreciate all the majesty of the Dune and its landscape, take the time to explore it along its length! The Grand Site reveals reliefs, shapes and lights that contribute to its beauty.<\/p>\n\n\n\n<p>The ride is sporty, but the effort quickly gives way to delight. Along your route, you will discover in turn the ancient soils of the dune (paleosols), the plants that have adapted to this sometimes hostile environment and the imprints left by the discreet hosts of the Dune ...<\/p>\n\n\n\n<p><strong><a class=\"rank-math-link\" href=\"https:\/\/ladunedupilat.com\/en\/i-discover\/flora-and-fauna\/\" data-type=\"page\" data-id=\"347\">I discover the peculiarities of these fragile environments<\/a>&nbsp;<\/strong><\/p>\n\n\n\n<figure class=\"wp-block-pullquote\"><blockquote><p>These circuits are accessible according to the regulations in force.<\/p><\/blockquote><\/figure>\n\n\n\n<div class=\"wp-block-uagb-buttons uagb-buttons__outer-wrap uagb-btn__default-btn uagb-btn-tablet__default-btn uagb-btn-mobile__default-btn uagb-block-c3aa2a38\"><div class=\"uagb-buttons__wrap uagb-buttons-layout-wrap\">\n<div class=\"wp-block-uagb-buttons-child uagb-buttons__outer-wrap uagb-block-80d48fcf wp-block-button\"><div class=\"uagb-button__wrapper\"><a class=\"uagb-buttons-repeater wp-block-button__link\" href=\"https:\/\/ladunedupilat.com\/en\/preparation\/regulation\/\" onclick=\"return true;\" rel=\"follow noopener\" target=\"_blank\"><div class=\"uagb-button__link\">I CONSULT THE REGULATIONS IN FORCE<\/div><\/a><\/div><\/div>\n<\/div><\/div>\n<\/div>\n<\/div><\/section>\n\n\n\n<h3 class=\"wp-block-heading\">An example of a circuit<\/h3>\n\n\n\n<section class=\"wp-block-uagb-columns uagb-columns__wrap uagb-columns__stack-tablet uagb-columns__valign- uagb-columns__gap-10 align uagb-block-9f2896bf uagb-columns__columns-2 uagb-columns__max_width-custom\"><div class=\"uagb-columns__overlay\"><\/div><div class=\"uagb-columns__inner-wrap uagb-columns__columns-2\">\n\n<div class=\"wp-block-uagb-column uagb-column__wrap uagb-column__background-undefined uagb-block-edf3be67\"><div class=\"uagb-column__overlay\"><\/div>\n\n<p>Departure from the reception area of the Grand Site. Climb through the sand, it&#039;s sporty but the arrival at the top is all the more appreciable! Take a moment to recuperate and enjoy the scenery that runs to the horizon. Direction, the South of the Dune, towards the ocean beaches, to attack its gentle curves. Going down towards the beach, do not miss the paleosols which undulate on the eastern side of the Dune. They are the witnesses of the millennial history of the site. Perhaps you will distinguish in these ancient grounds, remains of wood and shells frozen in time. Descend continuously and gradually to the edge of the forest massif.\u00a0<\/p>\n\n<\/div>\n\n\n<div class=\"wp-block-uagb-column uagb-column__wrap uagb-column__background-undefined uagb-block-e16da1f4\"><div class=\"uagb-column__overlay\"><\/div>\n\n<figure class=\"wp-block-image size-large moveRight\"><img loading=\"lazy\" decoding=\"async\" width=\"1024\" height=\"683\" src=\"https:\/\/ladunedupilat.com\/wp-content\/uploads\/2021\/06\/IMG_1757-1024x683.jpg\" alt=\"-\" class=\"wp-image-2124\"><\/figure>\n\n<\/div>\n\n<\/div><\/section>\n\n\n\n<section class=\"wp-block-uagb-columns uagb-columns__wrap uagb-columns__stack-tablet uagb-columns__valign- uagb-columns__gap-10 align uagb-block-5a04dcf5 uagb-columns__columns-2 uagb-columns__max_width-custom\"><div class=\"uagb-columns__overlay\"><\/div><div class=\"uagb-columns__inner-wrap uagb-columns__columns-2\">\n\n<div class=\"wp-block-uagb-column uagb-column__wrap uagb-column__background-undefined uagb-block-f67ef226\"><div class=\"uagb-column__overlay\"><\/div>\n\n<p>Do not miss: freshwater marsh plants between the beach and the Dune? You are not dreaming, a few meters away coexist Marsh Iris, Common Reed, Red Willow and plants characteristic of the sea leash (Cakilier maritime) and the white dune (Oyat, Maritime spurge). The presence of these specific plants is linked to the resurgences of fresh water flowing on the beach.<\/p>\n\n\n<p>This hike is sporty, unmarked and without the possibility of supplies (provide water and snacks). This hike is difficult with young children. Plan an appropriate outfit depending on the season and do not forget your hats and sunscreen.<\/p>\n\n\n<p><strong>Length:<\/strong> About 6 km round trip<\/p>\n\n\n<p><strong>Duration:<\/strong> Between 2h and 3h<\/p>\n\n<\/div>\n\n\n<div class=\"wp-block-uagb-column uagb-column__wrap uagb-column__background-undefined uagb-block-6314066d\"><div class=\"uagb-column__overlay\"><\/div>\n\n<figure class=\"wp-block-image size-large moveUp\"><img loading=\"lazy\" decoding=\"async\" width=\"1024\" height=\"683\" src=\"https:\/\/ladunedupilat.com\/wp-content\/uploads\/2021\/06\/IMG_3059-1024x683.jpg\" alt=\"picnic at the dune\" class=\"wp-image-2139\"\/><\/figure>\n\n<\/div>\n\n<\/div><\/section>\n\n\n\n<section class=\"wp-block-uagb-columns uagb-columns__wrap uagb-columns__stack-mobile uagb-columns__valign- uagb-columns__gap-10 align uagb-block-002f4cfc uagb-columns__columns-1 uagb-columns__max_width-custom\"><div class=\"uagb-columns__overlay\"><\/div><div class=\"uagb-columns__inner-wrap uagb-columns__columns-1\">\n\n<div class=\"wp-block-uagb-column uagb-column__wrap uagb-column__background-undefined uagb-block-fef43ab5\"><div class=\"uagb-column__overlay\"><\/div>\n\n<p><strong>On the beach :<\/strong>&nbsp;Along the beach, animal and plant remains are deposited by the waves. They form what is called the sea leash. Small crustaceans and birds come to feed there. Unfortunately, unnatural waste gets mixed up in it.&nbsp;<\/p>\n\n\n<p><strong>Tip: <\/strong>Plan your picnic. You can plan your own itinerary, but be careful not to step on the fragile vegetation, which stabilizes the sand. Also watch out for the tide, if you go by the beach!<\/p>\n\n<\/div>\n\n<\/div><\/section>\n\n\n\n<div style=\"height:41px\" aria-hidden=\"true\" class=\"wp-block-spacer\"><\/div>\n\n\n\n<section class=\"wp-block-uagb-columns uagb-columns__wrap uagb-columns__background-color uagb-columns__stack-mobile uagb-columns__valign- uagb-columns__gap-30 align uagb-columns__reverse-mobile uagb-block-7016be6c uagb-columns__columns-1 uagb-columns__max_width-custom bordeaux-bg\"><div class=\"uagb-columns__overlay\"><\/div><div class=\"uagb-columns__inner-wrap uagb-columns__columns-1\">\n<div class=\"wp-block-uagb-column uagb-column__wrap uagb-column__background-undefined uagb-block-c6387c4d\"><div class=\"uagb-column__overlay\"><\/div>\n<p><strong>Before leaving<\/strong>, I take note of the good advices for a pleasant visit.<\/p>\n\n\n\n<p><strong><a href=\"https:\/\/ladunedupilat.com\/en\/preparation\/visit-advice\/\" data-type=\"page\" data-id=\"394\" class=\"rank-math-link\">I consult the visit advice&nbsp;<\/a><\/strong><\/p>\n\n\n\n<p>You want to discover the dune of Pilat, taking advantage of the explanations of our mediators? It&#039;s possible ! We organize free guided tours all year round.<\/p>\n\n\n\n<p><strong><a href=\"https:\/\/ladunedupilat.com\/en\/activities\/with-family\/#randoscom\" data-type=\"page\" class=\"rank-math-link\">I discover guided hikes&nbsp;<\/a><\/strong><\/p>\n<\/div>\n<\/div><\/section>","protected":false},"excerpt":{"rendered":"<p>Want to go beyond the first perception offered after climbing the last steps of the staircase?<\/p>","protected":false},"author":8,"featured_media":2118,"parent":341,"menu_order":3,"comment_status":"closed","ping_status":"closed","template":"","meta":{"_acf_changed":false,"_uag_custom_page_level_css":"","footnotes":""},"class_list":["post-414","page","type-page","status-publish","has-post-thumbnail","hentry"],"acf":[],"uagb_featured_image_src":{"full":["https:\/\/ladunedupilat.com\/wp-content\/uploads\/2021\/06\/circuits-pedestres-entete.jpg",1600,800,false],"thumbnail":["https:\/\/ladunedupilat.com\/wp-content\/uploads\/2021\/06\/circuits-pedestres-entete-150x150.jpg",150,150,true],"medium":["https:\/\/ladunedupilat.com\/wp-content\/uploads\/2021\/06\/circuits-pedestres-entete-300x150.jpg",300,150,true],"medium_large":["https:\/\/ladunedupilat.com\/wp-content\/uploads\/2021\/06\/circuits-pedestres-entete-768x384.jpg",580,290,true],"large":["https:\/\/ladunedupilat.com\/wp-content\/uploads\/2021\/06\/circuits-pedestres-entete-1024x512.jpg",580,290,true],"1536x1536":["https:\/\/ladunedupilat.com\/wp-content\/uploads\/2021\/06\/circuits-pedestres-entete-1536x768.jpg",1536,768,true],"2048x2048":["https:\/\/ladunedupilat.com\/wp-content\/uploads\/2021\/06\/circuits-pedestres-entete.jpg",1600,800,false],"trp-custom-language-flag":["https:\/\/ladunedupilat.com\/wp-content\/uploads\/2021\/06\/circuits-pedestres-entete-16x8.jpg",16,8,true],"post-thumbnail":["https:\/\/ladunedupilat.com\/wp-content\/uploads\/2021\/06\/circuits-pedestres-entete-1200x600.jpg",1200,600,true],"twentytwenty-fullscreen":["https:\/\/ladunedupilat.com\/wp-content\/uploads\/2021\/06\/circuits-pedestres-entete.jpg",1600,800,false]},"uagb_author_info":{"display_name":"communication@ladunedupilat.com","author_link":"https:\/\/ladunedupilat.com\/en\/author\/communicationladunedupilat-com\/"},"uagb_comment_info":0,"uagb_excerpt":"Envie d'aller au-del\u00e0 de la premi\u00e8re perception offerte apr\u00e8s avoir gravi les derni\u00e8res marches de l'escalier ?","_links":{"self":[{"href":"https:\/\/ladunedupilat.com\/en\/wp-json\/wp\/v2\/pages\/414","targetHints":{"allow":["GET"]}}],"collection":[{"href":"https:\/\/ladunedupilat.com\/en\/wp-json\/wp\/v2\/pages"}],"about":[{"href":"https:\/\/ladunedupilat.com\/en\/wp-json\/wp\/v2\/types\/page"}],"author":[{"embeddable":true,"href":"https:\/\/ladunedupilat.com\/en\/wp-json\/wp\/v2\/users\/8"}],"replies":[{"embeddable":true,"href":"https:\/\/ladunedupilat.com\/en\/wp-json\/wp\/v2\/comments?post=414"}],"version-history":[{"count":1,"href":"https:\/\/ladunedupilat.com\/en\/wp-json\/wp\/v2\/pages\/414\/revisions"}],"predecessor-version":[{"id":25573,"href":"https:\/\/ladunedupilat.com\/en\/wp-json\/wp\/v2\/pages\/414\/revisions\/25573"}],"up":[{"embeddable":true,"href":"https:\/\/ladunedupilat.com\/en\/wp-json\/wp\/v2\/pages\/341"}],"wp:featuredmedia":[{"embeddable":true,"href":"https:\/\/ladunedupilat.com\/en\/wp-json\/wp\/v2\/media\/2118"}],"wp:attachment":[{"href":"https:\/\/ladunedupilat.com\/en\/wp-json\/wp\/v2\/media?parent=414"}],"curies":[{"name":"wp","href":"https:\/\/api.w.org\/{rel}","templated":true}]}}