{"id":427,"date":"2021-03-03T09:06:50","date_gmt":"2021-03-03T08:06:50","guid":{"rendered":"https:\/\/ladunedupilat.com\/?page_id=427"},"modified":"2022-02-13T09:06:47","modified_gmt":"2022-02-13T08:06:47","slug":"legal-notice","status":"publish","type":"page","link":"https:\/\/ladunedupilat.com\/en\/mentions-legales\/","title":{"rendered":"Legal Notice"},"content":{"rendered":"<h2 class=\"wp-block-heading\" id=\"bienvenue-sur-le-site-officiel-du-gestionnaire-du-grand-site-de-la-dune-du-pilat\">Welcome to the official site of the manager of the Grand Site de la Dune du Pilat<\/h2>\n\n\n\n<p>In accordance with the provisions of Law No. 2004-575 of June 21, 2004 for confidence in the digital economy, users of the ladunedupilat.com site are informed of the identity of the various stakeholders in the context of its implementation and monitoring. .<\/p>\n\n\n\n<h3 class=\"wp-block-heading\" id=\"edition-du-site\">Site edition<\/h3>\n\n\n\n<p>This website aims <strong>to inform and raise awareness <\/strong>visitors to the Grand Site de la Dune du Pilat.&nbsp;<\/p>\n\n\n\n<p>It is the exclusive property of:<\/p>\n\n\n\n<p><strong>MIXED UNION OF THE GRANDE DUNE DU PILAT<\/strong>, manager of the Dune du Pilat Grand Site&nbsp;<\/p>\n\n\n\n<p>Route de Biscarrosse RD218<br>Reception area of the dune<br>33 115 Pyla-sur-Mer<\/p>\n\n\n\n<p>Telephone: 05.56.22.81.22<br>Fax: 05.57.15.17.94<\/p>\n\n\n\n<h3 class=\"wp-block-heading\" id=\"responsable-de-publication\">Responsible for publication<\/h3>\n\n\n\n<p>Directors of the publication of the site: <strong>Nathalie Le Yondre, President and Maria De Vos, Director of the Syndicat Mixte de la Grande Dune du Pilat<\/strong><\/p>\n\n\n\n<p>Editorial managers: <strong>Louise Poupin, Head of Reception, Mediation and Communication Department and Ga\u00efa Ollivier, Communication and Press Relations Officer<\/strong><\/p>\n\n\n\n<h3 class=\"wp-block-heading\" id=\"concepteur\">Designer<\/h3>\n\n\n\n<p>Design and production : <a href=\"https:\/\/ka2com.fr\/\" target=\"_blank\" rel=\"noreferrer noopener nofollow\">Ka2 agency<\/a><\/p>\n\n\n\n<h3 class=\"wp-block-heading\" id=\"hebergeur\">Host<\/h3>\n\n\n\n<p>The website is hosted by <a href=\"https:\/\/www.surfonline.fr\/\" rel=\"nofollow noopener\" target=\"_blank\">Surf on line<\/a>.<\/p>\n\n\n\n<h3 class=\"wp-block-heading\" id=\"credits\">Credits<\/h3>\n\n\n\n<p><strong>Pictures : <\/strong>Great Site of the Dune of Pilat, National Nature Reserve of Banc d&#039;Arguin, Ecomus\u00e9e de Marqu\u00e8ze, ISP3D, SIBA-Agence les Conteurs,&nbsp;<\/p>\n\n\n\n<p><strong>Videos:<\/strong> Midi Prod<\/p>\n\n\n\n<h3 class=\"wp-block-heading\" id=\"responsabilite\">Responsibility<\/h3>\n\n\n\n<p>The Syndicat Mixte de la Grande Dune du Pilat offers many links to other sites, mainly official sites. Regularly checked, they are provided for information only and do not engage the responsibility of the Syndicat Mixte.<\/p>\n\n\n\n<p>On the other hand, the Syndicat Mixte de la Grande Dune du Pilat disclaims all liability for hypertext links to its Dune du Pilat site.<\/p>\n\n\n\n<h3 class=\"wp-block-heading\" id=\"propriete-intellectuelle\">Intellectual property<\/h3>\n\n\n\n<p>The site and the information it contains are protected by French intellectual property law and by international conventions. The site (or any element of its content) may not be reproduced, republished, transcribed, modified, or retransmitted without the prior authorization of the rights holders in writing (this does not concern use in the family circle. nor private use).<\/p>\n\n\n\n<p>For any request, please send an email to <a href=\"mailto:contact@ladunedupilat.com\">contact@ladunedupilat.com<\/a><\/p>","protected":false},"excerpt":{"rendered":"<p>In accordance with the provisions of Law No. 2004-575 of June 21, 2004 for confidence in the digital economy, users of the ladunedupilat.com site are informed of the identity of the various stakeholders in the context of its implementation and monitoring. .<\/p>","protected":false},"author":8,"featured_media":2118,"parent":0,"menu_order":50,"comment_status":"closed","ping_status":"closed","template":"templates\/template-full-width.php","meta":{"_acf_changed":false,"_uag_custom_page_level_css":"","footnotes":""},"class_list":["post-427","page","type-page","status-publish","has-post-thumbnail","hentry"],"acf":[],"uagb_featured_image_src":{"full":["https:\/\/ladunedupilat.com\/wp-content\/uploads\/2021\/06\/circuits-pedestres-entete.jpg",1600,800,false],"thumbnail":["https:\/\/ladunedupilat.com\/wp-content\/uploads\/2021\/06\/circuits-pedestres-entete-150x150.jpg",150,150,true],"medium":["https:\/\/ladunedupilat.com\/wp-content\/uploads\/2021\/06\/circuits-pedestres-entete-300x150.jpg",300,150,true],"medium_large":["https:\/\/ladunedupilat.com\/wp-content\/uploads\/2021\/06\/circuits-pedestres-entete-768x384.jpg",580,290,true],"large":["https:\/\/ladunedupilat.com\/wp-content\/uploads\/2021\/06\/circuits-pedestres-entete-1024x512.jpg",580,290,true],"1536x1536":["https:\/\/ladunedupilat.com\/wp-content\/uploads\/2021\/06\/circuits-pedestres-entete-1536x768.jpg",1536,768,true],"2048x2048":["https:\/\/ladunedupilat.com\/wp-content\/uploads\/2021\/06\/circuits-pedestres-entete.jpg",1600,800,false],"trp-custom-language-flag":["https:\/\/ladunedupilat.com\/wp-content\/uploads\/2021\/06\/circuits-pedestres-entete-16x8.jpg",16,8,true],"post-thumbnail":["https:\/\/ladunedupilat.com\/wp-content\/uploads\/2021\/06\/circuits-pedestres-entete-1200x600.jpg",1200,600,true],"twentytwenty-fullscreen":["https:\/\/ladunedupilat.com\/wp-content\/uploads\/2021\/06\/circuits-pedestres-entete.jpg",1600,800,false]},"uagb_author_info":{"display_name":"communication@ladunedupilat.com","author_link":"https:\/\/ladunedupilat.com\/en\/author\/communicationladunedupilat-com\/"},"uagb_comment_info":0,"uagb_excerpt":"Conform\u00e9ment aux dispositions de la loi n\u00b0 2004-575 du 21 juin 2004 pour la confiance en l\u2019\u00e9conomie num\u00e9rique, il est pr\u00e9cis\u00e9 aux utilisateurs du site ladunedupilat.com l\u2019identit\u00e9 des diff\u00e9rents intervenants dans le cadre de sa r\u00e9alisation et de son suivi.","_links":{"self":[{"href":"https:\/\/ladunedupilat.com\/en\/wp-json\/wp\/v2\/pages\/427","targetHints":{"allow":["GET"]}}],"collection":[{"href":"https:\/\/ladunedupilat.com\/en\/wp-json\/wp\/v2\/pages"}],"about":[{"href":"https:\/\/ladunedupilat.com\/en\/wp-json\/wp\/v2\/types\/page"}],"author":[{"embeddable":true,"href":"https:\/\/ladunedupilat.com\/en\/wp-json\/wp\/v2\/users\/8"}],"replies":[{"embeddable":true,"href":"https:\/\/ladunedupilat.com\/en\/wp-json\/wp\/v2\/comments?post=427"}],"version-history":[{"count":0,"href":"https:\/\/ladunedupilat.com\/en\/wp-json\/wp\/v2\/pages\/427\/revisions"}],"wp:featuredmedia":[{"embeddable":true,"href":"https:\/\/ladunedupilat.com\/en\/wp-json\/wp\/v2\/media\/2118"}],"wp:attachment":[{"href":"https:\/\/ladunedupilat.com\/en\/wp-json\/wp\/v2\/media?parent=427"}],"curies":[{"name":"wp","href":"https:\/\/api.w.org\/{rel}","templated":true}]}}