{"id":1305,"date":"2021-05-08T18:41:23","date_gmt":"2021-05-08T16:41:23","guid":{"rendered":"https:\/\/ladunedupilat.com\/?page_id=1305"},"modified":"2025-08-01T16:28:53","modified_gmt":"2025-08-01T14:28:53","slug":"como-llegar","status":"publish","type":"page","link":"https:\/\/ladunedupilat.com\/es\/preparation\/comment-venir\/","title":{"rendered":"<strong>como acceder<\/strong> en la Dune du Pilat?"},"content":{"rendered":"<div style=\"height:100px\" aria-hidden=\"true\" id=\"transports\" class=\"wp-block-spacer\"><\/div>\n\n\n\n<h2 class=\"wp-block-heading has-text-align-center tw-mt-0 moveTitre\">... o consultar <strong>la descripci\u00f3n<\/strong><\/h2>\n\n\n\n<div style=\"height:49px\" aria-hidden=\"true\" class=\"wp-block-spacer\"><\/div>\n\n\n\n<section class=\"wp-block-uagb-section uagb-section__wrap uagb-section__background-undefined uagb-block-f8980798 uag-hide-desktop uag-hide-tab uag-hide-mob uag-hide-desktop uag-hide-tab uag-hide-mob\"><div class=\"uagb-section__overlay\"><\/div><div class=\"uagb-section__inner-wrap\"><\/div><\/section>\n\n\n\n<div class=\"wp-block-uagb-columns uagb-columns__wrap uagb-columns__background-none uagb-columns__stack-tablet uagb-columns__valign- uagb-columns__gap-0 align uagb-block-2b134ed2 uagb-columns__columns-3 uagb-columns__max_width-custom venir\"><div class=\"uagb-columns__overlay\"><\/div><div class=\"uagb-columns__inner-wrap uagb-columns__columns-3\">\n<div class=\"wp-block-uagb-column uagb-column__wrap uagb-column__background-color uagb-block-9652cfad\"><div class=\"uagb-column__overlay\"><\/div>\n<div class=\"wp-block-getwid-tabs venir-tabs\" data-active-tab=\"0\"><ul class=\"wp-block-getwid-tabs__nav-links\"><\/ul>\n<div class=\"wp-block-getwid-tabs__nav-link\"><span class=\"wp-block-getwid-tabs__title-wrapper\"><a href=\"#\"><span class=\"wp-block-getwid-tabs__title\">En bicicleta<\/span><\/a><\/span><\/div><div class=\"wp-block-getwid-tabs__tab-content-wrapper\"><div class=\"wp-block-getwid-tabs__tab-content\">\n<p>El Gran Sitio de la Dune du Pilat se encuentra en el <a href=\"https:\/\/www.lavelodyssee.com\/\" data-type=\"URL\" data-id=\"https:\/\/www.lavelodyssee.com\/\" rel=\"nofollow noopener\" target=\"_blank\">ruta ciclista de La V\u00e9lodyss\u00e9e<\/a> : esta ruta ciclista que atraviesa Breta\u00f1a y discurre por el Atl\u00e1ntico hasta la costa vasca por una ruta t\u00f3nica y salvaje.<\/p>\n\n\n\n<p>Gracias a los numerosos carriles bici de la cuenca de Arcachon, puede acceder f\u00e1cilmente al Gran Sitio de la duna del Pilat.<\/p>\n\n\n\n<p>Las empresas de alquiler de bicicletas se enumeran en el sitio web de la <a href=\"https:\/\/bassin-arcachon.com\/\" rel=\"nofollow noopener\" target=\"_blank\">Bah\u00eda de Arcachon<\/a>. Encu\u00e9ntrate all\u00ed <a href=\"https:\/\/bassin-arcachon.com\/bassin-a-velo\/\" rel=\"nofollow noopener\" target=\"_blank\">todos los paseos y rutas aptas para bicicletas.<\/a><\/p>\n\n\n\n<p>La zona de recepci\u00f3n est\u00e1 marcada como \u201cAccueil V\u00e9lo\u201d, una marca nacional que garantiza una acogida y servicios de calidad a todos los ciclistas.<\/p>\n\n\n\n<p>Del <strong>Hay bastidores disponibles<\/strong> en el \u00e1rea de recepci\u00f3n para bloquear su bicicleta durante toda su visita al Gran Sitio. <strong>instrucciones conectadas<\/strong> Est\u00e1n disponibles para dejar sus pertenencias personales.<\/p>\n\n\n\n<figure class=\"wp-block-gallery has-nested-images columns-default is-cropped wp-block-gallery-1 is-layout-flex wp-block-gallery-is-layout-flex\">\n<figure class=\"wp-block-image size-large\"><img loading=\"lazy\" decoding=\"async\" width=\"1024\" height=\"683\" data-id=\"26289\" src=\"https:\/\/ladunedupilat.com\/wp-content\/uploads\/2024\/07\/IMG_9539-1024x683.jpg\" alt=\"-\" class=\"wp-image-26289\" srcset=\"https:\/\/ladunedupilat.com\/wp-content\/uploads\/2024\/07\/IMG_9539-1024x683.jpg 1024w, https:\/\/ladunedupilat.com\/wp-content\/uploads\/2024\/07\/IMG_9539-300x200.jpg 300w, https:\/\/ladunedupilat.com\/wp-content\/uploads\/2024\/07\/IMG_9539-768x512.jpg 768w, https:\/\/ladunedupilat.com\/wp-content\/uploads\/2024\/07\/IMG_9539-1536x1024.jpg 1536w, https:\/\/ladunedupilat.com\/wp-content\/uploads\/2024\/07\/IMG_9539-2048x1365.jpg 2048w, https:\/\/ladunedupilat.com\/wp-content\/uploads\/2024\/07\/IMG_9539-18x12.jpg 18w, https:\/\/ladunedupilat.com\/wp-content\/uploads\/2024\/07\/IMG_9539-1200x800.jpg 1200w, https:\/\/ladunedupilat.com\/wp-content\/uploads\/2024\/07\/IMG_9539-1980x1320.jpg 1980w\" sizes=\"auto, (max-width: 1024px) 100vw, 1024px\" \/><\/figure>\n\n\n\n<figure class=\"wp-block-image size-large\"><img loading=\"lazy\" decoding=\"async\" width=\"1024\" height=\"683\" data-id=\"26290\" src=\"https:\/\/ladunedupilat.com\/wp-content\/uploads\/2024\/07\/IMG_9565-1024x683.jpg\" alt=\"-\" class=\"wp-image-26290\" srcset=\"https:\/\/ladunedupilat.com\/wp-content\/uploads\/2024\/07\/IMG_9565-1024x683.jpg 1024w, https:\/\/ladunedupilat.com\/wp-content\/uploads\/2024\/07\/IMG_9565-300x200.jpg 300w, https:\/\/ladunedupilat.com\/wp-content\/uploads\/2024\/07\/IMG_9565-768x512.jpg 768w, https:\/\/ladunedupilat.com\/wp-content\/uploads\/2024\/07\/IMG_9565-1536x1024.jpg 1536w, https:\/\/ladunedupilat.com\/wp-content\/uploads\/2024\/07\/IMG_9565-2048x1365.jpg 2048w, https:\/\/ladunedupilat.com\/wp-content\/uploads\/2024\/07\/IMG_9565-18x12.jpg 18w, https:\/\/ladunedupilat.com\/wp-content\/uploads\/2024\/07\/IMG_9565-1200x800.jpg 1200w, https:\/\/ladunedupilat.com\/wp-content\/uploads\/2024\/07\/IMG_9565-1980x1320.jpg 1980w\" sizes=\"auto, (max-width: 1024px) 100vw, 1024px\" \/><\/figure>\n\n\n\n<figure class=\"wp-block-image size-large\"><img loading=\"lazy\" decoding=\"async\" width=\"1024\" height=\"683\" data-id=\"26288\" src=\"https:\/\/ladunedupilat.com\/wp-content\/uploads\/2024\/07\/IMG_9675-1-1024x683.jpg\" alt=\"-\" class=\"wp-image-26288\" srcset=\"https:\/\/ladunedupilat.com\/wp-content\/uploads\/2024\/07\/IMG_9675-1-1024x683.jpg 1024w, https:\/\/ladunedupilat.com\/wp-content\/uploads\/2024\/07\/IMG_9675-1-300x200.jpg 300w, https:\/\/ladunedupilat.com\/wp-content\/uploads\/2024\/07\/IMG_9675-1-768x512.jpg 768w, https:\/\/ladunedupilat.com\/wp-content\/uploads\/2024\/07\/IMG_9675-1-1536x1024.jpg 1536w, https:\/\/ladunedupilat.com\/wp-content\/uploads\/2024\/07\/IMG_9675-1-2048x1365.jpg 2048w, https:\/\/ladunedupilat.com\/wp-content\/uploads\/2024\/07\/IMG_9675-1-18x12.jpg 18w, https:\/\/ladunedupilat.com\/wp-content\/uploads\/2024\/07\/IMG_9675-1-1200x800.jpg 1200w, https:\/\/ladunedupilat.com\/wp-content\/uploads\/2024\/07\/IMG_9675-1-1980x1320.jpg 1980w\" sizes=\"auto, (max-width: 1024px) 100vw, 1024px\" \/><\/figure>\n<\/figure>\n\n\n\n<p>La Escapada a la naturaleza sin coches de la Red de Grandes Sitios de Francia le da una idea de una ruta en bicicleta, a pie o en barco para descubrir el territorio del Gran Sitio de la Duna de Pilat de una manera diferente. .<\/p>\n\n\n\n<div class=\"wp-block-buttons is-layout-flex wp-block-buttons-is-layout-flex\">\n<div class=\"wp-block-button\"><a class=\"wp-block-button__link wp-element-button\" href=\"https:\/\/fr.calameo.com\/read\/000024421b2dffdf169da\" target=\"_blank\" rel=\"noreferrer noopener nofollow\">Descargo el folleto Nature Escapade Without Car<\/a><\/div>\n<\/div>\n<\/div><\/div>\n\n\n\n<div class=\"wp-block-getwid-tabs__nav-link\"><span class=\"wp-block-getwid-tabs__title-wrapper\"><a href=\"#\"><span class=\"wp-block-getwid-tabs__title\">En bus<\/span><\/a><\/span><\/div><div class=\"wp-block-getwid-tabs__tab-content-wrapper\"><div class=\"wp-block-getwid-tabs__tab-content\">\n<p><strong>Desde la estaci\u00f3n de Arcach\u00f3n:&nbsp;<\/strong><\/p>\n\n\n\n<p>Tome el autob\u00fas Ba\u00efa: <strong><a href=\"https:\/\/www.bus-baia.fr\/pdf\/l3.pdf\" rel=\"nofollow noopener\" target=\"_blank\">L\u00ednea 3<\/a><\/strong> direcci\u00f3n Plage de la Salie, bajarse en la parada Dune du Pilat (25 min).<\/p>\n\n\n\n<p><strong>Esta l\u00ednea opera todo el a\u00f1o (excepto domingos y festivos).<\/strong><\/p>\n\n\n\n<p>S\u00f3lo en julio y agosto, tome el <a href=\"https:\/\/www.bus-baia.fr\/pdf\/l101.pdf\" rel=\"nofollow noopener\" target=\"_blank\">l\u00ednea 101 expreso<\/a> para llegar a la Duna de Pilat desde la estaci\u00f3n de Arcachon o desde el mercado de La Teste-de-Buch.<\/p>\n\n\n\n<p>Paga tu PASS de 1 viaje a bordo o compra tus billetes electr\u00f3nicos en la web o en la aplicaci\u00f3n Ba\u00efa by Mybus.<\/p>\n\n\n\n<p>Informaci\u00f3n y planes sobre:&nbsp;<a href=\"https:\/\/www.bus-baia.fr\/\" rel=\"nofollow noopener\" target=\"_blank\">https:\/\/www.bus-baia.fr\/<\/a><\/p>\n\n\n\n<div class=\"wp-block-buttons is-layout-flex wp-block-buttons-is-layout-flex\">\n<div class=\"wp-block-button\"><a class=\"wp-block-button__link wp-element-button\" href=\"https:\/\/mobibarval.fr\/\" target=\"_blank\" rel=\"noreferrer noopener nofollow\">Me muevo en la cuenca de Arcachon<\/a><\/div>\n<\/div>\n<\/div><\/div>\n\n\n\n<div class=\"wp-block-getwid-tabs__nav-link\"><span class=\"wp-block-getwid-tabs__title-wrapper\"><a href=\"#\"><span class=\"wp-block-getwid-tabs__title\">En tren<\/span><\/a><\/span><\/div><div class=\"wp-block-getwid-tabs__tab-content-wrapper\"><div class=\"wp-block-getwid-tabs__tab-content\">\n<p><strong>Desde la estaci\u00f3n de Bordeaux Saint Jean:<\/strong><\/p>\n\n\n\n<p>Toma el TER <strong>l\u00ednea 41.2 U <\/strong>(25 viajes de ida y vuelta por d\u00eda) <strong>direcci\u00f3n Arcachon<\/strong>, b\u00e1jese en la terminal (50 min)<\/p>\n\n\n\n<div class=\"wp-block-buttons is-layout-flex wp-block-buttons-is-layout-flex\">\n<div class=\"wp-block-button\"><a class=\"wp-block-button__link wp-element-button\" href=\"https:\/\/www.ter.sncf.com\/nouvelle-aquitaine\/trajet-bordeaux-arcachon\" rel=\"nofollow noopener\" target=\"_blank\">Encuentro un tren<\/a><\/div>\n<\/div>\n<\/div><\/div>\n\n\n\n<div class=\"wp-block-getwid-tabs__nav-link\"><span class=\"wp-block-getwid-tabs__title-wrapper\"><a href=\"#\"><span class=\"wp-block-getwid-tabs__title\">Por avi\u00f3n<\/span><\/a><\/span><\/div><div class=\"wp-block-getwid-tabs__tab-content-wrapper\"><div class=\"wp-block-getwid-tabs__tab-content\">\n<p>Desde Par\u00eds, Marsella, Nantes, Londres, Madrid\u2026 \u00fanase al Bassin d&#039;Arcachon llegando al aeropuerto de Burdeos-M\u00e9rignac (a 45 min del Grand Site).<\/p>\n\n\n\n<p>Tomar el transbordador <a href=\"https:\/\/30direct.com\/\" rel=\"nofollow noopener\" target=\"_blank\">30&#039;DIRECTO<\/a> para llegar a la estaci\u00f3n de Bordeaux Saint Jean (45 min).<\/p>\n<\/div><\/div>\n\n\n\n<div class=\"wp-block-getwid-tabs__nav-link\"><span class=\"wp-block-getwid-tabs__title-wrapper\"><a href=\"#\"><span class=\"wp-block-getwid-tabs__title\">En barco<\/span><\/a><\/span><\/div><div class=\"wp-block-getwid-tabs__tab-content-wrapper\"><div class=\"wp-block-getwid-tabs__tab-content\">\n<p>Es posible llegar a la duna de Pilat por v\u00eda mar\u00edtima.&nbsp;<\/p>\n\n\n\n<p>Ya sea por sus propios medios o navegando con los servicios mar\u00edtimos disponibles en la Cuenca de Arcachon.&nbsp;<\/p>\n<\/div><\/div>\n\n\n\n<div class=\"wp-block-getwid-tabs__nav-link\"><span class=\"wp-block-getwid-tabs__title-wrapper\"><a href=\"#\"><span class=\"wp-block-getwid-tabs__title\">En coche<\/span><\/a><\/span><\/div><div class=\"wp-block-getwid-tabs__tab-content-wrapper\"><div class=\"wp-block-getwid-tabs__tab-content\">\n<p>La zona de recepci\u00f3n del Grand Site de la Dune du Pilat dispone de aparcamiento. <\/p>\n\n\n\n<p><strong>Los ingresos p\u00fablicos del estacionamiento se donan en su totalidad para la gesti\u00f3n del Gran Sitio: recolecci\u00f3n de residuos en \u00e1reas naturales, monitoreo naturalista, herramientas gratuitas de educaci\u00f3n ambiental, etc. Al pagar el estacionamiento, usted tambi\u00e9n est\u00e1 ayudando a preservarlo.<\/strong><\/p>\n\n\n\n<p><strong>Desde Burdeos:<\/strong><\/p>\n\n\n\n<p>Desde Burdeos, tome la autopista A630 y luego la A660 hacia Bassin d&#039;Arcachon \/ Biscarrosse, salida D259 hacia Dune du Pilat \/ Biscarrosse. Dir\u00edgete hacia el \u00e1rea de recepci\u00f3n de Dune (con estacionamiento).<\/p>\n\n\n\n<p><strong>Desde Par\u00eds, Lyon, Toulouse, Biarritz:<\/strong><\/p>\n\n\n\n<p>Desde Par\u00eds: A10 Par\u00eds \/ Burdeos (5h30)<br>Desde Lyon: A89 Lyon \/ Burdeos (5h20)<br>Desde Toulouse: A62 Toulouse \/ Burdeos (2h40)<br>Desde Biarritz: A63 Biarritz \/ A660 direcci\u00f3n Arcachon (1h50)<\/p>\n\n\n\n<div class=\"wp-block-buttons tw-mb-0 is-layout-flex wp-block-buttons-is-layout-flex\">\n<div class=\"wp-block-button\"><a class=\"wp-block-button__link wp-element-button\" href=\"https:\/\/ladunedupilat.com\/es\/preparacion\/tarifas-y-suscripciones\/\"><strong>Encuentro los precios del estacionamiento<\/strong><\/a><\/div>\n<\/div>\n\n\n\n<div class=\"wp-block-buttons tw-mt-0 is-layout-flex wp-block-buttons-is-layout-flex\">\n<div class=\"wp-block-button\"><a class=\"wp-block-button__link wp-element-button\" href=\"https:\/\/ladunedupilat.com\/es\/preparacion\/asistencia-en-vivo\/\"><strong>Consulto la herramienta de asistencia online&nbsp;<\/strong><\/a><\/div>\n<\/div>\n<\/div><\/div>\n\n\n\n<div class=\"wp-block-getwid-tabs__nav-link\"><span class=\"wp-block-getwid-tabs__title-wrapper\"><a href=\"#\"><span class=\"wp-block-getwid-tabs__title\">En autocaravana<\/span><\/a><\/span><\/div><div class=\"wp-block-getwid-tabs__tab-content-wrapper\"><div class=\"wp-block-getwid-tabs__tab-content\">\n<p>Durante el d\u00eda, el \u00e1rea de recepci\u00f3n del Grand Site de la Dune du Pilat tiene un estacionamiento para darle la bienvenida. <\/p>\n\n\n\n<p><strong>Los ingresos p\u00fablicos del estacionamiento se donan en su totalidad para la gesti\u00f3n del Gran Sitio: recolecci\u00f3n de residuos en \u00e1reas naturales, monitoreo naturalista, herramientas gratuitas de educaci\u00f3n ambiental, etc. Al pagar el estacionamiento, usted tambi\u00e9n est\u00e1 ayudando a preservarlo.<\/strong><\/p>\n\n\n\n<p><strong>Desde Burdeos:<\/strong><\/p>\n\n\n\n<p>Desde Burdeos, tome la autopista A630 y luego la A660 hacia Bassin d&#039;Arcachon \/ Biscarrosse, salida D259 hacia Dune du Pilat \/ Biscarrosse.&nbsp;<\/p>\n\n\n\n<p><strong>Desde Par\u00eds, Lyon, Toulouse, Biarritz:<\/strong><\/p>\n\n\n\n<p>Desde Par\u00eds: A10 Par\u00eds \/ Burdeos (5h30)<br>Desde Lyon: A89 Lyon \/ Burdeos (5h20)<br>Desde Toulouse: A62 Toulouse \/ Burdeos (2h40)<br>Desde Biarritz: A63 Biarritz \/ A660 direcci\u00f3n Arcachon (1h50)<\/p>\n\n\n\n<p><strong>Tenga en cuenta que en un sitio clasificado, el estacionamiento nocturno est\u00e1 prohibido. <\/strong><a href=\"https:\/\/bassin-arcachon.com\/ou-dormir\/aires-de-camping-cars\/\" rel=\"nofollow noopener\" target=\"_blank\"><strong>Consulto las \u00e1reas legales de autocaravanas<\/strong><\/a><\/p>\n\n\n\n<p><\/p>\n\n\n\n<div class=\"wp-block-buttons tw-mt-0 is-layout-flex wp-block-buttons-is-layout-flex\">\n<div class=\"wp-block-button\"><a class=\"wp-block-button__link wp-element-button\" href=\"https:\/\/ladunedupilat.com\/es\/preparacion\/tarifas-y-suscripciones\/\" target=\"_blank\" rel=\"noreferrer noopener\"><strong>Encuentro los precios del estacionamiento<\/strong><\/a><\/div>\n<\/div>\n\n\n\n<div class=\"wp-block-buttons is-layout-flex wp-block-buttons-is-layout-flex\">\n<div class=\"wp-block-button\"><a class=\"wp-block-button__link wp-element-button\">Consulto la herramienta de asistencia en vivo<\/a><\/div>\n<\/div>\n\n\n\n<p><\/p>\n<\/div><\/div>\n<\/div>\n<\/div>\n\n\n\n<div class=\"wp-block-uagb-column uagb-column__wrap uagb-column__background-undefined uagb-block-c070daae\"><div class=\"uagb-column__overlay\"><\/div>\n<p><\/p>\n<\/div>\n\n\n\n<div class=\"wp-block-uagb-column uagb-column__wrap uagb-column__background-color uagb-block-b0cabb98 venir-bg\"><div class=\"uagb-column__overlay\"><\/div>\n<h3 class=\"wp-block-heading tw-mt-0 has-blanc-color has-text-color\"><strong>INFORMACI\u00d3N PR\u00c1CTICA<\/strong><\/h3>\n\n\n\n<p class=\"has-blanc-color has-text-color\" style=\"font-size:16px;line-height:1.4\"><strong>Bus, bici, barco\u2026 y s\u00ed, \u00a1la duna de Pilat se puede visitar de otra forma!<\/strong><br><strong>\u00a1Deje sus autos atr\u00e1s y use otros medios para moverse!<\/strong><\/p>\n\n\n\n<p class=\"has-blanc-color has-text-color\" style=\"font-size:16px;line-height:1.4\">En la temporada de verano, durante la cual el tr\u00e1fico por carretera es denso, prefiera modos de transporte m\u00e1s suaves.<\/p>\n\n\n\n<hr class=\"wp-block-separator has-text-color has-subtle-background-color has-css-opacity has-subtle-background-background-color has-background tw-mb-3 tw-mt-2\"\/>\n\n\n\n<p class=\"has-blanc-color has-text-color\" style=\"font-size:16px;line-height:1.4\"><a href=\"https:\/\/www.calameo.com\/read\/00002442172196ce0017a\" target=\"_blank\" rel=\"noreferrer noopener nofollow\">Descargo la gu\u00eda pr\u00e1ctica<\/a> para moverse bien por la Cuenca de Arcachon!<\/p>\n\n\n\n<hr class=\"wp-block-separator has-text-color has-subtle-background-color has-css-opacity has-subtle-background-background-color has-background tw-mb-3 tw-mt-0\"\/>\n\n\n\n<p class=\"has-blanc-color has-text-color\" style=\"font-size:16px;line-height:1.4\">El acceso a la duna de Pilat es completamente gratuito si vienes en autob\u00fas, bicicleta oa pie.<\/p>\n\n\n\n<hr class=\"wp-block-separator has-text-color has-subtle-background-color has-css-opacity has-subtle-background-background-color has-background tw-mb-3 tw-mt-0\"\/>\n\n\n\n<p class=\"has-blanc-color has-text-color\" style=\"font-size:16px;line-height:1.4\">Para no afectar a las especies y sus h\u00e1bitats, pero tambi\u00e9n para garantizar la seguridad de todos, est\u00e1 prohibido aparcar a lo largo de la v\u00eda.<\/p>\n<\/div>\n<\/div><\/div>\n\n\n\n<div style=\"height:50px\" aria-hidden=\"true\" class=\"wp-block-spacer\"><\/div>","protected":false},"excerpt":{"rendered":"<p>Bus, bici, barco\u2026 y s\u00ed, \u00a1la duna de Pilat se puede visitar de otra forma! \u00a1Deje sus autos atr\u00e1s y use otros medios para moverse!<\/p>","protected":false},"author":8,"featured_media":26286,"parent":284,"menu_order":3,"comment_status":"closed","ping_status":"closed","template":"templates\/template-page-iti.php","meta":{"_acf_changed":false,"_uag_custom_page_level_css":"","footnotes":""},"class_list":["post-1305","page","type-page","status-publish","has-post-thumbnail","hentry"],"acf":[],"uagb_featured_image_src":{"full":["https:\/\/ladunedupilat.com\/wp-content\/uploads\/2024\/07\/IMG_9639-scaled.jpg",2560,1036,false],"thumbnail":["https:\/\/ladunedupilat.com\/wp-content\/uploads\/2024\/07\/IMG_9639-150x150.jpg",150,150,true],"medium":["https:\/\/ladunedupilat.com\/wp-content\/uploads\/2024\/07\/IMG_9639-300x121.jpg",300,121,true],"medium_large":["https:\/\/ladunedupilat.com\/wp-content\/uploads\/2024\/07\/IMG_9639-768x311.jpg",580,235,true],"large":["https:\/\/ladunedupilat.com\/wp-content\/uploads\/2024\/07\/IMG_9639-1024x414.jpg",580,234,true],"1536x1536":["https:\/\/ladunedupilat.com\/wp-content\/uploads\/2024\/07\/IMG_9639-1536x622.jpg",1536,622,true],"2048x2048":["https:\/\/ladunedupilat.com\/wp-content\/uploads\/2024\/07\/IMG_9639-2048x829.jpg",2048,829,true],"trp-custom-language-flag":["https:\/\/ladunedupilat.com\/wp-content\/uploads\/2024\/07\/IMG_9639-18x7.jpg",18,7,true],"post-thumbnail":["https:\/\/ladunedupilat.com\/wp-content\/uploads\/2024\/07\/IMG_9639-1200x486.jpg",1200,486,true],"twentytwenty-fullscreen":["https:\/\/ladunedupilat.com\/wp-content\/uploads\/2024\/07\/IMG_9639-1980x801.jpg",1980,801,true]},"uagb_author_info":{"display_name":"communication@ladunedupilat.com","author_link":"https:\/\/ladunedupilat.com\/es\/author\/communicationladunedupilat-com\/"},"uagb_comment_info":0,"uagb_excerpt":"Bus, v\u00e9lo, bateau... et oui, la dune du Pilat peut se visiter autrement ! Laissez vos voitures de c\u00f4t\u00e9 et employez d'autres moyens pour vous d\u00e9placer !","_links":{"self":[{"href":"https:\/\/ladunedupilat.com\/es\/wp-json\/wp\/v2\/pages\/1305","targetHints":{"allow":["GET"]}}],"collection":[{"href":"https:\/\/ladunedupilat.com\/es\/wp-json\/wp\/v2\/pages"}],"about":[{"href":"https:\/\/ladunedupilat.com\/es\/wp-json\/wp\/v2\/types\/page"}],"author":[{"embeddable":true,"href":"https:\/\/ladunedupilat.com\/es\/wp-json\/wp\/v2\/users\/8"}],"replies":[{"embeddable":true,"href":"https:\/\/ladunedupilat.com\/es\/wp-json\/wp\/v2\/comments?post=1305"}],"version-history":[{"count":12,"href":"https:\/\/ladunedupilat.com\/es\/wp-json\/wp\/v2\/pages\/1305\/revisions"}],"predecessor-version":[{"id":27285,"href":"https:\/\/ladunedupilat.com\/es\/wp-json\/wp\/v2\/pages\/1305\/revisions\/27285"}],"up":[{"embeddable":true,"href":"https:\/\/ladunedupilat.com\/es\/wp-json\/wp\/v2\/pages\/284"}],"wp:featuredmedia":[{"embeddable":true,"href":"https:\/\/ladunedupilat.com\/es\/wp-json\/wp\/v2\/media\/26286"}],"wp:attachment":[{"href":"https:\/\/ladunedupilat.com\/es\/wp-json\/wp\/v2\/media?parent=1305"}],"curies":[{"name":"gracias","href":"https:\/\/api.w.org\/{rel}","templated":true}]}}