{"id":1625,"date":"2021-05-19T14:00:46","date_gmt":"2021-05-19T12:00:46","guid":{"rendered":"https:\/\/ladunedupilat.com\/?page_id=1625"},"modified":"2026-02-25T16:03:54","modified_gmt":"2026-02-25T15:03:54","slug":"trabajos-de-practicas","status":"publish","type":"page","link":"https:\/\/ladunedupilat.com\/es\/emplois-stages\/","title":{"rendered":"<strong>Trabajos<\/strong> y pasant\u00edas"},"content":{"rendered":"<h2 class=\"wp-block-heading\" id=\"offres-d-emploi\"><strong>Ofertas<\/strong> trabajo<\/h2>\n\n\n\n<section class=\"wp-block-uagb-columns uagb-columns__wrap uagb-columns__background-none uagb-columns__stack-mobile uagb-columns__valign- uagb-columns__gap-10 alignwide uagb-block-4af6c40f uagb-columns__columns-3 uagb-columns__max_width-custom\"><div class=\"uagb-columns__overlay\"><\/div><div class=\"uagb-columns__inner-wrap uagb-columns__columns-3\">\n<div class=\"wp-block-uagb-column uagb-column__wrap uagb-column__background-undefined uagb-block-61fd92de\"><div class=\"uagb-column__overlay\"><\/div>\n<p>La Uni\u00f3n Mixta de la Grande Dune du Pilat contrata:<\/p>\n\n\n\n<ul class=\"wp-block-list\">\n<li>Un agente de recepci\u00f3n \u2013 turismo sostenible<\/li>\n<\/ul>\n\n\n\n<div class=\"wp-block-uagb-buttons uagb-buttons__outer-wrap uagb-btn__default-btn uagb-btn-tablet__default-btn uagb-btn-mobile__default-btn uagb-block-ce1c26a2\"><div class=\"uagb-buttons__wrap uagb-buttons-layout-wrap\">\n<div class=\"wp-block-uagb-buttons-child uagb-buttons__outer-wrap uagb-block-d3233595 wp-block-button\"><div class=\"uagb-button__wrapper\"><a class=\"uagb-buttons-repeater wp-block-button__link\" aria-label=\"\" href=\"https:\/\/ladunedupilat.com\/wp-content\/uploads\/2026\/02\/Offre_emploi_agent_accueil_2026.pdf\" rel=\"follow noopener\" target=\"_self\" role=\"button\"><div class=\"uagb-button__link\">DESCARGAR LA OFERTA DE EMPLEO<\/div><\/a><\/div><\/div>\n<\/div><\/div>\n<\/div>\n\n\n\n<div class=\"wp-block-uagb-column uagb-column__wrap uagb-column__background-undefined uagb-block-e35aa9d4\"><div class=\"uagb-column__overlay\"><\/div><\/div>\n\n\n\n<div class=\"wp-block-uagb-column uagb-column__wrap uagb-column__background-undefined uagb-block-7000070b\"><div class=\"uagb-column__overlay\"><\/div>\n<figure class=\"wp-block-image size-large tw-mb-0 tw-mt-0\"><img loading=\"lazy\" decoding=\"async\" width=\"1024\" height=\"683\" src=\"https:\/\/ladunedupilat.com\/wp-content\/uploads\/2024\/05\/Gestion-1024x683.jpg\" alt=\"-\" class=\"wp-image-26133\" srcset=\"https:\/\/ladunedupilat.com\/wp-content\/uploads\/2024\/05\/Gestion-1024x683.jpg 1024w, https:\/\/ladunedupilat.com\/wp-content\/uploads\/2024\/05\/Gestion-300x200.jpg 300w, https:\/\/ladunedupilat.com\/wp-content\/uploads\/2024\/05\/Gestion-768x512.jpg 768w, https:\/\/ladunedupilat.com\/wp-content\/uploads\/2024\/05\/Gestion-1536x1024.jpg 1536w, https:\/\/ladunedupilat.com\/wp-content\/uploads\/2024\/05\/Gestion-2048x1365.jpg 2048w, https:\/\/ladunedupilat.com\/wp-content\/uploads\/2024\/05\/Gestion-18x12.jpg 18w, https:\/\/ladunedupilat.com\/wp-content\/uploads\/2024\/05\/Gestion-1200x800.jpg 1200w, https:\/\/ladunedupilat.com\/wp-content\/uploads\/2024\/05\/Gestion-1980x1320.jpg 1980w\" sizes=\"auto, (max-width: 1024px) 100vw, 1024px\" \/><\/figure>\n<\/div>\n<\/div><\/section>\n\n\n\n<p><\/p>\n\n\n\n<p><strong>Sigue nuestras novedades para estar al d\u00eda de todas las ofertas de empleo para la temporada 2026.<\/strong><\/p>\n\n\n\n<h2 class=\"wp-block-heading\" id=\"offres-de-stages\"><strong>Ofertas<\/strong> pasant\u00edas<\/h2>\n\n\n\n<p>El Sindicato Mixto de la Gran Duna de Pilat y el Departamento de Gironda (Archivos Departamentales) est\u00e1n vinculados por un convenio de colaboraci\u00f3n renovado para el per\u00edodo 2026-2027 que pretende cubrir los objetivos siguientes:<\/p>\n\n\n\n<ul class=\"wp-block-list\">\n<li>La valorizaci\u00f3n de los documentos de archivo; ;<\/li>\n\n\n\n<li>Intercambios y puesta en com\u00fan de experiencias y conocimientos entre equipos de mediaci\u00f3n<br>de ambos socios; ;<\/li>\n\n\n\n<li>La contribuci\u00f3n de la experiencia de los Archivos Departamentales a la gesti\u00f3n de los archivos de la SMGDP; ;<\/li>\n\n\n\n<li>La provisi\u00f3n rec\u00edproca de espacios de trabajo y de espacios expositivos; ;<\/li>\n\n\n\n<li>Apoyo a la investigaci\u00f3n y preservaci\u00f3n de fuentes relacionadas con la historia de la<br>Duna de Pilat.<\/li>\n<\/ul>\n\n\n\n<p><strong>En este marco, el Sindicato Conjunto busca un estudiante de nivel M\u00e1ster 1 o 2 o universitario para realizar una pasant\u00eda remunerada en la clasificaci\u00f3n de la colecci\u00f3n Henri Ferradou conservada en los Archivos Departamentales de Gironda.<\/strong><\/p>\n\n\n\n<div class=\"wp-block-buttons is-layout-flex wp-block-buttons-is-layout-flex\">\n<div class=\"wp-block-button\"><a class=\"wp-block-button__link wp-element-button\" href=\"https:\/\/ladunedupilat.com\/wp-content\/uploads\/2025\/12\/SMGDP-AD33_Stage_160J_VD.pdf\">DESCARGAR LA OFERTA DE EMPLEO<\/a><\/div>\n<\/div>","protected":false},"excerpt":{"rendered":"<p>Cada verano se contratan agentes para reforzar los equipos del Punto de Recepci\u00f3n e Informaci\u00f3n Tur\u00edstica y del Estacionamiento (mediadores culturales y cient\u00edficos, agentes de recepci\u00f3n, agentes t\u00e9cnicos y polivalentes, agentes de mantenimiento).<\/p>","protected":false},"author":8,"featured_media":25346,"parent":0,"menu_order":50,"comment_status":"closed","ping_status":"closed","template":"templates\/template-full-width.php","meta":{"_acf_changed":false,"_uag_custom_page_level_css":"","footnotes":""},"class_list":["post-1625","page","type-page","status-publish","has-post-thumbnail","hentry"],"acf":[],"uagb_featured_image_src":{"full":["https:\/\/ladunedupilat.com\/wp-content\/uploads\/2023\/10\/IMG_8622-scaled-e1696250941793.jpg",2560,1058,false],"thumbnail":["https:\/\/ladunedupilat.com\/wp-content\/uploads\/2023\/10\/IMG_8622-scaled-e1696250941793-150x150.jpg",150,150,true],"medium":["https:\/\/ladunedupilat.com\/wp-content\/uploads\/2023\/10\/IMG_8622-scaled-e1696250941793-300x124.jpg",300,124,true],"medium_large":["https:\/\/ladunedupilat.com\/wp-content\/uploads\/2023\/10\/IMG_8622-scaled-e1696250941793-768x317.jpg",580,239,true],"large":["https:\/\/ladunedupilat.com\/wp-content\/uploads\/2023\/10\/IMG_8622-scaled-e1696250941793-1024x423.jpg",580,240,true],"1536x1536":["https:\/\/ladunedupilat.com\/wp-content\/uploads\/2023\/10\/IMG_8622-scaled-e1696250941793-1536x635.jpg",1536,635,true],"2048x2048":["https:\/\/ladunedupilat.com\/wp-content\/uploads\/2023\/10\/IMG_8622-scaled-e1696250941793-2048x846.jpg",2048,846,true],"trp-custom-language-flag":["https:\/\/ladunedupilat.com\/wp-content\/uploads\/2023\/10\/IMG_8622-scaled-e1696250941793-18x7.jpg",18,7,true],"post-thumbnail":["https:\/\/ladunedupilat.com\/wp-content\/uploads\/2023\/10\/IMG_8622-scaled-e1696250941793-1200x496.jpg",1200,496,true],"twentytwenty-fullscreen":["https:\/\/ladunedupilat.com\/wp-content\/uploads\/2023\/10\/IMG_8622-scaled-e1696250941793-1980x818.jpg",1980,818,true]},"uagb_author_info":{"display_name":"communication@ladunedupilat.com","author_link":"https:\/\/ladunedupilat.com\/es\/author\/communicationladunedupilat-com\/"},"uagb_comment_info":0,"uagb_excerpt":"Chaque \u00e9t\u00e9, des agents sont recrut\u00e9s pour renforcer les \u00e9quipes du Point accueil et informations touristiques et du Parc de stationnement (m\u00e9diateur.trice.s culturel et scientifique, agents d\u2019accueil, agents technique et polyvalent, agents d\u2019entretien).","_links":{"self":[{"href":"https:\/\/ladunedupilat.com\/es\/wp-json\/wp\/v2\/pages\/1625","targetHints":{"allow":["GET"]}}],"collection":[{"href":"https:\/\/ladunedupilat.com\/es\/wp-json\/wp\/v2\/pages"}],"about":[{"href":"https:\/\/ladunedupilat.com\/es\/wp-json\/wp\/v2\/types\/page"}],"author":[{"embeddable":true,"href":"https:\/\/ladunedupilat.com\/es\/wp-json\/wp\/v2\/users\/8"}],"replies":[{"embeddable":true,"href":"https:\/\/ladunedupilat.com\/es\/wp-json\/wp\/v2\/comments?post=1625"}],"version-history":[{"count":21,"href":"https:\/\/ladunedupilat.com\/es\/wp-json\/wp\/v2\/pages\/1625\/revisions"}],"predecessor-version":[{"id":27603,"href":"https:\/\/ladunedupilat.com\/es\/wp-json\/wp\/v2\/pages\/1625\/revisions\/27603"}],"wp:featuredmedia":[{"embeddable":true,"href":"https:\/\/ladunedupilat.com\/es\/wp-json\/wp\/v2\/media\/25346"}],"wp:attachment":[{"href":"https:\/\/ladunedupilat.com\/es\/wp-json\/wp\/v2\/media?parent=1625"}],"curies":[{"name":"gracias","href":"https:\/\/api.w.org\/{rel}","templated":true}]}}