{"id":197,"date":"2021-02-22T10:48:11","date_gmt":"2021-02-22T09:48:11","guid":{"rendered":"https:\/\/ladunedupilat.com\/?page_id=197"},"modified":"2025-01-28T17:45:02","modified_gmt":"2025-01-28T16:45:02","slug":"soy-un-visitante","status":"publish","type":"page","link":"https:\/\/ladunedupilat.com\/es\/je-suis-un-visiteur\/","title":{"rendered":"<strong>Yo soy\u2026 <\/strong>un visitante"},"content":{"rendered":"<div class=\"wp-block-group inter\"><div class=\"wp-block-group__inner-container is-layout-flow wp-block-group-is-layout-flow\">\n<div class=\"wp-block-getwid-image-box dunecard getwid-animation has-text-left has-mobile-layout-default has-mobile-alignment-default\" data-animation=\"zoomSmall\"><div class=\"wp-block-getwid-image-box__image-container is-position-top\"><a href=\"https:\/\/ladunedupilat.com\/es\/preparacion\/asistencia-en-vivo\/\" rel=\"\" class=\"wp-block-getwid-image-box__image-wrapper\"><img loading=\"lazy\" decoding=\"async\" width=\"270\" height=\"300\" src=\"https:\/\/ladunedupilat.com\/wp-content\/uploads\/2023\/11\/Frequentation-1-e1700565144844-270x300.jpg\" alt=\"-\" class=\"wp-block-getwid-image-box__image wp-image-25485\" srcset=\"https:\/\/ladunedupilat.com\/wp-content\/uploads\/2023\/11\/Frequentation-1-e1700565144844-270x300.jpg 270w, https:\/\/ladunedupilat.com\/wp-content\/uploads\/2023\/11\/Frequentation-1-e1700565144844-11x12.jpg 11w, https:\/\/ladunedupilat.com\/wp-content\/uploads\/2023\/11\/Frequentation-1-e1700565144844.jpg 360w\" sizes=\"auto, (max-width: 270px) 100vw, 270px\" \/><\/a><\/div><div class=\"wp-block-getwid-image-box__content\">\n<h3 class=\"wp-block-heading\">Asistencia en vivo<\/h3>\n\n\n\n<p><\/p>\n<\/div><\/div>\n\n\n\n<div class=\"wp-block-getwid-image-box dunecard getwid-animation has-text-left has-mobile-layout-default has-mobile-alignment-default\" data-animation=\"zoomSmall\"><div class=\"wp-block-getwid-image-box__image-container is-position-top\"><a href=\"https:\/\/ladunedupilat.com\/es\/preparacion\/consejos-de-visita\/\" class=\"wp-block-getwid-image-box__image-wrapper\"><img loading=\"lazy\" decoding=\"async\" width=\"252\" height=\"300\" src=\"https:\/\/ladunedupilat.com\/wp-content\/uploads\/2021\/05\/vignette-conseil-252x300.jpg\" alt=\"-\" class=\"wp-block-getwid-image-box__image wp-image-1818\" srcset=\"https:\/\/ladunedupilat.com\/wp-content\/uploads\/2021\/05\/vignette-conseil-252x300.jpg 252w, https:\/\/ladunedupilat.com\/wp-content\/uploads\/2021\/05\/vignette-conseil-10x12.jpg 10w, https:\/\/ladunedupilat.com\/wp-content\/uploads\/2021\/05\/vignette-conseil.jpg 336w\" sizes=\"auto, (max-width: 252px) 100vw, 252px\" \/><\/a><\/div><div class=\"wp-block-getwid-image-box__content\">\n<h3 class=\"wp-block-heading\">Consejos para visitas<\/h3>\n\n\n\n<p><\/p>\n<\/div><\/div>\n\n\n\n<div class=\"wp-block-getwid-image-box dunecard getwid-animation has-text-left has-mobile-layout-default has-mobile-alignment-default\" data-animation=\"zoomSmall\"><div class=\"wp-block-getwid-image-box__image-container is-position-top\"><a href=\"https:\/\/ladunedupilat.com\/es\/preparacion\/en-el-sitio\/\" class=\"wp-block-getwid-image-box__image-wrapper\"><img loading=\"lazy\" decoding=\"async\" width=\"267\" height=\"300\" src=\"https:\/\/ladunedupilat.com\/wp-content\/uploads\/2023\/11\/IMG_8260-scaled-1-e1700565923237-267x300.jpg\" alt=\"-\" class=\"wp-block-getwid-image-box__image wp-image-25492\" srcset=\"https:\/\/ladunedupilat.com\/wp-content\/uploads\/2023\/11\/IMG_8260-scaled-1-e1700565923237-267x300.jpg 267w, https:\/\/ladunedupilat.com\/wp-content\/uploads\/2023\/11\/IMG_8260-scaled-1-e1700565923237-911x1024.jpg 911w, https:\/\/ladunedupilat.com\/wp-content\/uploads\/2023\/11\/IMG_8260-scaled-1-e1700565923237-768x864.jpg 768w, https:\/\/ladunedupilat.com\/wp-content\/uploads\/2023\/11\/IMG_8260-scaled-1-e1700565923237-11x12.jpg 11w, https:\/\/ladunedupilat.com\/wp-content\/uploads\/2023\/11\/IMG_8260-scaled-1-e1700565923237.jpg 955w\" sizes=\"auto, (max-width: 267px) 100vw, 267px\" \/><\/a><\/div><div class=\"wp-block-getwid-image-box__content\">\n<h3 class=\"wp-block-heading\">En el sitio<\/h3>\n\n\n\n<p><\/p>\n<\/div><\/div>\n\n\n\n<div class=\"wp-block-getwid-image-box dunecard getwid-animation has-text-left has-mobile-layout-default has-mobile-alignment-default\" data-animation=\"zoomSmall\"><div class=\"wp-block-getwid-image-box__image-container is-position-top\"><a href=\"https:\/\/ladunedupilat.com\/es\/las-actividades\/\" class=\"wp-block-getwid-image-box__image-wrapper\"><img loading=\"lazy\" decoding=\"async\" width=\"252\" height=\"300\" src=\"https:\/\/ladunedupilat.com\/wp-content\/uploads\/2021\/05\/vignette-activites-252x300.jpg\" alt=\"-\" class=\"wp-block-getwid-image-box__image wp-image-1895\" srcset=\"https:\/\/ladunedupilat.com\/wp-content\/uploads\/2021\/05\/vignette-activites-252x300.jpg 252w, https:\/\/ladunedupilat.com\/wp-content\/uploads\/2021\/05\/vignette-activites-10x12.jpg 10w, https:\/\/ladunedupilat.com\/wp-content\/uploads\/2021\/05\/vignette-activites.jpg 336w\" sizes=\"auto, (max-width: 252px) 100vw, 252px\" \/><\/a><\/div><div class=\"wp-block-getwid-image-box__content\">\n<h3 class=\"wp-block-heading\">Las actividades<\/h3>\n\n\n\n<p><\/p>\n<\/div><\/div>\n\n\n\n<div class=\"wp-block-getwid-image-box dunecard getwid-animation has-text-left has-mobile-layout-default has-mobile-alignment-default\" data-animation=\"zoomSmall\"><div class=\"wp-block-getwid-image-box__image-container is-position-top\"><a href=\"https:\/\/ladunedupilat.com\/es\/preparacion\/accesibilidad-para-todos\/\" class=\"wp-block-getwid-image-box__image-wrapper\"><img loading=\"lazy\" decoding=\"async\" width=\"264\" height=\"300\" src=\"https:\/\/ladunedupilat.com\/wp-content\/uploads\/2025\/01\/Accessibilite-1-scaled-e1738082434375-264x300.jpg\" alt=\"-\" class=\"wp-block-getwid-image-box__image wp-image-26730\" srcset=\"https:\/\/ladunedupilat.com\/wp-content\/uploads\/2025\/01\/Accessibilite-1-scaled-e1738082434375-264x300.jpg 264w, https:\/\/ladunedupilat.com\/wp-content\/uploads\/2025\/01\/Accessibilite-1-scaled-e1738082434375-901x1024.jpg 901w, https:\/\/ladunedupilat.com\/wp-content\/uploads\/2025\/01\/Accessibilite-1-scaled-e1738082434375-768x873.jpg 768w, https:\/\/ladunedupilat.com\/wp-content\/uploads\/2025\/01\/Accessibilite-1-scaled-e1738082434375-1352x1536.jpg 1352w, https:\/\/ladunedupilat.com\/wp-content\/uploads\/2025\/01\/Accessibilite-1-scaled-e1738082434375-11x12.jpg 11w, https:\/\/ladunedupilat.com\/wp-content\/uploads\/2025\/01\/Accessibilite-1-scaled-e1738082434375-1200x1364.jpg 1200w, https:\/\/ladunedupilat.com\/wp-content\/uploads\/2025\/01\/Accessibilite-1-scaled-e1738082434375.jpg 1502w\" sizes=\"auto, (max-width: 264px) 100vw, 264px\" \/><\/a><\/div><div class=\"wp-block-getwid-image-box__content\">\n<h3 class=\"wp-block-heading\">Accesibilidad para todos<\/h3>\n\n\n\n<p><\/p>\n<\/div><\/div>\n\n\n\n<div class=\"wp-block-getwid-image-box dunecard getwid-animation has-text-left has-mobile-layout-default has-mobile-alignment-default\" data-animation=\"zoomSmall\"><div class=\"wp-block-getwid-image-box__image-container is-position-top\"><a href=\"https:\/\/ladunedupilat.com\/es\/yo-descubro\/voz-a-expertos\/\" class=\"wp-block-getwid-image-box__image-wrapper\"><img loading=\"lazy\" decoding=\"async\" width=\"252\" height=\"300\" src=\"https:\/\/ladunedupilat.com\/wp-content\/uploads\/2021\/05\/vignette-experts-252x300.jpg\" alt=\"-\" class=\"wp-block-getwid-image-box__image wp-image-1797\" srcset=\"https:\/\/ladunedupilat.com\/wp-content\/uploads\/2021\/05\/vignette-experts-252x300.jpg 252w, https:\/\/ladunedupilat.com\/wp-content\/uploads\/2021\/05\/vignette-experts-10x12.jpg 10w, https:\/\/ladunedupilat.com\/wp-content\/uploads\/2021\/05\/vignette-experts.jpg 336w\" sizes=\"auto, (max-width: 252px) 100vw, 252px\" \/><\/a><\/div><div class=\"wp-block-getwid-image-box__content\">\n<h3 class=\"wp-block-heading\">Palabra a los expertos<\/h3>\n\n\n\n<p><\/p>\n<\/div><\/div>\n\n\n\n<div class=\"wp-block-getwid-image-box dunecard getwid-animation has-text-left has-mobile-layout-default has-mobile-alignment-default\" data-animation=\"zoomSmall\"><div class=\"wp-block-getwid-image-box__image-container is-position-top\"><a href=\"https:\/\/ladunedupilat.com\/es\/yo-descubro\/documentaciones\/\" class=\"wp-block-getwid-image-box__image-wrapper\"><img loading=\"lazy\" decoding=\"async\" width=\"266\" height=\"300\" src=\"https:\/\/ladunedupilat.com\/wp-content\/uploads\/2023\/11\/IMG_8622-scaled-e1700565635919-266x300.jpg\" alt=\"-\" class=\"wp-block-getwid-image-box__image wp-image-25489\" srcset=\"https:\/\/ladunedupilat.com\/wp-content\/uploads\/2023\/11\/IMG_8622-scaled-e1700565635919-266x300.jpg 266w, https:\/\/ladunedupilat.com\/wp-content\/uploads\/2023\/11\/IMG_8622-scaled-e1700565635919-908x1024.jpg 908w, https:\/\/ladunedupilat.com\/wp-content\/uploads\/2023\/11\/IMG_8622-scaled-e1700565635919-768x866.jpg 768w, https:\/\/ladunedupilat.com\/wp-content\/uploads\/2023\/11\/IMG_8622-scaled-e1700565635919-11x12.jpg 11w, https:\/\/ladunedupilat.com\/wp-content\/uploads\/2023\/11\/IMG_8622-scaled-e1700565635919.jpg 1006w\" sizes=\"auto, (max-width: 266px) 100vw, 266px\" \/><\/a><\/div><div class=\"wp-block-getwid-image-box__content\">\n<h3 class=\"wp-block-heading\">Me documente<\/h3>\n\n\n\n<p><\/p>\n<\/div><\/div>\n\n\n\n<div class=\"wp-block-getwid-image-box dunecard getwid-animation has-text-left has-mobile-layout-default has-mobile-alignment-default\" data-animation=\"zoomSmall\"><div class=\"wp-block-getwid-image-box__image-container is-position-top\"><a href=\"https:\/\/ladunedupilat.com\/es\/yo-descubro\/proyectos-de-desarrollo\/\" rel=\"https:\/\/ladunedupilat.com\/je-decouvre\/lespace-daccueil\/\" class=\"wp-block-getwid-image-box__image-wrapper\"><img loading=\"lazy\" decoding=\"async\" width=\"252\" height=\"300\" src=\"https:\/\/ladunedupilat.com\/wp-content\/uploads\/2021\/05\/vignette-projets-252x300.jpg\" alt=\"-\" class=\"wp-block-getwid-image-box__image wp-image-1799\" srcset=\"https:\/\/ladunedupilat.com\/wp-content\/uploads\/2021\/05\/vignette-projets-252x300.jpg 252w, https:\/\/ladunedupilat.com\/wp-content\/uploads\/2021\/05\/vignette-projets-10x12.jpg 10w, https:\/\/ladunedupilat.com\/wp-content\/uploads\/2021\/05\/vignette-projets.jpg 336w\" sizes=\"auto, (max-width: 252px) 100vw, 252px\" \/><\/a><\/div><div class=\"wp-block-getwid-image-box__content\">\n<h3 class=\"wp-block-heading\">La zona de recepci\u00f3n ha tenido un lavado de cara<\/h3>\n\n\n\n<p><\/p>\n<\/div><\/div>\n<\/div><\/div>\n\n\n\n<p><\/p>","protected":false},"excerpt":{"rendered":"<p>Atenci\u00f3n en vivo, Consejos de visita, In situ, Actividades, Palabra a los expertos, Me documento, El \u00e1rea de recepci\u00f3n tiene un nuevo aspecto...<\/p>","protected":false},"author":8,"featured_media":1898,"parent":0,"menu_order":4,"comment_status":"closed","ping_status":"closed","template":"","meta":{"_acf_changed":false,"_uag_custom_page_level_css":"","footnotes":""},"class_list":["post-197","page","type-page","status-publish","has-post-thumbnail","hentry"],"acf":[],"uagb_featured_image_src":{"full":["https:\/\/ladunedupilat.com\/wp-content\/uploads\/2021\/05\/entete-visiteur-1.jpg",1600,800,false],"thumbnail":["https:\/\/ladunedupilat.com\/wp-content\/uploads\/2021\/05\/entete-visiteur-1-150x150.jpg",150,150,true],"medium":["https:\/\/ladunedupilat.com\/wp-content\/uploads\/2021\/05\/entete-visiteur-1-300x150.jpg",300,150,true],"medium_large":["https:\/\/ladunedupilat.com\/wp-content\/uploads\/2021\/05\/entete-visiteur-1-768x384.jpg",580,290,true],"large":["https:\/\/ladunedupilat.com\/wp-content\/uploads\/2021\/05\/entete-visiteur-1-1024x512.jpg",580,290,true],"1536x1536":["https:\/\/ladunedupilat.com\/wp-content\/uploads\/2021\/05\/entete-visiteur-1-1536x768.jpg",1536,768,true],"2048x2048":["https:\/\/ladunedupilat.com\/wp-content\/uploads\/2021\/05\/entete-visiteur-1.jpg",1600,800,false],"trp-custom-language-flag":["https:\/\/ladunedupilat.com\/wp-content\/uploads\/2021\/05\/entete-visiteur-1-16x8.jpg",16,8,true],"post-thumbnail":["https:\/\/ladunedupilat.com\/wp-content\/uploads\/2021\/05\/entete-visiteur-1-1200x600.jpg",1200,600,true],"twentytwenty-fullscreen":["https:\/\/ladunedupilat.com\/wp-content\/uploads\/2021\/05\/entete-visiteur-1.jpg",1600,800,false]},"uagb_author_info":{"display_name":"communication@ladunedupilat.com","author_link":"https:\/\/ladunedupilat.com\/es\/author\/communicationladunedupilat-com\/"},"uagb_comment_info":0,"uagb_excerpt":"Fr\u00e9quentation en direct, Conseils de visite, Sur place, Les activit\u00e9s, Parole aux experts, Je me documente, L'espace d'accueil fait peau neuve...","_links":{"self":[{"href":"https:\/\/ladunedupilat.com\/es\/wp-json\/wp\/v2\/pages\/197","targetHints":{"allow":["GET"]}}],"collection":[{"href":"https:\/\/ladunedupilat.com\/es\/wp-json\/wp\/v2\/pages"}],"about":[{"href":"https:\/\/ladunedupilat.com\/es\/wp-json\/wp\/v2\/types\/page"}],"author":[{"embeddable":true,"href":"https:\/\/ladunedupilat.com\/es\/wp-json\/wp\/v2\/users\/8"}],"replies":[{"embeddable":true,"href":"https:\/\/ladunedupilat.com\/es\/wp-json\/wp\/v2\/comments?post=197"}],"version-history":[{"count":8,"href":"https:\/\/ladunedupilat.com\/es\/wp-json\/wp\/v2\/pages\/197\/revisions"}],"predecessor-version":[{"id":27264,"href":"https:\/\/ladunedupilat.com\/es\/wp-json\/wp\/v2\/pages\/197\/revisions\/27264"}],"wp:featuredmedia":[{"embeddable":true,"href":"https:\/\/ladunedupilat.com\/es\/wp-json\/wp\/v2\/media\/1898"}],"wp:attachment":[{"href":"https:\/\/ladunedupilat.com\/es\/wp-json\/wp\/v2\/media?parent=197"}],"curies":[{"name":"gracias","href":"https:\/\/api.w.org\/{rel}","templated":true}]}}