{"id":254,"date":"2021-02-24T18:06:06","date_gmt":"2021-02-24T17:06:06","guid":{"rendered":"https:\/\/ladunedupilat.com\/?page_id=254"},"modified":"2026-04-30T11:00:20","modified_gmt":"2026-04-30T09:00:20","slug":"en-breve","status":"publish","type":"page","link":"https:\/\/ladunedupilat.com\/es\/je-decouvre\/grand-site\/","title":{"rendered":"El Gran Sitio"},"content":{"rendered":"<div class=\"wp-block-group alignfull hotspots\" style=\"padding-top:0px;padding-right:0px;padding-bottom:0px;padding-left:0px\"><div class=\"wp-block-group__inner-container is-layout-flow wp-block-group-is-layout-flow\">\n<figure class=\"wp-block-image alignfull size-large\"><img loading=\"lazy\" decoding=\"async\" width=\"1024\" height=\"681\" src=\"https:\/\/ladunedupilat.com\/wp-content\/uploads\/2023\/08\/Triptyque-le-Grand-Site-Web-3-1-1024x681.jpg\" alt=\"-\" class=\"wp-image-25196\" srcset=\"https:\/\/ladunedupilat.com\/wp-content\/uploads\/2023\/08\/Triptyque-le-Grand-Site-Web-3-1-1024x681.jpg 1024w, https:\/\/ladunedupilat.com\/wp-content\/uploads\/2023\/08\/Triptyque-le-Grand-Site-Web-3-1-300x200.jpg 300w, https:\/\/ladunedupilat.com\/wp-content\/uploads\/2023\/08\/Triptyque-le-Grand-Site-Web-3-1-768x511.jpg 768w, https:\/\/ladunedupilat.com\/wp-content\/uploads\/2023\/08\/Triptyque-le-Grand-Site-Web-3-1-1536x1022.jpg 1536w, https:\/\/ladunedupilat.com\/wp-content\/uploads\/2023\/08\/Triptyque-le-Grand-Site-Web-3-1-2048x1362.jpg 2048w, https:\/\/ladunedupilat.com\/wp-content\/uploads\/2023\/08\/Triptyque-le-Grand-Site-Web-3-1-18x12.jpg 18w, https:\/\/ladunedupilat.com\/wp-content\/uploads\/2023\/08\/Triptyque-le-Grand-Site-Web-3-1-1200x798.jpg 1200w, https:\/\/ladunedupilat.com\/wp-content\/uploads\/2023\/08\/Triptyque-le-Grand-Site-Web-3-1-1980x1317.jpg 1980w\" sizes=\"auto, (max-width: 1024px) 100vw, 1024px\" \/><\/figure>\n\n\n\n<div class=\"wp-block-group alignfull spots\"><div class=\"wp-block-group__inner-container is-layout-flow wp-block-group-is-layout-flow\">\n<h1 class=\"wp-block-heading has-text-align-center\"><strong>Un encuentro poderoso<\/strong><br>entre el bosque, la duna y el oc\u00e9ano<\/h1>\n\n\n\n<section class=\"wp-block-uagb-columns uagb-columns__wrap uagb-columns__background-none uagb-columns__stack-none uagb-columns__valign- uagb-columns__gap-0 alignfull uagb-block-1c60be00 uagb-columns__columns-3 uagb-columns__max_width-custom uag-hide-tab uag-hide-mob uag-hide-tab uag-hide-mob\"><div class=\"uagb-columns__overlay\"><\/div><div class=\"uagb-columns__inner-wrap uagb-columns__columns-3\">\n<div class=\"wp-block-uagb-column uagb-column__wrap uagb-column__background-undefined uagb-block-07b27657\"><div class=\"uagb-column__overlay\"><\/div><div class=\"wp-block-image p-transition-z3\">\n<figure class=\"alignright size-large is-resized\"><a href=\"https:\/\/ladunedupilat.com\/es\/yo-descubro\/en-breve\/la-dune-du-pilat\/\"><img loading=\"lazy\" decoding=\"async\" width=\"327\" height=\"260\" src=\"https:\/\/ladunedupilat.com\/wp-content\/uploads\/2021\/05\/duna.svg\" alt=\"La duna m\u00e1s alta de Europa\" class=\"wp-image-2068\" style=\"width:180px\"\/><\/a><\/figure>\n<\/div><\/div>\n\n\n\n<div class=\"wp-block-uagb-column uagb-column__wrap uagb-column__background-undefined uagb-block-e69cc5a9\"><div class=\"uagb-column__overlay\"><\/div><div class=\"wp-block-image p-transition-z3\">\n<figure class=\"aligncenter size-large is-resized\"><a href=\"https:\/\/ladunedupilat.com\/es\/yo-descubro\/en-breve\/el-bosque\/\"><img loading=\"lazy\" decoding=\"async\" width=\"194\" height=\"273\" src=\"https:\/\/ladunedupilat.com\/wp-content\/uploads\/2021\/05\/el-bosque.svg\" alt=\"-\" class=\"wp-image-2072\" style=\"width:120px\"><\/a><\/figure>\n<\/div><\/div>\n\n\n\n<div class=\"wp-block-uagb-column uagb-column__wrap uagb-column__background-undefined uagb-block-84b8f825\"><div class=\"uagb-column__overlay\"><\/div><div class=\"wp-block-image p-transition-z3\">\n<figure class=\"aligncenter size-large is-resized\"><a href=\"https:\/\/ladunedupilat.com\/es\/yo-descubro\/en-breve\/el-oceano\/\"><img loading=\"lazy\" decoding=\"async\" width=\"194\" height=\"227\" src=\"https:\/\/ladunedupilat.com\/wp-content\/uploads\/2021\/05\/el-oceano.svg\" alt=\"-\" class=\"wp-image-2073\" style=\"width:120px\"><\/a><\/figure>\n<\/div><\/div>\n<\/div><\/section>\n<\/div><\/div>\n<\/div><\/div>\n\n\n\n<div class=\"wp-block-buttons tw-mt-0 tw-md-hidden tw-sm-hidden uag-hide-desktop is-horizontal is-content-justification-center is-layout-flex wp-container-core-buttons-is-layout-03627597 wp-block-buttons-is-layout-flex\">\n<div class=\"wp-block-button\"><a class=\"wp-block-button__link wp-element-button\" href=\"https:\/\/ladunedupilat.com\/es\/yo-descubro\/en-breve\/el-bosque\/\">El bosque<\/a><\/div>\n\n\n\n<div class=\"wp-block-button\"><a class=\"wp-block-button__link wp-element-button\" href=\"https:\/\/ladunedupilat.com\/es\/yo-descubro\/en-breve\/la-dune-du-pilat\/\">Duna<\/a><\/div>\n\n\n\n<div class=\"wp-block-button\"><a class=\"wp-block-button__link wp-element-button\" href=\"https:\/\/ladunedupilat.com\/es\/yo-descubro\/en-breve\/el-oceano\/\">El oc\u00e9ano<\/a><\/div>\n<\/div>\n\n\n\n<p><strong>Bienvenidos al Gran Sitio de la Duna del Pilat, un \u00e1rea natural protegida de 6.875 hect\u00e1reas. <strong>Ubicado en la entrada de la Cuenca de Arcachon.<\/strong>, cuyo principal propietario es el Conservatoire du littoral, <\/strong><\/p>\n\n\n\n<figure class=\"wp-block-embed is-type-video is-provider-youtube wp-block-embed-youtube wp-embed-aspect-16-9 wp-has-aspect-ratio\"><div class=\"wp-block-embed__wrapper\">\n<iframe loading=\"lazy\" title=\"La Duna de Pilat durante todo el a\u00f1o\" width=\"580\" height=\"326\" src=\"https:\/\/www.youtube.com\/embed\/MZAs4ovbujY?feature=oembed\" frameborder=\"0\" allow=\"accelerometer; autoplay; clipboard-write; encrypted-media; gyroscope; picture-in-picture; web-share\" referrerpolicy=\"strict-origin-when-cross-origin\" allowfullscreen><\/iframe>\n<\/div><figcaption class=\"wp-element-caption\">Cr\u00e9ditos: Sindicato Mixto de la Gran Duna de Pilat <br>Cr\u00e9ditos de video e imagen: @Midiprod <br>Producci\u00f3n audiovisual: @Opixido, Maxime Morin y Magalie Fargeas<\/figcaption><\/figure>\n\n\n\n<p>Aut\u00e9ntico elemento caracter\u00edstico del litoral aquitano, la Duna de Pilat es un paraje natural cargado de exotismo y majestuosidad. <strong>101 metros de altura, 616 m de ancho y 2,9 km de largo<\/strong>, los <strong>duna m\u00e1s alta de Europa<\/strong> Ofrece un sorprendente contraste entre el bosque, la arena y el oc\u00e9ano. \u00bfPero sab\u00edas que este monumento est\u00e1 en constante evoluci\u00f3n? \u00a1La Duna del Pilat no puede quedarse quieta! Bajo la acci\u00f3n del viento, <strong>se mueve de 1 a 5 metros<\/strong> por a\u00f1o hacia el macizo forestal. Su evoluci\u00f3n es estudiada de cerca por los cient\u00edficos.<\/p>\n\n\n\n<h3 class=\"wp-block-heading\">Un sitio extraordinario que debe protegerse para las generaciones futuras<\/h3>\n\n\n\n<p>S\u00edmbolos del rico patrimonio natural de la cuenca de Arcachon, <strong>Estos fr\u00e1giles paisajes est\u00e1n protegidos por la ley.<\/strong>. <strong>los<\/strong> <strong>La Duna de Pilat y el bosque de usuarios de La Teste-de-Buch est\u00e1n clasificados<\/strong> en la lista departamental de monumentos y sitios naturales (bajo el <strong>C\u00f3digo Ambiental<\/strong>). La implementaci\u00f3n de esta legislaci\u00f3n es responsabilidad del Estado y sus servicios descentralizados (Direcci\u00f3n Regional de Medio Ambiente, Planificaci\u00f3n y Vivienda).<\/p>\n\n\n\n<p><\/p>\n\n\n\n<div class=\"wp-block-buttons is-layout-flex wp-block-buttons-is-layout-flex\">\n<div class=\"wp-block-button\"><a class=\"wp-block-button__link wp-element-button\" href=\"https:\/\/ladunedupilat.com\/es\/yo-descubro\/mision-union-mixta\/\">M\u00e1s informaci\u00f3n: Problemas de protecci\u00f3n<\/a><\/div>\n<\/div>\n\n\n\n<div style=\"height:47px\" aria-hidden=\"true\" class=\"wp-block-spacer\"><\/div>\n\n\n\n<section class=\"wp-block-uagb-columns uagb-columns__wrap uagb-columns__background-none uagb-columns__stack-mobile uagb-columns__valign- uagb-columns__gap-10 align uagb-block-82e45058 uagb-columns__columns-1 uagb-columns__max_width-custom chapo\"><div class=\"uagb-columns__overlay\"><\/div><div class=\"uagb-columns__inner-wrap uagb-columns__columns-1\">\n<div class=\"wp-block-uagb-column uagb-column__wrap uagb-column__background-undefined uagb-block-d299216b\"><div class=\"uagb-column__overlay\"><\/div>\n<h2 class=\"wp-block-heading has-text-align-center\">Nada m\u00e1s que arena, agua transparente, bosques de pinos, caba\u00f1as de madera<br>(Jean Hugo, bisnieto de Victor Hugo)<\/h2>\n<\/div>\n<\/div><\/section>","protected":false},"excerpt":{"rendered":"<p>Un encuentro poderoso entre el bosque, la duna y el oc\u00e9ano<\/p>","protected":false},"author":8,"featured_media":0,"parent":280,"menu_order":0,"comment_status":"closed","ping_status":"closed","template":"","meta":{"_acf_changed":false,"_uag_custom_page_level_css":"","footnotes":""},"class_list":["post-254","page","type-page","status-publish","hentry"],"acf":[],"uagb_featured_image_src":{"full":false,"thumbnail":false,"medium":false,"medium_large":false,"large":false,"1536x1536":false,"2048x2048":false,"trp-custom-language-flag":false,"post-thumbnail":false,"twentytwenty-fullscreen":false},"uagb_author_info":{"display_name":"communication@ladunedupilat.com","author_link":"https:\/\/ladunedupilat.com\/es\/author\/communicationladunedupilat-com\/"},"uagb_comment_info":0,"uagb_excerpt":"Une rencontre puissante entre la for\u00eat, la dune et l\u2019oc\u00e9an","_links":{"self":[{"href":"https:\/\/ladunedupilat.com\/es\/wp-json\/wp\/v2\/pages\/254","targetHints":{"allow":["GET"]}}],"collection":[{"href":"https:\/\/ladunedupilat.com\/es\/wp-json\/wp\/v2\/pages"}],"about":[{"href":"https:\/\/ladunedupilat.com\/es\/wp-json\/wp\/v2\/types\/page"}],"author":[{"embeddable":true,"href":"https:\/\/ladunedupilat.com\/es\/wp-json\/wp\/v2\/users\/8"}],"replies":[{"embeddable":true,"href":"https:\/\/ladunedupilat.com\/es\/wp-json\/wp\/v2\/comments?post=254"}],"version-history":[{"count":6,"href":"https:\/\/ladunedupilat.com\/es\/wp-json\/wp\/v2\/pages\/254\/revisions"}],"predecessor-version":[{"id":27711,"href":"https:\/\/ladunedupilat.com\/es\/wp-json\/wp\/v2\/pages\/254\/revisions\/27711"}],"up":[{"embeddable":true,"href":"https:\/\/ladunedupilat.com\/es\/wp-json\/wp\/v2\/pages\/280"}],"wp:attachment":[{"href":"https:\/\/ladunedupilat.com\/es\/wp-json\/wp\/v2\/media?parent=254"}],"curies":[{"name":"gracias","href":"https:\/\/api.w.org\/{rel}","templated":true}]}}