{"id":26015,"date":"2024-05-21T15:46:50","date_gmt":"2024-05-21T13:46:50","guid":{"rendered":"https:\/\/ladunedupilat.com\/?page_id=26015"},"modified":"2024-05-31T10:18:15","modified_gmt":"2024-05-31T08:18:15","slug":"restauracion-y-tiendas-culturales","status":"publish","type":"page","link":"https:\/\/ladunedupilat.com\/es\/restauration-et-boutiques-culturelles\/","title":{"rendered":"Restauraci\u00f3n y comercios culturales."},"content":{"rendered":"<p><\/p>\n\n\n\n<p><strong>A trav\u00e9s de su presencia y actividad diaria en el Gran Sitio de la Duna de Pilat, \u201cellos\u201d y \u201cellos\u201d participan en la acogida y el descubrimiento sensible de este emblem\u00e1tico monumento natural.<\/strong><\/p>\n\n\n\n<p><strong>Tras una convocatoria de candidaturas, ocho ocupantes del dominio p\u00fablico iniciaron su actividad dentro del pueblo de caba\u00f1as reclasificadas en 2023, con servicios y productos locales, reflejando la dimensi\u00f3n medioambiental del Gran Sitio.<\/strong><\/p>\n\n\n\n<p><strong>Descubra sus retratos a continuaci\u00f3n.<\/strong><\/p>\n\n\n\n<div class=\"wp-block-uagb-container uagb-layout-flex uagb-block-70b6acf3 alignfull uagb-is-root-container\"><div class=\"uagb-container-inner-blocks-wrap\">\n<div class=\"wp-block-uagb-container uagb-block-d5ca6d94\">\n<div class=\"wp-block-uagb-image aligncenter uagb-block-9662c1df wp-block-uagb-image--layout-overlay wp-block-uagb-image--effect-zoomin wp-block-uagb-image--align-center\"><figure class=\"wp-block-uagb-image__figure\"><a class=\"\" href=\"https:\/\/ladunedupilat.com\/es\/catering-y-comida-para-llevar\/\" target=\"\" rel=\"noopener\"><img decoding=\"async\" srcset=\"https:\/\/ladunedupilat.com\/wp-content\/uploads\/2024\/05\/Restauration-1024x1024.jpg ,https:\/\/ladunedupilat.com\/wp-content\/uploads\/2024\/05\/Restauration.jpg 780w, https:\/\/ladunedupilat.com\/wp-content\/uploads\/2024\/05\/Restauration.jpg 360w\" sizes=\"auto, (max-width: 480px) 150px\" src=\"https:\/\/ladunedupilat.com\/wp-content\/uploads\/2024\/05\/Restauration-1024x1024.jpg\" alt=\"catering y comida para llevar\" class=\"uag-image-26025\" width=\"250\" height=\"250\" title=\"catering y comida para llevar\" loading=\"lazy\" role=\"img\"\/><\/a><div class=\"wp-block-uagb-image--layout-overlay__color-wrapper\"><\/div><div class=\"wp-block-uagb-image--layout-overlay__inner center-center\"><a class=\"wp-block-uagb-image--layout-overlay-link\" href=\"https:\/\/ladunedupilat.com\/es\/catering-y-comida-para-llevar\/\" target=\"\" rel=\"noopener\"><\/a><h3 class=\"uagb-image-heading\"><strong>Restauracion<br>&amp;<br>Llevar<\/strong><\/h3><figcaption class=\"uagb-image-caption\">Descubrir<\/figcaption><\/div><\/figure><\/div>\n<\/div>\n\n\n\n<div class=\"wp-block-uagb-container uagb-block-b21207df\">\n<div class=\"wp-block-uagb-image aligncenter uagb-block-c8840c69 wp-block-uagb-image--layout-overlay wp-block-uagb-image--effect-zoomin wp-block-uagb-image--align-center\"><figure class=\"wp-block-uagb-image__figure\"><a class=\"\" href=\"https:\/\/ladunedupilat.com\/es\/?page_id=26021\" target=\"\" rel=\"noopener\"><img decoding=\"async\" srcset=\"https:\/\/ladunedupilat.com\/wp-content\/uploads\/2024\/05\/boutiques-1-985x1024.jpg ,https:\/\/ladunedupilat.com\/wp-content\/uploads\/2024\/05\/boutiques-1.jpg 780w, https:\/\/ladunedupilat.com\/wp-content\/uploads\/2024\/05\/boutiques-1.jpg 360w\" sizes=\"auto, (max-width: 480px) 150px\" src=\"https:\/\/ladunedupilat.com\/wp-content\/uploads\/2024\/05\/boutiques-1-985x1024.jpg\" alt=\"-\" class=\"uag-image-26152\" width=\"250\" height=\"250\" title=\"\" loading=\"lazy\" role=\"presentation\"><\/a><div class=\"wp-block-uagb-image--layout-overlay__color-wrapper\"><\/div><div class=\"wp-block-uagb-image--layout-overlay__inner center-center\"><a class=\"wp-block-uagb-image--layout-overlay-link\" href=\"https:\/\/ladunedupilat.com\/es\/?page_id=26021\" target=\"\" rel=\"noopener\"><\/a><h3 class=\"uagb-image-heading\"><strong>Tiendas<br>cultural<\/strong><\/h3><figcaption class=\"uagb-image-caption\">Descubrir<\/figcaption><\/div><\/figure><\/div>\n<\/div>\n<\/div><\/div>","protected":false},"excerpt":{"rendered":"<p>A trav\u00e9s de su presencia y actividad diaria en el Gran Sitio de la Duna de Pilat, \u201cellos\u201d y \u201cellos\u201d participan\u2026<\/p>","protected":false},"author":8,"featured_media":26099,"parent":0,"menu_order":0,"comment_status":"closed","ping_status":"closed","template":"","meta":{"_acf_changed":false,"_uag_custom_page_level_css":"","footnotes":""},"class_list":["post-26015","page","type-page","status-publish","has-post-thumbnail","hentry"],"acf":[],"uagb_featured_image_src":{"full":["https:\/\/ladunedupilat.com\/wp-content\/uploads\/2024\/05\/IMG_9233-scaled.jpg",2560,1707,false],"thumbnail":["https:\/\/ladunedupilat.com\/wp-content\/uploads\/2024\/05\/IMG_9233-150x150.jpg",150,150,true],"medium":["https:\/\/ladunedupilat.com\/wp-content\/uploads\/2024\/05\/IMG_9233-300x200.jpg",300,200,true],"medium_large":["https:\/\/ladunedupilat.com\/wp-content\/uploads\/2024\/05\/IMG_9233-768x512.jpg",580,387,true],"large":["https:\/\/ladunedupilat.com\/wp-content\/uploads\/2024\/05\/IMG_9233-1024x683.jpg",580,387,true],"1536x1536":["https:\/\/ladunedupilat.com\/wp-content\/uploads\/2024\/05\/IMG_9233-1536x1024.jpg",1536,1024,true],"2048x2048":["https:\/\/ladunedupilat.com\/wp-content\/uploads\/2024\/05\/IMG_9233-2048x1365.jpg",2048,1365,true],"trp-custom-language-flag":["https:\/\/ladunedupilat.com\/wp-content\/uploads\/2024\/05\/IMG_9233-18x12.jpg",18,12,true],"post-thumbnail":["https:\/\/ladunedupilat.com\/wp-content\/uploads\/2024\/05\/IMG_9233-1200x800.jpg",1200,800,true],"twentytwenty-fullscreen":["https:\/\/ladunedupilat.com\/wp-content\/uploads\/2024\/05\/IMG_9233-1980x1320.jpg",1980,1320,true]},"uagb_author_info":{"display_name":"communication@ladunedupilat.com","author_link":"https:\/\/ladunedupilat.com\/es\/author\/communicationladunedupilat-com\/"},"uagb_comment_info":0,"uagb_excerpt":"Par leur pr\u00e9sence et leur activit\u00e9 quotidienne sur le Grand Site de la Dune du Pilat, \u00ab&nbsp;ils&nbsp;\u00bb et \u00ab&nbsp;elles&nbsp;\u00bb participent&hellip;","_links":{"self":[{"href":"https:\/\/ladunedupilat.com\/es\/wp-json\/wp\/v2\/pages\/26015","targetHints":{"allow":["GET"]}}],"collection":[{"href":"https:\/\/ladunedupilat.com\/es\/wp-json\/wp\/v2\/pages"}],"about":[{"href":"https:\/\/ladunedupilat.com\/es\/wp-json\/wp\/v2\/types\/page"}],"author":[{"embeddable":true,"href":"https:\/\/ladunedupilat.com\/es\/wp-json\/wp\/v2\/users\/8"}],"replies":[{"embeddable":true,"href":"https:\/\/ladunedupilat.com\/es\/wp-json\/wp\/v2\/comments?post=26015"}],"version-history":[{"count":64,"href":"https:\/\/ladunedupilat.com\/es\/wp-json\/wp\/v2\/pages\/26015\/revisions"}],"predecessor-version":[{"id":26154,"href":"https:\/\/ladunedupilat.com\/es\/wp-json\/wp\/v2\/pages\/26015\/revisions\/26154"}],"wp:featuredmedia":[{"embeddable":true,"href":"https:\/\/ladunedupilat.com\/es\/wp-json\/wp\/v2\/media\/26099"}],"wp:attachment":[{"href":"https:\/\/ladunedupilat.com\/es\/wp-json\/wp\/v2\/media?parent=26015"}],"curies":[{"name":"gracias","href":"https:\/\/api.w.org\/{rel}","templated":true}]}}