{"id":26021,"date":"2024-05-21T15:57:30","date_gmt":"2024-05-21T13:57:30","guid":{"rendered":"https:\/\/ladunedupilat.com\/?page_id=26021"},"modified":"2024-07-16T11:12:15","modified_gmt":"2024-07-16T09:12:15","slug":"tiendas-culturales","status":"publish","type":"page","link":"https:\/\/ladunedupilat.com\/es\/restauration-et-vente-a-emporter\/boutiques-culturelles\/","title":{"rendered":"Tiendas culturales\u00a0"},"content":{"rendered":"<p class=\"has-text-align-left\"><strong>Ocho tiendas est\u00e1n presentes en el sitio, incluidas dos tiendas culturales, dedicadas a productos de artesan\u00eda local.<\/strong><\/p>\n\n\n\n<h2 class=\"wp-block-heading\"><strong>LA CESTA DEL CUENCO<\/strong><\/h2>\n\n\n\n<div class=\"wp-block-media-text is-stacked-on-mobile\"><figure class=\"wp-block-media-text__media\"><img loading=\"lazy\" decoding=\"async\" width=\"834\" height=\"1024\" src=\"https:\/\/ladunedupilat.com\/wp-content\/uploads\/2024\/07\/Panier_Bassin-834x1024.jpg\" alt=\"-\" class=\"wp-image-26272 size-full\" srcset=\"https:\/\/ladunedupilat.com\/wp-content\/uploads\/2024\/07\/Panier_Bassin-834x1024.jpg 834w, https:\/\/ladunedupilat.com\/wp-content\/uploads\/2024\/07\/Panier_Bassin-244x300.jpg 244w, https:\/\/ladunedupilat.com\/wp-content\/uploads\/2024\/07\/Panier_Bassin-768x943.jpg 768w, https:\/\/ladunedupilat.com\/wp-content\/uploads\/2024\/07\/Panier_Bassin-1251x1536.jpg 1251w, https:\/\/ladunedupilat.com\/wp-content\/uploads\/2024\/07\/Panier_Bassin-1668x2048.jpg 1668w, https:\/\/ladunedupilat.com\/wp-content\/uploads\/2024\/07\/Panier_Bassin-10x12.jpg 10w, https:\/\/ladunedupilat.com\/wp-content\/uploads\/2024\/07\/Panier_Bassin-1200x1474.jpg 1200w, https:\/\/ladunedupilat.com\/wp-content\/uploads\/2024\/07\/Panier_Bassin-1980x2431.jpg 1980w\" sizes=\"auto, (max-width: 834px) 100vw, 834px\" \/><\/figure><div class=\"wp-block-media-text__content\">\n<p><strong><strong>Le Panier du Bassin ofrece, adem\u00e1s de sus famosas galletas de mantequilla, carteles, postales, objetos de madera (imanes, juegos, juguetes, souvenirs), joyas de osrealita (conchas de ostras rotas) y moneda de Par\u00eds (edici\u00f3n especial 2024).<\/strong><\/strong><\/p>\n\n\n\n<p><strong>\u00bfQu\u00e9 significa para usted Dune y tener una boutique cultural en el lugar?<\/strong><\/p>\n\n\n\n<p>Julie CAUNES, empleada. \u201c\u00a0<em>Debe ser a imagen del medio ambiente. Ofrece algo artesanal y respetuoso con el medio ambiente. Tambi\u00e9n est\u00e9 a la altura de la riqueza que se puede encontrar en la Cuenca.<\/em><\/p>\n\n\n\n<p><strong>\u00bfTu mejor recuerdo aqu\u00ed?<\/strong><\/p>\n\n\n\n<p><em>Atardecer. Poder estar cerca de otras personas. Vea la maravilla en los dem\u00e1s, sin importar la edad. Me pasa lo mismo cuando trabajo en la recepci\u00f3n, puedo leer esta maravilla en las caras.<\/em><\/p>\n\n\n\n<p><strong>\u00bfAlg\u00fan consejo para visitar?<\/strong><\/p>\n\n\n\n<p><em>Ven dos veces. Una vez por la ma\u00f1ana, muy temprano. Y otra vez al atardecer. Son dos energ\u00edas totalmente diferentes.<\/em><\/p>\n<\/div><\/div>\n\n\n\n<div class=\"wp-block-media-text has-media-on-the-right is-stacked-on-mobile\"><div class=\"wp-block-media-text__content\">\n<p><strong>\u00bfC\u00f3mo se promociona el sitio?<\/strong><\/p>\n\n\n\n<p><em>Visitando consejos enfocados al respeto al medio ambiente con residuos, bolsas. Tambi\u00e9n aconsejo a los visitantes que no duden en aislarse, en abrir los sentidos, en interesarse por la historia del lugar, de la Cuenca. As\u00ed entendemos hacia d\u00f3nde vamos y c\u00f3mo medimos el valor de las cosas. El objetivo de todo esto es salir con el coraz\u00f3n enriquecido. Soy muy sensible a la transmisi\u00f3n, y no s\u00f3lo a algo material.<\/em><\/p>\n\n\n\n<p><strong>\u00bfQu\u00e9 te hizo querer trabajar en este sitio?<\/strong><\/p>\n\n\n\n<p><em>El hecho de integrarse en una din\u00e1mica para promover una historia, un saber hacer. Nos estamos consolidando en un lugar que tambi\u00e9n tiene futuro. La Duna se mueve y nosotros nos movemos con ella.<\/em><\/p>\n\n\n\n<p><strong>\u00bfUna palabra para describir la Duna?<\/strong><\/p>\n\n\n\n<h5 class=\"wp-block-heading\"><em>Magia. The Dune es tan ex\u00f3tico, tan cambiante. Sub\u00ed a la cima por primera vez cuando ten\u00eda 12 a\u00f1os y desde entonces he regresado en cada momento clave de mi vida. Tengo una historia especial con Dune\u201d.<\/em><\/h5>\n<\/div><figure class=\"wp-block-media-text__media\"><img loading=\"lazy\" decoding=\"async\" width=\"783\" height=\"1024\" src=\"https:\/\/ladunedupilat.com\/wp-content\/uploads\/2024\/07\/Panier_Bassin_produits-783x1024.jpg\" alt=\"-\" class=\"wp-image-26273 size-full\" srcset=\"https:\/\/ladunedupilat.com\/wp-content\/uploads\/2024\/07\/Panier_Bassin_produits-783x1024.jpg 783w, https:\/\/ladunedupilat.com\/wp-content\/uploads\/2024\/07\/Panier_Bassin_produits-230x300.jpg 230w, https:\/\/ladunedupilat.com\/wp-content\/uploads\/2024\/07\/Panier_Bassin_produits-768x1004.jpg 768w, https:\/\/ladunedupilat.com\/wp-content\/uploads\/2024\/07\/Panier_Bassin_produits-1175x1536.jpg 1175w, https:\/\/ladunedupilat.com\/wp-content\/uploads\/2024\/07\/Panier_Bassin_produits-1567x2048.jpg 1567w, https:\/\/ladunedupilat.com\/wp-content\/uploads\/2024\/07\/Panier_Bassin_produits-9x12.jpg 9w, https:\/\/ladunedupilat.com\/wp-content\/uploads\/2024\/07\/Panier_Bassin_produits-1200x1568.jpg 1200w, https:\/\/ladunedupilat.com\/wp-content\/uploads\/2024\/07\/Panier_Bassin_produits-1980x2588.jpg 1980w, https:\/\/ladunedupilat.com\/wp-content\/uploads\/2024\/07\/Panier_Bassin_produits-scaled.jpg 1959w\" sizes=\"auto, (max-width: 783px) 100vw, 783px\" \/><\/figure><\/div>\n\n\n\n<h2 class=\"wp-block-heading\"><strong>LOS SENTIDOS DE LA DUNA<\/strong><\/h2>\n\n\n\n<div class=\"wp-block-media-text is-stacked-on-mobile\"><figure class=\"wp-block-media-text__media\"><img loading=\"lazy\" decoding=\"async\" width=\"706\" height=\"1024\" src=\"https:\/\/ladunedupilat.com\/wp-content\/uploads\/2024\/06\/Les_sens_de_la_dune-706x1024.jpg\" alt=\"-\" class=\"wp-image-26184 size-full\" srcset=\"https:\/\/ladunedupilat.com\/wp-content\/uploads\/2024\/06\/Les_sens_de_la_dune-706x1024.jpg 706w, https:\/\/ladunedupilat.com\/wp-content\/uploads\/2024\/06\/Les_sens_de_la_dune-207x300.jpg 207w, https:\/\/ladunedupilat.com\/wp-content\/uploads\/2024\/06\/Les_sens_de_la_dune-768x1114.jpg 768w, https:\/\/ladunedupilat.com\/wp-content\/uploads\/2024\/06\/Les_sens_de_la_dune-1059x1536.jpg 1059w, https:\/\/ladunedupilat.com\/wp-content\/uploads\/2024\/06\/Les_sens_de_la_dune-1411x2048.jpg 1411w, https:\/\/ladunedupilat.com\/wp-content\/uploads\/2024\/06\/Les_sens_de_la_dune-8x12.jpg 8w, https:\/\/ladunedupilat.com\/wp-content\/uploads\/2024\/06\/Les_sens_de_la_dune-1200x1741.jpg 1200w, https:\/\/ladunedupilat.com\/wp-content\/uploads\/2024\/06\/Les_sens_de_la_dune-1980x2873.jpg 1980w, https:\/\/ladunedupilat.com\/wp-content\/uploads\/2024\/06\/Les_sens_de_la_dune-scaled.jpg 1764w\" sizes=\"auto, (max-width: 706px) 100vw, 706px\" \/><\/figure><div class=\"wp-block-media-text__content\">\n<p><strong><strong>La tienda ofrece imaginer\u00eda en diversas formas (carteles, marcos, etc.), libros, \u00e1lbumes sobre la Cuenca, objetos de madera y velas con aceites esenciales de pino mar\u00edtimo. Se trata de productos locales (no m\u00e1s all\u00e1 de Burdeos) y hechos a mano.<\/strong><\/strong><\/p>\n\n\n\n<p><strong>\u00bfQu\u00e9 significa para usted Dune y tener una boutique cultural en el lugar?<\/strong><\/p>\n\n\n\n<p>Julie NOUGUEYREAU, gerente y su hija, Paloma FAJARNES. \u201c\u00a0<em>Somos de la regi\u00f3n as\u00ed que es simb\u00f3lico. Siempre hemos conocido la Duna. Si alguien me hubiera dicho hace varios a\u00f1os que tendr\u00eda una tienda aqu\u00ed, ciertamente no lo habr\u00eda cre\u00eddo. Estamos muy contentos de estar en este entorno.<\/em><\/p>\n\n\n\n<p><strong>\u00bfTu mejor recuerdo aqu\u00ed?<\/strong><\/p>\n\n\n\n<p><em>Yo dir\u00eda que la primera vez que traje a mis hijos. Fue en invierno, por supuesto. Solo vinimos a esta hora antes. Para nosotros los recuerdos aqu\u00ed son con la chaqueta de plumas. Era importante presentarles este lugar, que apreciaron de inmediato.<\/em><\/p>\n\n\n\n<p><strong>\u00bfAlg\u00fan consejo para visitar?<\/strong><\/p>\n\n\n\n<p><em>Nos encanta la puesta de sol. Pero ahora dir\u00eda que lo m\u00e1s agradable es venir por la ma\u00f1ana. Est\u00e1 tranquilo, casi no hay gente, casi no hay huellas. Ser el primero del d\u00eda no est\u00e1 mal. Se lo recomendamos a visitantes de otros lugares.<\/em><\/p>\n<\/div><\/div>\n\n\n\n<div class=\"wp-block-media-text has-media-on-the-right is-stacked-on-mobile\"><div class=\"wp-block-media-text__content\">\n<p><strong>\u00bfC\u00f3mo se promociona el sitio?<\/strong><\/p>\n\n\n\n<p><em>Tenemos preguntas sobre la regi\u00f3n, los paseos en barco, el Banc d&#039;Arguin. Los carteles que vendemos y que representan lugares de la Cuenca plantean este tipo de preguntas. Hay muchos intercambios y es muy pr\u00e1ctico ser local.<\/em><\/p>\n\n\n\n<p><strong>\u00bfQu\u00e9 te hizo querer trabajar en este sitio?<\/strong><\/p>\n\n\n\n<p><em>Tambi\u00e9n tenemos un restaurante en el centro de Arcachon y conocemos tiendas y comerciantes del mercado. Y nos dijimos: este tipo de cosas, objetos originales y de calidad, deben ofrecerse en un sitio como la Duna. Adem\u00e1s, trabajamos, por ejemplo, con proveedores que encontramos en el mercado.<\/em> <em>Estamos felices de ofrecer estos productos aqu\u00ed, productos de calidad.<\/em><\/p>\n\n\n\n<p><strong>\u00bfUna palabra para describir la Duna?<\/strong><\/p>\n\n\n\n<h5 class=\"wp-block-heading\"><em><em>Excepcional. Nunca nos cansamos. Adem\u00e1s, cada subida es diferente, all\u00e1 arriba nunca es lo mismo.<\/em><\/em>. \u00bb<\/h5>\n<\/div><figure class=\"wp-block-media-text__media\"><img loading=\"lazy\" decoding=\"async\" width=\"983\" height=\"1024\" src=\"https:\/\/ladunedupilat.com\/wp-content\/uploads\/2024\/06\/Produits_sens_Dune-983x1024.jpg\" alt=\"-\" class=\"wp-image-26185 size-full\" srcset=\"https:\/\/ladunedupilat.com\/wp-content\/uploads\/2024\/06\/Produits_sens_Dune-983x1024.jpg 983w, https:\/\/ladunedupilat.com\/wp-content\/uploads\/2024\/06\/Produits_sens_Dune-288x300.jpg 288w, https:\/\/ladunedupilat.com\/wp-content\/uploads\/2024\/06\/Produits_sens_Dune-768x800.jpg 768w, https:\/\/ladunedupilat.com\/wp-content\/uploads\/2024\/06\/Produits_sens_Dune-1475x1536.jpg 1475w, https:\/\/ladunedupilat.com\/wp-content\/uploads\/2024\/06\/Produits_sens_Dune-1966x2048.jpg 1966w, https:\/\/ladunedupilat.com\/wp-content\/uploads\/2024\/06\/Produits_sens_Dune-12x12.jpg 12w, https:\/\/ladunedupilat.com\/wp-content\/uploads\/2024\/06\/Produits_sens_Dune-1200x1250.jpg 1200w, https:\/\/ladunedupilat.com\/wp-content\/uploads\/2024\/06\/Produits_sens_Dune-1980x2063.jpg 1980w\" sizes=\"auto, (max-width: 983px) 100vw, 983px\" \/><\/figure><\/div>","protected":false},"excerpt":{"rendered":"<p>Ocho tiendas est\u00e1n presentes en el sitio, incluidas dos tiendas culturales, dedicadas a productos de artesan\u00eda local. EL\u2026<\/p>","protected":false},"author":8,"featured_media":25932,"parent":26017,"menu_order":-1,"comment_status":"closed","ping_status":"closed","template":"","meta":{"_acf_changed":false,"_uag_custom_page_level_css":"","footnotes":""},"class_list":["post-26021","page","type-page","status-publish","has-post-thumbnail","hentry"],"acf":[],"uagb_featured_image_src":{"full":["https:\/\/ladunedupilat.com\/wp-content\/uploads\/2024\/05\/Escalier-scaled.jpg",2560,1917,false],"thumbnail":["https:\/\/ladunedupilat.com\/wp-content\/uploads\/2024\/05\/Escalier-150x150.jpg",150,150,true],"medium":["https:\/\/ladunedupilat.com\/wp-content\/uploads\/2024\/05\/Escalier-300x225.jpg",300,225,true],"medium_large":["https:\/\/ladunedupilat.com\/wp-content\/uploads\/2024\/05\/Escalier-768x575.jpg",580,434,true],"large":["https:\/\/ladunedupilat.com\/wp-content\/uploads\/2024\/05\/Escalier-1024x767.jpg",580,434,true],"1536x1536":["https:\/\/ladunedupilat.com\/wp-content\/uploads\/2024\/05\/Escalier-1536x1150.jpg",1536,1150,true],"2048x2048":["https:\/\/ladunedupilat.com\/wp-content\/uploads\/2024\/05\/Escalier-2048x1534.jpg",2048,1534,true],"trp-custom-language-flag":["https:\/\/ladunedupilat.com\/wp-content\/uploads\/2024\/05\/Escalier-16x12.jpg",16,12,true],"post-thumbnail":["https:\/\/ladunedupilat.com\/wp-content\/uploads\/2024\/05\/Escalier-1200x899.jpg",1200,899,true],"twentytwenty-fullscreen":["https:\/\/ladunedupilat.com\/wp-content\/uploads\/2024\/05\/Escalier-1980x1483.jpg",1980,1483,true]},"uagb_author_info":{"display_name":"communication@ladunedupilat.com","author_link":"https:\/\/ladunedupilat.com\/es\/author\/communicationladunedupilat-com\/"},"uagb_comment_info":0,"uagb_excerpt":"Huit commerces sont pr\u00e9sents sur le site dont deux boutiques culturelles, d\u00e9di\u00e9es \u00e0 des produits issus de l&rsquo;artisanat local. LE&hellip;","_links":{"self":[{"href":"https:\/\/ladunedupilat.com\/es\/wp-json\/wp\/v2\/pages\/26021","targetHints":{"allow":["GET"]}}],"collection":[{"href":"https:\/\/ladunedupilat.com\/es\/wp-json\/wp\/v2\/pages"}],"about":[{"href":"https:\/\/ladunedupilat.com\/es\/wp-json\/wp\/v2\/types\/page"}],"author":[{"embeddable":true,"href":"https:\/\/ladunedupilat.com\/es\/wp-json\/wp\/v2\/users\/8"}],"replies":[{"embeddable":true,"href":"https:\/\/ladunedupilat.com\/es\/wp-json\/wp\/v2\/comments?post=26021"}],"version-history":[{"count":10,"href":"https:\/\/ladunedupilat.com\/es\/wp-json\/wp\/v2\/pages\/26021\/revisions"}],"predecessor-version":[{"id":26275,"href":"https:\/\/ladunedupilat.com\/es\/wp-json\/wp\/v2\/pages\/26021\/revisions\/26275"}],"up":[{"embeddable":true,"href":"https:\/\/ladunedupilat.com\/es\/wp-json\/wp\/v2\/pages\/26017"}],"wp:featuredmedia":[{"embeddable":true,"href":"https:\/\/ladunedupilat.com\/es\/wp-json\/wp\/v2\/media\/25932"}],"wp:attachment":[{"href":"https:\/\/ladunedupilat.com\/es\/wp-json\/wp\/v2\/media?parent=26021"}],"curies":[{"name":"gracias","href":"https:\/\/api.w.org\/{rel}","templated":true}]}}