{"id":26999,"date":"2025-05-30T10:12:47","date_gmt":"2025-05-30T08:12:47","guid":{"rendered":"https:\/\/ladunedupilat.com\/?page_id=26999"},"modified":"2025-08-01T17:07:14","modified_gmt":"2025-08-01T15:07:14","slug":"suscripciones","status":"publish","type":"page","link":"https:\/\/ladunedupilat.com\/es\/abonnements\/","title":{"rendered":"Pase anual"},"content":{"rendered":"<p>\u00bfNo puedes suscribirte en l\u00ednea? <\/p>\n\n\n\n<p>Tambi\u00e9n puede realizar su pago en el establecimiento, en la recepci\u00f3n de Dune du Pilat. Para ello, <strong>Debes contactar previamente con el equipo del punto de informaci\u00f3n de la Duna de Pilat, quienes concertar\u00e1n una cita contigo para recoger tu pase.<\/strong><\/p>\n\n\n\n<p><\/p>\n\n\n\n<section class=\"wp-block-uagb-columns uagb-columns__wrap uagb-columns__background-color uagb-columns__stack-mobile uagb-columns__valign- uagb-columns__gap-10 align uagb-block-50c75682 uagb-columns__columns-1 uagb-columns__max_width-custom uagb-columns__valign-undefined alignundefined\" id=\"Comment-reserver\"><div class=\"uagb-columns__overlay\"><\/div><div class=\"uagb-columns__inner-wrap uagb-columns__columns-1\">\n<div class=\"wp-block-uagb-column uagb-column__wrap uagb-column__background-undefined uagb-block-3a0152f7\"><div class=\"uagb-column__overlay\"><\/div>\n<h2 class=\"wp-block-heading tw-mt-0\" id=\"comment-reserver\">Nuestros datos de contacto<\/h2>\n\n\n\n<p><strong>Puede contactarnos al 05 56 22 12 85 \/ information@ladunedupilat.com para cualquier informaci\u00f3n.<\/strong>.<\/p>\n<\/div>\n<\/div><\/section>\n\n\n\n<p class=\"has-text-align-center\"><\/p>\n\n\n\n<p><\/p>","protected":false},"excerpt":{"rendered":"<p>\u00a1Al estacionar en el \u00e1rea de recepci\u00f3n, usted contribuye, a trav\u00e9s de su pago, a la preservaci\u00f3n de este sitio natural excepcional!<\/p>","protected":false},"author":8,"featured_media":1825,"parent":0,"menu_order":0,"comment_status":"closed","ping_status":"closed","template":"","meta":{"_acf_changed":false,"_uag_custom_page_level_css":"","footnotes":""},"class_list":["post-26999","page","type-page","status-publish","has-post-thumbnail","hentry"],"acf":[],"uagb_featured_image_src":{"full":["https:\/\/ladunedupilat.com\/wp-content\/uploads\/2021\/05\/entete-tarif.jpg",1600,800,false],"thumbnail":["https:\/\/ladunedupilat.com\/wp-content\/uploads\/2021\/05\/entete-tarif-150x150.jpg",150,150,true],"medium":["https:\/\/ladunedupilat.com\/wp-content\/uploads\/2021\/05\/entete-tarif-300x150.jpg",300,150,true],"medium_large":["https:\/\/ladunedupilat.com\/wp-content\/uploads\/2021\/05\/entete-tarif-768x384.jpg",580,290,true],"large":["https:\/\/ladunedupilat.com\/wp-content\/uploads\/2021\/05\/entete-tarif-1024x512.jpg",580,290,true],"1536x1536":["https:\/\/ladunedupilat.com\/wp-content\/uploads\/2021\/05\/entete-tarif-1536x768.jpg",1536,768,true],"2048x2048":["https:\/\/ladunedupilat.com\/wp-content\/uploads\/2021\/05\/entete-tarif.jpg",1600,800,false],"trp-custom-language-flag":["https:\/\/ladunedupilat.com\/wp-content\/uploads\/2021\/05\/entete-tarif-16x8.jpg",16,8,true],"post-thumbnail":["https:\/\/ladunedupilat.com\/wp-content\/uploads\/2021\/05\/entete-tarif-1200x600.jpg",1200,600,true],"twentytwenty-fullscreen":["https:\/\/ladunedupilat.com\/wp-content\/uploads\/2021\/05\/entete-tarif.jpg",1600,800,false]},"uagb_author_info":{"display_name":"communication@ladunedupilat.com","author_link":"https:\/\/ladunedupilat.com\/es\/author\/communicationladunedupilat-com\/"},"uagb_comment_info":0,"uagb_excerpt":"En vous stationnant sur l\u2019espace d\u2019accueil, vous contribuez, par votre paiement, \u00e0 la pr\u00e9servation de ce site naturel d\u2019exception !","_links":{"self":[{"href":"https:\/\/ladunedupilat.com\/es\/wp-json\/wp\/v2\/pages\/26999","targetHints":{"allow":["GET"]}}],"collection":[{"href":"https:\/\/ladunedupilat.com\/es\/wp-json\/wp\/v2\/pages"}],"about":[{"href":"https:\/\/ladunedupilat.com\/es\/wp-json\/wp\/v2\/types\/page"}],"author":[{"embeddable":true,"href":"https:\/\/ladunedupilat.com\/es\/wp-json\/wp\/v2\/users\/8"}],"replies":[{"embeddable":true,"href":"https:\/\/ladunedupilat.com\/es\/wp-json\/wp\/v2\/comments?post=26999"}],"version-history":[{"count":8,"href":"https:\/\/ladunedupilat.com\/es\/wp-json\/wp\/v2\/pages\/26999\/revisions"}],"predecessor-version":[{"id":27255,"href":"https:\/\/ladunedupilat.com\/es\/wp-json\/wp\/v2\/pages\/26999\/revisions\/27255"}],"wp:featuredmedia":[{"embeddable":true,"href":"https:\/\/ladunedupilat.com\/es\/wp-json\/wp\/v2\/media\/1825"}],"wp:attachment":[{"href":"https:\/\/ladunedupilat.com\/es\/wp-json\/wp\/v2\/media?parent=26999"}],"curies":[{"name":"gracias","href":"https:\/\/api.w.org\/{rel}","templated":true}]}}