{"id":27166,"date":"2025-07-22T11:53:03","date_gmt":"2025-07-22T09:53:03","guid":{"rendered":"https:\/\/ladunedupilat.com\/?page_id=27166"},"modified":"2025-07-22T12:06:25","modified_gmt":"2025-07-22T10:06:25","slug":"declaracion-de-accesibilidad-al-marco-general-de-referencia-de-accesibilidad-para-las-administraciones-de-la-rgaa","status":"publish","type":"page","link":"https:\/\/ladunedupilat.com\/es\/declaration-daccessibilite-au-referentiel-general-daccessibilite-pour-les-administrations-rgaa\/","title":{"rendered":"Declaraci\u00f3n de accesibilidad a la Referencia General de Accesibilidad para las Administraciones (RGAA)"},"content":{"rendered":"<p class=\"has-bordeaux-color has-text-color has-link-color has-h-2-font-size wp-elements-8490ddf512cedb2190ee1f896ba5ab1d\"><strong>Accesibilidad<\/strong><\/p>\n\n\n\n<p>El Syndicat Mixte de la Grande Dune du Pilat se compromete a que sus sitios web, intranet,<br>extranet y sus paquetes de software accesibles (y sus aplicaciones m\u00f3viles y mobiliario urbano)<br>digital) de conformidad con el art\u00edculo 47 de la Ley n\u00ba 2005-102 del 11 de febrero de 2005.<br>Para ello, el Sindicato Mixto de la Grande Dune du Pilat est\u00e1 implementando la estrategia y el<br>siguientes acciones:<\/p>\n\n\n\n<ul class=\"wp-block-list\">\n<li>Publicaci\u00f3n del plan plurianual de accesibilidad (en curso);<\/li>\n\n\n\n<li>Publicaci\u00f3n de planes de acci\u00f3n 2025 \u2013 2027 (en proceso).<br>Esta declaraci\u00f3n de accesibilidad se aplica al sitio. <a href=\"https:\/\/ladunedupilat.com\/es\/\" data-type=\"link\" data-id=\"http:\/\/www.ladunedupilat.com\">www.ladunedupilat.com<\/a>.<\/li>\n<\/ul>\n\n\n\n<p class=\"has-bordeaux-color has-text-color has-link-color has-h-2-font-size wp-elements-8fe0ea5e5dd3216caf12f6d6af5a4c03\"><strong>Estado de cumplimiento<\/strong><\/p>\n\n\n\n<p>El sitio <a href=\"https:\/\/ladunedupilat.com\/es\/\" data-type=\"link\" data-id=\"http:\/\/www.ladunedupilat.com\">www.ladunedupilat.com<\/a> no est\u00e1 en conformidad con la <a href=\"https:\/\/accessibilite.numerique.gouv.fr\/\" data-type=\"link\" data-id=\"https:\/\/accessibilite.numerique.gouv.fr\/\" rel=\"nofollow noopener\" target=\"_blank\">Marco general de mejora<br>de Accesibilidad (RGAA)<\/a>, versi\u00f3n 4 debido a no conformidades y derogaciones<br>enumerados a continuaci\u00f3n.<\/p>\n\n\n\n<p class=\"has-bordeaux-color has-text-color has-link-color has-h-2-font-size wp-elements-b1d21caef111045470d07aed88f24fc1\"><strong>Resultados de la prueba<\/strong><\/p>\n\n\n\n<p>La auditor\u00eda de cumplimiento realizada por la empresa <a href=\"https:\/\/www.accessprod.com\/\" data-type=\"link\" data-id=\"https:\/\/www.accessprod.com\/\" rel=\"nofollow noopener\" target=\"_blank\">AccessProd<\/a> revela que:<\/p>\n\n\n\n<ul class=\"wp-block-list\">\n<li><strong>Se cumplen los criterios 38,89 % de la versi\u00f3n 4.1.2 de RGAA;<\/strong><\/li>\n\n\n\n<li>La tasa promedio de cumplimiento del servicio en l\u00ednea es de 53.5%. Esta es la<br>promedio de la tasa de cumplimiento obtenida en cada una de las p\u00e1ginas de la muestra.<br>Este porcentaje corresponde a:<\/li>\n\n\n\n<li><strong>44<\/strong> criterios no conformes;<\/li>\n\n\n\n<li><strong>28<\/strong> criterios de cumplimiento;<\/li>\n\n\n\n<li><strong>34<\/strong> criterios no aplicables.<\/li>\n<\/ul>\n\n\n\n<p class=\"has-bordeaux-color has-text-color has-link-color has-h-2-font-size wp-elements-72e180b9edf83ce6056f34bb4e3cf18b\"><strong>Contenido no accesible<\/strong><\/p>\n\n\n\n<p class=\"has-bordeaux-color has-text-color has-link-color has-h-3-font-size wp-elements-f3f1f1c22f24ff5b6e3fc4b1de6d0a3c\"><strong>No conformidades<\/strong><\/p>\n\n\n\n<ul class=\"wp-block-list\">\n<li>No todas las im\u00e1genes son ignoradas correctamente por las tecnolog\u00edas<br>ayuda cuando son decorativos.<\/li>\n\n\n\n<li>No todas las alternativas de texto para las im\u00e1genes son relevantes o informativas.<br>Cuando llevan informaci\u00f3n.<\/li>\n\n\n\n<li>Algunos t\u00edtulos de im\u00e1genes no se representan correctamente.<\/li>\n\n\n\n<li>Los marcos de asistencia en vivo no son claramente identificables por un<br>lector de pantalla.<\/li>\n\n\n\n<li>El elemento de men\u00fa activo y las pesta\u00f1as seleccionadas solo se indican mediante el<br>color.<\/li>\n\n\n\n<li>No hay transcripciones de texto de los videos.<\/li>\n\n\n\n<li>Los videos no est\u00e1n subtitulados en todos los idiomas disponibles en el sitio.<\/li>\n\n\n\n<li>Los videos no tienen descripci\u00f3n de audio cuando es necesaria.<\/li>\n\n\n\n<li>El contenido textual adyacente a los videos no permite una identificaci\u00f3n clara de cada uno<br>medios de comunicaci\u00f3n.<\/li>\n\n\n\n<li>Las tablas de datos no tienen encabezados de columna representados correctamente.<\/li>\n\n\n\n<li>Algunas tablas se utilizan para dar formato al contenido.<\/li>\n\n\n\n<li>Algunos enlaces no son expl\u00edcitos y est\u00e1n mal vocalizados por las tecnolog\u00edas.<br>asistencia.<\/li>\n\n\n\n<li>Algunos scripts necesitan ser corregidos para que sean compatibles con las tecnolog\u00edas<br>Asistencia y navegaci\u00f3n mediante el teclado, como:<br>o el men\u00fa principal de navegaci\u00f3n del sitio, en versiones de escritorio y m\u00f3vil;<br>o el sistema de filtrado;<br>o muchos botones de interfaz;<br>o sistemas de visualizaci\u00f3n con pesta\u00f1as;<br>o casillas de verificaci\u00f3n y botones de opci\u00f3n;<br>o las sugerencias de entrada de la barra de b\u00fasqueda;<br>o sistemas de exposici\u00f3n en bloques plegables del tipo \u201cacorde\u00f3n\u201d;<br>o ciertas ventanas modales que muestran informaci\u00f3n o funcionalidad<br>encima del contenido de la p\u00e1gina.<\/li>\n\n\n\n<li>Mensajes de alerta o estado mostrados en tiempo real sin necesidad de recargar el sistema.<\/li>\n\n\n\n<li>La p\u00e1gina al enviar formularios no se procesa correctamente.<\/li>\n\n\n\n<li>El c\u00f3digo fuente de las p\u00e1ginas no siempre es v\u00e1lido y puede causar problemas.<br>restituci\u00f3n.<\/li>\n\n\n\n<li>Los textos en un idioma distinto al idioma predeterminado de la p\u00e1gina no se muestran.<br>identificable como tal.<\/li>\n\n\n\n<li>No se muestra el t\u00edtulo de la p\u00e1gina de b\u00fasqueda (pesta\u00f1a del navegador).<\/li>\n\n\n\n<li>Las etiquetas de estructura se utilizan para mostrar p\u00e1rrafos de texto.<\/li>\n\n\n\n<li>Los p\u00e1rrafos vac\u00edos se utilizan \u00fanicamente con fines de presentaci\u00f3n.<\/li>\n\n\n\n<li>Algunos niveles de encabezado no siguen un orden l\u00f3gico, lo que provoca errores en<br>jerarqu\u00eda entre t\u00edtulos.<\/li>\n\n\n\n<li>El \u00e1rea de pie de p\u00e1gina y las migas de pan no est\u00e1n estructuradas correctamente.<br>punto de vista t\u00e9cnico.<\/li>\n\n\n\n<li>Algunas listas de elementos no est\u00e1n estructuradas correctamente.<\/li>\n\n\n\n<li>Los bloques de citas no est\u00e1n estructurados correctamente.<\/li>\n\n\n\n<li>Algunas etiquetas y atributos utilizados para la presentaci\u00f3n de informaci\u00f3n son<br>presente en el c\u00f3digo fuente generado de ciertas p\u00e1ginas.<\/li>\n\n\n\n<li>Algunos textos desaparecen o no son legibles cuando se modifica el tama\u00f1o de fuente o<br>El zoom gr\u00e1fico aumenta hasta 200%.<\/li>\n\n\n\n<li>Las declaraciones de color de fondo y fuente del elemento no est\u00e1n configuradas correctamente<br>usado.<\/li>\n\n\n\n<li>Algunos enlaces no son lo suficientemente visibles en comparaci\u00f3n con el texto que los rodea.<\/li>\n\n\n\n<li>La navegaci\u00f3n con el teclado no siempre est\u00e1 visible.<\/li>\n\n\n\n<li>Algunos bloques no se muestran completamente cuando el ancho de la ventana es<br>disminuido a 320px.<\/li>\n\n\n\n<li>Las descripciones emergentes personalizadas no se pueden cerrar sin mover el puntero del mouse.<br>rat\u00f3n o foco.<\/li>\n\n\n\n<li>Algunos campos de formulario no tienen etiquetas asociadas correctamente o<br>no son relevantes<\/li>\n\n\n\n<li>Algunos campos de la misma naturaleza no est\u00e1n agrupados.<\/li>\n\n\n\n<li>Algunos formularios no tienen ninguna indicaci\u00f3n de campos obligatorios.<\/li>\n\n\n\n<li>Rellenar autom\u00e1ticamente los campos de formulario que contienen datos de<br>El usuario no cumple.<\/li>\n\n\n\n<li>Las \u00e1reas de pie de p\u00e1gina y navegaci\u00f3n no son identificables y no se pueden<\/li>\n\n\n\n<li>Por lo tanto, no se puede alcanzar ni evitar.<\/li>\n\n\n\n<li>El orden de las pesta\u00f1as no siempre es consistente.<\/li>\n\n\n\n<li>Contin\u00faa la navegaci\u00f3n mediante teclado en el men\u00fa principal en la versi\u00f3n m\u00f3vil o de pantalla reducida<br>en el resto del sitio mientras el componente a\u00fan se muestra.<\/li>\n\n\n\n<li>No todos los archivos descargables son compatibles con todas las tecnolog\u00edas.<br>asistencia.<\/li>\n\n\n\n<li>Las im\u00e1genes del banner de inicio y los enlaces del carrusel se desplazan<br>autom\u00e1ticamente sin poder detenerse.<\/li>\n\n\n\n<li>El sitio no se puede ver en orientaci\u00f3n horizontal.<\/li>\n\n\n\n<li>Consultar ciertos bloques requiere gestos complejos sin alternativa<br>alcanzable a trav\u00e9s de gestos sencillos.<\/li>\n<\/ul>\n\n\n\n<p class=\"has-bordeaux-color has-text-color has-link-color has-h-3-font-size wp-elements-e41d66fcaaa4941414ab93c09e9ac929\"><strong>Excepciones por carga desproporcionada<\/strong><\/p>\n\n\n\n<p>Sin excepciones.<\/p>\n\n\n\n<p class=\"has-bordeaux-color has-text-color has-link-color has-h-3-font-size wp-elements-c4de7b88342ebb8f5eac98b8bcef473e\"><strong>Contenidos no sujetos a la obligaci\u00f3n de accesibilidad<\/strong><\/p>\n\n\n\n<p>Algunos contenidos est\u00e1n exentos del requisito de accesibilidad y est\u00e1n fuera del alcance de<br>la obligaci\u00f3n legal. <strong>El mapa interactivo de la p\u00e1gina \u201c\u00bfC\u00f3mo llegar?\u201d y el v\u00eddeo<br>de la p\u00e1gina \u201cEl Gran Sitio\u201d<\/strong> porque la informaci\u00f3n est\u00e1 disponible en el contenido adyacente.<\/p>\n\n\n\n<p class=\"has-bordeaux-color has-text-color has-link-color has-h-2-font-size wp-elements-fea8655c3808a87070a0815197afea1b\"><strong>Establecimiento de esta declaraci\u00f3n de accesibilidad<\/strong><\/p>\n\n\n\n<p>Esta declaraci\u00f3n fue hecha el 16 de mayo de 2025.<\/p>\n\n\n\n<p class=\"has-bordeaux-color has-text-color has-link-color has-h-3-font-size wp-elements-c981ad4aac8cd7bf459a8ea27d8049a2\"><strong>Tecnolog\u00edas utilizadas para crear el sitio web<\/strong><\/p>\n\n\n\n<ul class=\"wp-block-list\">\n<li>HTML 5<\/li>\n\n\n\n<li>CSS<\/li>\n\n\n\n<li>JavaScript<\/li>\n<\/ul>\n\n\n\n<p class=\"has-bordeaux-color has-text-color has-link-color has-h-3-font-size wp-elements-37652a13d43ac76621ee8cf9e8d97051\"><strong>Entorno de prueba<\/strong><\/p>\n\n\n\n<p>Se realizaron comprobaciones de restituci\u00f3n de contenido bas\u00e1ndose en la combinaci\u00f3n<br>proporcionado por la base de referencia RGAA, con las siguientes versiones:<\/p>\n\n\n\n<ul class=\"wp-block-list\">\n<li>Firefox 138 y NVDA 2024.4.2<\/li>\n\n\n\n<li>Chrome 136 y NVDA 2024.4.2<\/li>\n\n\n\n<li>Firefox 138 y JAWS 2024<\/li>\n\n\n\n<li>Safari 18.4 y VoiceOver (OS 15.4)<\/li>\n\n\n\n<li>Chrome 136 y TalkBack 15 (Android 14)<\/li>\n<\/ul>\n\n\n\n<p class=\"has-bordeaux-color has-text-color has-link-color has-h-3-font-size wp-elements-b237abcf4e11e617e7af8766570b4e3a\"><strong>Herramientas para evaluar la accesibilidad<\/strong><\/p>\n\n\n\n<p>Durante la evaluaci\u00f3n se utilizaron las siguientes herramientas:<\/p>\n\n\n\n<ul class=\"wp-block-list\">\n<li>Analizador de contraste de color<\/li>\n\n\n\n<li>Herramientas para desarrolladores integradas en los navegadores<\/li>\n\n\n\n<li>Barra de desarrollador web<\/li>\n<\/ul>\n\n\n\n<p class=\"has-bordeaux-color has-text-color has-link-color has-h-3-font-size wp-elements-82466ac586d6ea7591dde5382d899b99\"><strong>P\u00e1ginas del sitio que han sido sujetas a verificaci\u00f3n de cumplimiento<\/strong><\/p>\n\n\n\n<ul class=\"wp-block-list\">\n<li><a href=\"https:\/\/ladunedupilat.com\/es\/\" data-type=\"link\" data-id=\"https:\/\/ladunedupilat.com\/\">P\u00e1gina de inicio<\/a><\/li>\n\n\n\n<li><a href=\"https:\/\/ladunedupilat.com\/es\/notas-legales\/\" data-type=\"link\" data-id=\"https:\/\/ladunedupilat.com\/mentions-legales\/\">P\u00e1gina de \u201cAvisos legales\u201d<\/a><\/li>\n\n\n\n<li><a href=\"https:\/\/ladunedupilat.com\/es\/plano-del-sitio\/\" data-type=\"link\" data-id=\"https:\/\/ladunedupilat.com\/plan-du-site\/\">P\u00e1gina del mapa del sitio<\/a><\/li>\n\n\n\n<li><a href=\"https:\/\/ladunedupilat.com\/es\/accesibilidad-2\/\" data-type=\"link\" data-id=\"https:\/\/ladunedupilat.com\/accessibilite-du-site-internet\/\">P\u00e1gina de \u201cAccesibilidad\u201d<\/a><\/li>\n\n\n\n<li><a href=\"https:\/\/ladunedupilat.com\/es\/?s=dune\" data-type=\"link\" data-id=\"https:\/\/ladunedupilat.com\/?s=dune\">P\u00e1gina de b\u00fasqueda con la palabra clave &quot;Dune&quot;<\/a><\/li>\n\n\n\n<li><a href=\"https:\/\/ladunedupilat.com\/es\/duna-2\/actualidad\/\" data-type=\"link\" data-id=\"https:\/\/ladunedupilat.com\/dune\/actualites\/\">P\u00e1gina de \u201cNoticias\u201d<\/a><\/li>\n\n\n\n<li><a href=\"https:\/\/ladunedupilat.com\/es\/explora-comparte-y-maravillate-con-nuestras-actividades-de-verano-duplicacion\/\" data-type=\"link\" data-id=\"https:\/\/ladunedupilat.com\/explorer-partager-semerveiller-nos-activites-estivales-duplication\/\">Plantilla de \u201cNoticias\u201d<\/a><\/li>\n\n\n\n<li><a href=\"https:\/\/ladunedupilat.com\/es\/preparacion\/asistencia-en-vivo\/\">P\u00e1gina de \u201cAsistencia en vivo\u201d<\/a><\/li>\n\n\n\n<li><a href=\"https:\/\/ladunedupilat.com\/es\/preparacion\/regulacion\/\" data-type=\"link\" data-id=\"https:\/\/ladunedupilat.com\/preparation\/reglementation\/\">P\u00e1gina de \u201cRegulaciones\u201d<\/a><\/li>\n\n\n\n<li><a href=\"https:\/\/ladunedupilat.com\/es\/preparacion\/como-llegar\/\" data-type=\"link\" data-id=\"https:\/\/ladunedupilat.com\/preparation\/comment-venir\/\">P\u00e1gina \u201cC\u00f3mo llegar\u201d<\/a><\/li>\n\n\n\n<li><a href=\"https:\/\/ladunedupilat.com\/es\/yo-descubro\/reconstruccion-duna\/\" data-type=\"link\" data-id=\"https:\/\/ladunedupilat.com\/je-decouvre\/reconstitution-dune\/\">P\u00e1gina \u201cLa formaci\u00f3n de la duna\u201d<\/a><\/li>\n\n\n\n<li><a href=\"https:\/\/ladunedupilat.com\/es\/yo-descubro\/documentaciones\/\" data-type=\"link\" data-id=\"https:\/\/ladunedupilat.com\/je-decouvre\/documentations\/\">P\u00e1gina de \u201cDocumentaci\u00f3n\u201d<\/a><\/li>\n\n\n\n<li><a href=\"https:\/\/ladunedupilat.com\/es\/preparacion\/tarifas-y-suscripciones\/\" data-type=\"link\" data-id=\"https:\/\/ladunedupilat.com\/preparation\/tarifs-et-abonnements\/\">P\u00e1gina de \u201cPrecios y suscripciones\u201d<\/a><\/li>\n\n\n\n<li><a href=\"https:\/\/ladunedupilat.com\/es\/preparacion\/accesibilidad-para-todos\/\" data-type=\"link\" data-id=\"https:\/\/ladunedupilat.com\/preparation\/accessibilite-pour-tous\/\">P\u00e1gina de \u201cAccesibilidad para todos\u201d<\/a><\/li>\n\n\n\n<li><a href=\"https:\/\/ladunedupilat.com\/es\/soy-un-visitante\/\" data-type=\"link\" data-id=\"https:\/\/ladunedupilat.com\/je-suis-un-visiteur\/\">Plantilla \u201cYo soy\u201d<\/a><\/li>\n\n\n\n<li><a href=\"https:\/\/ladunedupilat.com\/es\/las-actividades\/en-familia\/\" data-type=\"link\" data-id=\"https:\/\/ladunedupilat.com\/les-activites\/en-famille\/\">Plantilla de \u201cActividades gratuitas\u201d<\/a><\/li>\n\n\n\n<li><a href=\"https:\/\/ladunedupilat.com\/es\/preparacion\/tus-preguntas\/\" data-type=\"link\" data-id=\"https:\/\/ladunedupilat.com\/preparation\/vos-questions\/\">P\u00e1gina de preguntas frecuentes<\/a><\/li>\n\n\n\n<li><a href=\"https:\/\/ladunedupilat.com\/es\/yo-descubro\/voz-a-expertos\/\" data-type=\"link\" data-id=\"https:\/\/ladunedupilat.com\/je-decouvre\/parole-aux-experts\/\">P\u00e1gina \u201cLos expertos hablan\u201d<\/a><\/li>\n\n\n\n<li><a href=\"https:\/\/ladunedupilat.com\/es\/periodistas\/solicitudes-de-autorizacion\/\" data-type=\"link\" data-id=\"https:\/\/ladunedupilat.com\/journalistes\/demandes-dautorisation\/\">P\u00e1gina de \u201cSolicitudes de autorizaci\u00f3n\u201d<\/a><\/li>\n\n\n\n<li><a href=\"https:\/\/ladunedupilat.com\/es\/yo-descubro\/en-breve\/\" data-type=\"link\" data-id=\"https:\/\/ladunedupilat.com\/je-decouvre\/grand-site\/\">P\u00e1gina \u201cEl Gran Sitio\u201d<\/a><\/li>\n<\/ul>\n\n\n\n<p class=\"has-bordeaux-color has-text-color has-link-color has-h-3-font-size wp-elements-6ac5dcf4b255cc5a851d2b66aacfd03c\"><strong>Comentarios y contacto<\/strong><\/p>\n\n\n\n<p>Si no puede acceder a alg\u00fan contenido o servicio, puede ponerse en contacto con el<br>administrador del sitio <a href=\"https:\/\/ladunedupilat.com\/es\/\" data-type=\"link\" data-id=\"http:\/\/www.ladunedupilat.com\/\">www.ladunedupilat.com<\/a> Ser dirigido hacia una alternativa accesible<br>u obtener el contenido en otra forma.<\/p>\n\n\n\n<ul class=\"wp-block-list\">\n<li>Llama al 05 56 22 81 22<\/li>\n\n\n\n<li>Contacte con el Sindicato Mixto de la Gran Duna del Pilat Ruta de Biscarrosse RD218<br>\u00c1rea de recepci\u00f3n de dunas 33115 Pyla-sur-Mer<\/li>\n<\/ul>\n\n\n\n<p class=\"has-bordeaux-color has-text-color has-link-color has-h-3-font-size wp-elements-d1c75e27666a22fbfbe375084bc422e2\"><strong>Remedios<\/strong><\/p>\n\n\n\n<p>Si observa un defecto de accesibilidad que le impide acceder al contenido o<br>funcionalidad del sitio, que nos lo comunique y que no pueda obtener una<br>respuesta de nuestra parte, usted tiene derecho a enviar sus quejas o una solicitud de<br>Remisi\u00f3n al Defensor de Derechos.<br>Tienes a tu disposici\u00f3n varios medios:<\/p>\n\n\n\n<ul class=\"wp-block-list\">\n<li>Escribe un mensaje a <a href=\"https:\/\/formulaire.defenseurdesdroits.fr\/formulaire_saisine\/\" data-type=\"link\" data-id=\"https:\/\/formulaire.defenseurdesdroits.fr\/formulaire_saisine\/\" rel=\"nofollow noopener\" target=\"_blank\">Defensor de derechos<\/a><\/li>\n\n\n\n<li>Contacto <a href=\"https:\/\/www.defenseurdesdroits.fr\/carte-des-delegues\" data-type=\"link\" data-id=\"https:\/\/www.defenseurdesdroits.fr\/carte-des-delegues\" rel=\"nofollow noopener\" target=\"_blank\">el delegado del Defensor de Derechos en su regi\u00f3n<\/a><\/li>\n\n\n\n<li>Enviar carta por correo (gratis, no poner sello) Defensor de<br>Derecho de respuesta libre 71120 75342 Par\u00eds CEDEX 07<\/li>\n<\/ul>\n\n\n\n<p><\/p>","protected":false},"excerpt":{"rendered":"<p>Accesibilidad El Syndicat Mixte de la Grande Dune du Pilat se compromete a que sus sitios web, intranet, extranet y paquetes de programas...<\/p>","protected":false},"author":8,"featured_media":0,"parent":0,"menu_order":0,"comment_status":"closed","ping_status":"closed","template":"","meta":{"_acf_changed":false,"_uag_custom_page_level_css":"","footnotes":""},"class_list":["post-27166","page","type-page","status-publish","hentry"],"acf":[],"uagb_featured_image_src":{"full":false,"thumbnail":false,"medium":false,"medium_large":false,"large":false,"1536x1536":false,"2048x2048":false,"trp-custom-language-flag":false,"post-thumbnail":false,"twentytwenty-fullscreen":false},"uagb_author_info":{"display_name":"communication@ladunedupilat.com","author_link":"https:\/\/ladunedupilat.com\/es\/author\/communicationladunedupilat-com\/"},"uagb_comment_info":0,"uagb_excerpt":"Accessibilit\u00e9 Le Syndicat Mixte de la Grande Dune du Pilat s\u2019engage \u00e0 rendre ses sites internet, intranet,extranet et ses progiciels&hellip;","_links":{"self":[{"href":"https:\/\/ladunedupilat.com\/es\/wp-json\/wp\/v2\/pages\/27166","targetHints":{"allow":["GET"]}}],"collection":[{"href":"https:\/\/ladunedupilat.com\/es\/wp-json\/wp\/v2\/pages"}],"about":[{"href":"https:\/\/ladunedupilat.com\/es\/wp-json\/wp\/v2\/types\/page"}],"author":[{"embeddable":true,"href":"https:\/\/ladunedupilat.com\/es\/wp-json\/wp\/v2\/users\/8"}],"replies":[{"embeddable":true,"href":"https:\/\/ladunedupilat.com\/es\/wp-json\/wp\/v2\/comments?post=27166"}],"version-history":[{"count":3,"href":"https:\/\/ladunedupilat.com\/es\/wp-json\/wp\/v2\/pages\/27166\/revisions"}],"predecessor-version":[{"id":27284,"href":"https:\/\/ladunedupilat.com\/es\/wp-json\/wp\/v2\/pages\/27166\/revisions\/27284"}],"wp:attachment":[{"href":"https:\/\/ladunedupilat.com\/es\/wp-json\/wp\/v2\/media?parent=27166"}],"curies":[{"name":"gracias","href":"https:\/\/api.w.org\/{rel}","templated":true}]}}