{"id":280,"date":"2021-03-02T17:57:06","date_gmt":"2021-03-02T16:57:06","guid":{"rendered":"https:\/\/ladunedupilat.com\/?page_id=280"},"modified":"2026-04-28T17:26:00","modified_gmt":"2026-04-28T15:26:00","slug":"yo-descubro","status":"publish","type":"page","link":"https:\/\/ladunedupilat.com\/es\/je-decouvre\/","title":{"rendered":"<strong>Yo descubro<\/strong> la duna de pilat"},"content":{"rendered":"<div class=\"wp-block-group inter\"><div class=\"wp-block-group__inner-container is-layout-flow wp-block-group-is-layout-flow\">\n<div class=\"wp-block-getwid-image-box dunecard getwid-animation has-text-left has-mobile-layout-default has-mobile-alignment-default\" data-animation=\"zoomSmall\"><div class=\"wp-block-getwid-image-box__image-container is-position-top\"><a href=\"https:\/\/ladunedupilat.com\/es\/yo-descubro\/en-breve\/\" rel=\"\" class=\"wp-block-getwid-image-box__image-wrapper\"><img loading=\"lazy\" decoding=\"async\" width=\"258\" height=\"300\" src=\"https:\/\/ladunedupilat.com\/wp-content\/uploads\/2023\/08\/Dune-1-scaled-e1690899883691-258x300.jpg\" alt=\"-\" class=\"wp-block-getwid-image-box__image wp-image-25184\" srcset=\"https:\/\/ladunedupilat.com\/wp-content\/uploads\/2023\/08\/Dune-1-scaled-e1690899883691-258x300.jpg 258w, https:\/\/ladunedupilat.com\/wp-content\/uploads\/2023\/08\/Dune-1-scaled-e1690899883691-881x1024.jpg 881w, https:\/\/ladunedupilat.com\/wp-content\/uploads\/2023\/08\/Dune-1-scaled-e1690899883691-768x893.jpg 768w, https:\/\/ladunedupilat.com\/wp-content\/uploads\/2023\/08\/Dune-1-scaled-e1690899883691-1321x1536.jpg 1321w, https:\/\/ladunedupilat.com\/wp-content\/uploads\/2023\/08\/Dune-1-scaled-e1690899883691-10x12.jpg 10w, https:\/\/ladunedupilat.com\/wp-content\/uploads\/2023\/08\/Dune-1-scaled-e1690899883691-1200x1395.jpg 1200w, https:\/\/ladunedupilat.com\/wp-content\/uploads\/2023\/08\/Dune-1-scaled-e1690899883691.jpg 1509w\" sizes=\"auto, (max-width: 258px) 100vw, 258px\" \/><\/a><\/div><div class=\"wp-block-getwid-image-box__content\">\n<h3 class=\"wp-block-heading\">El Gran Sitio<\/h3>\n\n\n\n<p><\/p>\n<\/div><\/div>\n\n\n\n<div class=\"wp-block-getwid-image-box dunecard getwid-animation has-text-left has-mobile-layout-default has-mobile-alignment-default\" data-animation=\"zoomSmall\"><div class=\"wp-block-getwid-image-box__image-container is-position-top\"><a href=\"https:\/\/ladunedupilat.com\/es\/yo-descubro\/reconstruccion-duna\/\" rel=\"\" class=\"wp-block-getwid-image-box__image-wrapper\"><img loading=\"lazy\" decoding=\"async\" width=\"252\" height=\"300\" src=\"https:\/\/ladunedupilat.com\/wp-content\/uploads\/2021\/05\/vignette-reconstitution-252x300.jpg\" alt=\"-\" class=\"wp-block-getwid-image-box__image wp-image-1801\" srcset=\"https:\/\/ladunedupilat.com\/wp-content\/uploads\/2021\/05\/vignette-reconstitution-252x300.jpg 252w, https:\/\/ladunedupilat.com\/wp-content\/uploads\/2021\/05\/vignette-reconstitution-10x12.jpg 10w, https:\/\/ladunedupilat.com\/wp-content\/uploads\/2021\/05\/vignette-reconstitution.jpg 336w\" sizes=\"auto, (max-width: 252px) 100vw, 252px\" \/><\/a><\/div><div class=\"wp-block-getwid-image-box__content\">\n<h3 class=\"wp-block-heading\">La formaci\u00f3n de la Duna<\/h3>\n\n\n\n<p><\/p>\n<\/div><\/div>\n\n\n\n<div class=\"wp-block-getwid-image-box dunecard getwid-animation has-text-left has-mobile-layout-default has-mobile-alignment-default\" data-animation=\"zoomSmall\"><div class=\"wp-block-getwid-image-box__image-container is-position-top\"><a href=\"https:\/\/ladunedupilat.com\/es\/yo-descubro\/voz-a-expertos\/\" rel=\"\" class=\"wp-block-getwid-image-box__image-wrapper\"><img loading=\"lazy\" decoding=\"async\" width=\"252\" height=\"300\" src=\"https:\/\/ladunedupilat.com\/wp-content\/uploads\/2021\/05\/vignette-experts-252x300.jpg\" alt=\"-\" class=\"wp-block-getwid-image-box__image wp-image-1797\" srcset=\"https:\/\/ladunedupilat.com\/wp-content\/uploads\/2021\/05\/vignette-experts-252x300.jpg 252w, https:\/\/ladunedupilat.com\/wp-content\/uploads\/2021\/05\/vignette-experts-10x12.jpg 10w, https:\/\/ladunedupilat.com\/wp-content\/uploads\/2021\/05\/vignette-experts.jpg 336w\" sizes=\"auto, (max-width: 252px) 100vw, 252px\" \/><\/a><\/div><div class=\"wp-block-getwid-image-box__content\">\n<h3 class=\"wp-block-heading\">Palabra a los expertos<\/h3>\n\n\n\n<p><\/p>\n<\/div><\/div>\n\n\n\n<div class=\"wp-block-getwid-image-box dunecard getwid-animation has-text-left has-mobile-layout-default has-mobile-alignment-default\" data-animation=\"zoomSmall\"><div class=\"wp-block-getwid-image-box__image-container is-position-top\"><a href=\"https:\/\/ladunedupilat.com\/es\/yo-descubro\/flora-y-fauna\/\" class=\"wp-block-getwid-image-box__image-wrapper\"><img loading=\"lazy\" decoding=\"async\" width=\"252\" height=\"300\" src=\"https:\/\/ladunedupilat.com\/wp-content\/uploads\/2021\/05\/vignette-faune-252x300.jpg\" alt=\"-\" class=\"wp-block-getwid-image-box__image wp-image-1791\" srcset=\"https:\/\/ladunedupilat.com\/wp-content\/uploads\/2021\/05\/vignette-faune-252x300.jpg 252w, https:\/\/ladunedupilat.com\/wp-content\/uploads\/2021\/05\/vignette-faune-10x12.jpg 10w, https:\/\/ladunedupilat.com\/wp-content\/uploads\/2021\/05\/vignette-faune.jpg 336w\" sizes=\"auto, (max-width: 252px) 100vw, 252px\" \/><\/a><\/div><div class=\"wp-block-getwid-image-box__content\">\n<h3 class=\"wp-block-heading\">Los discretos anfitriones del Dune<\/h3>\n\n\n\n<p><\/p>\n<\/div><\/div>\n\n\n\n<div class=\"wp-block-getwid-image-box dunecard getwid-animation has-text-left has-mobile-layout-default has-mobile-alignment-default\" data-animation=\"zoomSmall\"><div class=\"wp-block-getwid-image-box__image-container is-position-top\"><a href=\"https:\/\/ladunedupilat.com\/es\/yo-descubro\/documentaciones\/\" class=\"wp-block-getwid-image-box__image-wrapper\"><img loading=\"lazy\" decoding=\"async\" width=\"254\" height=\"300\" src=\"https:\/\/ladunedupilat.com\/wp-content\/uploads\/2023\/08\/Sur_place-scaled-e1690900223579-254x300.jpg\" alt=\"Documentaci\u00f3n\" class=\"wp-block-getwid-image-box__image wp-image-25189\" srcset=\"https:\/\/ladunedupilat.com\/wp-content\/uploads\/2023\/08\/Sur_place-scaled-e1690900223579-254x300.jpg 254w, https:\/\/ladunedupilat.com\/wp-content\/uploads\/2023\/08\/Sur_place-scaled-e1690900223579-868x1024.jpg 868w, https:\/\/ladunedupilat.com\/wp-content\/uploads\/2023\/08\/Sur_place-scaled-e1690900223579-768x906.jpg 768w, https:\/\/ladunedupilat.com\/wp-content\/uploads\/2023\/08\/Sur_place-scaled-e1690900223579-1301x1536.jpg 1301w, https:\/\/ladunedupilat.com\/wp-content\/uploads\/2023\/08\/Sur_place-scaled-e1690900223579-1735x2048.jpg 1735w, https:\/\/ladunedupilat.com\/wp-content\/uploads\/2023\/08\/Sur_place-scaled-e1690900223579-10x12.jpg 10w, https:\/\/ladunedupilat.com\/wp-content\/uploads\/2023\/08\/Sur_place-scaled-e1690900223579-1200x1416.jpg 1200w, https:\/\/ladunedupilat.com\/wp-content\/uploads\/2023\/08\/Sur_place-scaled-e1690900223579.jpg 1952w\" sizes=\"auto, (max-width: 254px) 100vw, 254px\" \/><\/a><\/div><div class=\"wp-block-getwid-image-box__content\">\n<h3 class=\"wp-block-heading\">Documentaci\u00f3n<\/h3>\n\n\n\n<p><\/p>\n<\/div><\/div>\n\n\n\n<div class=\"wp-block-getwid-image-box dunecard getwid-animation has-text-left has-mobile-layout-default has-mobile-alignment-default\" data-animation=\"zoomSmall\"><div class=\"wp-block-getwid-image-box__image-container is-position-top\"><a href=\"https:\/\/ladunedupilat.com\/es\/yo-descubro\/mision-union-mixta\/\" class=\"wp-block-getwid-image-box__image-wrapper\"><img loading=\"lazy\" decoding=\"async\" width=\"252\" height=\"300\" src=\"https:\/\/ladunedupilat.com\/wp-content\/uploads\/2021\/05\/vignette-mission-252x300.jpg\" alt=\"-\" class=\"wp-block-getwid-image-box__image wp-image-1793\" srcset=\"https:\/\/ladunedupilat.com\/wp-content\/uploads\/2021\/05\/vignette-mission-252x300.jpg 252w, https:\/\/ladunedupilat.com\/wp-content\/uploads\/2021\/05\/vignette-mission-10x12.jpg 10w, https:\/\/ladunedupilat.com\/wp-content\/uploads\/2021\/05\/vignette-mission.jpg 336w\" sizes=\"auto, (max-width: 252px) 100vw, 252px\" \/><\/a><\/div><div class=\"wp-block-getwid-image-box__content\">\n<h3 class=\"wp-block-heading\">Una uni\u00f3n mixta para la gesti\u00f3n p\u00fablica<\/h3>\n\n\n\n<p><\/p>\n<\/div><\/div>\n\n\n\n<div class=\"wp-block-getwid-image-box dunecard getwid-animation has-text-left has-mobile-layout-default has-mobile-alignment-default\" data-animation=\"zoomSmall\"><div class=\"wp-block-getwid-image-box__image-container is-position-top\"><a href=\"https:\/\/ladunedupilat.com\/es\/yo-descubro\/proyectos-de-desarrollo\/\" class=\"wp-block-getwid-image-box__image-wrapper\"><img loading=\"lazy\" decoding=\"async\" width=\"264\" height=\"300\" src=\"https:\/\/ladunedupilat.com\/wp-content\/uploads\/2025\/01\/Accessibilite-1-scaled-e1738082434375-264x300.jpg\" alt=\"-\" class=\"wp-block-getwid-image-box__image wp-image-26730\" srcset=\"https:\/\/ladunedupilat.com\/wp-content\/uploads\/2025\/01\/Accessibilite-1-scaled-e1738082434375-264x300.jpg 264w, https:\/\/ladunedupilat.com\/wp-content\/uploads\/2025\/01\/Accessibilite-1-scaled-e1738082434375-901x1024.jpg 901w, https:\/\/ladunedupilat.com\/wp-content\/uploads\/2025\/01\/Accessibilite-1-scaled-e1738082434375-768x873.jpg 768w, https:\/\/ladunedupilat.com\/wp-content\/uploads\/2025\/01\/Accessibilite-1-scaled-e1738082434375-1352x1536.jpg 1352w, https:\/\/ladunedupilat.com\/wp-content\/uploads\/2025\/01\/Accessibilite-1-scaled-e1738082434375-11x12.jpg 11w, https:\/\/ladunedupilat.com\/wp-content\/uploads\/2025\/01\/Accessibilite-1-scaled-e1738082434375-1200x1364.jpg 1200w, https:\/\/ladunedupilat.com\/wp-content\/uploads\/2025\/01\/Accessibilite-1-scaled-e1738082434375.jpg 1502w\" sizes=\"auto, (max-width: 264px) 100vw, 264px\" \/><\/a><\/div><div class=\"wp-block-getwid-image-box__content\">\n<h3 class=\"wp-block-heading\">La zona de recepci\u00f3n ha tenido un lavado de cara<\/h3>\n\n\n\n<p><\/p>\n<\/div><\/div>\n\n\n\n<div class=\"wp-block-getwid-image-box dunecard getwid-animation has-text-left has-mobile-layout-default has-mobile-alignment-default\" data-animation=\"zoomSmall\"><div class=\"wp-block-getwid-image-box__image-container is-position-top\"><a href=\"https:\/\/ladunedupilat.com\/es\/duna-2\/actualidad\/\" class=\"wp-block-getwid-image-box__image-wrapper\"><img loading=\"lazy\" decoding=\"async\" width=\"252\" height=\"300\" src=\"https:\/\/ladunedupilat.com\/wp-content\/uploads\/2021\/05\/vignette-actus-252x300.jpg\" alt=\"-\" class=\"wp-block-getwid-image-box__image wp-image-1786\" srcset=\"https:\/\/ladunedupilat.com\/wp-content\/uploads\/2021\/05\/vignette-actus-252x300.jpg 252w, https:\/\/ladunedupilat.com\/wp-content\/uploads\/2021\/05\/vignette-actus-10x12.jpg 10w, https:\/\/ladunedupilat.com\/wp-content\/uploads\/2021\/05\/vignette-actus.jpg 336w\" sizes=\"auto, (max-width: 252px) 100vw, 252px\" \/><\/a><\/div><div class=\"wp-block-getwid-image-box__content\">\n<h3 class=\"wp-block-heading\">Noticias<\/h3>\n\n\n\n<p><\/p>\n<\/div><\/div>\n<\/div><\/div>\n\n\n\n<p><\/p>","protected":false},"excerpt":{"rendered":"<p>El Gran Sitio, La formaci\u00f3n de la duna, Palabra a los expertos, Los discretos anfitriones de la Duna, Vista de 360\u00b0, Documentaci\u00f3n, Un Sindicato Mixto para la gesti\u00f3n p\u00fablica, El \u00e1rea de recepci\u00f3n tiene un nuevo aspecto, Noticias<\/p>","protected":false},"author":8,"featured_media":26628,"parent":0,"menu_order":1,"comment_status":"closed","ping_status":"closed","template":"","meta":{"_acf_changed":false,"_uag_custom_page_level_css":"","footnotes":""},"class_list":["post-280","page","type-page","status-publish","has-post-thumbnail","hentry"],"acf":[],"uagb_featured_image_src":{"full":["https:\/\/ladunedupilat.com\/wp-content\/uploads\/2025\/01\/20250113_085354-scaled-e1737387706784.jpg",2560,1170,false],"thumbnail":["https:\/\/ladunedupilat.com\/wp-content\/uploads\/2025\/01\/20250113_085354-scaled-e1737387706784-150x150.jpg",150,150,true],"medium":["https:\/\/ladunedupilat.com\/wp-content\/uploads\/2025\/01\/20250113_085354-scaled-e1737387706784-300x137.jpg",300,137,true],"medium_large":["https:\/\/ladunedupilat.com\/wp-content\/uploads\/2025\/01\/20250113_085354-scaled-e1737387706784-768x351.jpg",580,265,true],"large":["https:\/\/ladunedupilat.com\/wp-content\/uploads\/2025\/01\/20250113_085354-scaled-e1737387706784-1024x468.jpg",580,265,true],"1536x1536":["https:\/\/ladunedupilat.com\/wp-content\/uploads\/2025\/01\/20250113_085354-scaled-e1737387706784-1536x702.jpg",1536,702,true],"2048x2048":["https:\/\/ladunedupilat.com\/wp-content\/uploads\/2025\/01\/20250113_085354-scaled-e1737387706784-2048x936.jpg",2048,936,true],"trp-custom-language-flag":["https:\/\/ladunedupilat.com\/wp-content\/uploads\/2025\/01\/20250113_085354-scaled-e1737387706784-18x8.jpg",18,8,true],"post-thumbnail":["https:\/\/ladunedupilat.com\/wp-content\/uploads\/2025\/01\/20250113_085354-scaled-e1737387706784-1200x548.jpg",1200,548,true],"twentytwenty-fullscreen":["https:\/\/ladunedupilat.com\/wp-content\/uploads\/2025\/01\/20250113_085354-scaled-e1737387706784-1980x905.jpg",1980,905,true]},"uagb_author_info":{"display_name":"communication@ladunedupilat.com","author_link":"https:\/\/ladunedupilat.com\/es\/author\/communicationladunedupilat-com\/"},"uagb_comment_info":0,"uagb_excerpt":"Le Grand Site, La formation de la dune, Parole aux experts, Les h\u00f4tes discrets de la Dune, Vue \u00e0 360\u00b0, Documentation, Un Syndicat Mixte pour une gestion publique, L'espace d'accueil fait peau neuve, Actualit\u00e9s","_links":{"self":[{"href":"https:\/\/ladunedupilat.com\/es\/wp-json\/wp\/v2\/pages\/280","targetHints":{"allow":["GET"]}}],"collection":[{"href":"https:\/\/ladunedupilat.com\/es\/wp-json\/wp\/v2\/pages"}],"about":[{"href":"https:\/\/ladunedupilat.com\/es\/wp-json\/wp\/v2\/types\/page"}],"author":[{"embeddable":true,"href":"https:\/\/ladunedupilat.com\/es\/wp-json\/wp\/v2\/users\/8"}],"replies":[{"embeddable":true,"href":"https:\/\/ladunedupilat.com\/es\/wp-json\/wp\/v2\/comments?post=280"}],"version-history":[{"count":2,"href":"https:\/\/ladunedupilat.com\/es\/wp-json\/wp\/v2\/pages\/280\/revisions"}],"predecessor-version":[{"id":27709,"href":"https:\/\/ladunedupilat.com\/es\/wp-json\/wp\/v2\/pages\/280\/revisions\/27709"}],"wp:featuredmedia":[{"embeddable":true,"href":"https:\/\/ladunedupilat.com\/es\/wp-json\/wp\/v2\/media\/26628"}],"wp:attachment":[{"href":"https:\/\/ladunedupilat.com\/es\/wp-json\/wp\/v2\/media?parent=280"}],"curies":[{"name":"gracias","href":"https:\/\/api.w.org\/{rel}","templated":true}]}}