{"id":282,"date":"2021-03-02T17:59:20","date_gmt":"2021-03-02T16:59:20","guid":{"rendered":"https:\/\/ladunedupilat.com\/?page_id=282"},"modified":"2023-12-01T16:29:43","modified_gmt":"2023-12-01T15:29:43","slug":"profesores","status":"publish","type":"page","link":"https:\/\/ladunedupilat.com\/es\/enseignants\/","title":{"rendered":"<strong>Yo soy\u2026<\/strong> un profesor"},"content":{"rendered":"<div class=\"wp-block-group inter\"><div class=\"wp-block-group__inner-container is-layout-flow wp-block-group-is-layout-flow\">\n<div class=\"wp-block-getwid-image-box dunecard getwid-animation has-text-left has-mobile-layout-default has-mobile-alignment-default\" data-animation=\"zoomSmall\"><div class=\"wp-block-getwid-image-box__image-container is-position-top\"><a href=\"https:\/\/ladunedupilat.com\/es\/profesores\/oferta-educativa\/\" rel=\"\" class=\"wp-block-getwid-image-box__image-wrapper\"><img loading=\"lazy\" decoding=\"async\" width=\"266\" height=\"300\" src=\"https:\/\/ladunedupilat.com\/wp-content\/uploads\/2023\/11\/IMG_8622-scaled-e1700565635919-266x300.jpg\" alt=\"-\" class=\"wp-block-getwid-image-box__image wp-image-25489\" srcset=\"https:\/\/ladunedupilat.com\/wp-content\/uploads\/2023\/11\/IMG_8622-scaled-e1700565635919-266x300.jpg 266w, https:\/\/ladunedupilat.com\/wp-content\/uploads\/2023\/11\/IMG_8622-scaled-e1700565635919-908x1024.jpg 908w, https:\/\/ladunedupilat.com\/wp-content\/uploads\/2023\/11\/IMG_8622-scaled-e1700565635919-768x866.jpg 768w, https:\/\/ladunedupilat.com\/wp-content\/uploads\/2023\/11\/IMG_8622-scaled-e1700565635919-11x12.jpg 11w, https:\/\/ladunedupilat.com\/wp-content\/uploads\/2023\/11\/IMG_8622-scaled-e1700565635919.jpg 1006w\" sizes=\"auto, (max-width: 266px) 100vw, 266px\" \/><\/a><\/div><div class=\"wp-block-getwid-image-box__content\">\n<h3 class=\"wp-block-heading\">Oferta educativa<\/h3>\n\n\n\n<p><\/p>\n<\/div><\/div>\n\n\n\n<div class=\"wp-block-getwid-image-box dunecard getwid-animation has-text-left has-mobile-layout-default has-mobile-alignment-default uag-hide-desktop uag-hide-tab uag-hide-mob uag-hide-desktop uag-hide-tab uag-hide-mob\" data-animation=\"zoomSmall\"><div class=\"wp-block-getwid-image-box__image-container is-position-top\"><a href=\"https:\/\/ladunedupilat.com\/es\/profesores\/libro-una-animacion\/\" class=\"wp-block-getwid-image-box__image-wrapper\"><img loading=\"lazy\" decoding=\"async\" width=\"248\" height=\"300\" src=\"https:\/\/ladunedupilat.com\/wp-content\/uploads\/2023\/08\/IMG_8286-scaled-e1690901661975-248x300.jpg\" alt=\"Miniatura-yo-descubro\" class=\"wp-block-getwid-image-box__image wp-image-25190\"\/><\/a><\/div><div class=\"wp-block-getwid-image-box__content\">\n<h3 class=\"wp-block-heading\">Reserva<\/h3>\n\n\n\n<p><\/p>\n<\/div><\/div>\n\n\n\n<div class=\"wp-block-getwid-image-box dunecard getwid-animation has-text-left has-mobile-layout-default has-mobile-alignment-default\" data-animation=\"zoomSmall\"><div class=\"wp-block-getwid-image-box__image-container is-position-top\"><a href=\"https:\/\/ladunedupilat.com\/es\/profesores\/recursos-para-maestros\/\" class=\"wp-block-getwid-image-box__image-wrapper\"><img loading=\"lazy\" decoding=\"async\" width=\"252\" height=\"300\" src=\"https:\/\/ladunedupilat.com\/wp-content\/uploads\/2021\/05\/vignette-ressources-252x300.jpg\" alt=\"-\" class=\"wp-block-getwid-image-box__image wp-image-1913\" srcset=\"https:\/\/ladunedupilat.com\/wp-content\/uploads\/2021\/05\/vignette-ressources-252x300.jpg 252w, https:\/\/ladunedupilat.com\/wp-content\/uploads\/2021\/05\/vignette-ressources-10x12.jpg 10w, https:\/\/ladunedupilat.com\/wp-content\/uploads\/2021\/05\/vignette-ressources.jpg 336w\" sizes=\"auto, (max-width: 252px) 100vw, 252px\" \/><\/a><\/div><div class=\"wp-block-getwid-image-box__content\">\n<h3 class=\"wp-block-heading\">Recursos<\/h3>\n\n\n\n<p><\/p>\n<\/div><\/div>\n\n\n\n<div class=\"wp-block-getwid-image-box dunecard getwid-animation has-text-left has-mobile-layout-default has-mobile-alignment-default\" data-animation=\"zoomSmall\"><div class=\"wp-block-getwid-image-box__image-container is-position-top\"><a href=\"https:\/\/ladunedupilat.com\/es\/yo-descubro\/flora-y-fauna\/\" class=\"wp-block-getwid-image-box__image-wrapper\"><img loading=\"lazy\" decoding=\"async\" width=\"252\" height=\"300\" src=\"https:\/\/ladunedupilat.com\/wp-content\/uploads\/2021\/05\/vignette-faune-252x300.jpg\" alt=\"-\" class=\"wp-block-getwid-image-box__image wp-image-1791\" srcset=\"https:\/\/ladunedupilat.com\/wp-content\/uploads\/2021\/05\/vignette-faune-252x300.jpg 252w, https:\/\/ladunedupilat.com\/wp-content\/uploads\/2021\/05\/vignette-faune-10x12.jpg 10w, https:\/\/ladunedupilat.com\/wp-content\/uploads\/2021\/05\/vignette-faune.jpg 336w\" sizes=\"auto, (max-width: 252px) 100vw, 252px\" \/><\/a><\/div><div class=\"wp-block-getwid-image-box__content\">\n<h3 class=\"wp-block-heading\">Los discretos anfitriones del Dune<\/h3>\n\n\n\n<p><\/p>\n<\/div><\/div>\n\n\n\n<div class=\"wp-block-getwid-image-box dunecard getwid-animation has-text-left has-mobile-layout-default has-mobile-alignment-default\" data-animation=\"zoomSmall\"><div class=\"wp-block-getwid-image-box__image-container is-position-top\"><a href=\"https:\/\/ladunedupilat.com\/es\/yo-descubro\/en-breve\/\" class=\"wp-block-getwid-image-box__image-wrapper\"><img loading=\"lazy\" decoding=\"async\" width=\"252\" height=\"300\" src=\"https:\/\/ladunedupilat.com\/wp-content\/uploads\/2021\/05\/vignette-en-bref-252x300.jpg\" alt=\"-\" class=\"wp-block-getwid-image-box__image wp-image-1789\" srcset=\"https:\/\/ladunedupilat.com\/wp-content\/uploads\/2021\/05\/vignette-en-bref-252x300.jpg 252w, https:\/\/ladunedupilat.com\/wp-content\/uploads\/2021\/05\/vignette-en-bref-10x12.jpg 10w, https:\/\/ladunedupilat.com\/wp-content\/uploads\/2021\/05\/vignette-en-bref.jpg 336w\" sizes=\"auto, (max-width: 252px) 100vw, 252px\" \/><\/a><\/div><div class=\"wp-block-getwid-image-box__content\">\n<h3 class=\"wp-block-heading\">El Gran Sitio<\/h3>\n\n\n\n<p><\/p>\n<\/div><\/div>\n\n\n\n<div class=\"wp-block-getwid-image-box dunecard getwid-animation has-text-left has-mobile-layout-default has-mobile-alignment-default\" data-animation=\"zoomSmall\"><div class=\"wp-block-getwid-image-box__image-container is-position-top\"><a href=\"https:\/\/ladunedupilat.com\/es\/yo-descubro\/proyectos-de-desarrollo\/\" class=\"wp-block-getwid-image-box__image-wrapper\"><img loading=\"lazy\" decoding=\"async\" width=\"267\" height=\"300\" src=\"https:\/\/ladunedupilat.com\/wp-content\/uploads\/2023\/11\/IMG_8260-scaled-1-e1700565923237-267x300.jpg\" alt=\"-\" class=\"wp-block-getwid-image-box__image wp-image-25492\" srcset=\"https:\/\/ladunedupilat.com\/wp-content\/uploads\/2023\/11\/IMG_8260-scaled-1-e1700565923237-267x300.jpg 267w, https:\/\/ladunedupilat.com\/wp-content\/uploads\/2023\/11\/IMG_8260-scaled-1-e1700565923237-911x1024.jpg 911w, https:\/\/ladunedupilat.com\/wp-content\/uploads\/2023\/11\/IMG_8260-scaled-1-e1700565923237-768x864.jpg 768w, https:\/\/ladunedupilat.com\/wp-content\/uploads\/2023\/11\/IMG_8260-scaled-1-e1700565923237-11x12.jpg 11w, https:\/\/ladunedupilat.com\/wp-content\/uploads\/2023\/11\/IMG_8260-scaled-1-e1700565923237.jpg 955w\" sizes=\"auto, (max-width: 267px) 100vw, 267px\" \/><\/a><\/div><div class=\"wp-block-getwid-image-box__content\">\n<h3 class=\"wp-block-heading\">La zona de recepci\u00f3n ha tenido un lavado de cara<\/h3>\n\n\n\n<p><\/p>\n<\/div><\/div>\n<\/div><\/div>\n\n\n\n<p><\/p>","protected":false},"excerpt":{"rendered":"<p>Oferta educativa, Reservas, Recursos, Los discretos anfitriones de la Duna, El Gran Sitio, El \u00e1rea de recepci\u00f3n tiene un nuevo aspecto...<\/p>","protected":false},"author":8,"featured_media":25181,"parent":0,"menu_order":7,"comment_status":"closed","ping_status":"closed","template":"","meta":{"_acf_changed":false,"_uag_custom_page_level_css":"","footnotes":""},"class_list":["post-282","page","type-page","status-publish","has-post-thumbnail","hentry"],"acf":[],"uagb_featured_image_src":{"full":["https:\/\/ladunedupilat.com\/wp-content\/uploads\/2023\/08\/Dune-scaled-e1690899680363.jpg",2560,928,false],"thumbnail":["https:\/\/ladunedupilat.com\/wp-content\/uploads\/2023\/08\/Dune-scaled-e1690899680363-150x150.jpg",150,150,true],"medium":["https:\/\/ladunedupilat.com\/wp-content\/uploads\/2023\/08\/Dune-scaled-e1690899680363-300x109.jpg",300,109,true],"medium_large":["https:\/\/ladunedupilat.com\/wp-content\/uploads\/2023\/08\/Dune-scaled-e1690899680363-768x278.jpg",580,210,true],"large":["https:\/\/ladunedupilat.com\/wp-content\/uploads\/2023\/08\/Dune-scaled-e1690899680363-1024x371.jpg",580,210,true],"1536x1536":["https:\/\/ladunedupilat.com\/wp-content\/uploads\/2023\/08\/Dune-scaled-e1690899680363-1536x557.jpg",1536,557,true],"2048x2048":["https:\/\/ladunedupilat.com\/wp-content\/uploads\/2023\/08\/Dune-scaled-e1690899680363-2048x742.jpg",2048,742,true],"trp-custom-language-flag":["https:\/\/ladunedupilat.com\/wp-content\/uploads\/2023\/08\/Dune-scaled-e1690899680363-18x7.jpg",18,7,true],"post-thumbnail":["https:\/\/ladunedupilat.com\/wp-content\/uploads\/2023\/08\/Dune-scaled-e1690899680363-1200x435.jpg",1200,435,true],"twentytwenty-fullscreen":["https:\/\/ladunedupilat.com\/wp-content\/uploads\/2023\/08\/Dune-scaled-e1690899680363-1980x718.jpg",1980,718,true]},"uagb_author_info":{"display_name":"communication@ladunedupilat.com","author_link":"https:\/\/ladunedupilat.com\/es\/author\/communicationladunedupilat-com\/"},"uagb_comment_info":0,"uagb_excerpt":"Offre p\u00e9dagogique, R\u00e9servation, Ressources, Les h\u00f4tes discrets de la Dune, Le Grand Site, L\u2019espace d\u2019accueil fait peau neuve...","_links":{"self":[{"href":"https:\/\/ladunedupilat.com\/es\/wp-json\/wp\/v2\/pages\/282","targetHints":{"allow":["GET"]}}],"collection":[{"href":"https:\/\/ladunedupilat.com\/es\/wp-json\/wp\/v2\/pages"}],"about":[{"href":"https:\/\/ladunedupilat.com\/es\/wp-json\/wp\/v2\/types\/page"}],"author":[{"embeddable":true,"href":"https:\/\/ladunedupilat.com\/es\/wp-json\/wp\/v2\/users\/8"}],"replies":[{"embeddable":true,"href":"https:\/\/ladunedupilat.com\/es\/wp-json\/wp\/v2\/comments?post=282"}],"version-history":[{"count":1,"href":"https:\/\/ladunedupilat.com\/es\/wp-json\/wp\/v2\/pages\/282\/revisions"}],"predecessor-version":[{"id":25591,"href":"https:\/\/ladunedupilat.com\/es\/wp-json\/wp\/v2\/pages\/282\/revisions\/25591"}],"wp:featuredmedia":[{"embeddable":true,"href":"https:\/\/ladunedupilat.com\/es\/wp-json\/wp\/v2\/media\/25181"}],"wp:attachment":[{"href":"https:\/\/ladunedupilat.com\/es\/wp-json\/wp\/v2\/media?parent=282"}],"curies":[{"name":"gracias","href":"https:\/\/api.w.org\/{rel}","templated":true}]}}