{"id":284,"date":"2021-03-02T18:01:36","date_gmt":"2021-03-02T17:01:36","guid":{"rendered":"https:\/\/ladunedupilat.com\/?page_id=284"},"modified":"2023-12-01T16:15:19","modified_gmt":"2023-12-01T15:15:19","slug":"preparacion","status":"publish","type":"page","link":"https:\/\/ladunedupilat.com\/es\/preparation\/","title":{"rendered":"<strong>Preparo<\/strong> mi visita"},"content":{"rendered":"<div class=\"wp-block-group inter\"><div class=\"wp-block-group__inner-container is-layout-flow wp-block-group-is-layout-flow\">\n<div class=\"wp-block-getwid-image-box dunecard getwid-animation has-text-left has-mobile-layout-default has-mobile-alignment-default\" data-animation=\"zoomSmall\"><div class=\"wp-block-getwid-image-box__image-container is-position-top\"><a href=\"https:\/\/ladunedupilat.com\/es\/preparacion\/asistencia-en-vivo\/\" rel=\"\" class=\"wp-block-getwid-image-box__image-wrapper\"><img loading=\"lazy\" decoding=\"async\" width=\"270\" height=\"300\" src=\"https:\/\/ladunedupilat.com\/wp-content\/uploads\/2023\/11\/Frequentation-1-e1700565144844-270x300.jpg\" alt=\"-\" class=\"wp-block-getwid-image-box__image wp-image-25485\" srcset=\"https:\/\/ladunedupilat.com\/wp-content\/uploads\/2023\/11\/Frequentation-1-e1700565144844-270x300.jpg 270w, https:\/\/ladunedupilat.com\/wp-content\/uploads\/2023\/11\/Frequentation-1-e1700565144844-11x12.jpg 11w, https:\/\/ladunedupilat.com\/wp-content\/uploads\/2023\/11\/Frequentation-1-e1700565144844.jpg 360w\" sizes=\"auto, (max-width: 270px) 100vw, 270px\" \/><\/a><\/div><div class=\"wp-block-getwid-image-box__content\">\n<h3 class=\"wp-block-heading\">Asistencia en vivo<\/h3>\n\n\n\n<p><\/p>\n<\/div><\/div>\n\n\n\n<div class=\"wp-block-getwid-image-box dunecard getwid-animation has-text-left has-mobile-layout-default has-mobile-alignment-default\" data-animation=\"zoomSmall\"><div class=\"wp-block-getwid-image-box__image-container is-position-top\"><a href=\"https:\/\/ladunedupilat.com\/es\/preparacion\/como-llegar\/\" rel=\"\" class=\"wp-block-getwid-image-box__image-wrapper\"><img loading=\"lazy\" decoding=\"async\" width=\"252\" height=\"300\" src=\"https:\/\/ladunedupilat.com\/wp-content\/uploads\/2021\/05\/vignette-venir-252x300.jpg\" alt=\"-\" class=\"wp-block-getwid-image-box__image wp-image-1816\" srcset=\"https:\/\/ladunedupilat.com\/wp-content\/uploads\/2021\/05\/vignette-venir-252x300.jpg 252w, https:\/\/ladunedupilat.com\/wp-content\/uploads\/2021\/05\/vignette-venir-10x12.jpg 10w, https:\/\/ladunedupilat.com\/wp-content\/uploads\/2021\/05\/vignette-venir.jpg 336w\" sizes=\"auto, (max-width: 252px) 100vw, 252px\" \/><\/a><\/div><div class=\"wp-block-getwid-image-box__content\">\n<h3 class=\"wp-block-heading\">C\u00f3mo llegar ?<\/h3>\n\n\n\n<p><\/p>\n<\/div><\/div>\n\n\n\n<div class=\"wp-block-getwid-image-box dunecard getwid-animation has-text-left has-mobile-layout-default has-mobile-alignment-default\" data-animation=\"zoomSmall\"><div class=\"wp-block-getwid-image-box__image-container is-position-top\"><a href=\"https:\/\/ladunedupilat.com\/es\/preparacion\/regulacion\/\" rel=\"\" class=\"wp-block-getwid-image-box__image-wrapper\"><img loading=\"lazy\" decoding=\"async\" width=\"252\" height=\"300\" src=\"https:\/\/ladunedupilat.com\/wp-content\/uploads\/2021\/05\/vignette-reglementation-252x300.jpg\" alt=\"-\" class=\"wp-block-getwid-image-box__image wp-image-1822\" srcset=\"https:\/\/ladunedupilat.com\/wp-content\/uploads\/2021\/05\/vignette-reglementation-252x300.jpg 252w, https:\/\/ladunedupilat.com\/wp-content\/uploads\/2021\/05\/vignette-reglementation-10x12.jpg 10w, https:\/\/ladunedupilat.com\/wp-content\/uploads\/2021\/05\/vignette-reglementation.jpg 336w\" sizes=\"auto, (max-width: 252px) 100vw, 252px\" \/><\/a><\/div><div class=\"wp-block-getwid-image-box__content\">\n<h3 class=\"wp-block-heading\">Normativas<\/h3>\n\n\n\n<p><\/p>\n<\/div><\/div>\n\n\n\n<div class=\"wp-block-getwid-image-box dunecard getwid-animation has-text-left has-mobile-layout-default has-mobile-alignment-default\" data-animation=\"zoomSmall\"><div class=\"wp-block-getwid-image-box__image-container is-position-top\"><a href=\"https:\/\/ladunedupilat.com\/es\/preparacion\/tarifas-y-suscripciones\/\" class=\"wp-block-getwid-image-box__image-wrapper\"><img loading=\"lazy\" decoding=\"async\" width=\"252\" height=\"300\" src=\"https:\/\/ladunedupilat.com\/wp-content\/uploads\/2021\/05\/vignette-tarif-252x300.jpg\" alt=\"-\" class=\"wp-block-getwid-image-box__image wp-image-1826\" srcset=\"https:\/\/ladunedupilat.com\/wp-content\/uploads\/2021\/05\/vignette-tarif-252x300.jpg 252w, https:\/\/ladunedupilat.com\/wp-content\/uploads\/2021\/05\/vignette-tarif-10x12.jpg 10w, https:\/\/ladunedupilat.com\/wp-content\/uploads\/2021\/05\/vignette-tarif.jpg 336w\" sizes=\"auto, (max-width: 252px) 100vw, 252px\" \/><\/a><\/div><div class=\"wp-block-getwid-image-box__content\">\n<h3 class=\"wp-block-heading\">Precios y suscripciones<\/h3>\n\n\n\n<p><\/p>\n<\/div><\/div>\n\n\n\n<div class=\"wp-block-getwid-image-box dunecard getwid-animation has-text-left has-mobile-layout-default has-mobile-alignment-default\" data-animation=\"zoomSmall\"><div class=\"wp-block-getwid-image-box__image-container is-position-top\"><a href=\"https:\/\/ladunedupilat.com\/es\/preparacion\/consejos-de-visita\/\" class=\"wp-block-getwid-image-box__image-wrapper\"><img loading=\"lazy\" decoding=\"async\" width=\"252\" height=\"300\" src=\"https:\/\/ladunedupilat.com\/wp-content\/uploads\/2021\/05\/vignette-conseil-252x300.jpg\" alt=\"-\" class=\"wp-block-getwid-image-box__image wp-image-1818\" srcset=\"https:\/\/ladunedupilat.com\/wp-content\/uploads\/2021\/05\/vignette-conseil-252x300.jpg 252w, https:\/\/ladunedupilat.com\/wp-content\/uploads\/2021\/05\/vignette-conseil-10x12.jpg 10w, https:\/\/ladunedupilat.com\/wp-content\/uploads\/2021\/05\/vignette-conseil.jpg 336w\" sizes=\"auto, (max-width: 252px) 100vw, 252px\" \/><\/a><\/div><div class=\"wp-block-getwid-image-box__content\">\n<h3 class=\"wp-block-heading\">Consejos para visitas<\/h3>\n\n\n\n<p><\/p>\n<\/div><\/div>\n\n\n\n<div class=\"wp-block-getwid-image-box dunecard getwid-animation has-text-left has-mobile-layout-default has-mobile-alignment-default\" data-animation=\"zoomSmall\"><div class=\"wp-block-getwid-image-box__image-container is-position-top\"><a href=\"https:\/\/ladunedupilat.com\/es\/preparacion\/en-el-sitio\/\" class=\"wp-block-getwid-image-box__image-wrapper\"><img loading=\"lazy\" decoding=\"async\" width=\"266\" height=\"300\" src=\"https:\/\/ladunedupilat.com\/wp-content\/uploads\/2023\/11\/IMG_8622-scaled-e1700565635919-266x300.jpg\" alt=\"-\" class=\"wp-block-getwid-image-box__image wp-image-25489\" srcset=\"https:\/\/ladunedupilat.com\/wp-content\/uploads\/2023\/11\/IMG_8622-scaled-e1700565635919-266x300.jpg 266w, https:\/\/ladunedupilat.com\/wp-content\/uploads\/2023\/11\/IMG_8622-scaled-e1700565635919-908x1024.jpg 908w, https:\/\/ladunedupilat.com\/wp-content\/uploads\/2023\/11\/IMG_8622-scaled-e1700565635919-768x866.jpg 768w, https:\/\/ladunedupilat.com\/wp-content\/uploads\/2023\/11\/IMG_8622-scaled-e1700565635919-11x12.jpg 11w, https:\/\/ladunedupilat.com\/wp-content\/uploads\/2023\/11\/IMG_8622-scaled-e1700565635919.jpg 1006w\" sizes=\"auto, (max-width: 266px) 100vw, 266px\" \/><\/a><\/div><div class=\"wp-block-getwid-image-box__content\">\n<h3 class=\"wp-block-heading\">En el sitio<\/h3>\n\n\n\n<p><\/p>\n<\/div><\/div>\n\n\n\n<div class=\"wp-block-getwid-image-box dunecard getwid-animation has-text-left has-mobile-layout-default has-mobile-alignment-default\" data-animation=\"zoomSmall\"><div class=\"wp-block-getwid-image-box__image-container is-position-top\"><a href=\"https:\/\/ladunedupilat.com\/es\/preparacion\/accesibilidad\/\" class=\"wp-block-getwid-image-box__image-wrapper\"><img loading=\"lazy\" decoding=\"async\" width=\"252\" height=\"300\" src=\"https:\/\/ladunedupilat.com\/wp-content\/uploads\/2021\/05\/vignette-360-252x300.jpg\" alt=\"-\" class=\"wp-block-getwid-image-box__image wp-image-1803\" srcset=\"https:\/\/ladunedupilat.com\/wp-content\/uploads\/2021\/05\/vignette-360-252x300.jpg 252w, https:\/\/ladunedupilat.com\/wp-content\/uploads\/2021\/05\/vignette-360-10x12.jpg 10w, https:\/\/ladunedupilat.com\/wp-content\/uploads\/2021\/05\/vignette-360.jpg 336w\" sizes=\"auto, (max-width: 252px) 100vw, 252px\" \/><\/a><\/div><div class=\"wp-block-getwid-image-box__content\">\n<h3 class=\"wp-block-heading\">Mobilidad reducida<\/h3>\n\n\n\n<p><\/p>\n<\/div><\/div>\n\n\n\n<div class=\"wp-block-getwid-image-box dunecard getwid-animation has-text-left has-mobile-layout-default has-mobile-alignment-default\" data-animation=\"zoomSmall\"><div class=\"wp-block-getwid-image-box__image-container is-position-top\"><a href=\"https:\/\/ladunedupilat.com\/es\/preparacion\/tus-preguntas\/\" class=\"wp-block-getwid-image-box__image-wrapper\"><img loading=\"lazy\" decoding=\"async\" width=\"252\" height=\"300\" src=\"https:\/\/ladunedupilat.com\/wp-content\/uploads\/2021\/05\/vignette-faq-252x300.jpg\" alt=\"-\" class=\"wp-block-getwid-image-box__image wp-image-1819\" srcset=\"https:\/\/ladunedupilat.com\/wp-content\/uploads\/2021\/05\/vignette-faq-252x300.jpg 252w, https:\/\/ladunedupilat.com\/wp-content\/uploads\/2021\/05\/vignette-faq-10x12.jpg 10w, https:\/\/ladunedupilat.com\/wp-content\/uploads\/2021\/05\/vignette-faq.jpg 336w\" sizes=\"auto, (max-width: 252px) 100vw, 252px\" \/><\/a><\/div><div class=\"wp-block-getwid-image-box__content\">\n<h3 class=\"wp-block-heading\">Tus preguntas<\/h3>\n\n\n\n<p><\/p>\n<\/div><\/div>\n\n\n\n<div class=\"wp-block-getwid-image-box dunecard getwid-animation has-text-left has-mobile-layout-default has-mobile-alignment-default\" data-animation=\"zoomSmall\"><div class=\"wp-block-getwid-image-box__image-container is-position-top\"><a href=\"https:\/\/ladunedupilat.com\/es\/duna-2\/actualidad\/\" class=\"wp-block-getwid-image-box__image-wrapper\"><img loading=\"lazy\" decoding=\"async\" width=\"252\" height=\"300\" src=\"https:\/\/ladunedupilat.com\/wp-content\/uploads\/2021\/05\/vignette-actus-252x300.jpg\" alt=\"-\" class=\"wp-block-getwid-image-box__image wp-image-1786\" srcset=\"https:\/\/ladunedupilat.com\/wp-content\/uploads\/2021\/05\/vignette-actus-252x300.jpg 252w, https:\/\/ladunedupilat.com\/wp-content\/uploads\/2021\/05\/vignette-actus-10x12.jpg 10w, https:\/\/ladunedupilat.com\/wp-content\/uploads\/2021\/05\/vignette-actus.jpg 336w\" sizes=\"auto, (max-width: 252px) 100vw, 252px\" \/><\/a><\/div><div class=\"wp-block-getwid-image-box__content\">\n<h3 class=\"wp-block-heading\">Noticias<\/h3>\n\n\n\n<p><\/p>\n<\/div><\/div>\n\n\n\n<div class=\"wp-block-getwid-image-box dunecard getwid-animation has-text-left has-mobile-layout-default has-mobile-alignment-default\" data-animation=\"zoomSmall\"><div class=\"wp-block-getwid-image-box__image-container is-position-top\"><a href=\"https:\/\/ladunedupilat.com\/es\/yo-descubro\/proyectos-de-desarrollo\/\" class=\"wp-block-getwid-image-box__image-wrapper\"><img loading=\"lazy\" decoding=\"async\" width=\"267\" height=\"300\" src=\"https:\/\/ladunedupilat.com\/wp-content\/uploads\/2023\/11\/IMG_8260-scaled-1-e1700565923237-267x300.jpg\" alt=\"-\" class=\"wp-block-getwid-image-box__image wp-image-25492\" srcset=\"https:\/\/ladunedupilat.com\/wp-content\/uploads\/2023\/11\/IMG_8260-scaled-1-e1700565923237-267x300.jpg 267w, https:\/\/ladunedupilat.com\/wp-content\/uploads\/2023\/11\/IMG_8260-scaled-1-e1700565923237-911x1024.jpg 911w, https:\/\/ladunedupilat.com\/wp-content\/uploads\/2023\/11\/IMG_8260-scaled-1-e1700565923237-768x864.jpg 768w, https:\/\/ladunedupilat.com\/wp-content\/uploads\/2023\/11\/IMG_8260-scaled-1-e1700565923237-11x12.jpg 11w, https:\/\/ladunedupilat.com\/wp-content\/uploads\/2023\/11\/IMG_8260-scaled-1-e1700565923237.jpg 955w\" sizes=\"auto, (max-width: 267px) 100vw, 267px\" \/><\/a><\/div><div class=\"wp-block-getwid-image-box__content\">\n<h3 class=\"wp-block-heading\">La zona de recepci\u00f3n ha tenido un lavado de cara<\/h3>\n\n\n\n<p><\/p>\n<\/div><\/div>\n<\/div><\/div>\n\n\n\n<p><\/p>","protected":false},"excerpt":{"rendered":"<p>Asistencia en directo, \u00bfC\u00f3mo venir?, Normativa, Tarifas y abonos, Consejos de visita, Presencial, Accesibilidad, Tus preguntas, Novedades, La zona de recepci\u00f3n se renueva<\/p>","protected":false},"author":8,"featured_media":25496,"parent":0,"menu_order":2,"comment_status":"closed","ping_status":"closed","template":"templates\/template-full-width.php","meta":{"_acf_changed":false,"_uag_custom_page_level_css":"","footnotes":""},"class_list":["post-284","page","type-page","status-publish","has-post-thumbnail","hentry"],"acf":[],"uagb_featured_image_src":{"full":["https:\/\/ladunedupilat.com\/wp-content\/uploads\/2023\/11\/DJI_20231013120357_0139_D-scaled.jpg",2560,1917,false],"thumbnail":["https:\/\/ladunedupilat.com\/wp-content\/uploads\/2023\/11\/DJI_20231013120357_0139_D-150x150.jpg",150,150,true],"medium":["https:\/\/ladunedupilat.com\/wp-content\/uploads\/2023\/11\/DJI_20231013120357_0139_D-300x225.jpg",300,225,true],"medium_large":["https:\/\/ladunedupilat.com\/wp-content\/uploads\/2023\/11\/DJI_20231013120357_0139_D-768x575.jpg",580,434,true],"large":["https:\/\/ladunedupilat.com\/wp-content\/uploads\/2023\/11\/DJI_20231013120357_0139_D-1024x767.jpg",580,434,true],"1536x1536":["https:\/\/ladunedupilat.com\/wp-content\/uploads\/2023\/11\/DJI_20231013120357_0139_D-1536x1150.jpg",1536,1150,true],"2048x2048":["https:\/\/ladunedupilat.com\/wp-content\/uploads\/2023\/11\/DJI_20231013120357_0139_D-2048x1534.jpg",2048,1534,true],"trp-custom-language-flag":["https:\/\/ladunedupilat.com\/wp-content\/uploads\/2023\/11\/DJI_20231013120357_0139_D-16x12.jpg",16,12,true],"post-thumbnail":["https:\/\/ladunedupilat.com\/wp-content\/uploads\/2023\/11\/DJI_20231013120357_0139_D-1200x899.jpg",1200,899,true],"twentytwenty-fullscreen":["https:\/\/ladunedupilat.com\/wp-content\/uploads\/2023\/11\/DJI_20231013120357_0139_D-1980x1483.jpg",1980,1483,true]},"uagb_author_info":{"display_name":"communication@ladunedupilat.com","author_link":"https:\/\/ladunedupilat.com\/es\/author\/communicationladunedupilat-com\/"},"uagb_comment_info":0,"uagb_excerpt":"Fr\u00e9quentation en direct, Comment venir ?, R\u00e8glementation, Tarifs et abonnements, Conseils de visite, Sur place, Accessibilit\u00e9, Vos questions, Actualit\u00e9s, L'espace d'accueil fait peau neuve","_links":{"self":[{"href":"https:\/\/ladunedupilat.com\/es\/wp-json\/wp\/v2\/pages\/284","targetHints":{"allow":["GET"]}}],"collection":[{"href":"https:\/\/ladunedupilat.com\/es\/wp-json\/wp\/v2\/pages"}],"about":[{"href":"https:\/\/ladunedupilat.com\/es\/wp-json\/wp\/v2\/types\/page"}],"author":[{"embeddable":true,"href":"https:\/\/ladunedupilat.com\/es\/wp-json\/wp\/v2\/users\/8"}],"replies":[{"embeddable":true,"href":"https:\/\/ladunedupilat.com\/es\/wp-json\/wp\/v2\/comments?post=284"}],"version-history":[{"count":1,"href":"https:\/\/ladunedupilat.com\/es\/wp-json\/wp\/v2\/pages\/284\/revisions"}],"predecessor-version":[{"id":25584,"href":"https:\/\/ladunedupilat.com\/es\/wp-json\/wp\/v2\/pages\/284\/revisions\/25584"}],"wp:featuredmedia":[{"embeddable":true,"href":"https:\/\/ladunedupilat.com\/es\/wp-json\/wp\/v2\/media\/25496"}],"wp:attachment":[{"href":"https:\/\/ladunedupilat.com\/es\/wp-json\/wp\/v2\/media?parent=284"}],"curies":[{"name":"gracias","href":"https:\/\/api.w.org\/{rel}","templated":true}]}}