{"id":296,"date":"2021-03-02T18:16:29","date_gmt":"2021-03-02T17:16:29","guid":{"rendered":"https:\/\/ladunedupilat.com\/?page_id=296"},"modified":"2023-12-01T16:32:22","modified_gmt":"2023-12-01T15:32:22","slug":"estudiantes","status":"publish","type":"page","link":"https:\/\/ladunedupilat.com\/es\/etudiants\/","title":{"rendered":"<strong>Yo soy\u2026<\/strong> un estudiante"},"content":{"rendered":"<div class=\"wp-block-group inter\"><div class=\"wp-block-group__inner-container is-layout-flow wp-block-group-is-layout-flow\">\n<div class=\"wp-block-getwid-image-box dunecard getwid-animation has-text-left has-mobile-layout-default has-mobile-alignment-default\" data-animation=\"zoomSmall\"><div class=\"wp-block-getwid-image-box__image-container is-position-top\"><a href=\"https:\/\/ladunedupilat.com\/es\/yo-descubro\/en-breve\/\" rel=\"\" class=\"wp-block-getwid-image-box__image-wrapper\"><img loading=\"lazy\" decoding=\"async\" width=\"252\" height=\"300\" src=\"https:\/\/ladunedupilat.com\/wp-content\/uploads\/2021\/05\/vignette-en-bref-252x300.jpg\" alt=\"-\" class=\"wp-block-getwid-image-box__image wp-image-1789\" srcset=\"https:\/\/ladunedupilat.com\/wp-content\/uploads\/2021\/05\/vignette-en-bref-252x300.jpg 252w, https:\/\/ladunedupilat.com\/wp-content\/uploads\/2021\/05\/vignette-en-bref-10x12.jpg 10w, https:\/\/ladunedupilat.com\/wp-content\/uploads\/2021\/05\/vignette-en-bref.jpg 336w\" sizes=\"auto, (max-width: 252px) 100vw, 252px\" \/><\/a><\/div><div class=\"wp-block-getwid-image-box__content\">\n<h3 class=\"wp-block-heading\">El Gran Sitio<\/h3>\n\n\n\n<p><\/p>\n<\/div><\/div>\n\n\n\n<div class=\"wp-block-getwid-image-box dunecard getwid-animation has-text-left has-mobile-layout-default has-mobile-alignment-default\" data-animation=\"zoomSmall\"><div class=\"wp-block-getwid-image-box__image-container is-position-top\"><a href=\"https:\/\/ladunedupilat.com\/es\/yo-descubro\/reconstruccion-duna\/\" class=\"wp-block-getwid-image-box__image-wrapper\"><img loading=\"lazy\" decoding=\"async\" width=\"252\" height=\"300\" src=\"https:\/\/ladunedupilat.com\/wp-content\/uploads\/2021\/05\/vignette-reconstitution-252x300.jpg\" alt=\"-\" class=\"wp-block-getwid-image-box__image wp-image-1801\" srcset=\"https:\/\/ladunedupilat.com\/wp-content\/uploads\/2021\/05\/vignette-reconstitution-252x300.jpg 252w, https:\/\/ladunedupilat.com\/wp-content\/uploads\/2021\/05\/vignette-reconstitution-10x12.jpg 10w, https:\/\/ladunedupilat.com\/wp-content\/uploads\/2021\/05\/vignette-reconstitution.jpg 336w\" sizes=\"auto, (max-width: 252px) 100vw, 252px\" \/><\/a><\/div><div class=\"wp-block-getwid-image-box__content\">\n<h3 class=\"wp-block-heading\">La formaci\u00f3n de la Duna<\/h3>\n\n\n\n<p><\/p>\n<\/div><\/div>\n\n\n\n<div class=\"wp-block-getwid-image-box dunecard getwid-animation has-text-left has-mobile-layout-default has-mobile-alignment-default\" data-animation=\"zoomSmall\"><div class=\"wp-block-getwid-image-box__image-container is-position-top\"><a href=\"https:\/\/ladunedupilat.com\/es\/yo-descubro\/mision-union-mixta\/\" class=\"wp-block-getwid-image-box__image-wrapper\"><img loading=\"lazy\" decoding=\"async\" width=\"252\" height=\"300\" src=\"https:\/\/ladunedupilat.com\/wp-content\/uploads\/2021\/05\/vignette-mission-252x300.jpg\" alt=\"-\" class=\"wp-block-getwid-image-box__image wp-image-1793\" srcset=\"https:\/\/ladunedupilat.com\/wp-content\/uploads\/2021\/05\/vignette-mission-252x300.jpg 252w, https:\/\/ladunedupilat.com\/wp-content\/uploads\/2021\/05\/vignette-mission-10x12.jpg 10w, https:\/\/ladunedupilat.com\/wp-content\/uploads\/2021\/05\/vignette-mission.jpg 336w\" sizes=\"auto, (max-width: 252px) 100vw, 252px\" \/><\/a><\/div><div class=\"wp-block-getwid-image-box__content\">\n<h3 class=\"wp-block-heading\">Un sindicato mixto de gesti\u00f3n p\u00fablica<\/h3>\n\n\n\n<p><\/p>\n<\/div><\/div>\n\n\n\n<div class=\"wp-block-getwid-image-box dunecard getwid-animation has-text-left has-mobile-layout-default has-mobile-alignment-default\" data-animation=\"zoomSmall\"><div class=\"wp-block-getwid-image-box__image-container is-position-top\"><a href=\"https:\/\/ladunedupilat.com\/es\/yo-descubro\/voz-a-expertos\/\" class=\"wp-block-getwid-image-box__image-wrapper\"><img loading=\"lazy\" decoding=\"async\" width=\"252\" height=\"300\" src=\"https:\/\/ladunedupilat.com\/wp-content\/uploads\/2021\/05\/vignette-experts-252x300.jpg\" alt=\"-\" class=\"wp-block-getwid-image-box__image wp-image-1797\" srcset=\"https:\/\/ladunedupilat.com\/wp-content\/uploads\/2021\/05\/vignette-experts-252x300.jpg 252w, https:\/\/ladunedupilat.com\/wp-content\/uploads\/2021\/05\/vignette-experts-10x12.jpg 10w, https:\/\/ladunedupilat.com\/wp-content\/uploads\/2021\/05\/vignette-experts.jpg 336w\" sizes=\"auto, (max-width: 252px) 100vw, 252px\" \/><\/a><\/div><div class=\"wp-block-getwid-image-box__content\">\n<h3 class=\"wp-block-heading\">Palabra a los expertos<\/h3>\n\n\n\n<p><\/p>\n<\/div><\/div>\n\n\n\n<div class=\"wp-block-getwid-image-box dunecard getwid-animation has-text-left has-mobile-layout-default has-mobile-alignment-default\" data-animation=\"zoomSmall\"><div class=\"wp-block-getwid-image-box__image-container is-position-top\"><a href=\"\/es\/trabajos-de-practicas\/\" rel=\"\" class=\"wp-block-getwid-image-box__image-wrapper\"><img loading=\"lazy\" decoding=\"async\" width=\"266\" height=\"300\" src=\"https:\/\/ladunedupilat.com\/wp-content\/uploads\/2023\/11\/IMG_8622-scaled-e1700565635919-266x300.jpg\" alt=\"-\" class=\"wp-block-getwid-image-box__image wp-image-25489\" srcset=\"https:\/\/ladunedupilat.com\/wp-content\/uploads\/2023\/11\/IMG_8622-scaled-e1700565635919-266x300.jpg 266w, https:\/\/ladunedupilat.com\/wp-content\/uploads\/2023\/11\/IMG_8622-scaled-e1700565635919-908x1024.jpg 908w, https:\/\/ladunedupilat.com\/wp-content\/uploads\/2023\/11\/IMG_8622-scaled-e1700565635919-768x866.jpg 768w, https:\/\/ladunedupilat.com\/wp-content\/uploads\/2023\/11\/IMG_8622-scaled-e1700565635919-11x12.jpg 11w, https:\/\/ladunedupilat.com\/wp-content\/uploads\/2023\/11\/IMG_8622-scaled-e1700565635919.jpg 1006w\" sizes=\"auto, (max-width: 266px) 100vw, 266px\" \/><\/a><\/div><div class=\"wp-block-getwid-image-box__content\">\n<h3 class=\"wp-block-heading\">Trabajos y pasant\u00edas<\/h3>\n\n\n\n<p><\/p>\n<\/div><\/div>\n\n\n\n<div class=\"wp-block-getwid-image-box dunecard getwid-animation has-text-left has-mobile-layout-default has-mobile-alignment-default\" data-animation=\"zoomSmall\"><div class=\"wp-block-getwid-image-box__image-container is-position-top\"><a href=\"https:\/\/ladunedupilat.com\/es\/yo-descubro\/flora-y-fauna\/\" class=\"wp-block-getwid-image-box__image-wrapper\"><img loading=\"lazy\" decoding=\"async\" width=\"252\" height=\"300\" src=\"https:\/\/ladunedupilat.com\/wp-content\/uploads\/2021\/05\/vignette-faune-252x300.jpg\" alt=\"-\" class=\"wp-block-getwid-image-box__image wp-image-1791\" srcset=\"https:\/\/ladunedupilat.com\/wp-content\/uploads\/2021\/05\/vignette-faune-252x300.jpg 252w, https:\/\/ladunedupilat.com\/wp-content\/uploads\/2021\/05\/vignette-faune-10x12.jpg 10w, https:\/\/ladunedupilat.com\/wp-content\/uploads\/2021\/05\/vignette-faune.jpg 336w\" sizes=\"auto, (max-width: 252px) 100vw, 252px\" \/><\/a><\/div><div class=\"wp-block-getwid-image-box__content\">\n<h3 class=\"wp-block-heading\">Los discretos anfitriones del Dune<\/h3>\n\n\n\n<p><\/p>\n<\/div><\/div>\n\n\n\n<div class=\"wp-block-getwid-image-box dunecard getwid-animation has-text-left has-mobile-layout-default has-mobile-alignment-default\" data-animation=\"zoomSmall\"><div class=\"wp-block-getwid-image-box__image-container is-position-top\"><a href=\"https:\/\/ladunedupilat.com\/es\/yo-descubro\/documentaciones\/\" class=\"wp-block-getwid-image-box__image-wrapper\"><img loading=\"lazy\" decoding=\"async\" width=\"252\" height=\"300\" src=\"https:\/\/ladunedupilat.com\/wp-content\/uploads\/2021\/05\/vignette-ressources-252x300.jpg\" alt=\"recursos\" class=\"wp-block-getwid-image-box__image wp-image-1913\" srcset=\"https:\/\/ladunedupilat.com\/wp-content\/uploads\/2021\/05\/vignette-ressources-252x300.jpg 252w, https:\/\/ladunedupilat.com\/wp-content\/uploads\/2021\/05\/vignette-ressources-10x12.jpg 10w, https:\/\/ladunedupilat.com\/wp-content\/uploads\/2021\/05\/vignette-ressources.jpg 336w\" sizes=\"auto, (max-width: 252px) 100vw, 252px\" \/><\/a><\/div><div class=\"wp-block-getwid-image-box__content\">\n<h3 class=\"wp-block-heading\">Me documente<\/h3>\n\n\n\n<p><\/p>\n<\/div><\/div>\n<\/div><\/div>\n\n\n\n<p><\/p>","protected":false},"excerpt":{"rendered":"<p>El Gran Sitio, La reconstrucci\u00f3n de la duna, Un Sindicato conjunto para la gesti\u00f3n p\u00fablica, Palabra a los expertos, Trabajos y pr\u00e1cticas, Las discretas huestes de la Duna, Me documento\u2026<\/p>","protected":false},"author":8,"featured_media":1915,"parent":0,"menu_order":8,"comment_status":"closed","ping_status":"closed","template":"","meta":{"_acf_changed":false,"_uag_custom_page_level_css":"","footnotes":""},"class_list":["post-296","page","type-page","status-publish","has-post-thumbnail","hentry"],"acf":[],"uagb_featured_image_src":{"full":["https:\/\/ladunedupilat.com\/wp-content\/uploads\/2021\/05\/entete-etudiant.jpg",1600,800,false],"thumbnail":["https:\/\/ladunedupilat.com\/wp-content\/uploads\/2021\/05\/entete-etudiant-150x150.jpg",150,150,true],"medium":["https:\/\/ladunedupilat.com\/wp-content\/uploads\/2021\/05\/entete-etudiant-300x150.jpg",300,150,true],"medium_large":["https:\/\/ladunedupilat.com\/wp-content\/uploads\/2021\/05\/entete-etudiant-768x384.jpg",580,290,true],"large":["https:\/\/ladunedupilat.com\/wp-content\/uploads\/2021\/05\/entete-etudiant-1024x512.jpg",580,290,true],"1536x1536":["https:\/\/ladunedupilat.com\/wp-content\/uploads\/2021\/05\/entete-etudiant-1536x768.jpg",1536,768,true],"2048x2048":["https:\/\/ladunedupilat.com\/wp-content\/uploads\/2021\/05\/entete-etudiant.jpg",1600,800,false],"trp-custom-language-flag":["https:\/\/ladunedupilat.com\/wp-content\/uploads\/2021\/05\/entete-etudiant-16x8.jpg",16,8,true],"post-thumbnail":["https:\/\/ladunedupilat.com\/wp-content\/uploads\/2021\/05\/entete-etudiant-1200x600.jpg",1200,600,true],"twentytwenty-fullscreen":["https:\/\/ladunedupilat.com\/wp-content\/uploads\/2021\/05\/entete-etudiant.jpg",1600,800,false]},"uagb_author_info":{"display_name":"communication@ladunedupilat.com","author_link":"https:\/\/ladunedupilat.com\/es\/author\/communicationladunedupilat-com\/"},"uagb_comment_info":0,"uagb_excerpt":"Le Grand Site, La reconstitution de la dune, Un Syndicat mixte pour une gestion publique, Parole aux experts, Emplois et stages, Les h\u00f4tes discrets de la Dune, Je me documente...","_links":{"self":[{"href":"https:\/\/ladunedupilat.com\/es\/wp-json\/wp\/v2\/pages\/296","targetHints":{"allow":["GET"]}}],"collection":[{"href":"https:\/\/ladunedupilat.com\/es\/wp-json\/wp\/v2\/pages"}],"about":[{"href":"https:\/\/ladunedupilat.com\/es\/wp-json\/wp\/v2\/types\/page"}],"author":[{"embeddable":true,"href":"https:\/\/ladunedupilat.com\/es\/wp-json\/wp\/v2\/users\/8"}],"replies":[{"embeddable":true,"href":"https:\/\/ladunedupilat.com\/es\/wp-json\/wp\/v2\/comments?post=296"}],"version-history":[{"count":1,"href":"https:\/\/ladunedupilat.com\/es\/wp-json\/wp\/v2\/pages\/296\/revisions"}],"predecessor-version":[{"id":25594,"href":"https:\/\/ladunedupilat.com\/es\/wp-json\/wp\/v2\/pages\/296\/revisions\/25594"}],"wp:featuredmedia":[{"embeddable":true,"href":"https:\/\/ladunedupilat.com\/es\/wp-json\/wp\/v2\/media\/1915"}],"wp:attachment":[{"href":"https:\/\/ladunedupilat.com\/es\/wp-json\/wp\/v2\/media?parent=296"}],"curies":[{"name":"gracias","href":"https:\/\/api.w.org\/{rel}","templated":true}]}}