{"id":313,"date":"2021-03-02T18:26:19","date_gmt":"2021-03-02T17:26:19","guid":{"rendered":"https:\/\/ladunedupilat.com\/?page_id=313"},"modified":"2025-08-01T16:12:24","modified_gmt":"2025-08-01T14:12:24","slug":"el-bosque","status":"publish","type":"page","link":"https:\/\/ladunedupilat.com\/es\/je-decouvre\/grand-site\/la-foret\/","title":{"rendered":"El bosque"},"content":{"rendered":"<h2 class=\"wp-block-heading\">El gran fuego<\/h2>\n\n\n\n<section class=\"wp-block-uagb-columns uagb-columns__wrap uagb-columns__background-none uagb-columns__stack-mobile uagb-columns__valign- uagb-columns__gap-10 align uagb-block-83f6164b uagb-columns__columns-1 uagb-columns__max_width-custom\"><div class=\"uagb-columns__overlay\"><\/div><div class=\"uagb-columns__inner-wrap uagb-columns__columns-1\">\n<div class=\"wp-block-uagb-column uagb-column__wrap uagb-column__background-undefined uagb-block-ea0df662\"><div class=\"uagb-column__overlay\"><\/div>\n<p><strong>El bosque que respalda la Duna sufri\u00f3 una cat\u00e1strofe sin precedentes en julio de 2022. Un terrible incendio de m\u00e1s de 6.000 hect\u00e1reas destruy\u00f3 gran parte de este inmenso y antiguo macizo forestal. Bomberos, servicios de seguridad y salvamento, cientos de hombres y mujeres\u2026. Todos se movilizaron para luchar incansablemente contra las llamas para salvar este paisaje inseparable del Gran Sitio.<\/strong><\/p>\n\n\n\n<p>Es una parte de la historia que desaparece, como la <strong>alfileres de botellas con gemas<\/strong> y los <strong>robles centenarios<\/strong> carbonizados, llev\u00e1ndose consigo parte de nuestra <strong>herencia<\/strong>. Insectos, reptiles, anfibios, aves, mam\u00edferos, pero tambi\u00e9n plantas con flores, l\u00edquenes, musgos y setas... todos los estratos de la biodiversidad se vieron profundamente afectados por este incendio a gran escala. <\/p>\n\n\n\n<p>Si el paisaje de la Duna llevar\u00e1 sus cicatrices durante mucho tiempo, es un <strong>nueva pagina<\/strong> que comienza por el renacimiento de este magn\u00edfico bosque, inseparable del Gran Sitio.<\/p>\n\n\n\n<figure class=\"wp-block-gallery has-nested-images columns-4 is-cropped wp-block-gallery-1 is-layout-flex wp-block-gallery-is-layout-flex\">\n<figure class=\"wp-block-image size-large\"><img loading=\"lazy\" decoding=\"async\" width=\"1024\" height=\"683\" data-id=\"25432\" src=\"https:\/\/ladunedupilat.com\/wp-content\/uploads\/2023\/11\/incendie-1024x683.jpg\" alt=\"-\" class=\"wp-image-25432\" srcset=\"https:\/\/ladunedupilat.com\/wp-content\/uploads\/2023\/11\/incendie-1024x683.jpg 1024w, https:\/\/ladunedupilat.com\/wp-content\/uploads\/2023\/11\/incendie-300x200.jpg 300w, https:\/\/ladunedupilat.com\/wp-content\/uploads\/2023\/11\/incendie-768x512.jpg 768w, https:\/\/ladunedupilat.com\/wp-content\/uploads\/2023\/11\/incendie-1536x1024.jpg 1536w, https:\/\/ladunedupilat.com\/wp-content\/uploads\/2023\/11\/incendie-18x12.jpg 18w, https:\/\/ladunedupilat.com\/wp-content\/uploads\/2023\/11\/incendie-1200x800.jpg 1200w, https:\/\/ladunedupilat.com\/wp-content\/uploads\/2023\/11\/incendie-1980x1320.jpg 1980w, https:\/\/ladunedupilat.com\/wp-content\/uploads\/2023\/11\/incendie.jpg 2048w\" sizes=\"auto, (max-width: 1024px) 100vw, 1024px\" \/><figcaption class=\"wp-element-caption\">Nube de humo<\/figcaption><\/figure>\n\n\n\n<figure class=\"wp-block-image size-large\"><img loading=\"lazy\" decoding=\"async\" width=\"1024\" height=\"683\" data-id=\"25429\" src=\"https:\/\/ladunedupilat.com\/wp-content\/uploads\/2023\/11\/IMG_6482-1024x683.jpg\" alt=\"-\" class=\"wp-image-25429\" srcset=\"https:\/\/ladunedupilat.com\/wp-content\/uploads\/2023\/11\/IMG_6482-1024x683.jpg 1024w, https:\/\/ladunedupilat.com\/wp-content\/uploads\/2023\/11\/IMG_6482-300x200.jpg 300w, https:\/\/ladunedupilat.com\/wp-content\/uploads\/2023\/11\/IMG_6482-768x512.jpg 768w, https:\/\/ladunedupilat.com\/wp-content\/uploads\/2023\/11\/IMG_6482-1536x1024.jpg 1536w, https:\/\/ladunedupilat.com\/wp-content\/uploads\/2023\/11\/IMG_6482-2048x1365.jpg 2048w, https:\/\/ladunedupilat.com\/wp-content\/uploads\/2023\/11\/IMG_6482-18x12.jpg 18w, https:\/\/ladunedupilat.com\/wp-content\/uploads\/2023\/11\/IMG_6482-1200x800.jpg 1200w, https:\/\/ladunedupilat.com\/wp-content\/uploads\/2023\/11\/IMG_6482-1980x1320.jpg 1980w\" sizes=\"auto, (max-width: 1024px) 100vw, 1024px\" \/><figcaption class=\"wp-element-caption\">Las cicatrices del fuego<\/figcaption><\/figure>\n\n\n\n<figure class=\"wp-block-image size-large\"><img loading=\"lazy\" decoding=\"async\" width=\"1024\" height=\"683\" data-id=\"25426\" src=\"https:\/\/ladunedupilat.com\/wp-content\/uploads\/2023\/11\/IMG_6336-1024x683.jpg\" alt=\"-\" class=\"wp-image-25426\" srcset=\"https:\/\/ladunedupilat.com\/wp-content\/uploads\/2023\/11\/IMG_6336-1024x683.jpg 1024w, https:\/\/ladunedupilat.com\/wp-content\/uploads\/2023\/11\/IMG_6336-300x200.jpg 300w, https:\/\/ladunedupilat.com\/wp-content\/uploads\/2023\/11\/IMG_6336-768x512.jpg 768w, https:\/\/ladunedupilat.com\/wp-content\/uploads\/2023\/11\/IMG_6336-1536x1024.jpg 1536w, https:\/\/ladunedupilat.com\/wp-content\/uploads\/2023\/11\/IMG_6336-2048x1365.jpg 2048w, https:\/\/ladunedupilat.com\/wp-content\/uploads\/2023\/11\/IMG_6336-18x12.jpg 18w, https:\/\/ladunedupilat.com\/wp-content\/uploads\/2023\/11\/IMG_6336-1200x800.jpg 1200w, https:\/\/ladunedupilat.com\/wp-content\/uploads\/2023\/11\/IMG_6336-1980x1320.jpg 1980w\" sizes=\"auto, (max-width: 1024px) 100vw, 1024px\" \/><figcaption class=\"wp-element-caption\">Ba\u00fales carbonizados<\/figcaption><\/figure>\n\n\n\n<figure class=\"wp-block-image size-large\"><img loading=\"lazy\" decoding=\"async\" width=\"1024\" height=\"683\" data-id=\"25424\" src=\"https:\/\/ladunedupilat.com\/wp-content\/uploads\/2023\/11\/IMG_5345-1024x683.jpg\" alt=\"-\" class=\"wp-image-25424\" srcset=\"https:\/\/ladunedupilat.com\/wp-content\/uploads\/2023\/11\/IMG_5345-1024x683.jpg 1024w, https:\/\/ladunedupilat.com\/wp-content\/uploads\/2023\/11\/IMG_5345-300x200.jpg 300w, https:\/\/ladunedupilat.com\/wp-content\/uploads\/2023\/11\/IMG_5345-768x512.jpg 768w, https:\/\/ladunedupilat.com\/wp-content\/uploads\/2023\/11\/IMG_5345-1536x1024.jpg 1536w, https:\/\/ladunedupilat.com\/wp-content\/uploads\/2023\/11\/IMG_5345-2048x1365.jpg 2048w, https:\/\/ladunedupilat.com\/wp-content\/uploads\/2023\/11\/IMG_5345-18x12.jpg 18w, https:\/\/ladunedupilat.com\/wp-content\/uploads\/2023\/11\/IMG_5345-1200x800.jpg 1200w, https:\/\/ladunedupilat.com\/wp-content\/uploads\/2023\/11\/IMG_5345-1980x1320.jpg 1980w\" sizes=\"auto, (max-width: 1024px) 100vw, 1024px\" \/><figcaption class=\"wp-element-caption\">La naturaleza asustada<\/figcaption><\/figure>\n\n\n\n<figure class=\"wp-block-image size-large\"><img loading=\"lazy\" decoding=\"async\" width=\"1024\" height=\"1024\" data-id=\"25434\" src=\"https:\/\/ladunedupilat.com\/wp-content\/uploads\/2023\/11\/Incendie3-1024x1024.jpg\" alt=\"-\" class=\"wp-image-25434\" srcset=\"https:\/\/ladunedupilat.com\/wp-content\/uploads\/2023\/11\/Incendie3-1024x1024.jpg 1024w, https:\/\/ladunedupilat.com\/wp-content\/uploads\/2023\/11\/Incendie3-300x300.jpg 300w, https:\/\/ladunedupilat.com\/wp-content\/uploads\/2023\/11\/Incendie3-150x150.jpg 150w, https:\/\/ladunedupilat.com\/wp-content\/uploads\/2023\/11\/Incendie3-768x768.jpg 768w, https:\/\/ladunedupilat.com\/wp-content\/uploads\/2023\/11\/Incendie3-12x12.jpg 12w, https:\/\/ladunedupilat.com\/wp-content\/uploads\/2023\/11\/Incendie3-1200x1200.jpg 1200w, https:\/\/ladunedupilat.com\/wp-content\/uploads\/2023\/11\/Incendie3.jpg 1365w\" sizes=\"auto, (max-width: 1024px) 100vw, 1024px\" \/><figcaption class=\"wp-element-caption\">Detr\u00e1s de la Duna, las huellas del incendio<\/figcaption><\/figure>\n\n\n\n<figure class=\"wp-block-image size-large\"><img loading=\"lazy\" decoding=\"async\" width=\"1024\" height=\"683\" data-id=\"25433\" src=\"https:\/\/ladunedupilat.com\/wp-content\/uploads\/2023\/11\/Incendie_2-1024x683.jpg\" alt=\"-\" class=\"wp-image-25433\" srcset=\"https:\/\/ladunedupilat.com\/wp-content\/uploads\/2023\/11\/Incendie_2-1024x683.jpg 1024w, https:\/\/ladunedupilat.com\/wp-content\/uploads\/2023\/11\/Incendie_2-300x200.jpg 300w, https:\/\/ladunedupilat.com\/wp-content\/uploads\/2023\/11\/Incendie_2-768x512.jpg 768w, https:\/\/ladunedupilat.com\/wp-content\/uploads\/2023\/11\/Incendie_2-1536x1024.jpg 1536w, https:\/\/ladunedupilat.com\/wp-content\/uploads\/2023\/11\/Incendie_2-18x12.jpg 18w, https:\/\/ladunedupilat.com\/wp-content\/uploads\/2023\/11\/Incendie_2-1200x800.jpg 1200w, https:\/\/ladunedupilat.com\/wp-content\/uploads\/2023\/11\/Incendie_2-1980x1320.jpg 1980w, https:\/\/ladunedupilat.com\/wp-content\/uploads\/2023\/11\/Incendie_2.jpg 2048w\" sizes=\"auto, (max-width: 1024px) 100vw, 1024px\" \/><figcaption class=\"wp-element-caption\">Terrible contraste entre el rubio de la Duna y el gris del humo<\/figcaption><\/figure>\n\n\n\n<figure class=\"wp-block-image size-large\"><img loading=\"lazy\" decoding=\"async\" width=\"1024\" height=\"683\" data-id=\"25431\" src=\"https:\/\/ladunedupilat.com\/wp-content\/uploads\/2023\/11\/IMG_7187-1024x683.jpg\" alt=\"-\" class=\"wp-image-25431\" srcset=\"https:\/\/ladunedupilat.com\/wp-content\/uploads\/2023\/11\/IMG_7187-1024x683.jpg 1024w, https:\/\/ladunedupilat.com\/wp-content\/uploads\/2023\/11\/IMG_7187-300x200.jpg 300w, https:\/\/ladunedupilat.com\/wp-content\/uploads\/2023\/11\/IMG_7187-768x512.jpg 768w, https:\/\/ladunedupilat.com\/wp-content\/uploads\/2023\/11\/IMG_7187-1536x1024.jpg 1536w, https:\/\/ladunedupilat.com\/wp-content\/uploads\/2023\/11\/IMG_7187-2048x1365.jpg 2048w, https:\/\/ladunedupilat.com\/wp-content\/uploads\/2023\/11\/IMG_7187-18x12.jpg 18w, https:\/\/ladunedupilat.com\/wp-content\/uploads\/2023\/11\/IMG_7187-1200x800.jpg 1200w, https:\/\/ladunedupilat.com\/wp-content\/uploads\/2023\/11\/IMG_7187-1980x1320.jpg 1980w\" sizes=\"auto, (max-width: 1024px) 100vw, 1024px\" \/><figcaption class=\"wp-element-caption\">Un paisaje lunar<\/figcaption><\/figure>\n\n\n\n<figure class=\"wp-block-image size-large\"><img loading=\"lazy\" decoding=\"async\" width=\"1024\" height=\"683\" data-id=\"25430\" src=\"https:\/\/ladunedupilat.com\/wp-content\/uploads\/2023\/11\/IMG_6493-1024x683.jpg\" alt=\"-\" class=\"wp-image-25430\" srcset=\"https:\/\/ladunedupilat.com\/wp-content\/uploads\/2023\/11\/IMG_6493-1024x683.jpg 1024w, https:\/\/ladunedupilat.com\/wp-content\/uploads\/2023\/11\/IMG_6493-300x200.jpg 300w, https:\/\/ladunedupilat.com\/wp-content\/uploads\/2023\/11\/IMG_6493-768x512.jpg 768w, https:\/\/ladunedupilat.com\/wp-content\/uploads\/2023\/11\/IMG_6493-1536x1024.jpg 1536w, https:\/\/ladunedupilat.com\/wp-content\/uploads\/2023\/11\/IMG_6493-2048x1365.jpg 2048w, https:\/\/ladunedupilat.com\/wp-content\/uploads\/2023\/11\/IMG_6493-18x12.jpg 18w, https:\/\/ladunedupilat.com\/wp-content\/uploads\/2023\/11\/IMG_6493-1200x800.jpg 1200w, https:\/\/ladunedupilat.com\/wp-content\/uploads\/2023\/11\/IMG_6493-1980x1320.jpg 1980w\" sizes=\"auto, (max-width: 1024px) 100vw, 1024px\" \/><figcaption class=\"wp-element-caption\">Algunos brotes j\u00f3venes<\/figcaption><\/figure>\n\n\n\n<figure class=\"wp-block-image size-large\"><img loading=\"lazy\" decoding=\"async\" width=\"1024\" height=\"683\" data-id=\"25427\" src=\"https:\/\/ladunedupilat.com\/wp-content\/uploads\/2023\/11\/IMG_6375-1024x683.jpg\" alt=\"-\" class=\"wp-image-25427\" srcset=\"https:\/\/ladunedupilat.com\/wp-content\/uploads\/2023\/11\/IMG_6375-1024x683.jpg 1024w, https:\/\/ladunedupilat.com\/wp-content\/uploads\/2023\/11\/IMG_6375-300x200.jpg 300w, https:\/\/ladunedupilat.com\/wp-content\/uploads\/2023\/11\/IMG_6375-768x512.jpg 768w, https:\/\/ladunedupilat.com\/wp-content\/uploads\/2023\/11\/IMG_6375-1536x1024.jpg 1536w, https:\/\/ladunedupilat.com\/wp-content\/uploads\/2023\/11\/IMG_6375-2048x1365.jpg 2048w, https:\/\/ladunedupilat.com\/wp-content\/uploads\/2023\/11\/IMG_6375-18x12.jpg 18w, https:\/\/ladunedupilat.com\/wp-content\/uploads\/2023\/11\/IMG_6375-1200x800.jpg 1200w, https:\/\/ladunedupilat.com\/wp-content\/uploads\/2023\/11\/IMG_6375-1980x1320.jpg 1980w\" sizes=\"auto, (max-width: 1024px) 100vw, 1024px\" \/><figcaption class=\"wp-element-caption\">La fauna y la flora silvestres se ven muy afectadas<\/figcaption><\/figure>\n<\/figure>\n<\/div>\n<\/div><\/section>\n\n\n\n<h3 class=\"wp-block-heading\">La historia del bosque.<\/h3>\n\n\n\n<section class=\"wp-block-uagb-columns uagb-columns__wrap uagb-columns__background-none uagb-columns__stack-tablet uagb-columns__valign- uagb-columns__gap-10 align uagb-block-f5cd9da0 uagb-columns__columns-3 uagb-columns__max_width-custom\"><div class=\"uagb-columns__overlay\"><\/div><div class=\"uagb-columns__inner-wrap uagb-columns__columns-3\">\n<div class=\"wp-block-uagb-column uagb-column__wrap uagb-column__background-undefined uagb-block-f968c68d\"><div class=\"uagb-column__overlay\"><\/div>\n<p>Desde la cima de la Duna, tu mirada domina el <strong>bosque de usuarios de La Teste-de-Buch<\/strong> con su marcado relieve. Este bosque milenario cubre dunas milenarias.<\/p>\n\n\n\n<p>Caminando por aqu\u00ed en el siglo pasado, habr\u00edas notado la muesca o &quot;\u00a0<strong>cuadrado<\/strong>\u00a0\u00bb llevado a cabo por el <strong>joya<\/strong> sobre los troncos de los pinos para recoger la resina. La gema que produce el \u00e1rbol para curar se recolecta luego en macetas de terracota o &quot;\u00a0<strong>cutyot<\/strong>\u201c. Estas heridas todav\u00eda son visibles en algunos pinos. <\/p>\n\n\n\n<p>Hasta mediados del 20<sup>mi<\/sup> siglo, el hermanamiento constituye uno de los <strong>impulsores de la actividad econ\u00f3mica local<\/strong> y la fuente de ingresos de muchos residentes. <\/p>\n\n\n\n<p>Utilizada en la industria qu\u00edmica y farmac\u00e9utica, la resina se utilizaba, una vez destilada, para elaborar pinturas, perfumes, jabones, etc.<\/p>\n\n\n\n<p>Esta pr\u00e1ctica declin\u00f3 en la d\u00e9cada de 1960. Pero hoy podemos ver un inter\u00e9s renovado en hacer tapping en el \u00e1rea.<\/p>\n<\/div>\n\n\n\n<div class=\"wp-block-uagb-column uagb-column__wrap uagb-column__background-undefined uagb-block-30cc2f5f\"><div class=\"uagb-column__overlay\"><\/div><\/div>\n\n\n\n<div class=\"wp-block-uagb-column uagb-column__wrap uagb-column__background-undefined uagb-block-e9ab0d8e\"><div class=\"uagb-column__overlay\"><\/div>\n<figure class=\"wp-block-image size-large tw-mt-0\"><img loading=\"lazy\" decoding=\"async\" width=\"683\" height=\"1024\" src=\"https:\/\/ladunedupilat.com\/wp-content\/uploads\/2021\/05\/IMG_2390-683x1024.jpg\" alt=\"-\" class=\"wp-image-1530\"><\/figure>\n<\/div>\n<\/div><\/section>\n\n\n\n<section class=\"wp-block-uagb-columns uagb-columns__wrap uagb-columns__background-none uagb-columns__stack-mobile uagb-columns__valign- uagb-columns__gap-10 align uagb-block-3e5150d8 uagb-columns__columns-1 uagb-columns__max_width-custom\"><div class=\"uagb-columns__overlay\"><\/div><div class=\"uagb-columns__inner-wrap uagb-columns__columns-1\">\n<div class=\"wp-block-uagb-column uagb-column__wrap uagb-column__background-undefined uagb-block-539e11e2\"><div class=\"uagb-column__overlay\"><\/div>\n<figure class=\"wp-block-gallery has-nested-images columns-4 is-cropped galRond is-style-tw-img-rounded tw-fixed-cols tw-img-ratio-1-1 tw-cols-large wp-block-gallery-2 is-layout-flex wp-block-gallery-is-layout-flex\">\n<figure class=\"wp-block-image size-medium\"><a href=\"https:\/\/ladunedupilat.com\/wp-content\/uploads\/2021\/05\/Gemmage-Hugues-5.png\"><img loading=\"lazy\" decoding=\"async\" width=\"218\" height=\"300\" data-id=\"1526\" src=\"https:\/\/ladunedupilat.com\/wp-content\/uploads\/2021\/05\/Gemmage-Hugues-5-218x300.png\" alt=\"-\" class=\"wp-image-1526\" srcset=\"https:\/\/ladunedupilat.com\/wp-content\/uploads\/2021\/05\/Gemmage-Hugues-5-218x300.png 218w, https:\/\/ladunedupilat.com\/wp-content\/uploads\/2021\/05\/Gemmage-Hugues-5-743x1024.png 743w, https:\/\/ladunedupilat.com\/wp-content\/uploads\/2021\/05\/Gemmage-Hugues-5-768x1059.png 768w, https:\/\/ladunedupilat.com\/wp-content\/uploads\/2021\/05\/Gemmage-Hugues-5-9x12.png 9w, https:\/\/ladunedupilat.com\/wp-content\/uploads\/2021\/05\/Gemmage-Hugues-5.png 816w\" sizes=\"auto, (max-width: 218px) 100vw, 218px\" \/><\/a><\/figure>\n\n\n\n<figure class=\"wp-block-image size-medium\"><a href=\"https:\/\/ladunedupilat.com\/wp-content\/uploads\/2021\/05\/Gemmage-Hugues-14.png\"><img loading=\"lazy\" decoding=\"async\" width=\"219\" height=\"300\" data-id=\"1528\" src=\"https:\/\/ladunedupilat.com\/wp-content\/uploads\/2021\/05\/Gemmage-Hugues-14-219x300.png\" alt=\"-\" class=\"wp-image-1528\" srcset=\"https:\/\/ladunedupilat.com\/wp-content\/uploads\/2021\/05\/Gemmage-Hugues-14-219x300.png 219w, https:\/\/ladunedupilat.com\/wp-content\/uploads\/2021\/05\/Gemmage-Hugues-14-746x1024.png 746w, https:\/\/ladunedupilat.com\/wp-content\/uploads\/2021\/05\/Gemmage-Hugues-14-768x1054.png 768w, https:\/\/ladunedupilat.com\/wp-content\/uploads\/2021\/05\/Gemmage-Hugues-14-9x12.png 9w, https:\/\/ladunedupilat.com\/wp-content\/uploads\/2021\/05\/Gemmage-Hugues-14.png 820w\" sizes=\"auto, (max-width: 219px) 100vw, 219px\" \/><\/a><\/figure>\n\n\n\n<figure class=\"wp-block-image size-medium\"><a href=\"https:\/\/ladunedupilat.com\/wp-content\/uploads\/2021\/05\/Gemmage-Hugues-6.png\"><img loading=\"lazy\" decoding=\"async\" width=\"217\" height=\"300\" data-id=\"1527\" src=\"https:\/\/ladunedupilat.com\/wp-content\/uploads\/2021\/05\/Gemmage-Hugues-6-217x300.png\" alt=\"-\" class=\"wp-image-1527\" srcset=\"https:\/\/ladunedupilat.com\/wp-content\/uploads\/2021\/05\/Gemmage-Hugues-6-217x300.png 217w, https:\/\/ladunedupilat.com\/wp-content\/uploads\/2021\/05\/Gemmage-Hugues-6-741x1024.png 741w, https:\/\/ladunedupilat.com\/wp-content\/uploads\/2021\/05\/Gemmage-Hugues-6-768x1061.png 768w, https:\/\/ladunedupilat.com\/wp-content\/uploads\/2021\/05\/Gemmage-Hugues-6-9x12.png 9w, https:\/\/ladunedupilat.com\/wp-content\/uploads\/2021\/05\/Gemmage-Hugues-6.png 814w\" sizes=\"auto, (max-width: 217px) 100vw, 217px\" \/><\/a><\/figure>\n\n\n\n<figure class=\"wp-block-image size-medium\"><a href=\"https:\/\/ladunedupilat.com\/wp-content\/uploads\/2021\/05\/Gemmage-1-e1621411521962.jpg\"><img loading=\"lazy\" decoding=\"async\" width=\"193\" height=\"300\" data-id=\"1529\" src=\"https:\/\/ladunedupilat.com\/wp-content\/uploads\/2021\/05\/Gemmage-1-193x300.jpg\" alt=\"-\" class=\"wp-image-1529\"><\/a><\/figure>\n<\/figure>\n<\/div>\n<\/div><\/section>\n\n\n\n<h3 class=\"wp-block-heading\">Un macizo regulado<\/h3>\n\n\n\n<section class=\"wp-block-uagb-columns uagb-columns__wrap uagb-columns__background-none uagb-columns__stack-tablet uagb-columns__valign- uagb-columns__gap-10 align uagb-block-040e1362 uagb-columns__columns-3 uagb-columns__max_width-custom\"><div class=\"uagb-columns__overlay\"><\/div><div class=\"uagb-columns__inner-wrap uagb-columns__columns-3\">\n<div class=\"wp-block-uagb-column uagb-column__wrap uagb-column__background-undefined uagb-block-f5b37397\"><div class=\"uagb-column__overlay\"><\/div>\n<p><strong>Tras el incendio del verano de 2022, el acceso al macizo forestal de La Teste-de-Buch est\u00e1 estrictamente regulado.<\/strong><\/p>\n\n\n\n<p>El bosque es v\u00edctima de una invasi\u00f3n de <strong>escarabajos de la corteza<\/strong>. M\u00e1s de la mitad de los pinos que se hab\u00edan identificado como vivos est\u00e1n muriendo. Millones de descortezadores, un peque\u00f1o gusano par\u00e1sito m\u00e1s peque\u00f1o que un grano de arroz, destruyen los pinos que no se han quemado.  <\/p>\n<\/div>\n\n\n\n<div class=\"wp-block-uagb-column uagb-column__wrap uagb-column__background-undefined uagb-block-b56d5b53\"><div class=\"uagb-column__overlay\"><\/div><\/div>\n\n\n\n<div class=\"wp-block-uagb-column uagb-column__wrap uagb-column__background-undefined uagb-block-e5804bfa\"><div class=\"uagb-column__overlay\"><\/div>\n<figure class=\"wp-block-image size-large tw-mt-0 is-style-tw-rounded-corners\"><img loading=\"lazy\" decoding=\"async\" width=\"1024\" height=\"768\" src=\"https:\/\/ladunedupilat.com\/wp-content\/uploads\/2021\/05\/P1080517-1024x768.jpg\" alt=\"-\" class=\"wp-image-1532\"><\/figure>\n<\/div>\n<\/div><\/section>\n\n\n\n<p><\/p>","protected":false},"excerpt":{"rendered":"<p>Situado al pie de la duna de Pilat, el bosque de usuarios de Teste-de-Buch se distingue por su estatus especial heredado de la Edad Media, su inter\u00e9s ecol\u00f3gico, biol\u00f3gico, cultural e hist\u00f3rico.<\/p>","protected":false},"author":8,"featured_media":1525,"parent":254,"menu_order":0,"comment_status":"closed","ping_status":"closed","template":"templates\/template-full-width.php","meta":{"_acf_changed":false,"_uag_custom_page_level_css":"","footnotes":""},"class_list":["post-313","page","type-page","status-publish","has-post-thumbnail","hentry"],"acf":[],"uagb_featured_image_src":{"full":["https:\/\/ladunedupilat.com\/wp-content\/uploads\/2021\/05\/entete-foret.jpg",1600,800,false],"thumbnail":["https:\/\/ladunedupilat.com\/wp-content\/uploads\/2021\/05\/entete-foret-150x150.jpg",150,150,true],"medium":["https:\/\/ladunedupilat.com\/wp-content\/uploads\/2021\/05\/entete-foret-300x150.jpg",300,150,true],"medium_large":["https:\/\/ladunedupilat.com\/wp-content\/uploads\/2021\/05\/entete-foret-768x384.jpg",580,290,true],"large":["https:\/\/ladunedupilat.com\/wp-content\/uploads\/2021\/05\/entete-foret-1024x512.jpg",580,290,true],"1536x1536":["https:\/\/ladunedupilat.com\/wp-content\/uploads\/2021\/05\/entete-foret-1536x768.jpg",1536,768,true],"2048x2048":["https:\/\/ladunedupilat.com\/wp-content\/uploads\/2021\/05\/entete-foret.jpg",1600,800,false],"trp-custom-language-flag":["https:\/\/ladunedupilat.com\/wp-content\/uploads\/2021\/05\/entete-foret-16x8.jpg",16,8,true],"post-thumbnail":["https:\/\/ladunedupilat.com\/wp-content\/uploads\/2021\/05\/entete-foret-1200x600.jpg",1200,600,true],"twentytwenty-fullscreen":["https:\/\/ladunedupilat.com\/wp-content\/uploads\/2021\/05\/entete-foret.jpg",1600,800,false]},"uagb_author_info":{"display_name":"communication@ladunedupilat.com","author_link":"https:\/\/ladunedupilat.com\/es\/author\/communicationladunedupilat-com\/"},"uagb_comment_info":0,"uagb_excerpt":"Situ\u00e9e au pied de la dune du Pilat, la for\u00eat usag\u00e8re de la Teste-de-Buch se distingue par son statut particulier h\u00e9rit\u00e9 du Moyen-\u00c2ge, son int\u00e9r\u00eat \u00e9cologique, biologique, culturel et historique.","_links":{"self":[{"href":"https:\/\/ladunedupilat.com\/es\/wp-json\/wp\/v2\/pages\/313","targetHints":{"allow":["GET"]}}],"collection":[{"href":"https:\/\/ladunedupilat.com\/es\/wp-json\/wp\/v2\/pages"}],"about":[{"href":"https:\/\/ladunedupilat.com\/es\/wp-json\/wp\/v2\/types\/page"}],"author":[{"embeddable":true,"href":"https:\/\/ladunedupilat.com\/es\/wp-json\/wp\/v2\/users\/8"}],"replies":[{"embeddable":true,"href":"https:\/\/ladunedupilat.com\/es\/wp-json\/wp\/v2\/comments?post=313"}],"version-history":[{"count":1,"href":"https:\/\/ladunedupilat.com\/es\/wp-json\/wp\/v2\/pages\/313\/revisions"}],"predecessor-version":[{"id":27240,"href":"https:\/\/ladunedupilat.com\/es\/wp-json\/wp\/v2\/pages\/313\/revisions\/27240"}],"up":[{"embeddable":true,"href":"https:\/\/ladunedupilat.com\/es\/wp-json\/wp\/v2\/pages\/254"}],"wp:featuredmedia":[{"embeddable":true,"href":"https:\/\/ladunedupilat.com\/es\/wp-json\/wp\/v2\/media\/1525"}],"wp:attachment":[{"href":"https:\/\/ladunedupilat.com\/es\/wp-json\/wp\/v2\/media?parent=313"}],"curies":[{"name":"gracias","href":"https:\/\/api.w.org\/{rel}","templated":true}]}}