{"id":317,"date":"2021-03-02T18:27:18","date_gmt":"2021-03-02T17:27:18","guid":{"rendered":"https:\/\/ladunedupilat.com\/?page_id=317"},"modified":"2023-11-13T11:18:05","modified_gmt":"2023-11-13T10:18:05","slug":"la-dune-du-pilat","status":"publish","type":"page","link":"https:\/\/ladunedupilat.com\/es\/je-decouvre\/grand-site\/la-dune-du-pilat\/","title":{"rendered":"Duna"},"content":{"rendered":"<section class=\"wp-block-uagb-columns uagb-columns__wrap uagb-columns__stack-mobile uagb-columns__valign- uagb-columns__gap-10 align uagb-block-6764cc9d uagb-columns__columns-1 uagb-columns__max_width-custom chapo\"><div class=\"uagb-columns__overlay\"><\/div><div class=\"uagb-columns__inner-wrap uagb-columns__columns-1\">\n<div class=\"wp-block-uagb-column uagb-column__wrap uagb-column__background-undefined uagb-block-564e68d9\"><div class=\"uagb-column__overlay\"><\/div>\n<h2 class=\"wp-block-heading has-text-align-center\">Extra\u00f1o lugar que esta monta\u00f1a arenosa, desde donde se domina al mismo tiempo el mar y el bosque. Ambos se extienden bajo un cielo azul puro, en un silencio que nada perturba. Tenemos all\u00ed una impresi\u00f3n de desierto y paz (Henri de R\u00e9gnier)<sup>1<\/sup><\/h2>\n<\/div>\n<\/div><\/section>\n\n\n\n<h2 class=\"wp-block-heading\"><strong>La m\u00e1s alta<\/strong> Duna europea<\/h2>\n\n\n\n<section class=\"wp-block-uagb-columns uagb-columns__wrap uagb-columns__stack-mobile uagb-columns__valign- uagb-columns__gap-10 align uagb-block-048a668e uagb-columns__columns-1 uagb-columns__max_width-custom\"><div class=\"uagb-columns__overlay\"><\/div><div class=\"uagb-columns__inner-wrap uagb-columns__columns-1\">\n<div class=\"wp-block-uagb-column uagb-column__wrap uagb-column__background-undefined uagb-block-4d9c1b42\"><div class=\"uagb-column__overlay\"><\/div>\n<p>Mucho m\u00e1s que un simple \u201cmont\u00f3n de arena\u201d, la Duna del Pilat <strong>cautivo<\/strong> y <strong>interroga<\/strong>. <strong>Pero, \u00bfpor qu\u00e9 es fascinante?<\/strong> \u00bfSer\u00e1 por su altura? \u00bfPor su ubicaci\u00f3n, entre bosque y mar? \u00bfrestos arqueol\u00f3gicos enterrados bajo sus numerosos granos de arena? \u00bfO simplemente por la sensaci\u00f3n de libertad que te invade una vez llegas a la cima?<\/p>\n<\/div>\n<\/div><\/section>\n\n\n\n<h3 class=\"wp-block-heading\">Una particularidad de la costa de Aquitania<\/h3>\n\n\n\n<section class=\"wp-block-uagb-columns uagb-columns__wrap uagb-columns__stack-mobile uagb-columns__valign- uagb-columns__gap-10 align uagb-block-22b58b73 uagb-columns__columns-1 uagb-columns__max_width-custom\"><div class=\"uagb-columns__overlay\"><\/div><div class=\"uagb-columns__inner-wrap uagb-columns__columns-1\">\n<div class=\"wp-block-uagb-column uagb-column__wrap uagb-column__background-undefined uagb-block-b5e1b4c9\"><div class=\"uagb-column__overlay\"><\/div>\n<p>Al llegar al pie de la duna de Pilat, te puedes sentir muy peque\u00f1o. Antes de acumular <strong>55 millones de metros cuadrados<sup>3<\/sup><\/strong> de arena, testigos de <strong>4000 a\u00f1os de historia<\/strong>.<\/p>\n\n\n\n<p><strong>\u00bfPero de d\u00f3nde viene toda esta arena? \u00bfY por qu\u00e9 se acumul\u00f3 aqu\u00ed y no en otros lugares?<\/strong><\/p>\n\n\n\n<p>Para comprender el nacimiento de la Duna de Pilat, debemos estar interesados en <strong>fen\u00f3meno de desplazamiento de arena<\/strong>. Bajo el agua, la arena es transportada por una corriente marina que viene del norte: la <strong>Deriva Norte Sur<\/strong>. Esta corriente, combinada con el oleaje, arrastra grandes cantidades de arena a lo largo del litoral.<\/p>\n\n\n\n<p>Pero en la cuenca de Arcachon, este fen\u00f3meno se ve perturbado. La cuenca de Arcachon, que corresponde a la \u00fanica hendidura de la costa de Aquitania, se vac\u00eda y se llena con cada marea, permitiendo que un volumen de agua de <strong>200 a 450 millones de m<sup>3<\/sup><\/strong>, lo que perturba la Deriva Norte Sur. Al ralentizarse, no arrastra m\u00e1s la arena. Este se acumula en bancos a la salida de la Cuenca.<\/p>\n\n\n\n<p>El viento empuja entonces esta arena, cuya cantidad es mayor aqu\u00ed que en otros lugares, \u00a1dando lugar a una duna m\u00e1s alta que las dem\u00e1s!<\/p>\n\n\n\n<p>La duna de Pilat se ha beneficiado as\u00ed de importantes aportes de arena durante los \u00faltimos siglos. Sin embargo, en la actualidad ya no est\u00e1 alimentado por estos fen\u00f3menos.<\/p>\n<\/div>\n<\/div><\/section>\n\n\n\n<figure class=\"wp-block-image alignwide size-large tw-mt-0\"><img loading=\"lazy\" decoding=\"async\" width=\"1024\" height=\"474\" src=\"https:\/\/ladunedupilat.com\/wp-content\/uploads\/2021\/05\/IMG_1382-scaled-e1621415354247-1024x474.jpg\" alt=\"-\" class=\"wp-image-1556\" srcset=\"https:\/\/ladunedupilat.com\/wp-content\/uploads\/2021\/05\/IMG_1382-scaled-e1621415354247-1024x474.jpg 1024w, https:\/\/ladunedupilat.com\/wp-content\/uploads\/2021\/05\/IMG_1382-scaled-e1621415354247-300x139.jpg 300w, https:\/\/ladunedupilat.com\/wp-content\/uploads\/2021\/05\/IMG_1382-scaled-e1621415354247-768x355.jpg 768w, https:\/\/ladunedupilat.com\/wp-content\/uploads\/2021\/05\/IMG_1382-scaled-e1621415354247-16x7.jpg 16w, https:\/\/ladunedupilat.com\/wp-content\/uploads\/2021\/05\/IMG_1382-scaled-e1621415354247.jpg 1200w\" sizes=\"auto, (max-width: 1024px) 100vw, 1024px\" \/><\/figure>\n\n\n\n<h3 class=\"wp-block-heading\">Un movimiento incontrolable<\/h3>\n\n\n\n<div class=\"wp-block-uagb-columns uagb-columns__wrap uagb-columns__stack-tablet uagb-columns__valign- uagb-columns__gap-10 align uagb-block-fcc942e8 uagb-columns__columns-3 uagb-columns__max_width-custom venir\"><div class=\"uagb-columns__overlay\"><\/div><div class=\"uagb-columns__inner-wrap uagb-columns__columns-3\">\n<div class=\"wp-block-uagb-column uagb-column__wrap uagb-column__background-none uagb-block-baed7037\"><div class=\"uagb-column__overlay\"><\/div>\n<p>Perteneciente al gran grupo de dunas costeras de Aquitania, presente desde Hossegor hasta Soulac en aproximadamente 200 km de costa, la Duna del Pilat est\u00e1 siempre en movimiento. Ella contin\u00faa avanzando hacia el interior. <\/p>\n\n\n\n<p><strong>Pero, \u00bfc\u00f3mo se mueve?<\/strong><\/p>\n\n\n\n<p>Llevado por el viento, cada grano de arena sube por la pendiente m\u00e1s suave de la duna, y baja por la pendiente m\u00e1s pronunciada. Por \u00faltimo, grano de arena, tras grano de arena, la Duna del Pilat <strong>avanzado<\/strong>, enterrando todo a su paso.<\/p>\n\n\n\n<p>Se hicieron varios intentos para estabilizarlo, pero todos resultaron infructuosos. Su progresi\u00f3n hacia el bosque parece inevitable, sobre todo por la escasez de vegetaci\u00f3n. <\/p>\n<\/div>\n\n\n\n<div class=\"wp-block-uagb-column uagb-column__wrap uagb-column__background-undefined uagb-block-86dac7e8\"><div class=\"uagb-column__overlay\"><\/div>\n<p><\/p>\n<\/div>\n\n\n\n<div class=\"wp-block-uagb-column uagb-column__wrap uagb-column__background-color uagb-block-6d01c976 venir-bg\"><div class=\"uagb-column__overlay\"><\/div>\n<h3 class=\"wp-block-heading tw-mt-0 has-blanc-color has-text-color\"><strong>PILAT O PYLA<\/strong><\/h3>\n\n\n\n<p class=\"has-blanc-color has-text-color has-small-font-size\">Ver\u00e1 ambas graf\u00edas, o incluso a veces extra\u00f1as mezclas de letras. Todo esto est\u00e1 relacionado con la proximidad a la ciudad de Pyla-sur-Mer, lo que crea confusi\u00f3n.<\/p>\n\n\n\n<p class=\"has-blanc-color has-text-color has-small-font-size\">La ortograf\u00eda exacta es de PILAT. Pilat proviene del gasc\u00f3n y significa mont\u00f3n o mont\u00edculo. Pero en 1920, un desarrollador inmobiliario, Daniel Meller, compr\u00f3 un terreno vecino con la idea de crear un balneario. \u00bfY c\u00f3mo decide llamar al lugar? Pyla-sur-Mer, para hacerlo ex\u00f3tico. Ah\u00ed estaba, fue un siglo de errores ortogr\u00e1ficos ...<\/p>\n<\/div>\n<\/div><\/div>\n\n\n\n<p style=\"font-size:15px\"><em>(1) <a href=\"https:\/\/www.academie-francaise.fr\/les-immortels\/henri-de-regnier\" target=\"_blank\" rel=\"noreferrer noopener nofollow\" class=\"rank-math-link\">Henri de R\u00e9gnier<\/a> (1864-1936) - Poeta, novelista, ensayista.<\/em><\/p>","protected":false},"excerpt":{"rendered":"<p>Llegado al pie de la Dune du Pilat, hay suficiente para sentirse muy peque\u00f1o. Frente a ti se amontonan 60 millones de m3 de arena, testigos de 4000 a\u00f1os de historia.<\/p>","protected":false},"author":8,"featured_media":1561,"parent":254,"menu_order":1,"comment_status":"closed","ping_status":"closed","template":"templates\/template-full-width.php","meta":{"_acf_changed":false,"_uag_custom_page_level_css":"","footnotes":""},"class_list":["post-317","page","type-page","status-publish","has-post-thumbnail","hentry"],"acf":[],"uagb_featured_image_src":{"full":["https:\/\/ladunedupilat.com\/wp-content\/uploads\/2021\/05\/entete-dune.jpg",1600,800,false],"thumbnail":["https:\/\/ladunedupilat.com\/wp-content\/uploads\/2021\/05\/entete-dune-150x150.jpg",150,150,true],"medium":["https:\/\/ladunedupilat.com\/wp-content\/uploads\/2021\/05\/entete-dune-300x150.jpg",300,150,true],"medium_large":["https:\/\/ladunedupilat.com\/wp-content\/uploads\/2021\/05\/entete-dune-768x384.jpg",580,290,true],"large":["https:\/\/ladunedupilat.com\/wp-content\/uploads\/2021\/05\/entete-dune-1024x512.jpg",580,290,true],"1536x1536":["https:\/\/ladunedupilat.com\/wp-content\/uploads\/2021\/05\/entete-dune-1536x768.jpg",1536,768,true],"2048x2048":["https:\/\/ladunedupilat.com\/wp-content\/uploads\/2021\/05\/entete-dune.jpg",1600,800,false],"trp-custom-language-flag":["https:\/\/ladunedupilat.com\/wp-content\/uploads\/2021\/05\/entete-dune-16x8.jpg",16,8,true],"post-thumbnail":["https:\/\/ladunedupilat.com\/wp-content\/uploads\/2021\/05\/entete-dune-1200x600.jpg",1200,600,true],"twentytwenty-fullscreen":["https:\/\/ladunedupilat.com\/wp-content\/uploads\/2021\/05\/entete-dune.jpg",1600,800,false]},"uagb_author_info":{"display_name":"communication@ladunedupilat.com","author_link":"https:\/\/ladunedupilat.com\/es\/author\/communicationladunedupilat-com\/"},"uagb_comment_info":0,"uagb_excerpt":"Arriv\u00e9s au pied de la dune du Pilat, il y a de quoi se sentir tout petit. Devant vous s'entassent 60 millions de m3 de sable, t\u00e9moins de 4000 ans d\u2019histoire.","_links":{"self":[{"href":"https:\/\/ladunedupilat.com\/es\/wp-json\/wp\/v2\/pages\/317","targetHints":{"allow":["GET"]}}],"collection":[{"href":"https:\/\/ladunedupilat.com\/es\/wp-json\/wp\/v2\/pages"}],"about":[{"href":"https:\/\/ladunedupilat.com\/es\/wp-json\/wp\/v2\/types\/page"}],"author":[{"embeddable":true,"href":"https:\/\/ladunedupilat.com\/es\/wp-json\/wp\/v2\/users\/8"}],"replies":[{"embeddable":true,"href":"https:\/\/ladunedupilat.com\/es\/wp-json\/wp\/v2\/comments?post=317"}],"version-history":[{"count":0,"href":"https:\/\/ladunedupilat.com\/es\/wp-json\/wp\/v2\/pages\/317\/revisions"}],"up":[{"embeddable":true,"href":"https:\/\/ladunedupilat.com\/es\/wp-json\/wp\/v2\/pages\/254"}],"wp:featuredmedia":[{"embeddable":true,"href":"https:\/\/ladunedupilat.com\/es\/wp-json\/wp\/v2\/media\/1561"}],"wp:attachment":[{"href":"https:\/\/ladunedupilat.com\/es\/wp-json\/wp\/v2\/media?parent=317"}],"curies":[{"name":"gracias","href":"https:\/\/api.w.org\/{rel}","templated":true}]}}