{"id":324,"date":"2021-03-02T18:56:31","date_gmt":"2021-03-02T17:56:31","guid":{"rendered":"https:\/\/ladunedupilat.com\/?page_id=324"},"modified":"2023-12-01T16:22:59","modified_gmt":"2023-12-01T15:22:59","slug":"socio-publico","status":"publish","type":"page","link":"https:\/\/ladunedupilat.com\/es\/partenaire-public\/","title":{"rendered":"<strong>Yo soy\u2026<\/strong> un socio p\u00fablico"},"content":{"rendered":"<div class=\"wp-block-group inter\"><div class=\"wp-block-group__inner-container is-layout-flow wp-block-group-is-layout-flow\">\n<div class=\"wp-block-getwid-image-box dunecard getwid-animation has-text-left has-mobile-layout-default has-mobile-alignment-default\" data-animation=\"zoomSmall\"><div class=\"wp-block-getwid-image-box__image-container is-position-top\"><a href=\"https:\/\/ladunedupilat.com\/es\/yo-descubro\/mision-union-mixta\/\" class=\"wp-block-getwid-image-box__image-wrapper\"><img loading=\"lazy\" decoding=\"async\" width=\"252\" height=\"300\" src=\"https:\/\/ladunedupilat.com\/wp-content\/uploads\/2021\/05\/vignette-mission-252x300.jpg\" alt=\"-\" class=\"wp-block-getwid-image-box__image wp-image-1793\" srcset=\"https:\/\/ladunedupilat.com\/wp-content\/uploads\/2021\/05\/vignette-mission-252x300.jpg 252w, https:\/\/ladunedupilat.com\/wp-content\/uploads\/2021\/05\/vignette-mission-10x12.jpg 10w, https:\/\/ladunedupilat.com\/wp-content\/uploads\/2021\/05\/vignette-mission.jpg 336w\" sizes=\"auto, (max-width: 252px) 100vw, 252px\" \/><\/a><\/div><div class=\"wp-block-getwid-image-box__content\">\n<h3 class=\"wp-block-heading\">Un sindicato mixto de gesti\u00f3n p\u00fablica<\/h3>\n\n\n\n<p><\/p>\n<\/div><\/div>\n\n\n\n<div class=\"wp-block-getwid-image-box dunecard getwid-animation has-text-left has-mobile-layout-default has-mobile-alignment-default\" data-animation=\"zoomSmall\"><div class=\"wp-block-getwid-image-box__image-container is-position-top\"><a href=\"https:\/\/ladunedupilat.com\/es\/yo-descubro\/proyectos-de-desarrollo\/\" class=\"wp-block-getwid-image-box__image-wrapper\"><img loading=\"lazy\" decoding=\"async\" width=\"267\" height=\"300\" src=\"https:\/\/ladunedupilat.com\/wp-content\/uploads\/2023\/11\/IMG_8260-scaled-1-e1700565923237-267x300.jpg\" alt=\"-\" class=\"wp-block-getwid-image-box__image wp-image-25492\" srcset=\"https:\/\/ladunedupilat.com\/wp-content\/uploads\/2023\/11\/IMG_8260-scaled-1-e1700565923237-267x300.jpg 267w, https:\/\/ladunedupilat.com\/wp-content\/uploads\/2023\/11\/IMG_8260-scaled-1-e1700565923237-911x1024.jpg 911w, https:\/\/ladunedupilat.com\/wp-content\/uploads\/2023\/11\/IMG_8260-scaled-1-e1700565923237-768x864.jpg 768w, https:\/\/ladunedupilat.com\/wp-content\/uploads\/2023\/11\/IMG_8260-scaled-1-e1700565923237-11x12.jpg 11w, https:\/\/ladunedupilat.com\/wp-content\/uploads\/2023\/11\/IMG_8260-scaled-1-e1700565923237.jpg 955w\" sizes=\"auto, (max-width: 267px) 100vw, 267px\" \/><\/a><\/div><div class=\"wp-block-getwid-image-box__content\">\n<h3 class=\"wp-block-heading\">La zona de recepci\u00f3n ha tenido un lavado de cara<\/h3>\n\n\n\n<p><\/p>\n<\/div><\/div>\n\n\n\n<div class=\"wp-block-getwid-image-box dunecard getwid-animation has-text-left has-mobile-layout-default has-mobile-alignment-default\" data-animation=\"zoomSmall\"><div class=\"wp-block-getwid-image-box__image-container is-position-top\"><a href=\"\/es\/periodistas\/area-de-prensa\/\" class=\"wp-block-getwid-image-box__image-wrapper\"><img loading=\"lazy\" decoding=\"async\" width=\"252\" height=\"300\" src=\"https:\/\/ladunedupilat.com\/wp-content\/uploads\/2021\/05\/vignette-journaliste-252x300.jpg\" alt=\"-\" class=\"wp-block-getwid-image-box__image wp-image-1795\" srcset=\"https:\/\/ladunedupilat.com\/wp-content\/uploads\/2021\/05\/vignette-journaliste-252x300.jpg 252w, https:\/\/ladunedupilat.com\/wp-content\/uploads\/2021\/05\/vignette-journaliste-10x12.jpg 10w, https:\/\/ladunedupilat.com\/wp-content\/uploads\/2021\/05\/vignette-journaliste.jpg 336w\" sizes=\"auto, (max-width: 252px) 100vw, 252px\" \/><\/a><\/div><div class=\"wp-block-getwid-image-box__content\">\n<h3 class=\"wp-block-heading\">\u00c1rea de prensa<\/h3>\n\n\n\n<p><\/p>\n<\/div><\/div>\n<\/div><\/div>\n\n\n\n<p><\/p>","protected":false},"excerpt":{"rendered":"<p>Un Sindicato Mixto para la gesti\u00f3n p\u00fablica, El \u00e1rea de recepci\u00f3n tiene un nuevo aspecto, \u00c1rea de prensa, etc.<\/p>","protected":false},"author":8,"featured_media":1903,"parent":0,"menu_order":6,"comment_status":"closed","ping_status":"closed","template":"","meta":{"_acf_changed":false,"_uag_custom_page_level_css":"","footnotes":""},"class_list":["post-324","page","type-page","status-publish","has-post-thumbnail","hentry"],"acf":[],"uagb_featured_image_src":{"full":["https:\/\/ladunedupilat.com\/wp-content\/uploads\/2021\/05\/entete-partenaire.jpg",1600,800,false],"thumbnail":["https:\/\/ladunedupilat.com\/wp-content\/uploads\/2021\/05\/entete-partenaire-150x150.jpg",150,150,true],"medium":["https:\/\/ladunedupilat.com\/wp-content\/uploads\/2021\/05\/entete-partenaire-300x150.jpg",300,150,true],"medium_large":["https:\/\/ladunedupilat.com\/wp-content\/uploads\/2021\/05\/entete-partenaire-768x384.jpg",580,290,true],"large":["https:\/\/ladunedupilat.com\/wp-content\/uploads\/2021\/05\/entete-partenaire-1024x512.jpg",580,290,true],"1536x1536":["https:\/\/ladunedupilat.com\/wp-content\/uploads\/2021\/05\/entete-partenaire-1536x768.jpg",1536,768,true],"2048x2048":["https:\/\/ladunedupilat.com\/wp-content\/uploads\/2021\/05\/entete-partenaire.jpg",1600,800,false],"trp-custom-language-flag":["https:\/\/ladunedupilat.com\/wp-content\/uploads\/2021\/05\/entete-partenaire-16x8.jpg",16,8,true],"post-thumbnail":["https:\/\/ladunedupilat.com\/wp-content\/uploads\/2021\/05\/entete-partenaire-1200x600.jpg",1200,600,true],"twentytwenty-fullscreen":["https:\/\/ladunedupilat.com\/wp-content\/uploads\/2021\/05\/entete-partenaire.jpg",1600,800,false]},"uagb_author_info":{"display_name":"communication@ladunedupilat.com","author_link":"https:\/\/ladunedupilat.com\/es\/author\/communicationladunedupilat-com\/"},"uagb_comment_info":0,"uagb_excerpt":"Un Syndicat mixte pour une gestion publique, L'espace d'accueil fait peau neuve, Espace presse...","_links":{"self":[{"href":"https:\/\/ladunedupilat.com\/es\/wp-json\/wp\/v2\/pages\/324","targetHints":{"allow":["GET"]}}],"collection":[{"href":"https:\/\/ladunedupilat.com\/es\/wp-json\/wp\/v2\/pages"}],"about":[{"href":"https:\/\/ladunedupilat.com\/es\/wp-json\/wp\/v2\/types\/page"}],"author":[{"embeddable":true,"href":"https:\/\/ladunedupilat.com\/es\/wp-json\/wp\/v2\/users\/8"}],"replies":[{"embeddable":true,"href":"https:\/\/ladunedupilat.com\/es\/wp-json\/wp\/v2\/comments?post=324"}],"version-history":[{"count":2,"href":"https:\/\/ladunedupilat.com\/es\/wp-json\/wp\/v2\/pages\/324\/revisions"}],"predecessor-version":[{"id":25589,"href":"https:\/\/ladunedupilat.com\/es\/wp-json\/wp\/v2\/pages\/324\/revisions\/25589"}],"wp:featuredmedia":[{"embeddable":true,"href":"https:\/\/ladunedupilat.com\/es\/wp-json\/wp\/v2\/media\/1903"}],"wp:attachment":[{"href":"https:\/\/ladunedupilat.com\/es\/wp-json\/wp\/v2\/media?parent=324"}],"curies":[{"name":"gracias","href":"https:\/\/api.w.org\/{rel}","templated":true}]}}