{"id":328,"date":"2021-03-02T18:58:24","date_gmt":"2021-03-02T17:58:24","guid":{"rendered":"https:\/\/ladunedupilat.com\/?page_id=328"},"modified":"2021-07-06T16:17:37","modified_gmt":"2021-07-06T14:17:37","slug":"seguimientos-cientificos","status":"publish","type":"page","link":"https:\/\/ladunedupilat.com\/es\/professionnels-environnement\/suivis-scientifiques\/","title":{"rendered":"Seguimiento cient\u00edfico"},"content":{"rendered":"<h2 class=\"wp-block-heading\"><strong>Seguimiento y mejora<\/strong> el conocimiento cient\u00edfico<\/h2>\n\n\n\n<section class=\"wp-block-uagb-columns uagb-columns__wrap uagb-columns__background-undefined uagb-columns__stack-mobile uagb-columns__valign-undefined uagb-columns__gap-10 alignundefined uagb-block-020cd016\"><div class=\"uagb-columns__overlay\"><\/div><div class=\"uagb-columns__inner-wrap uagb-columns__columns-1\">\n<div class=\"wp-block-uagb-column uagb-column__wrap uagb-column__background-undefined uagb-block-536b17d5\"><div class=\"uagb-column__overlay\"><\/div><div class=\"uagb-column__inner-wrap\">\n<p>Como parte de sus misiones de conservaci\u00f3n y valorizaci\u00f3n del patrimonio natural y cultural del Gran Sitio de la Dune du Pilat, el Sindicato Mixto, en colaboraci\u00f3n con sus socios, lleva a cabo diversas acciones de seguimiento dentro de su \u00e1mbito de intervenci\u00f3n.&nbsp;<\/p>\n<\/div><\/div>\n<\/div><\/section>\n\n\n\n<h3 class=\"wp-block-heading\">Objetivo: Fortalecer y mejorar el conocimiento cient\u00edfico y t\u00e9cnico.<\/h3>\n\n\n\n<section class=\"wp-block-uagb-columns uagb-columns__wrap uagb-columns__background-undefined uagb-columns__stack-mobile uagb-columns__valign-undefined uagb-columns__gap-10 alignundefined uagb-block-c5d65969\"><div class=\"uagb-columns__overlay\"><\/div><div class=\"uagb-columns__inner-wrap uagb-columns__columns-1\">\n<div class=\"wp-block-uagb-column uagb-column__wrap uagb-column__background-undefined uagb-block-bd5f4ea7\"><div class=\"uagb-column__overlay\"><\/div><div class=\"uagb-column__inner-wrap\">\n<p>Como parte de sus misiones de conservaci\u00f3n y valorizaci\u00f3n del patrimonio natural y cultural del Gran Sitio de la Dune du Pilat, el Sindicato Mixto, en colaboraci\u00f3n con sus socios, lleva a cabo diversas acciones de seguimiento dentro de su \u00e1mbito de intervenci\u00f3n.&nbsp;<\/p>\n\n\n\n<h4 class=\"wp-block-heading\">Problemas flor\u00edsticos<\/h4>\n\n\n\n<ul class=\"is-style-tw-dash wp-block-list\"><li>Mayor conocimiento de la flora silvestre y los h\u00e1bitats naturales del Gran Sitio.<\/li><\/ul>\n\n\n\n<h4 class=\"wp-block-heading\">Problemas de fauna<\/h4>\n\n\n\n<ul class=\"is-style-tw-dash wp-block-list\"><li>Conocimiento mejorado de la vida salvaje del Gran Sitio<\/li><li>Participaci\u00f3n en la Stranding Network <a href=\"https:\/\/www.observatoire-pelagis.cnrs.fr\/\" target=\"_blank\" rel=\"noreferrer noopener nofollow\">PELAGIS<\/a><\/li><\/ul>\n\n\n\n<h4 class=\"wp-block-heading\">La din\u00e1mica&nbsp;<\/h4>\n\n\n\n<ul class=\"is-style-tw-dash wp-block-list\"><li>Seguimiento de la evoluci\u00f3n de la morfolog\u00eda de la Gran Duna de Pilat<\/li><li>Participaci\u00f3n en la Red Nacional de Observaci\u00f3n del Litoral<\/li><li>Participaci\u00f3n en la Red de Tormentas del Observatorio C\u00f4te Aquitaine<\/li><\/ul>\n<\/div><\/div>\n<\/div><\/section>","protected":false},"excerpt":{"rendered":"<p>Como parte de sus misiones de conservaci\u00f3n y valorizaci\u00f3n del patrimonio natural y cultural del Gran Sitio de la Dune du Pilat, el Sindicato Mixto, en colaboraci\u00f3n con sus socios, lleva a cabo diversas acciones de seguimiento dentro de su \u00e1mbito de intervenci\u00f3n. <\/p>","protected":false},"author":8,"featured_media":1926,"parent":302,"menu_order":1,"comment_status":"closed","ping_status":"closed","template":"templates\/template-full-width.php","meta":{"_acf_changed":false,"_uag_custom_page_level_css":"","footnotes":""},"class_list":["post-328","page","type-page","status-publish","has-post-thumbnail","hentry"],"acf":[],"uagb_featured_image_src":{"full":["https:\/\/ladunedupilat.com\/wp-content\/uploads\/2021\/05\/entete-scientifique.jpg",1600,800,false],"thumbnail":["https:\/\/ladunedupilat.com\/wp-content\/uploads\/2021\/05\/entete-scientifique-150x150.jpg",150,150,true],"medium":["https:\/\/ladunedupilat.com\/wp-content\/uploads\/2021\/05\/entete-scientifique-300x150.jpg",300,150,true],"medium_large":["https:\/\/ladunedupilat.com\/wp-content\/uploads\/2021\/05\/entete-scientifique-768x384.jpg",580,290,true],"large":["https:\/\/ladunedupilat.com\/wp-content\/uploads\/2021\/05\/entete-scientifique-1024x512.jpg",580,290,true],"1536x1536":["https:\/\/ladunedupilat.com\/wp-content\/uploads\/2021\/05\/entete-scientifique-1536x768.jpg",1536,768,true],"2048x2048":["https:\/\/ladunedupilat.com\/wp-content\/uploads\/2021\/05\/entete-scientifique.jpg",1600,800,false],"trp-custom-language-flag":["https:\/\/ladunedupilat.com\/wp-content\/uploads\/2021\/05\/entete-scientifique-16x8.jpg",16,8,true],"post-thumbnail":["https:\/\/ladunedupilat.com\/wp-content\/uploads\/2021\/05\/entete-scientifique-1200x600.jpg",1200,600,true],"twentytwenty-fullscreen":["https:\/\/ladunedupilat.com\/wp-content\/uploads\/2021\/05\/entete-scientifique.jpg",1600,800,false]},"uagb_author_info":{"display_name":"communication@ladunedupilat.com","author_link":"https:\/\/ladunedupilat.com\/es\/author\/communicationladunedupilat-com\/"},"uagb_comment_info":0,"uagb_excerpt":"Dans le cadre de ses missions de pr\u00e9servation et de valorisation du patrimoine naturel et culturel du Grand Site de la Dune du Pilat, le Syndicat mixte, en collaboration avec ses partenaires, m\u00e8ne diff\u00e9rentes actions de suivi sur son p\u00e9rim\u00e8tre d\u2019intervention.","_links":{"self":[{"href":"https:\/\/ladunedupilat.com\/es\/wp-json\/wp\/v2\/pages\/328","targetHints":{"allow":["GET"]}}],"collection":[{"href":"https:\/\/ladunedupilat.com\/es\/wp-json\/wp\/v2\/pages"}],"about":[{"href":"https:\/\/ladunedupilat.com\/es\/wp-json\/wp\/v2\/types\/page"}],"author":[{"embeddable":true,"href":"https:\/\/ladunedupilat.com\/es\/wp-json\/wp\/v2\/users\/8"}],"replies":[{"embeddable":true,"href":"https:\/\/ladunedupilat.com\/es\/wp-json\/wp\/v2\/comments?post=328"}],"version-history":[{"count":0,"href":"https:\/\/ladunedupilat.com\/es\/wp-json\/wp\/v2\/pages\/328\/revisions"}],"up":[{"embeddable":true,"href":"https:\/\/ladunedupilat.com\/es\/wp-json\/wp\/v2\/pages\/302"}],"wp:featuredmedia":[{"embeddable":true,"href":"https:\/\/ladunedupilat.com\/es\/wp-json\/wp\/v2\/media\/1926"}],"wp:attachment":[{"href":"https:\/\/ladunedupilat.com\/es\/wp-json\/wp\/v2\/media?parent=328"}],"curies":[{"name":"gracias","href":"https:\/\/api.w.org\/{rel}","templated":true}]}}