{"id":330,"date":"2021-03-02T18:58:58","date_gmt":"2021-03-02T17:58:58","guid":{"rendered":"https:\/\/ladunedupilat.com\/?page_id=330"},"modified":"2025-11-06T16:59:38","modified_gmt":"2025-11-06T15:59:38","slug":"area-de-prensa","status":"publish","type":"page","link":"https:\/\/ladunedupilat.com\/es\/journalistes\/espace-presse\/","title":{"rendered":"\u00c1rea de periodistas"},"content":{"rendered":"<h4 class=\"wp-block-heading\"><strong>Bienvenidos al \u00e1rea de prensa del Gran Sitio de la Duna del Pilat<\/strong><\/h4>\n\n\n\n<p>\u00bfEres un periodista? En este espacio, encontrar\u00e1 todos los comunicados de prensa y dossiers de prensa relacionados con la vida del Establecimiento, los proyectos de estructuraci\u00f3n del Gran Sitio y las actividades de educaci\u00f3n ambiental.<\/p>\n\n\n\n<figure class=\"wp-block-gallery has-nested-images columns-default is-cropped wp-block-gallery-1 is-layout-flex wp-block-gallery-is-layout-flex\">\n<figure class=\"wp-block-image size-large\"><img loading=\"lazy\" decoding=\"async\" width=\"1024\" height=\"683\" data-id=\"27120\" src=\"https:\/\/ladunedupilat.com\/wp-content\/uploads\/2025\/07\/Inauguration-Saison-Estivale-Dune-du-Pilat-44-1024x683.jpg\" alt=\"-\" class=\"wp-image-27120\" srcset=\"https:\/\/ladunedupilat.com\/wp-content\/uploads\/2025\/07\/Inauguration-Saison-Estivale-Dune-du-Pilat-44-1024x683.jpg 1024w, https:\/\/ladunedupilat.com\/wp-content\/uploads\/2025\/07\/Inauguration-Saison-Estivale-Dune-du-Pilat-44-300x200.jpg 300w, https:\/\/ladunedupilat.com\/wp-content\/uploads\/2025\/07\/Inauguration-Saison-Estivale-Dune-du-Pilat-44-768x512.jpg 768w, https:\/\/ladunedupilat.com\/wp-content\/uploads\/2025\/07\/Inauguration-Saison-Estivale-Dune-du-Pilat-44-1536x1024.jpg 1536w, https:\/\/ladunedupilat.com\/wp-content\/uploads\/2025\/07\/Inauguration-Saison-Estivale-Dune-du-Pilat-44-2048x1365.jpg 2048w, https:\/\/ladunedupilat.com\/wp-content\/uploads\/2025\/07\/Inauguration-Saison-Estivale-Dune-du-Pilat-44-18x12.jpg 18w, https:\/\/ladunedupilat.com\/wp-content\/uploads\/2025\/07\/Inauguration-Saison-Estivale-Dune-du-Pilat-44-1200x800.jpg 1200w, https:\/\/ladunedupilat.com\/wp-content\/uploads\/2025\/07\/Inauguration-Saison-Estivale-Dune-du-Pilat-44-1980x1320.jpg 1980w\" sizes=\"auto, (max-width: 1024px) 100vw, 1024px\" \/><figcaption class=\"wp-element-caption\">Rueda de prensa para el lanzamiento de la temporada de verano 2025<\/figcaption><\/figure>\n\n\n\n<figure class=\"wp-block-image size-large\"><img loading=\"lazy\" decoding=\"async\" width=\"1024\" height=\"683\" data-id=\"27134\" src=\"https:\/\/ladunedupilat.com\/wp-content\/uploads\/2025\/07\/Inauguration-Saison-Estivale-Dune-du-Pilat-58-1024x683.jpg\" alt=\"-\" class=\"wp-image-27134\" srcset=\"https:\/\/ladunedupilat.com\/wp-content\/uploads\/2025\/07\/Inauguration-Saison-Estivale-Dune-du-Pilat-58-1024x683.jpg 1024w, https:\/\/ladunedupilat.com\/wp-content\/uploads\/2025\/07\/Inauguration-Saison-Estivale-Dune-du-Pilat-58-300x200.jpg 300w, https:\/\/ladunedupilat.com\/wp-content\/uploads\/2025\/07\/Inauguration-Saison-Estivale-Dune-du-Pilat-58-768x512.jpg 768w, https:\/\/ladunedupilat.com\/wp-content\/uploads\/2025\/07\/Inauguration-Saison-Estivale-Dune-du-Pilat-58-1536x1024.jpg 1536w, https:\/\/ladunedupilat.com\/wp-content\/uploads\/2025\/07\/Inauguration-Saison-Estivale-Dune-du-Pilat-58-2048x1365.jpg 2048w, https:\/\/ladunedupilat.com\/wp-content\/uploads\/2025\/07\/Inauguration-Saison-Estivale-Dune-du-Pilat-58-18x12.jpg 18w, https:\/\/ladunedupilat.com\/wp-content\/uploads\/2025\/07\/Inauguration-Saison-Estivale-Dune-du-Pilat-58-1200x800.jpg 1200w, https:\/\/ladunedupilat.com\/wp-content\/uploads\/2025\/07\/Inauguration-Saison-Estivale-Dune-du-Pilat-58-1980x1320.jpg 1980w\" sizes=\"auto, (max-width: 1024px) 100vw, 1024px\" \/><figcaption class=\"wp-element-caption\">Nathalie Le Yondre, presidenta del Gran Sitio de la Duna de Pilat con la prensa<\/figcaption><\/figure>\n<\/figure>\n\n\n\n<p>La Dune du Pilat es un sitio clasificado cuyo principal propietario p\u00fablico es el Conservatoire du littoral. Cualquier rodaje, rodaje, evento deportivo, cultural, etc. debe ser objeto de una solicitud de autorizaci\u00f3n.<\/p>\n\n\n\n<div class=\"wp-block-buttons is-layout-flex wp-block-buttons-is-layout-flex\">\n<div class=\"wp-block-button\"><a class=\"wp-block-button__link wp-element-button\" href=\"https:\/\/ladunedupilat.com\/es\/periodistas\/solicitudes-de-autorizacion\/\">Solicitudes de autorizaci\u00f3n<\/a><\/div>\n<\/div>\n\n\n\n<p><strong>Para cualquier informaci\u00f3n, puede contactar con el departamento de mediaci\u00f3n y comunicaci\u00f3n:<\/strong><\/p>\n\n\n\n<p>Louise Poupin, Jefa del Departamento de Mediaci\u00f3n y Comunicaci\u00f3n<br>Tel.: 05 56 22 81 22 \/ 06 76 86 28 59 \u2013 missionculture@ladunedupilat.com <\/p>\n\n\n<div class=\"wp-block-uagb-faq uagb-faq__outer-wrap uagb-block-5c776c15 uagb-faq-icon-row-reverse uagb-faq-layout-accordion uagb-faq-expand-first-false uagb-faq-inactive-other-true uagb-faq__wrap uagb-buttons-layout-wrap uagb-faq-equal-height\" data-faqtoggle=\"true\" role=\"tablist\"><div class=\"wp-block-uagb-faq-child uagb-faq-child__outer-wrap uagb-faq-item uagb-block-6e028a8b\" role=\"tab\" tabindex=\"0\"><div class=\"uagb-faq-questions-button uagb-faq-questions\">\t\t\t<span class=\"uagb-icon uagb-faq-icon-wrap\">\n\t\t\t\t\t\t\t\t<svg xmlns=\"https:\/\/www.w3.org\/2000\/svg\" viewbox= \"0 0 448 512\"><path d=\"M432 256c0 17.69-14.33 32.01-32 32.01H256v144c0 17.69-14.33 31.99-32 31.99s-32-14.3-32-31.99v-144H48c-17.67 0-32-14.32-32-32.01s14.33-31.99 32-31.99H192v-144c0-17.69 14.33-32.01 32-32.01s32 14.32 32 32.01v144h144C417.7 224 432 238.3 432 256z\"><\/path><\/svg>\n\t\t\t\t\t\t\t<\/span>\n\t\t\t\t\t\t<span class=\"uagb-icon-active uagb-faq-icon-wrap\">\n\t\t\t\t\t\t\t\t<svg xmlns=\"https:\/\/www.w3.org\/2000\/svg\" viewbox= \"0 0 448 512\"><path d=\"M400 288h-352c-17.69 0-32-14.32-32-32.01s14.31-31.99 32-31.99h352c17.69 0 32 14.3 32 31.99S417.7 288 400 288z\"><\/path><\/svg>\n\t\t\t\t\t\t\t<\/span>\n\t\t\t<p class=\"uagb-question\">carpeta de prensa<\/p><\/div><div class=\"uagb-faq-content\"><p><a href=\"https:\/\/ladunedupilat.com\/wp-content\/uploads\/2025\/07\/Dossier_presse_lancement_saison_.pdf\"><strong>Dossier de prensa \u2013 Lanzamiento de la temporada alta de verano de 2025<\/strong><\/a><br><a href=\"https:\/\/ladunedupilat.com\/wp-content\/uploads\/2024\/11\/Dossier_presse_fouilles_archeologiques.pdf\"><strong>Dossier de prensa \u2013 Campa\u00f1a de excavaci\u00f3n arqueol\u00f3gica realizada por el Estado en la Duna de Pilat<\/strong><\/a><br><a href=\"https:\/\/ladunedupilat.com\/wp-content\/uploads\/2024\/07\/Dossier_presse_05_07_2024.pdf\"><strong>Dossier de prensa \u2013 Lanzamiento de la temporada de verano del Gran Sitio \u2013 5 de julio de 2024<\/strong><\/a><br><a href=\"https:\/\/ladunedupilat.com\/wp-content\/uploads\/2023\/06\/DP-DuneDuPilat-web-2.pdf\"><strong>Dossier de prensa \u2013 El \u00e1rea de recepci\u00f3n ha tenido un lavado de cara \u2013 30 de junio de 2023<\/strong><\/a><br><a href=\"https:\/\/ladunedupilat.com\/wp-content\/uploads\/2023\/02\/Dossier_Presse_01_02_23_BD.pdf\"><strong>Dossier de prensa \u2013 Grandes obras: informe de situaci\u00f3n del \u00e1rea de recepci\u00f3n<\/strong><\/a><br><strong><a href=\"https:\/\/ladunedupilat.com\/wp-content\/uploads\/2022\/06\/CP-2022-06-02.pdf\">Dossier de prensa \u2013 Obras en el \u00e1rea de recepci\u00f3n: \u00a1la metamorfosis iniciada en octubre de 2021 contin\u00faa!<\/a><\/strong><br><strong><a href=\"https:\/\/ladunedupilat.com\/wp-content\/uploads\/2021\/10\/Dossier-de-presse_21-10-2021.pdf\" data-type=\"URL\" data-id=\"https:\/\/ladunedupilat.com\/wp-content\/uploads\/2021\/10\/Dossier-de-presse_21-10-2021.pdf\">Dosier de prensa - 21 de octubre de 2021 - Inauguraci\u00f3n del inicio de las obras<br>recalificaci\u00f3n general del \u00e1rea de recepci\u00f3n<\/a><\/strong><br><strong><a href=\"https:\/\/ladunedupilat.com\/wp-content\/uploads\/2021\/07\/Dossier-de-presse-Prochaine-requalification-de-lespace-daccueil-du-Grand-Site.pdf\" data-type=\"URL\" data-id=\"https:\/\/ladunedupilat.com\/wp-content\/uploads\/2021\/07\/Dossier-de-presse-Prochaine-requalification-de-lespace-daccueil-du-Grand-Site.pdf\">Dossier de prensa - 9 de julio de 2021 - Recalificaci\u00f3n del \u00e1rea de recepci\u00f3n del Grand Site<\/a><\/strong><\/p><\/div><\/div><div class=\"wp-block-uagb-faq-child uagb-faq-child__outer-wrap uagb-faq-item uagb-block-2ad68f9d\" role=\"tab\" tabindex=\"0\"><div class=\"uagb-faq-questions-button uagb-faq-questions\">\t\t\t<span class=\"uagb-icon uagb-faq-icon-wrap\">\n\t\t\t\t\t\t\t\t<svg xmlns=\"https:\/\/www.w3.org\/2000\/svg\" viewbox= \"0 0 448 512\"><path d=\"M432 256c0 17.69-14.33 32.01-32 32.01H256v144c0 17.69-14.33 31.99-32 31.99s-32-14.3-32-31.99v-144H48c-17.67 0-32-14.32-32-32.01s14.33-31.99 32-31.99H192v-144c0-17.69 14.33-32.01 32-32.01s32 14.32 32 32.01v144h144C417.7 224 432 238.3 432 256z\"><\/path><\/svg>\n\t\t\t\t\t\t\t<\/span>\n\t\t\t\t\t\t<span class=\"uagb-icon-active uagb-faq-icon-wrap\">\n\t\t\t\t\t\t\t\t<svg xmlns=\"https:\/\/www.w3.org\/2000\/svg\" viewbox= \"0 0 448 512\"><path d=\"M400 288h-352c-17.69 0-32-14.32-32-32.01s14.31-31.99 32-31.99h352c17.69 0 32 14.3 32 31.99S417.7 288 400 288z\"><\/path><\/svg>\n\t\t\t\t\t\t\t<\/span>\n\t\t\t<p class=\"uagb-question\">Comunicados de prensa<\/p><\/div><div class=\"uagb-faq-content\"><p><strong><a href=\"https:\/\/ladunedupilat.com\/wp-content\/uploads\/2025\/11\/202511_comPresse_Travaux_Dune_Pilat.pdf\">Comunicado de prensa \u2013 Pr\u00f3ximos trabajos en propiedades pertenecientes al Conservatoire du littoral<\/a><\/strong><br><strong><a href=\"https:\/\/ladunedupilat.com\/wp-content\/uploads\/2025\/09\/CP_HANDIDUNE_Septembre_2025.pdf\">Nota de prensa \u2013 27 de septiembre de 2025 \u2013 Evento Handi Dune \u201cLa Duna para todos\u201d<\/a><\/strong><br><strong><a href=\"https:\/\/ladunedupilat.com\/wp-content\/uploads\/2025\/09\/CP_Convention_cooperation.pdf\">Comunicado de prensa \u2013 25 de septiembre de 2025 \u2013 Firma del acuerdo marco de cooperaci\u00f3n entre las dos Arguins<\/a><\/strong><br><a href=\"https:\/\/ladunedupilat.com\/wp-content\/uploads\/2025\/08\/CP_Frequentation_juillet_2025.pdf\"><strong>Nota de prensa \u2013 12 de agosto de 2025 \u2013 Gesti\u00f3n de asistencia en julio de 2025<\/strong><\/a><br><a href=\"https:\/\/ladunedupilat.com\/wp-content\/uploads\/2025\/07\/20250723_commPresse_dechets_Pilat.pdf\"><strong>Nota de prensa \u2013 22 de julio de 2025 \u2013 Residuos contaminados \u2013 Duna de Pilat<\/strong><\/a><br><a href=\"https:\/\/ladunedupilat.com\/wp-content\/uploads\/2025\/04\/CP_DEMARCHE_GSF_14_04_25-1.pdf\"><strong>Comunicado de prensa \u2013 14 de abril de 2025 \u2013 Compromiso con el enfoque del Gran Sitio de Francia<\/strong><\/a><br><a href=\"https:\/\/ladunedupilat.com\/wp-content\/uploads\/2023\/06\/CP-DuneDuPilat-web-2.pdf\"><strong>Comunicado de prensa - 30 de junio de 2023 - \u00a1El \u00e1rea de recepci\u00f3n ha tenido un lavado de cara!<\/strong><\/a><br><a href=\"https:\/\/ladunedupilat.com\/wp-content\/uploads\/2021\/12\/CP-2021-11-30_Appel-a-candidatures.pdf\" data-type=\"URL\" data-id=\"https:\/\/ladunedupilat.com\/wp-content\/uploads\/2021\/12\/CP-2021-11-30_Appel-a-candidatures.pdf\"><strong>Comunicado de prensa \u2013 30 de noviembre de 2021 \u2013 Minorista: convocatoria de solicitudes<\/strong><\/a><strong><br><\/strong><a href=\"https:\/\/ladunedupilat.com\/wp-content\/uploads\/2021\/12\/CP-2021-11-30_Point-d-etape-chantier.pdf\" data-type=\"URL\" data-id=\"https:\/\/ladunedupilat.com\/wp-content\/uploads\/2021\/12\/CP-2021-11-30_Point-d-etape-chantier.pdf\"><strong>Comunicado de prensa \u2013 30 de noviembre de 2021 \u2013 Informe de progreso del proyecto global de recalificaci\u00f3n<\/strong><\/a><br><strong><a href=\"https:\/\/ladunedupilat.com\/wp-content\/uploads\/2021\/10\/CP-2021-09-13_Demarrage-des-travaux-de-requalification_vf-1.pdf\" data-type=\"URL\" data-id=\"https:\/\/ladunedupilat.com\/wp-content\/uploads\/2021\/10\/CP-2021-09-13_Demarrage-des-travaux-de-requalification_vf-1.pdf\">Comunicado de prensa - 13 de septiembre de 2021 - Inicio del trabajo de recalificaci\u00f3n global<\/a><\/strong><br><strong><a href=\"https:\/\/ladunedupilat.com\/wp-content\/uploads\/2021\/09\/CP-2021-09-08-Election-presidence-Syndicat-v2.pdf\" data-type=\"URL\" data-id=\"https:\/\/ladunedupilat.com\/wp-content\/uploads\/2021\/09\/CP-2021-09-08-Election-presidence-Syndicat-v2.pdf\">Comunicado de prensa - 8 de septiembre de 2021 - Instalaci\u00f3n del nuevo comit\u00e9 sindical<\/a><\/strong><\/p><\/div><\/div><div class=\"wp-block-uagb-faq-child uagb-faq-child__outer-wrap uagb-faq-item uagb-block-24815547\" role=\"tab\" tabindex=\"0\"><div class=\"uagb-faq-questions-button uagb-faq-questions\">\t\t\t<span class=\"uagb-icon uagb-faq-icon-wrap\">\n\t\t\t\t\t\t\t\t<svg xmlns=\"https:\/\/www.w3.org\/2000\/svg\" viewbox= \"0 0 448 512\"><path d=\"M432 256c0 17.69-14.33 32.01-32 32.01H256v144c0 17.69-14.33 31.99-32 31.99s-32-14.3-32-31.99v-144H48c-17.67 0-32-14.32-32-32.01s14.33-31.99 32-31.99H192v-144c0-17.69 14.33-32.01 32-32.01s32 14.32 32 32.01v144h144C417.7 224 432 238.3 432 256z\"><\/path><\/svg>\n\t\t\t\t\t\t\t<\/span>\n\t\t\t\t\t\t<span class=\"uagb-icon-active uagb-faq-icon-wrap\">\n\t\t\t\t\t\t\t\t<svg xmlns=\"https:\/\/www.w3.org\/2000\/svg\" viewbox= \"0 0 448 512\"><path d=\"M400 288h-352c-17.69 0-32-14.32-32-32.01s14.31-31.99 32-31.99h352c17.69 0 32 14.3 32 31.99S417.7 288 400 288z\"><\/path><\/svg>\n\t\t\t\t\t\t\t<\/span>\n\t\t\t<p class=\"uagb-question\">Hablamos de nosotros<\/p><\/div><div class=\"uagb-faq-content\"><p><a href=\"https:\/\/tvba.fr\/la-dune-du-pilat-pas-quun-point-de-vue\/\" rel=\"nofollow noopener\" target=\"_blank\">TVBA \u2013 12 de julio de 2024: La Duna del Pilat, no s\u00f3lo un punto de vista<\/a><br><a href=\"https:\/\/www.ladepechedubassin.fr\/actualite-3632-dossier-la-science-a-l-assaut-de-la-dune-du-pilat\" rel=\"nofollow noopener\" target=\"_blank\">La D\u00e9p\u00eache du Bassin \u2013 21 de junio de 2024: La ciencia se enfrenta a la Duna del Pilat<\/a><\/p><\/div><\/div><\/div>\n\n\n<p><\/p>","protected":false},"excerpt":{"rendered":"<p>\u00bfEres un periodista? En este espacio, encontrar\u00e1 todos los comunicados de prensa y dossiers de prensa relacionados con la vida del Establecimiento, los proyectos de estructuraci\u00f3n del Gran Sitio y las actividades de educaci\u00f3n ambiental.<\/p>","protected":false},"author":8,"featured_media":1930,"parent":304,"menu_order":0,"comment_status":"closed","ping_status":"closed","template":"templates\/template-full-width.php","meta":{"_acf_changed":false,"_uag_custom_page_level_css":"","footnotes":""},"class_list":["post-330","page","type-page","status-publish","has-post-thumbnail","hentry"],"acf":[],"uagb_featured_image_src":{"full":["https:\/\/ladunedupilat.com\/wp-content\/uploads\/2021\/05\/entete-presse.jpg",1600,800,false],"thumbnail":["https:\/\/ladunedupilat.com\/wp-content\/uploads\/2021\/05\/entete-presse-150x150.jpg",150,150,true],"medium":["https:\/\/ladunedupilat.com\/wp-content\/uploads\/2021\/05\/entete-presse-300x150.jpg",300,150,true],"medium_large":["https:\/\/ladunedupilat.com\/wp-content\/uploads\/2021\/05\/entete-presse-768x384.jpg",580,290,true],"large":["https:\/\/ladunedupilat.com\/wp-content\/uploads\/2021\/05\/entete-presse-1024x512.jpg",580,290,true],"1536x1536":["https:\/\/ladunedupilat.com\/wp-content\/uploads\/2021\/05\/entete-presse-1536x768.jpg",1536,768,true],"2048x2048":["https:\/\/ladunedupilat.com\/wp-content\/uploads\/2021\/05\/entete-presse.jpg",1600,800,false],"trp-custom-language-flag":["https:\/\/ladunedupilat.com\/wp-content\/uploads\/2021\/05\/entete-presse-16x8.jpg",16,8,true],"post-thumbnail":["https:\/\/ladunedupilat.com\/wp-content\/uploads\/2021\/05\/entete-presse-1200x600.jpg",1200,600,true],"twentytwenty-fullscreen":["https:\/\/ladunedupilat.com\/wp-content\/uploads\/2021\/05\/entete-presse.jpg",1600,800,false]},"uagb_author_info":{"display_name":"communication@ladunedupilat.com","author_link":"https:\/\/ladunedupilat.com\/es\/author\/communicationladunedupilat-com\/"},"uagb_comment_info":0,"uagb_excerpt":"Vous \u00eates journaliste ? Vous trouverez dans cet espace, l\u2019ensemble des communiqu\u00e9s et dossiers de presse relatifs \u00e0 la vie de l'\u00c9tablissement, aux projets structurants du Grand Site et aux activit\u00e9s d\u2019\u00e9ducation \u00e0 l\u2019environnement.","_links":{"self":[{"href":"https:\/\/ladunedupilat.com\/es\/wp-json\/wp\/v2\/pages\/330","targetHints":{"allow":["GET"]}}],"collection":[{"href":"https:\/\/ladunedupilat.com\/es\/wp-json\/wp\/v2\/pages"}],"about":[{"href":"https:\/\/ladunedupilat.com\/es\/wp-json\/wp\/v2\/types\/page"}],"author":[{"embeddable":true,"href":"https:\/\/ladunedupilat.com\/es\/wp-json\/wp\/v2\/users\/8"}],"replies":[{"embeddable":true,"href":"https:\/\/ladunedupilat.com\/es\/wp-json\/wp\/v2\/comments?post=330"}],"version-history":[{"count":12,"href":"https:\/\/ladunedupilat.com\/es\/wp-json\/wp\/v2\/pages\/330\/revisions"}],"predecessor-version":[{"id":27471,"href":"https:\/\/ladunedupilat.com\/es\/wp-json\/wp\/v2\/pages\/330\/revisions\/27471"}],"up":[{"embeddable":true,"href":"https:\/\/ladunedupilat.com\/es\/wp-json\/wp\/v2\/pages\/304"}],"wp:featuredmedia":[{"embeddable":true,"href":"https:\/\/ladunedupilat.com\/es\/wp-json\/wp\/v2\/media\/1930"}],"wp:attachment":[{"href":"https:\/\/ladunedupilat.com\/es\/wp-json\/wp\/v2\/media?parent=330"}],"curies":[{"name":"gracias","href":"https:\/\/api.w.org\/{rel}","templated":true}]}}