{"id":341,"date":"2021-03-02T19:02:30","date_gmt":"2021-03-02T18:02:30","guid":{"rendered":"https:\/\/ladunedupilat.com\/?page_id=341"},"modified":"2026-03-02T15:51:17","modified_gmt":"2026-03-02T14:51:17","slug":"las-actividades","status":"publish","type":"page","link":"https:\/\/ladunedupilat.com\/es\/les-activites\/","title":{"rendered":"Actividades gratuitas"},"content":{"rendered":"<p>Durante todo el a\u00f1o, nuestros mediadores culturales y cient\u00edficos te ofrecen actividades. <strong>en el \u00e1rea de recepci\u00f3n<\/strong> dentro de <strong>choza de descubrimiento<\/strong> y los <strong>actividades en la naturaleza en la cresta de las dunas<\/strong> para comprender mejor las riquezas de este <strong>patrimonio natural<\/strong> en movimiento. <\/p>\n\n\n\n<p>Hablar\u00e1n con vosotros de los impactos relacionados con el incendio del verano de 2022 y os contar\u00e1n la historia de este oc\u00e9ano de verdor \u00edntimamente ligado a la formaci\u00f3n de la duna m\u00e1s alta de Europa.<\/p>\n\n\n\n<p class=\"has-text-align-left\"><strong>\u00bfC\u00f3mo se formaron los paisajes? \u00bfLa Duna del Pilat es m\u00f3vil? \u00bfC\u00f3mo se mueve? \u00bfDe d\u00f3nde viene la arena? \u00bfQu\u00e9 vida alberga este fr\u00e1gil ecosistema? \u00bfQu\u00e9 es el hermanamiento?<\/strong><\/p>\n\n\n\n<p class=\"has-text-align-left\">\u00a1Nuestros gu\u00edas de la naturaleza lo invitan junto con ellos a comprender mejor este patrimonio y su historia!<\/p>\n\n\n\n<p>Paseos guiados, visitas al atardecer, recepciones con telescopios, paseos narrados\u2026 \u00a1Participa en alguna de nuestras actividades!<\/p>\n\n\n\n<p>Tambi\u00e9n ofrecemos una variedad de actividades para <strong>Instituciones educacionales<\/strong> y los <strong>centros de ocio.<\/strong><\/p>\n\n\n\n<div class=\"wp-block-group inter\"><div class=\"wp-block-group__inner-container is-layout-flow wp-block-group-is-layout-flow\">\n<div class=\"wp-block-getwid-image-box dunecard getwid-animation has-text-left has-mobile-layout-default has-mobile-alignment-default\" data-animation=\"zoomSmall\"><div class=\"wp-block-getwid-image-box__image-container is-position-top\"><a href=\"https:\/\/ladunedupilat.com\/es\/las-actividades\/en-familia\/\" rel=\"\" class=\"wp-block-getwid-image-box__image-wrapper\"><img loading=\"lazy\" decoding=\"async\" width=\"257\" height=\"300\" src=\"https:\/\/ladunedupilat.com\/wp-content\/uploads\/2025\/02\/IMG_1351-1-scaled-e1738677391464-257x300.jpg\" alt=\"-\" class=\"wp-block-getwid-image-box__image wp-image-26755\" srcset=\"https:\/\/ladunedupilat.com\/wp-content\/uploads\/2025\/02\/IMG_1351-1-scaled-e1738677391464-257x300.jpg 257w, https:\/\/ladunedupilat.com\/wp-content\/uploads\/2025\/02\/IMG_1351-1-scaled-e1738677391464-878x1024.jpg 878w, https:\/\/ladunedupilat.com\/wp-content\/uploads\/2025\/02\/IMG_1351-1-scaled-e1738677391464-768x896.jpg 768w, https:\/\/ladunedupilat.com\/wp-content\/uploads\/2025\/02\/IMG_1351-1-scaled-e1738677391464-10x12.jpg 10w, https:\/\/ladunedupilat.com\/wp-content\/uploads\/2025\/02\/IMG_1351-1-scaled-e1738677391464.jpg 1200w\" sizes=\"auto, (max-width: 257px) 100vw, 257px\" \/><\/a><\/div><div class=\"wp-block-getwid-image-box__content\">\n<h3 class=\"wp-block-heading\">En familia<\/h3>\n\n\n\n<p><\/p>\n<\/div><\/div>\n\n\n\n<div class=\"wp-block-getwid-image-box dunecard getwid-animation has-text-left has-mobile-layout-default has-mobile-alignment-default\" data-animation=\"zoomSmall\"><div class=\"wp-block-getwid-image-box__image-container is-position-top\"><a href=\"https:\/\/ladunedupilat.com\/es\/las-actividades\/para-los-pequenos\/\" rel=\"\" class=\"wp-block-getwid-image-box__image-wrapper\"><img loading=\"lazy\" decoding=\"async\" width=\"252\" height=\"300\" src=\"https:\/\/ladunedupilat.com\/wp-content\/uploads\/2021\/05\/vignette-enfants-252x300.jpg\" alt=\"-\" class=\"wp-block-getwid-image-box__image wp-image-1874\" srcset=\"https:\/\/ladunedupilat.com\/wp-content\/uploads\/2021\/05\/vignette-enfants-252x300.jpg 252w, https:\/\/ladunedupilat.com\/wp-content\/uploads\/2021\/05\/vignette-enfants-10x12.jpg 10w, https:\/\/ladunedupilat.com\/wp-content\/uploads\/2021\/05\/vignette-enfants.jpg 336w\" sizes=\"auto, (max-width: 252px) 100vw, 252px\" \/><\/a><\/div><div class=\"wp-block-getwid-image-box__content\">\n<h3 class=\"wp-block-heading\">Para los peques<\/h3>\n\n\n\n<p><\/p>\n<\/div><\/div>\n\n\n\n<div class=\"wp-block-getwid-image-box dunecard getwid-animation has-text-left has-mobile-layout-default has-mobile-alignment-default\" data-animation=\"zoomSmall\"><div class=\"wp-block-getwid-image-box__image-container is-position-top\"><a href=\"https:\/\/ladunedupilat.com\/es\/profesores\/oferta-educativa\/\" rel=\"\" class=\"wp-block-getwid-image-box__image-wrapper\"><img loading=\"lazy\" decoding=\"async\" width=\"300\" height=\"300\" src=\"https:\/\/ladunedupilat.com\/wp-content\/uploads\/2023\/07\/cabane_expo-300x300.jpg\" alt=\"cabina_expo\" class=\"wp-block-getwid-image-box__image wp-image-25038\" srcset=\"https:\/\/ladunedupilat.com\/wp-content\/uploads\/2023\/07\/cabane_expo-300x300.jpg 300w, https:\/\/ladunedupilat.com\/wp-content\/uploads\/2023\/07\/cabane_expo-1024x1024.jpg 1024w, https:\/\/ladunedupilat.com\/wp-content\/uploads\/2023\/07\/cabane_expo-150x150.jpg 150w, https:\/\/ladunedupilat.com\/wp-content\/uploads\/2023\/07\/cabane_expo-768x768.jpg 768w, https:\/\/ladunedupilat.com\/wp-content\/uploads\/2023\/07\/cabane_expo-1536x1536.jpg 1536w, https:\/\/ladunedupilat.com\/wp-content\/uploads\/2023\/07\/cabane_expo-2048x2048.jpg 2048w, https:\/\/ladunedupilat.com\/wp-content\/uploads\/2023\/07\/cabane_expo-12x12.jpg 12w, https:\/\/ladunedupilat.com\/wp-content\/uploads\/2023\/07\/cabane_expo-1200x1200.jpg 1200w, https:\/\/ladunedupilat.com\/wp-content\/uploads\/2023\/07\/cabane_expo-1980x1980.jpg 1980w\" sizes=\"auto, (max-width: 300px) 100vw, 300px\" \/><\/a><\/div><div class=\"wp-block-getwid-image-box__content\">\n<h3 class=\"wp-block-heading\">Para escolares<\/h3>\n\n\n\n<p><\/p>\n<\/div><\/div>\n\n\n\n<div class=\"wp-block-getwid-image-box dunecard getwid-animation has-text-left has-mobile-layout-default has-mobile-alignment-default\" data-animation=\"zoomSmall\"><div class=\"wp-block-getwid-image-box__image-container is-position-top\"><a href=\"https:\/\/ladunedupilat.com\/es\/nuestras-actividades-en-la-naturaleza\/\" rel=\"\" class=\"wp-block-getwid-image-box__image-wrapper\"><img loading=\"lazy\" decoding=\"async\" width=\"265\" height=\"300\" src=\"https:\/\/ladunedupilat.com\/wp-content\/uploads\/2025\/02\/IMG_9597-scaled-e1738683674446-265x300.jpg\" alt=\"-\" class=\"wp-block-getwid-image-box__image wp-image-26775\" srcset=\"https:\/\/ladunedupilat.com\/wp-content\/uploads\/2025\/02\/IMG_9597-scaled-e1738683674446-265x300.jpg 265w, https:\/\/ladunedupilat.com\/wp-content\/uploads\/2025\/02\/IMG_9597-scaled-e1738683674446-905x1024.jpg 905w, https:\/\/ladunedupilat.com\/wp-content\/uploads\/2025\/02\/IMG_9597-scaled-e1738683674446-768x869.jpg 768w, https:\/\/ladunedupilat.com\/wp-content\/uploads\/2025\/02\/IMG_9597-scaled-e1738683674446-11x12.jpg 11w, https:\/\/ladunedupilat.com\/wp-content\/uploads\/2025\/02\/IMG_9597-scaled-e1738683674446-1200x1358.jpg 1200w, https:\/\/ladunedupilat.com\/wp-content\/uploads\/2025\/02\/IMG_9597-scaled-e1738683674446.jpg 1357w\" sizes=\"auto, (max-width: 265px) 100vw, 265px\" \/><\/a><\/div><div class=\"wp-block-getwid-image-box__content\">\n<h3 class=\"wp-block-heading\">Nuestras actividades en la naturaleza<\/h3>\n\n\n\n<p><\/p>\n<\/div><\/div>\n\n\n\n<div class=\"wp-block-getwid-image-box dunecard getwid-animation has-text-left has-mobile-layout-default has-mobile-alignment-default uag-hide-desktop uag-hide-tab uag-hide-mob uag-hide-desktop uag-hide-tab uag-hide-mob\" data-animation=\"zoomSmall\"><div class=\"wp-block-getwid-image-box__image-container is-position-top\"><a href=\"https:\/\/ladunedupilat.com\/es\/las-actividades\/expositions\/\" class=\"wp-block-getwid-image-box__image-wrapper\"><img loading=\"lazy\" decoding=\"async\" width=\"300\" height=\"300\" src=\"https:\/\/ladunedupilat.com\/wp-content\/uploads\/2023\/07\/cabane_expo-300x300.jpg\" alt=\"cabina_expo\" class=\"wp-block-getwid-image-box__image wp-image-25038\" srcset=\"https:\/\/ladunedupilat.com\/wp-content\/uploads\/2023\/07\/cabane_expo-300x300.jpg 300w, https:\/\/ladunedupilat.com\/wp-content\/uploads\/2023\/07\/cabane_expo-1024x1024.jpg 1024w, https:\/\/ladunedupilat.com\/wp-content\/uploads\/2023\/07\/cabane_expo-150x150.jpg 150w, https:\/\/ladunedupilat.com\/wp-content\/uploads\/2023\/07\/cabane_expo-768x768.jpg 768w, https:\/\/ladunedupilat.com\/wp-content\/uploads\/2023\/07\/cabane_expo-1536x1536.jpg 1536w, https:\/\/ladunedupilat.com\/wp-content\/uploads\/2023\/07\/cabane_expo-2048x2048.jpg 2048w, https:\/\/ladunedupilat.com\/wp-content\/uploads\/2023\/07\/cabane_expo-12x12.jpg 12w, https:\/\/ladunedupilat.com\/wp-content\/uploads\/2023\/07\/cabane_expo-1200x1200.jpg 1200w, https:\/\/ladunedupilat.com\/wp-content\/uploads\/2023\/07\/cabane_expo-1980x1980.jpg 1980w\" sizes=\"auto, (max-width: 300px) 100vw, 300px\" \/><\/a><\/div><div class=\"wp-block-getwid-image-box__content\">\n<h3 class=\"wp-block-heading\">Caba\u00f1a de exhibici\u00f3n<\/h3>\n\n\n\n<p><\/p>\n<\/div><\/div>\n\n\n\n<div class=\"wp-block-getwid-image-box dunecard getwid-animation has-text-left has-mobile-layout-default has-mobile-alignment-default\" data-animation=\"zoomSmall\"><div class=\"wp-block-getwid-image-box__image-container is-position-top\"><a href=\"https:\/\/ladunedupilat.com\/es\/las-actividades\/circuitos-para-caminar-2\/\" class=\"wp-block-getwid-image-box__image-wrapper\"><img loading=\"lazy\" decoding=\"async\" width=\"252\" height=\"300\" src=\"https:\/\/ladunedupilat.com\/wp-content\/uploads\/2021\/05\/vignette-pedestre-252x300.jpg\" alt=\"-\" class=\"wp-block-getwid-image-box__image wp-image-1877\" srcset=\"https:\/\/ladunedupilat.com\/wp-content\/uploads\/2021\/05\/vignette-pedestre-252x300.jpg 252w, https:\/\/ladunedupilat.com\/wp-content\/uploads\/2021\/05\/vignette-pedestre-10x12.jpg 10w, https:\/\/ladunedupilat.com\/wp-content\/uploads\/2021\/05\/vignette-pedestre.jpg 336w\" sizes=\"auto, (max-width: 252px) 100vw, 252px\" \/><\/a><\/div><div class=\"wp-block-getwid-image-box__content\">\n<h3 class=\"wp-block-heading\">Tours de caminata<\/h3>\n\n\n\n<p><\/p>\n<\/div><\/div>\n\n\n\n<div class=\"wp-block-getwid-image-box dunecard getwid-animation has-text-left has-mobile-layout-default has-mobile-alignment-default\" data-animation=\"zoomSmall\"><div class=\"wp-block-getwid-image-box__image-container is-position-top\"><a href=\"https:\/\/ladunedupilat.com\/es\/preparacion\/en-el-sitio\/\" class=\"wp-block-getwid-image-box__image-wrapper\"><img loading=\"lazy\" decoding=\"async\" width=\"300\" height=\"300\" src=\"https:\/\/ladunedupilat.com\/wp-content\/uploads\/2023\/07\/Sur_place-2-300x300.jpg\" alt=\"en el sitio\" class=\"wp-block-getwid-image-box__image wp-image-25062\" srcset=\"https:\/\/ladunedupilat.com\/wp-content\/uploads\/2023\/07\/Sur_place-2-300x300.jpg 300w, https:\/\/ladunedupilat.com\/wp-content\/uploads\/2023\/07\/Sur_place-2-1024x1024.jpg 1024w, https:\/\/ladunedupilat.com\/wp-content\/uploads\/2023\/07\/Sur_place-2-150x150.jpg 150w, https:\/\/ladunedupilat.com\/wp-content\/uploads\/2023\/07\/Sur_place-2-768x768.jpg 768w, https:\/\/ladunedupilat.com\/wp-content\/uploads\/2023\/07\/Sur_place-2-1536x1536.jpg 1536w, https:\/\/ladunedupilat.com\/wp-content\/uploads\/2023\/07\/Sur_place-2-2048x2048.jpg 2048w, https:\/\/ladunedupilat.com\/wp-content\/uploads\/2023\/07\/Sur_place-2-12x12.jpg 12w, https:\/\/ladunedupilat.com\/wp-content\/uploads\/2023\/07\/Sur_place-2-1200x1200.jpg 1200w, https:\/\/ladunedupilat.com\/wp-content\/uploads\/2023\/07\/Sur_place-2-1980x1980.jpg 1980w\" sizes=\"auto, (max-width: 300px) 100vw, 300px\" \/><\/a><\/div><div class=\"wp-block-getwid-image-box__content\">\n<h3 class=\"wp-block-heading\">En el sitio<\/h3>\n\n\n\n<p><\/p>\n<\/div><\/div>\n\n\n\n<div class=\"wp-block-getwid-image-box dunecard getwid-animation has-text-left has-mobile-layout-default has-mobile-alignment-default\" data-animation=\"zoomSmall\"><div class=\"wp-block-getwid-image-box__image-container is-position-top\"><a href=\"https:\/\/ladunedupilat.com\/es\/preparacion\/consejos-de-visita\/\" class=\"wp-block-getwid-image-box__image-wrapper\"><img loading=\"lazy\" decoding=\"async\" width=\"252\" height=\"300\" src=\"https:\/\/ladunedupilat.com\/wp-content\/uploads\/2021\/05\/vignette-conseil-252x300.jpg\" alt=\"-\" class=\"wp-block-getwid-image-box__image wp-image-1818\" srcset=\"https:\/\/ladunedupilat.com\/wp-content\/uploads\/2021\/05\/vignette-conseil-252x300.jpg 252w, https:\/\/ladunedupilat.com\/wp-content\/uploads\/2021\/05\/vignette-conseil-10x12.jpg 10w, https:\/\/ladunedupilat.com\/wp-content\/uploads\/2021\/05\/vignette-conseil.jpg 336w\" sizes=\"auto, (max-width: 252px) 100vw, 252px\" \/><\/a><\/div><div class=\"wp-block-getwid-image-box__content\">\n<h3 class=\"wp-block-heading\">Consejos para visitas<\/h3>\n\n\n\n<p><\/p>\n<\/div><\/div>\n\n\n\n<div class=\"wp-block-getwid-image-box dunecard getwid-animation has-text-left has-mobile-layout-default has-mobile-alignment-default\" data-animation=\"zoomSmall\"><div class=\"wp-block-getwid-image-box__image-container is-position-top\"><a href=\"https:\/\/ladunedupilat.com\/es\/duna-2\/actualidad\/\" class=\"wp-block-getwid-image-box__image-wrapper\"><img loading=\"lazy\" decoding=\"async\" width=\"252\" height=\"300\" src=\"https:\/\/ladunedupilat.com\/wp-content\/uploads\/2021\/05\/vignette-actus-252x300.jpg\" alt=\"-\" class=\"wp-block-getwid-image-box__image wp-image-1786\" srcset=\"https:\/\/ladunedupilat.com\/wp-content\/uploads\/2021\/05\/vignette-actus-252x300.jpg 252w, https:\/\/ladunedupilat.com\/wp-content\/uploads\/2021\/05\/vignette-actus-10x12.jpg 10w, https:\/\/ladunedupilat.com\/wp-content\/uploads\/2021\/05\/vignette-actus.jpg 336w\" sizes=\"auto, (max-width: 252px) 100vw, 252px\" \/><\/a><\/div><div class=\"wp-block-getwid-image-box__content\">\n<h3 class=\"wp-block-heading\">Noticias<\/h3>\n\n\n\n<p><\/p>\n<\/div><\/div>\n<\/div><\/div>\n\n\n\n<p><\/p>","protected":false},"excerpt":{"rendered":"<p>En familia, Para los m\u00e1s peque\u00f1os, Para colegios, Exposiciones, Paseos a pie, In situ, Consejos de visita, Entorno, Noticias<\/p>","protected":false},"author":8,"featured_media":25034,"parent":0,"menu_order":3,"comment_status":"closed","ping_status":"closed","template":"templates\/template-full-width.php","meta":{"_acf_changed":false,"_uag_custom_page_level_css":"","footnotes":""},"class_list":["post-341","page","type-page","status-publish","has-post-thumbnail","hentry"],"acf":[],"uagb_featured_image_src":{"full":["https:\/\/ladunedupilat.com\/wp-content\/uploads\/2023\/07\/IMG_8177-scaled.jpg",2560,1707,false],"thumbnail":["https:\/\/ladunedupilat.com\/wp-content\/uploads\/2023\/07\/IMG_8177-150x150.jpg",150,150,true],"medium":["https:\/\/ladunedupilat.com\/wp-content\/uploads\/2023\/07\/IMG_8177-300x200.jpg",300,200,true],"medium_large":["https:\/\/ladunedupilat.com\/wp-content\/uploads\/2023\/07\/IMG_8177-768x512.jpg",580,387,true],"large":["https:\/\/ladunedupilat.com\/wp-content\/uploads\/2023\/07\/IMG_8177-1024x683.jpg",580,387,true],"1536x1536":["https:\/\/ladunedupilat.com\/wp-content\/uploads\/2023\/07\/IMG_8177-1536x1024.jpg",1536,1024,true],"2048x2048":["https:\/\/ladunedupilat.com\/wp-content\/uploads\/2023\/07\/IMG_8177-2048x1365.jpg",2048,1365,true],"trp-custom-language-flag":["https:\/\/ladunedupilat.com\/wp-content\/uploads\/2023\/07\/IMG_8177-18x12.jpg",18,12,true],"post-thumbnail":["https:\/\/ladunedupilat.com\/wp-content\/uploads\/2023\/07\/IMG_8177-1200x800.jpg",1200,800,true],"twentytwenty-fullscreen":["https:\/\/ladunedupilat.com\/wp-content\/uploads\/2023\/07\/IMG_8177-1980x1320.jpg",1980,1320,true]},"uagb_author_info":{"display_name":"communication@ladunedupilat.com","author_link":"https:\/\/ladunedupilat.com\/es\/author\/communicationladunedupilat-com\/"},"uagb_comment_info":0,"uagb_excerpt":"En famille, Pour les plus petits, Pour les scolaires, Expositions, Circuits p\u00e9destres, Sur place, Conseils de visite, Aux alentours, Actualit\u00e9s","_links":{"self":[{"href":"https:\/\/ladunedupilat.com\/es\/wp-json\/wp\/v2\/pages\/341","targetHints":{"allow":["GET"]}}],"collection":[{"href":"https:\/\/ladunedupilat.com\/es\/wp-json\/wp\/v2\/pages"}],"about":[{"href":"https:\/\/ladunedupilat.com\/es\/wp-json\/wp\/v2\/types\/page"}],"author":[{"embeddable":true,"href":"https:\/\/ladunedupilat.com\/es\/wp-json\/wp\/v2\/users\/8"}],"replies":[{"embeddable":true,"href":"https:\/\/ladunedupilat.com\/es\/wp-json\/wp\/v2\/comments?post=341"}],"version-history":[{"count":6,"href":"https:\/\/ladunedupilat.com\/es\/wp-json\/wp\/v2\/pages\/341\/revisions"}],"predecessor-version":[{"id":27629,"href":"https:\/\/ladunedupilat.com\/es\/wp-json\/wp\/v2\/pages\/341\/revisions\/27629"}],"wp:featuredmedia":[{"embeddable":true,"href":"https:\/\/ladunedupilat.com\/es\/wp-json\/wp\/v2\/media\/25034"}],"wp:attachment":[{"href":"https:\/\/ladunedupilat.com\/es\/wp-json\/wp\/v2\/media?parent=341"}],"curies":[{"name":"gracias","href":"https:\/\/api.w.org\/{rel}","templated":true}]}}