{"id":361,"date":"2021-03-03T08:22:33","date_gmt":"2021-03-03T07:22:33","guid":{"rendered":"https:\/\/ladunedupilat.com\/?page_id=361"},"modified":"2026-04-30T11:10:34","modified_gmt":"2026-04-30T09:10:34","slug":"mision-union-mixta","status":"publish","type":"page","link":"https:\/\/ladunedupilat.com\/es\/je-decouvre\/mission-syndicat-mixte\/","title":{"rendered":"<strong>Un sindicato conjunto<\/strong> para la gesti\u00f3n p\u00fablica"},"content":{"rendered":"<section class=\"wp-block-uagb-columns uagb-columns__wrap uagb-columns__background-none uagb-columns__stack-mobile uagb-columns__valign- uagb-columns__gap-10 align uagb-block-8dff7817 uagb-columns__columns-1 uagb-columns__max_width-custom chapo\"><div class=\"uagb-columns__overlay\"><\/div><div class=\"uagb-columns__inner-wrap uagb-columns__columns-1\">\n<div class=\"wp-block-uagb-column uagb-column__wrap uagb-column__background-undefined uagb-block-e607e58f\"><div class=\"uagb-column__overlay\"><\/div>\n<p class=\"has-text-align-center\">\u201cVale la pena proteger la Duna de Pilat, tan fuerte como fr\u00e1gil. Para que podamos maravillarnos con \u00e9l durante mucho tiempo. La mano humana escribe y va, habiendo escrito. Los paisajes son fr\u00e1giles, cuestionar su historia permite aprehenderlos mejor, comprenderlos y sobre todo respetarlos \u201d. <em>Programa push Silence \u00e7a, Francia 5, a partir del 1 de mayo de 2021<\/em><\/p>\n<\/div>\n<\/div><\/section>\n\n\n\n<figure class=\"wp-block-gallery has-nested-images columns-default is-cropped wp-block-gallery-1 is-layout-flex wp-block-gallery-is-layout-flex\">\n<figure class=\"wp-block-image size-large\"><img loading=\"lazy\" decoding=\"async\" width=\"1024\" height=\"746\" data-id=\"27148\" src=\"https:\/\/ladunedupilat.com\/wp-content\/uploads\/2025\/07\/Lancement_saison_2025-1024x746.jpg\" alt=\"-\" class=\"wp-image-27148\" srcset=\"https:\/\/ladunedupilat.com\/wp-content\/uploads\/2025\/07\/Lancement_saison_2025-1024x746.jpg 1024w, https:\/\/ladunedupilat.com\/wp-content\/uploads\/2025\/07\/Lancement_saison_2025-300x218.jpg 300w, https:\/\/ladunedupilat.com\/wp-content\/uploads\/2025\/07\/Lancement_saison_2025-768x559.jpg 768w, https:\/\/ladunedupilat.com\/wp-content\/uploads\/2025\/07\/Lancement_saison_2025-1536x1119.jpg 1536w, https:\/\/ladunedupilat.com\/wp-content\/uploads\/2025\/07\/Lancement_saison_2025-2048x1491.jpg 2048w, https:\/\/ladunedupilat.com\/wp-content\/uploads\/2025\/07\/Lancement_saison_2025-16x12.jpg 16w, https:\/\/ladunedupilat.com\/wp-content\/uploads\/2025\/07\/Lancement_saison_2025-1200x874.jpg 1200w, https:\/\/ladunedupilat.com\/wp-content\/uploads\/2025\/07\/Lancement_saison_2025-1980x1442.jpg 1980w\" sizes=\"auto, (max-width: 1024px) 100vw, 1024px\" \/><figcaption class=\"wp-element-caption\">La presidenta del Grand Site de la Dune du Pilat, Nathalie Le Yondre, con parte del equipo del Syndicat Mixte, director de la Dune.<\/figcaption><\/figure>\n<\/figure>\n\n\n\n<p class=\"has-text-align-center\">Encuentre aqu\u00ed toda la informaci\u00f3n para comprender mejor los desaf\u00edos de preservar este sitio de gran NATURALEZA.<\/p>\n\n\n\n<div class=\"wp-block-group inter\"><div class=\"wp-block-group__inner-container is-layout-flow wp-block-group-is-layout-flow\">\n<div class=\"wp-block-getwid-image-box dunecard getwid-animation has-text-left has-mobile-layout-default has-mobile-alignment-default\" data-animation=\"zoomSmall\"><div class=\"wp-block-getwid-image-box__image-container is-position-top\"><a href=\"https:\/\/ladunedupilat.com\/es\/yo-descubro\/mision-union-mixta\/gestion-publica\/\" rel=\"https:\/\/ladunedupilat.com\/je-decouvre\/mission-syndicat-mixte\/gestion-publique\/\" class=\"wp-block-getwid-image-box__image-wrapper\"><img loading=\"lazy\" decoding=\"async\" width=\"252\" height=\"300\" src=\"https:\/\/ladunedupilat.com\/wp-content\/uploads\/2021\/06\/vignette-gestion-publique-252x300.jpg\" alt=\"-\" class=\"wp-block-getwid-image-box__image wp-image-2299\" srcset=\"https:\/\/ladunedupilat.com\/wp-content\/uploads\/2021\/06\/vignette-gestion-publique-252x300.jpg 252w, https:\/\/ladunedupilat.com\/wp-content\/uploads\/2021\/06\/vignette-gestion-publique-10x12.jpg 10w, https:\/\/ladunedupilat.com\/wp-content\/uploads\/2021\/06\/vignette-gestion-publique.jpg 336w\" sizes=\"auto, (max-width: 252px) 100vw, 252px\" \/><\/a><\/div><div class=\"wp-block-getwid-image-box__content\">\n<h3 class=\"wp-block-heading\">Gesti\u00f3n p\u00fablica colectiva<\/h3>\n\n\n\n<p><\/p>\n<\/div><\/div>\n\n\n\n<div class=\"wp-block-getwid-image-box dunecard getwid-animation has-text-left has-mobile-layout-default has-mobile-alignment-default\" data-animation=\"zoomSmall\"><div class=\"wp-block-getwid-image-box__image-container is-position-top\"><a href=\"https:\/\/ladunedupilat.com\/es\/yo-descubro\/mision-union-mixta\/en-accion\/\" rel=\"\" class=\"wp-block-getwid-image-box__image-wrapper\"><img loading=\"lazy\" decoding=\"async\" width=\"252\" height=\"300\" src=\"https:\/\/ladunedupilat.com\/wp-content\/uploads\/2021\/06\/vignette-en-action-252x300.jpg\" alt=\"-\" class=\"wp-block-getwid-image-box__image wp-image-2246\" srcset=\"https:\/\/ladunedupilat.com\/wp-content\/uploads\/2021\/06\/vignette-en-action-252x300.jpg 252w, https:\/\/ladunedupilat.com\/wp-content\/uploads\/2021\/06\/vignette-en-action-10x12.jpg 10w, https:\/\/ladunedupilat.com\/wp-content\/uploads\/2021\/06\/vignette-en-action.jpg 336w\" sizes=\"auto, (max-width: 252px) 100vw, 252px\" \/><\/a><\/div><div class=\"wp-block-getwid-image-box__content\">\n<h3 class=\"wp-block-heading\">Nuestras Misiones<\/h3>\n\n\n\n<p><\/p>\n<\/div><\/div>\n\n\n\n<div class=\"wp-block-getwid-image-box dunecard getwid-animation has-text-left has-mobile-layout-default has-mobile-alignment-default\" data-animation=\"zoomSmall\"><div class=\"wp-block-getwid-image-box__image-container is-position-top\"><a href=\"https:\/\/ladunedupilat.com\/es\/yo-descubro\/mision-union-mixta\/cifras-clave\/\" rel=\"\" class=\"wp-block-getwid-image-box__image-wrapper\"><img loading=\"lazy\" decoding=\"async\" width=\"252\" height=\"300\" src=\"https:\/\/ladunedupilat.com\/wp-content\/uploads\/2021\/06\/vignette-chiffres-cles-252x300.jpg\" alt=\"-\" class=\"wp-block-getwid-image-box__image wp-image-2296\" srcset=\"https:\/\/ladunedupilat.com\/wp-content\/uploads\/2021\/06\/vignette-chiffres-cles-252x300.jpg 252w, https:\/\/ladunedupilat.com\/wp-content\/uploads\/2021\/06\/vignette-chiffres-cles-10x12.jpg 10w, https:\/\/ladunedupilat.com\/wp-content\/uploads\/2021\/06\/vignette-chiffres-cles.jpg 336w\" sizes=\"auto, (max-width: 252px) 100vw, 252px\" \/><\/a><\/div><div class=\"wp-block-getwid-image-box__content\">\n<h3 class=\"wp-block-heading\">Cifras clave e informes p\u00fablicos<\/h3>\n\n\n\n<p><\/p>\n<\/div><\/div>\n\n\n\n<div class=\"wp-block-getwid-image-box dunecard getwid-animation has-text-left has-mobile-layout-default has-mobile-alignment-default\" data-animation=\"zoomSmall\"><div class=\"wp-block-getwid-image-box__image-container is-position-top\"><a href=\"https:\/\/ladunedupilat.com\/es\/yo-descubro\/mision-union-mixta\/actos-administrativos\/\" rel=\"\" class=\"wp-block-getwid-image-box__image-wrapper\"><img loading=\"lazy\" decoding=\"async\" width=\"252\" height=\"300\" src=\"https:\/\/ladunedupilat.com\/wp-content\/uploads\/2021\/05\/vignette-partenaire-252x300.jpg\" alt=\"pareja\" class=\"wp-block-getwid-image-box__image wp-image-1904\" srcset=\"https:\/\/ladunedupilat.com\/wp-content\/uploads\/2021\/05\/vignette-partenaire-252x300.jpg 252w, https:\/\/ladunedupilat.com\/wp-content\/uploads\/2021\/05\/vignette-partenaire-10x12.jpg 10w, https:\/\/ladunedupilat.com\/wp-content\/uploads\/2021\/05\/vignette-partenaire.jpg 336w\" sizes=\"auto, (max-width: 252px) 100vw, 252px\" \/><\/a><\/div><div class=\"wp-block-getwid-image-box__content\">\n<h3 class=\"wp-block-heading\">Comit\u00e9s sindicales y actos administrativos<\/h3>\n\n\n\n<p><\/p>\n<\/div><\/div>\n\n\n\n<div class=\"wp-block-getwid-image-box dunecard getwid-animation has-text-left has-mobile-layout-default has-mobile-alignment-default uag-hide-desktop uag-hide-tab uag-hide-mob uag-hide-desktop uag-hide-tab uag-hide-mob\" data-animation=\"zoomSmall\"><div class=\"wp-block-getwid-image-box__image-container is-position-top\"><a href=\"https:\/\/ladunedupilat.com\/es\/yo-descubro\/mision-union-mixta\/nos-partenaires\/\" class=\"wp-block-getwid-image-box__image-wrapper\"><img loading=\"lazy\" decoding=\"async\" width=\"252\" height=\"300\" src=\"https:\/\/ladunedupilat.com\/wp-content\/uploads\/2021\/05\/vignette-partenaire-252x300.jpg\" class=\"wp-block-getwid-image-box__image wp-image-1904\" alt=\"-\" srcset=\"https:\/\/ladunedupilat.com\/wp-content\/uploads\/2021\/05\/vignette-partenaire-252x300.jpg 252w, https:\/\/ladunedupilat.com\/wp-content\/uploads\/2021\/05\/vignette-partenaire-10x12.jpg 10w, https:\/\/ladunedupilat.com\/wp-content\/uploads\/2021\/05\/vignette-partenaire.jpg 336w\" sizes=\"auto, (max-width: 252px) 100vw, 252px\" \/><\/a><\/div><div class=\"wp-block-getwid-image-box__content\">\n<h3 class=\"wp-block-heading\">Nuestros compa\u00f1eros<\/h3>\n\n\n\n<p><\/p>\n<\/div><\/div>\n<\/div><\/div>\n\n\n\n<p><\/p>","protected":false},"excerpt":{"rendered":"<p>Encuentre aqu\u00ed toda la informaci\u00f3n para comprender mejor los desaf\u00edos de preservar este sitio de gran NATURALEZA.<\/p>","protected":false},"author":8,"featured_media":1792,"parent":280,"menu_order":5,"comment_status":"closed","ping_status":"closed","template":"templates\/template-full-width.php","meta":{"_acf_changed":false,"_uag_custom_page_level_css":"","footnotes":""},"class_list":["post-361","page","type-page","status-publish","has-post-thumbnail","hentry"],"acf":[],"uagb_featured_image_src":{"full":["https:\/\/ladunedupilat.com\/wp-content\/uploads\/2021\/05\/entete-mission.jpg",1600,800,false],"thumbnail":["https:\/\/ladunedupilat.com\/wp-content\/uploads\/2021\/05\/entete-mission-150x150.jpg",150,150,true],"medium":["https:\/\/ladunedupilat.com\/wp-content\/uploads\/2021\/05\/entete-mission-300x150.jpg",300,150,true],"medium_large":["https:\/\/ladunedupilat.com\/wp-content\/uploads\/2021\/05\/entete-mission-768x384.jpg",580,290,true],"large":["https:\/\/ladunedupilat.com\/wp-content\/uploads\/2021\/05\/entete-mission-1024x512.jpg",580,290,true],"1536x1536":["https:\/\/ladunedupilat.com\/wp-content\/uploads\/2021\/05\/entete-mission-1536x768.jpg",1536,768,true],"2048x2048":["https:\/\/ladunedupilat.com\/wp-content\/uploads\/2021\/05\/entete-mission.jpg",1600,800,false],"trp-custom-language-flag":["https:\/\/ladunedupilat.com\/wp-content\/uploads\/2021\/05\/entete-mission-16x8.jpg",16,8,true],"post-thumbnail":["https:\/\/ladunedupilat.com\/wp-content\/uploads\/2021\/05\/entete-mission-1200x600.jpg",1200,600,true],"twentytwenty-fullscreen":["https:\/\/ladunedupilat.com\/wp-content\/uploads\/2021\/05\/entete-mission.jpg",1600,800,false]},"uagb_author_info":{"display_name":"communication@ladunedupilat.com","author_link":"https:\/\/ladunedupilat.com\/es\/author\/communicationladunedupilat-com\/"},"uagb_comment_info":0,"uagb_excerpt":"Retrouvez ici toutes les informations pour mieux comprendre les enjeux de pr\u00e9servation de ce site de grande NATURE.","_links":{"self":[{"href":"https:\/\/ladunedupilat.com\/es\/wp-json\/wp\/v2\/pages\/361","targetHints":{"allow":["GET"]}}],"collection":[{"href":"https:\/\/ladunedupilat.com\/es\/wp-json\/wp\/v2\/pages"}],"about":[{"href":"https:\/\/ladunedupilat.com\/es\/wp-json\/wp\/v2\/types\/page"}],"author":[{"embeddable":true,"href":"https:\/\/ladunedupilat.com\/es\/wp-json\/wp\/v2\/users\/8"}],"replies":[{"embeddable":true,"href":"https:\/\/ladunedupilat.com\/es\/wp-json\/wp\/v2\/comments?post=361"}],"version-history":[{"count":3,"href":"https:\/\/ladunedupilat.com\/es\/wp-json\/wp\/v2\/pages\/361\/revisions"}],"predecessor-version":[{"id":27714,"href":"https:\/\/ladunedupilat.com\/es\/wp-json\/wp\/v2\/pages\/361\/revisions\/27714"}],"up":[{"embeddable":true,"href":"https:\/\/ladunedupilat.com\/es\/wp-json\/wp\/v2\/pages\/280"}],"wp:featuredmedia":[{"embeddable":true,"href":"https:\/\/ladunedupilat.com\/es\/wp-json\/wp\/v2\/media\/1792"}],"wp:attachment":[{"href":"https:\/\/ladunedupilat.com\/es\/wp-json\/wp\/v2\/media?parent=361"}],"curies":[{"name":"gracias","href":"https:\/\/api.w.org\/{rel}","templated":true}]}}