{"id":367,"date":"2021-03-03T08:25:33","date_gmt":"2021-03-03T07:25:33","guid":{"rendered":"https:\/\/ladunedupilat.com\/?page_id=367"},"modified":"2022-01-24T23:23:08","modified_gmt":"2022-01-24T22:23:08","slug":"cifras-clave","status":"publish","type":"page","link":"https:\/\/ladunedupilat.com\/es\/je-decouvre\/mission-syndicat-mixte\/chiffres-cles\/","title":{"rendered":"Cifras clave e informes p\u00fablicos"},"content":{"rendered":"<h2 class=\"wp-block-heading\">Un justo equilibrio entre la recepci\u00f3n y la conservaci\u00f3n<\/h2>\n\n\n\n<p>Vosotras <strong>son 2 millones<\/strong> pisar la arena de la Duna todos los a\u00f1os, escalando en ocasiones con dificultad hasta su l\u00ednea de cresta a 102 metros sobre el nivel del mar. Emblema de la costa de Aquitania, acumula superlativos, la duna m\u00e1s alta de Europa, mientras figura en las listas de premios de los paisajes franceses e internacionales m\u00e1s bellos. <strong>Sin embargo, detr\u00e1s de estas figuras a veces sobredimensionadas, hay un monumento sensible, orgullo de los habitantes del territorio.<\/strong><\/p>\n\n\n\n<p>Los datos difundidos en informes p\u00fablicos se presentan para <strong>mejor gesti\u00f3n del Gran Sitio<\/strong>. Esta gesti\u00f3n es parte de la <strong>pol\u00edtica nacional de los Grandes Sitios de Francia<\/strong> y tiene como objetivo encontrar un <strong>equilibrio justo entre acoger a muchos visitantes y preservar los fr\u00e1giles paisajes.<\/strong> Muy conocidos y muy atractivos, los Grandes Sitios de Francia son un gran vector para descubrir el patrimonio natural y cultural. Sus gestores tambi\u00e9n tienen el papel de animar y orientar las visitas de un p\u00fablico en general, a menudo familias, de invitarles a explorar las otras riquezas del entorno, de sensibilizarles sobre el respeto por los lugares, el turismo sostenible y la eco-responsabilidad.<\/p>\n\n\n\n<p><strong>As\u00ed, las herramientas instaladas en el Gran Sitio de la Duna del Pilat (ec\u00f3metros, asistencia en tiempo real del aparcamiento, carteles de mensajes variables, etc.) permiten identificar el perfil de los visitantes, sus h\u00e1bitos, sus movimientos, etc. <\/strong>El conocimiento de los flujos permite evaluar el impacto de la acci\u00f3n del gestor y adaptarlo a los cambios de pr\u00e1cticas y tendencias. A la fecha, las acciones facilitan <strong>la distribuci\u00f3n de la concurrencia en el tiempo, las estaciones y el espacio a fin de ofrecer una experiencia agradable y armoniosa a visitantes, habitantes y derivados que beneficien a un territorio ampliado.<\/strong><\/p>\n\n\n\n<p><\/p>\n\n\n\n<p>En esta p\u00e1gina encontrar\u00e1 los informes p\u00fablicos y las figuras clave del Gran Sitio de la Dune du Pilat.<\/p>\n\n\n\n<h2 class=\"wp-block-heading\">Informes de actividad<\/h2>\n\n\n\n<section class=\"wp-block-uagb-columns uagb-columns__wrap uagb-columns__background-undefined uagb-columns__stack-mobile uagb-columns__valign-undefined uagb-columns__gap-10 alignundefined uagb-block-9769a48d\"><div class=\"uagb-columns__overlay\"><\/div><div class=\"uagb-columns__inner-wrap uagb-columns__columns-1\">\n<div class=\"wp-block-uagb-column uagb-column__wrap uagb-column__background-undefined uagb-block-fcfa04fa\"><div class=\"uagb-column__overlay\"><\/div><div class=\"uagb-column__inner-wrap\">\n<div class=\"wp-block-buttons is-layout-flex wp-block-buttons-is-layout-flex\">\n<div class=\"wp-block-button\"><a class=\"wp-block-button__link\" href=\"\/wp-content\/uploads\/2021\/07\/Rapport-dactivite\u0301s-2019.pdf\" target=\"_blank\" rel=\"noreferrer noopener\">Informe de actividad 2019<\/a><\/div>\n\n\n\n<div class=\"wp-block-button\"><a class=\"wp-block-button__link\" href=\"\/wp-content\/uploads\/2021\/07\/Rapport-dactivite\u0301s-2018.pdf\" target=\"_blank\" rel=\"noreferrer noopener\">Informe de actividad 2018<\/a><\/div>\n<\/div>\n<\/div><\/div>\n<\/div><\/section>","protected":false},"excerpt":{"rendered":"<p>En esta p\u00e1gina encontrar\u00e1 los informes p\u00fablicos y las figuras clave del Gran Sitio de la Dune du Pilat.<\/p>","protected":false},"author":8,"featured_media":1792,"parent":361,"menu_order":2,"comment_status":"closed","ping_status":"closed","template":"templates\/template-full-width.php","meta":{"_acf_changed":false,"_uag_custom_page_level_css":"","footnotes":""},"class_list":["post-367","page","type-page","status-publish","has-post-thumbnail","hentry"],"acf":[],"uagb_featured_image_src":{"full":["https:\/\/ladunedupilat.com\/wp-content\/uploads\/2021\/05\/entete-mission.jpg",1600,800,false],"thumbnail":["https:\/\/ladunedupilat.com\/wp-content\/uploads\/2021\/05\/entete-mission-150x150.jpg",150,150,true],"medium":["https:\/\/ladunedupilat.com\/wp-content\/uploads\/2021\/05\/entete-mission-300x150.jpg",300,150,true],"medium_large":["https:\/\/ladunedupilat.com\/wp-content\/uploads\/2021\/05\/entete-mission-768x384.jpg",580,290,true],"large":["https:\/\/ladunedupilat.com\/wp-content\/uploads\/2021\/05\/entete-mission-1024x512.jpg",580,290,true],"1536x1536":["https:\/\/ladunedupilat.com\/wp-content\/uploads\/2021\/05\/entete-mission-1536x768.jpg",1536,768,true],"2048x2048":["https:\/\/ladunedupilat.com\/wp-content\/uploads\/2021\/05\/entete-mission.jpg",1600,800,false],"trp-custom-language-flag":["https:\/\/ladunedupilat.com\/wp-content\/uploads\/2021\/05\/entete-mission-16x8.jpg",16,8,true],"post-thumbnail":["https:\/\/ladunedupilat.com\/wp-content\/uploads\/2021\/05\/entete-mission-1200x600.jpg",1200,600,true],"twentytwenty-fullscreen":["https:\/\/ladunedupilat.com\/wp-content\/uploads\/2021\/05\/entete-mission.jpg",1600,800,false]},"uagb_author_info":{"display_name":"communication@ladunedupilat.com","author_link":"https:\/\/ladunedupilat.com\/es\/author\/communicationladunedupilat-com\/"},"uagb_comment_info":0,"uagb_excerpt":"Vous trouverez sur cette page, les rapports publics et chiffres cl\u00e9s du Grand Site de la Dune du Pilat.","_links":{"self":[{"href":"https:\/\/ladunedupilat.com\/es\/wp-json\/wp\/v2\/pages\/367","targetHints":{"allow":["GET"]}}],"collection":[{"href":"https:\/\/ladunedupilat.com\/es\/wp-json\/wp\/v2\/pages"}],"about":[{"href":"https:\/\/ladunedupilat.com\/es\/wp-json\/wp\/v2\/types\/page"}],"author":[{"embeddable":true,"href":"https:\/\/ladunedupilat.com\/es\/wp-json\/wp\/v2\/users\/8"}],"replies":[{"embeddable":true,"href":"https:\/\/ladunedupilat.com\/es\/wp-json\/wp\/v2\/comments?post=367"}],"version-history":[{"count":0,"href":"https:\/\/ladunedupilat.com\/es\/wp-json\/wp\/v2\/pages\/367\/revisions"}],"up":[{"embeddable":true,"href":"https:\/\/ladunedupilat.com\/es\/wp-json\/wp\/v2\/pages\/361"}],"wp:featuredmedia":[{"embeddable":true,"href":"https:\/\/ladunedupilat.com\/es\/wp-json\/wp\/v2\/media\/1792"}],"wp:attachment":[{"href":"https:\/\/ladunedupilat.com\/es\/wp-json\/wp\/v2\/media?parent=367"}],"curies":[{"name":"gracias","href":"https:\/\/api.w.org\/{rel}","templated":true}]}}