{"id":375,"date":"2021-03-03T08:29:27","date_gmt":"2021-03-03T07:29:27","guid":{"rendered":"https:\/\/ladunedupilat.com\/?page_id=375"},"modified":"2025-01-28T17:49:35","modified_gmt":"2025-01-28T16:49:35","slug":"calendario","status":"publish","type":"page","link":"https:\/\/ladunedupilat.com\/es\/je-decouvre\/lespace-daccueil\/retour-en-images-sur-ce-grand-chantier\/","title":{"rendered":"\u00a1De vuelta en im\u00e1genes en este gran sitio de construcci\u00f3n!"},"content":{"rendered":"<p><\/p>\n\n\n\n<p>Etiquetado <strong>\u201crecepci\u00f3n de bicicletas\u201d<\/strong> Desde 2016, la zona de recepci\u00f3n reclasificada ha fomentado <strong>movilidad suave<\/strong>. De este modo, se ha creado un carril bici a la entrada del lugar, cubierto de bosque y alejado del tr\u00e1fico de veh\u00edculos, conectado con el carril bici original en direcci\u00f3n a Pyla-sur-Mer, as\u00ed como varios aparcamientos para bicicletas.<\/p>\n\n\n\n<p>En el lado peatonal, un eje principal atraviesa ahora todo el sitio de Este a Oeste, desde la parada de autob\u00fas en la rotonda de llegada hasta el pueblo de caba\u00f1as. Est\u00e1 dise\u00f1ado como un <strong>paseo amplio y c\u00f3modo<\/strong>, legible y continuo. Los pisos de los caminos secundarios fueron hechos en <strong>estabilizado reforzado<\/strong> o en chips <strong>corteza para proteger el suelo de la erosi\u00f3n<\/strong>.<\/p>\n\n\n\n<p>Finalmente, la rehabilitaci\u00f3n de la zona de recepci\u00f3n se extiende al aparcamiento, principal recurso econ\u00f3mico de la Uni\u00f3n Mixta. A partir de ahora, durante la mayor parte del a\u00f1o, el sitio es tranquilo con <strong>coches estacionados a mayor distancia<\/strong>. Por tanto, se separan los flujos de peatones, bicicletas y autom\u00f3viles.<\/p>\n\n\n\n<p>Revalorizar lo existente e integrarlo lo mejor posible en el paisaje: estas son las palabras clave del trabajo realizado en torno al pueblo de caba\u00f1as para ofrecer a los visitantes una experiencia digna del valor patrimonial del Gran Sitio. <strong>Completamente actualizado al est\u00e1ndar.<\/strong>, los <strong>aldea<\/strong> es ahora <strong>accesible<\/strong> para todos y encaja perfectamente en el entorno ajardinado. Se ha conservado la estructura original de todas las caba\u00f1as, sus fachadas y sus tejados de tejas de pino han sido \u00edntegramente <strong>renovado<\/strong>. La antigua \u201ccalle del pueblo\u201d se ha convertido en un cruce y est\u00e1 marcada por <strong>parcelas<\/strong> para secuenciar espacios y evitar puntos de concentraci\u00f3n.<\/p>\n\n\n\n<p>En cuanto a la oferta comercial, <strong>Dentro del pueblo de caba\u00f1as se han instalado 3 restaurantes, 3 tiendas de comida para llevar y 2 tiendas culturales.<\/strong><\/p>\n\n\n\n<p>Uno <strong>nueva ruta tur\u00edstica<\/strong>, compuesto por cinco etapas de descubrimiento, marca el camino de los visitantes desde la entrada a la zona de recepci\u00f3n hasta la Duna. Ayuda a orientar al p\u00fablico, dar sentido a la visita y ampliar el alcance y la intensidad de la experiencia.<\/p>\n\n\n\n<p>Adem\u00e1s, dos caba\u00f1as ubicadas a la entrada del pueblo est\u00e1n dedicadas a<strong>bienvenida<\/strong> y otros<strong>informaci\u00f3n del visitante<\/strong>, otro en el extremo oeste, para colegios, y abre al p\u00fablico en general durante los periodos de vacaciones escolares para descubrir el <strong>elementos patrimoniales del Gran Sitio<\/strong>. <\/p>\n\n\n\n<p><strong>El conjunto es ahora accesible al visitante convertido en peat\u00f3n, comprensible y coherente a trav\u00e9s de los elementos escenogr\u00e1ficos y la elecci\u00f3n del mobiliario.<\/strong><\/p>\n\n\n\n<p>Estas obras de rehabilitaci\u00f3n ilustran <strong>20 a\u00f1os de pol\u00edtica p\u00fablica<\/strong> incluido en el proceso <strong>\u201cGran Sitio de Francia\u201d<\/strong>, iniciado por el Syndicat Mixte de la Grande Dune du Pilat, gestor de la Duna de Pilat. La Uni\u00f3n Mixta est\u00e1 actualmente iniciando el proceso de solicitud del sello Gran Sitio de Francia mediante la presentaci\u00f3n de un expediente de solicitud. La Duna de Pilat se unir\u00eda as\u00ed a los lugares catalogados de Nueva Aquitania, como el Marais Poitevin, el Valle del V\u00e9z\u00e8re y el Estuario de Charente, Arsenal de Rochefort.<\/p>\n\n\n\n<p><\/p>\n\n\n\n<section class=\"wp-block-uagb-columns uagb-columns__wrap uagb-columns__background-color uagb-columns__stack-mobile uagb-columns__valign- uagb-columns__gap-10 align uagb-block-d66ff505 uagb-columns__columns-1 uagb-columns__max_width-custom\"><div class=\"uagb-columns__overlay\"><\/div><div class=\"uagb-columns__inner-wrap uagb-columns__columns-1\">\n<div class=\"wp-block-uagb-column uagb-column__wrap uagb-column__background-color uagb-block-4c76479a\"><div class=\"uagb-column__overlay\"><\/div>\n<h2 class=\"wp-block-heading has-bordeaux-color has-text-color\">La segunda vida de las conchas de ostras de la bah\u00eda de Arcach\u00f3n<\/h2>\n\n\n\n<p><strong>Durante la recalificaci\u00f3n del espacio de recepci\u00f3n en 2022 y 2023, m\u00e1s de 5.000 m<sup>2<\/sup> \u00a1Se han derribado muchas superficies minerales existentes! M\u00e1s all\u00e1 del pueblo de caba\u00f1as, esta rehabilitaci\u00f3n se llev\u00f3 a cabo en favor de un tr\u00e1fico m\u00e1s fluido y de caminos peatonales en sitios espec\u00edficos.<\/strong> <strong>El gran paseo que atraviesa la zona de recepci\u00f3n fue objeto de un proyecto innovador. En colaboraci\u00f3n con el Comit\u00e9 Regional de Cultivo de Mariscos de Arcachon-Aquitania (CRCAA) y gracias a un trabajo de investigaci\u00f3n de la Universidad de Pau y del Pa\u00eds del Adour (UPPA), una parte se ha elaborado con hormig\u00f3n de conchas de ostra.<\/strong><\/p>\n\n\n\n<p>\u00a1Una aut\u00e9ntica innovaci\u00f3n para este hormig\u00f3n elaborado con conchas de ostra trituradas de la Cuenca de Arcach\u00f3n que sustituyen completamente a los \u00e1ridos!<\/p>\n\n\n\n<p>Entre 2018 y 2021, la CRCAA cofinanci\u00f3 la realizaci\u00f3n de una tesis con ISA BTP\/LFCR\/SIAME (laboratorios UPPA), para la identificaci\u00f3n de v\u00edas de valorizaci\u00f3n de conchas de ostras en la formulaci\u00f3n de hormig\u00f3n.<\/p>\n\n\n\n<p>La originalidad del m\u00e9todo reside en la sustituci\u00f3n de todos los \u00e1ridos por conchas de ostra trituradas. Los resultados demostraron que el hormig\u00f3n en c\u00e1scara presenta un comportamiento mec\u00e1nico totalmente compatible para diferentes usos, en particular para pavimentaci\u00f3n. Las resistencias a la compresi\u00f3n y a la flexi\u00f3n son satisfactorias para continuar la investigaci\u00f3n y considerar la creaci\u00f3n de los primeros demostradores a escala real.<\/p>\n\n\n\n<p><strong>Por ello, la CRCAA, el Syndicat Mixte y el ISA BTP\/LFCR han unido sus fuerzas para crear un camino peatonal de hormig\u00f3n elaborado con conchas de ostras de la bah\u00eda de Arcachon. As\u00ed, la CRCAA recogi\u00f3 y puso a disposici\u00f3n 60 m3 de conchas que fueron trituradas e incorporadas por Edycem al hormig\u00f3n. Posteriormente, este \u00faltimo fue aplicado por la empresa CMR siguiendo las formulaciones propuestas por el laboratorio.<\/strong><\/p>\n\n\n\n<figure class=\"wp-block-gallery has-nested-images columns-default is-cropped wp-block-gallery-1 is-layout-flex wp-block-gallery-is-layout-flex\">\n<figure class=\"wp-block-image size-large\"><img loading=\"lazy\" decoding=\"async\" width=\"1024\" height=\"683\" data-id=\"25317\" src=\"https:\/\/ladunedupilat.com\/wp-content\/uploads\/2023\/09\/IMG_7509-1024x683.jpg\" alt=\"-\" class=\"wp-image-25317\" srcset=\"https:\/\/ladunedupilat.com\/wp-content\/uploads\/2023\/09\/IMG_7509-1024x683.jpg 1024w, https:\/\/ladunedupilat.com\/wp-content\/uploads\/2023\/09\/IMG_7509-300x200.jpg 300w, https:\/\/ladunedupilat.com\/wp-content\/uploads\/2023\/09\/IMG_7509-768x512.jpg 768w, https:\/\/ladunedupilat.com\/wp-content\/uploads\/2023\/09\/IMG_7509-1536x1024.jpg 1536w, https:\/\/ladunedupilat.com\/wp-content\/uploads\/2023\/09\/IMG_7509-2048x1365.jpg 2048w, https:\/\/ladunedupilat.com\/wp-content\/uploads\/2023\/09\/IMG_7509-18x12.jpg 18w, https:\/\/ladunedupilat.com\/wp-content\/uploads\/2023\/09\/IMG_7509-1200x800.jpg 1200w, https:\/\/ladunedupilat.com\/wp-content\/uploads\/2023\/09\/IMG_7509-1980x1320.jpg 1980w\" sizes=\"auto, (max-width: 1024px) 100vw, 1024px\" \/><figcaption class=\"wp-element-caption\">Piquetes en el paseo principal<\/figcaption><\/figure>\n\n\n\n<figure class=\"wp-block-image size-large\"><img loading=\"lazy\" decoding=\"async\" width=\"1024\" height=\"683\" data-id=\"25322\" src=\"https:\/\/ladunedupilat.com\/wp-content\/uploads\/2023\/09\/IMG_7738-1024x683.jpg\" alt=\"-\" class=\"wp-image-25322\" srcset=\"https:\/\/ladunedupilat.com\/wp-content\/uploads\/2023\/09\/IMG_7738-1024x683.jpg 1024w, https:\/\/ladunedupilat.com\/wp-content\/uploads\/2023\/09\/IMG_7738-300x200.jpg 300w, https:\/\/ladunedupilat.com\/wp-content\/uploads\/2023\/09\/IMG_7738-768x512.jpg 768w, https:\/\/ladunedupilat.com\/wp-content\/uploads\/2023\/09\/IMG_7738-1536x1024.jpg 1536w, https:\/\/ladunedupilat.com\/wp-content\/uploads\/2023\/09\/IMG_7738-2048x1365.jpg 2048w, https:\/\/ladunedupilat.com\/wp-content\/uploads\/2023\/09\/IMG_7738-18x12.jpg 18w, https:\/\/ladunedupilat.com\/wp-content\/uploads\/2023\/09\/IMG_7738-1200x800.jpg 1200w, https:\/\/ladunedupilat.com\/wp-content\/uploads\/2023\/09\/IMG_7738-1980x1320.jpg 1980w\" sizes=\"auto, (max-width: 1024px) 100vw, 1024px\" \/><figcaption class=\"wp-element-caption\">Lijado de hormig\u00f3n descascarado<\/figcaption><\/figure>\n\n\n\n<figure class=\"wp-block-image size-large\"><img loading=\"lazy\" decoding=\"async\" width=\"1024\" height=\"683\" data-id=\"25323\" src=\"https:\/\/ladunedupilat.com\/wp-content\/uploads\/2023\/09\/IMG_7885-1024x683.jpg\" alt=\"-\" class=\"wp-image-25323\" srcset=\"https:\/\/ladunedupilat.com\/wp-content\/uploads\/2023\/09\/IMG_7885-1024x683.jpg 1024w, https:\/\/ladunedupilat.com\/wp-content\/uploads\/2023\/09\/IMG_7885-300x200.jpg 300w, https:\/\/ladunedupilat.com\/wp-content\/uploads\/2023\/09\/IMG_7885-768x512.jpg 768w, https:\/\/ladunedupilat.com\/wp-content\/uploads\/2023\/09\/IMG_7885-1536x1024.jpg 1536w, https:\/\/ladunedupilat.com\/wp-content\/uploads\/2023\/09\/IMG_7885-2048x1365.jpg 2048w, https:\/\/ladunedupilat.com\/wp-content\/uploads\/2023\/09\/IMG_7885-18x12.jpg 18w, https:\/\/ladunedupilat.com\/wp-content\/uploads\/2023\/09\/IMG_7885-1200x800.jpg 1200w, https:\/\/ladunedupilat.com\/wp-content\/uploads\/2023\/09\/IMG_7885-1980x1320.jpg 1980w\" sizes=\"auto, (max-width: 1024px) 100vw, 1024px\" \/><figcaption class=\"wp-element-caption\">Despu\u00e9s de la finalizaci\u00f3n<\/figcaption><\/figure>\n\n\n\n<figure class=\"wp-block-image size-large\"><img loading=\"lazy\" decoding=\"async\" width=\"1024\" height=\"683\" data-id=\"25321\" src=\"https:\/\/ladunedupilat.com\/wp-content\/uploads\/2023\/09\/IMG_7730-1024x683.jpg\" alt=\"-\" class=\"wp-image-25321\" srcset=\"https:\/\/ladunedupilat.com\/wp-content\/uploads\/2023\/09\/IMG_7730-1024x683.jpg 1024w, https:\/\/ladunedupilat.com\/wp-content\/uploads\/2023\/09\/IMG_7730-300x200.jpg 300w, https:\/\/ladunedupilat.com\/wp-content\/uploads\/2023\/09\/IMG_7730-768x512.jpg 768w, https:\/\/ladunedupilat.com\/wp-content\/uploads\/2023\/09\/IMG_7730-1536x1024.jpg 1536w, https:\/\/ladunedupilat.com\/wp-content\/uploads\/2023\/09\/IMG_7730-2048x1365.jpg 2048w, https:\/\/ladunedupilat.com\/wp-content\/uploads\/2023\/09\/IMG_7730-18x12.jpg 18w, https:\/\/ladunedupilat.com\/wp-content\/uploads\/2023\/09\/IMG_7730-1200x800.jpg 1200w, https:\/\/ladunedupilat.com\/wp-content\/uploads\/2023\/09\/IMG_7730-1980x1320.jpg 1980w\" sizes=\"auto, (max-width: 1024px) 100vw, 1024px\" \/><figcaption class=\"wp-element-caption\">Una textura nacarada<\/figcaption><\/figure>\n\n\n\n<figure class=\"wp-block-image size-large\"><img loading=\"lazy\" decoding=\"async\" width=\"1024\" height=\"768\" data-id=\"25316\" src=\"https:\/\/ladunedupilat.com\/wp-content\/uploads\/2023\/09\/Accueil_presse-1024x768.jpg\" alt=\"-\" class=\"wp-image-25316\" srcset=\"https:\/\/ladunedupilat.com\/wp-content\/uploads\/2023\/09\/Accueil_presse-1024x768.jpg 1024w, https:\/\/ladunedupilat.com\/wp-content\/uploads\/2023\/09\/Accueil_presse-300x225.jpg 300w, https:\/\/ladunedupilat.com\/wp-content\/uploads\/2023\/09\/Accueil_presse-768x576.jpg 768w, https:\/\/ladunedupilat.com\/wp-content\/uploads\/2023\/09\/Accueil_presse-1536x1152.jpg 1536w, https:\/\/ladunedupilat.com\/wp-content\/uploads\/2023\/09\/Accueil_presse-16x12.jpg 16w, https:\/\/ladunedupilat.com\/wp-content\/uploads\/2023\/09\/Accueil_presse-1200x900.jpg 1200w, https:\/\/ladunedupilat.com\/wp-content\/uploads\/2023\/09\/Accueil_presse-1980x1485.jpg 1980w, https:\/\/ladunedupilat.com\/wp-content\/uploads\/2023\/09\/Accueil_presse.jpg 2048w\" sizes=\"auto, (max-width: 1024px) 100vw, 1024px\" \/><figcaption class=\"wp-element-caption\">Punto de prensa en presencia de la CRCAA y la UPPA\/ISABTP<\/figcaption><\/figure>\n\n\n\n<figure class=\"wp-block-image size-large\"><img loading=\"lazy\" decoding=\"async\" width=\"683\" height=\"1024\" data-id=\"25325\" src=\"https:\/\/ladunedupilat.com\/wp-content\/uploads\/2023\/09\/IMG_8353-683x1024.jpg\" alt=\"-\" class=\"wp-image-25325\" srcset=\"https:\/\/ladunedupilat.com\/wp-content\/uploads\/2023\/09\/IMG_8353-683x1024.jpg 683w, https:\/\/ladunedupilat.com\/wp-content\/uploads\/2023\/09\/IMG_8353-200x300.jpg 200w, https:\/\/ladunedupilat.com\/wp-content\/uploads\/2023\/09\/IMG_8353-768x1152.jpg 768w, https:\/\/ladunedupilat.com\/wp-content\/uploads\/2023\/09\/IMG_8353-1024x1536.jpg 1024w, https:\/\/ladunedupilat.com\/wp-content\/uploads\/2023\/09\/IMG_8353-1365x2048.jpg 1365w, https:\/\/ladunedupilat.com\/wp-content\/uploads\/2023\/09\/IMG_8353-8x12.jpg 8w, https:\/\/ladunedupilat.com\/wp-content\/uploads\/2023\/09\/IMG_8353-1200x1800.jpg 1200w, https:\/\/ladunedupilat.com\/wp-content\/uploads\/2023\/09\/IMG_8353-1980x2970.jpg 1980w, https:\/\/ladunedupilat.com\/wp-content\/uploads\/2023\/09\/IMG_8353-scaled.jpg 1707w\" sizes=\"auto, (max-width: 683px) 100vw, 683px\" \/><figcaption class=\"wp-element-caption\">Abierto a visitantes<\/figcaption><\/figure>\n\n\n\n<figure class=\"wp-block-image size-large\"><img loading=\"lazy\" decoding=\"async\" width=\"1024\" height=\"563\" data-id=\"25326\" src=\"https:\/\/ladunedupilat.com\/wp-content\/uploads\/2023\/09\/VILLAGE_DUNE_58-1024x563.jpg\" alt=\"-\" class=\"wp-image-25326\" srcset=\"https:\/\/ladunedupilat.com\/wp-content\/uploads\/2023\/09\/VILLAGE_DUNE_58-1024x563.jpg 1024w, https:\/\/ladunedupilat.com\/wp-content\/uploads\/2023\/09\/VILLAGE_DUNE_58-300x165.jpg 300w, https:\/\/ladunedupilat.com\/wp-content\/uploads\/2023\/09\/VILLAGE_DUNE_58-768x422.jpg 768w, https:\/\/ladunedupilat.com\/wp-content\/uploads\/2023\/09\/VILLAGE_DUNE_58-1536x844.jpg 1536w, https:\/\/ladunedupilat.com\/wp-content\/uploads\/2023\/09\/VILLAGE_DUNE_58-2048x1126.jpg 2048w, https:\/\/ladunedupilat.com\/wp-content\/uploads\/2023\/09\/VILLAGE_DUNE_58-18x10.jpg 18w, https:\/\/ladunedupilat.com\/wp-content\/uploads\/2023\/09\/VILLAGE_DUNE_58-1200x660.jpg 1200w, https:\/\/ladunedupilat.com\/wp-content\/uploads\/2023\/09\/VILLAGE_DUNE_58-1980x1088.jpg 1980w\" sizes=\"auto, (max-width: 1024px) 100vw, 1024px\" \/><figcaption class=\"wp-element-caption\">Vista a\u00e9rea<\/figcaption><\/figure>\n<\/figure>\n\n\n\n<h2 class=\"wp-block-heading\">Un beneficio medioambiental comprobado<\/h2>\n\n\n\n<p><strong>Compuesto de agua, una peque\u00f1a proporci\u00f3n de cemento y conchas de ostra trituradas, este hormig\u00f3n ha demostrado beneficios medioambientales.<\/strong><\/p>\n\n\n\n<p>Estas caracter\u00edsticas est\u00e9ticas tambi\u00e9n son muy interesantes gracias al n\u00e1car que recubre el interior de las conchas. La CRCAA recoge y recicla unas 3.000 toneladas de conchas al a\u00f1o procedentes de toda la industria de Arcachon.<\/p>\n\n\n\n<p>M\u00e1s all\u00e1 de la valorizaci\u00f3n de las conchas de ostras en cortocircuito, este material es un recurso real para diferentes aplicaciones, desde la construcci\u00f3n hasta la jardiner\u00eda pasando por la alimentaci\u00f3n animal.<\/p>\n<\/div>\n<\/div><\/section>\n\n\n\n<hr class=\"wp-block-separator has-css-opacity\"\/>\n\n\n\n<hr class=\"wp-block-separator has-css-opacity\"\/>\n\n\n\n<p><\/p>\n\n\n\n<p><\/p>","protected":false},"excerpt":{"rendered":"<p>Denominada \u201crecepci\u00f3n de bicicletas\u201d desde 2016, la zona de recepci\u00f3n reclasificada fomenta la movilidad suave. Un carril bici a la entrada de\u2026<\/p>","protected":false},"author":8,"featured_media":25299,"parent":371,"menu_order":1,"comment_status":"closed","ping_status":"closed","template":"templates\/template-full-width.php","meta":{"_acf_changed":false,"_uag_custom_page_level_css":"","footnotes":""},"class_list":["post-375","page","type-page","status-publish","has-post-thumbnail","hentry"],"acf":[],"uagb_featured_image_src":{"full":["https:\/\/ladunedupilat.com\/wp-content\/uploads\/2023\/09\/IMG_8249-scaled-e1693844672919.jpg",2560,1283,false],"thumbnail":["https:\/\/ladunedupilat.com\/wp-content\/uploads\/2023\/09\/IMG_8249-scaled-e1693844672919-150x150.jpg",150,150,true],"medium":["https:\/\/ladunedupilat.com\/wp-content\/uploads\/2023\/09\/IMG_8249-scaled-e1693844672919-300x150.jpg",300,150,true],"medium_large":["https:\/\/ladunedupilat.com\/wp-content\/uploads\/2023\/09\/IMG_8249-scaled-e1693844672919-768x385.jpg",580,291,true],"large":["https:\/\/ladunedupilat.com\/wp-content\/uploads\/2023\/09\/IMG_8249-scaled-e1693844672919-1024x513.jpg",580,291,true],"1536x1536":["https:\/\/ladunedupilat.com\/wp-content\/uploads\/2023\/09\/IMG_8249-scaled-e1693844672919-1536x770.jpg",1536,770,true],"2048x2048":["https:\/\/ladunedupilat.com\/wp-content\/uploads\/2023\/09\/IMG_8249-scaled-e1693844672919-2048x1026.jpg",2048,1026,true],"trp-custom-language-flag":["https:\/\/ladunedupilat.com\/wp-content\/uploads\/2023\/09\/IMG_8249-scaled-e1693844672919-18x9.jpg",18,9,true],"post-thumbnail":["https:\/\/ladunedupilat.com\/wp-content\/uploads\/2023\/09\/IMG_8249-scaled-e1693844672919-1200x601.jpg",1200,601,true],"twentytwenty-fullscreen":["https:\/\/ladunedupilat.com\/wp-content\/uploads\/2023\/09\/IMG_8249-scaled-e1693844672919-1980x992.jpg",1980,992,true]},"uagb_author_info":{"display_name":"communication@ladunedupilat.com","author_link":"https:\/\/ladunedupilat.com\/es\/author\/communicationladunedupilat-com\/"},"uagb_comment_info":0,"uagb_excerpt":"Labellis\u00e9 \u00ab accueil v\u00e9lo \u00bb depuis 2016, l\u2019espace d\u2019accueil requalifi\u00e9 encourage les mobilit\u00e9s douces. Une piste cyclable en entr\u00e9e de&hellip;","_links":{"self":[{"href":"https:\/\/ladunedupilat.com\/es\/wp-json\/wp\/v2\/pages\/375","targetHints":{"allow":["GET"]}}],"collection":[{"href":"https:\/\/ladunedupilat.com\/es\/wp-json\/wp\/v2\/pages"}],"about":[{"href":"https:\/\/ladunedupilat.com\/es\/wp-json\/wp\/v2\/types\/page"}],"author":[{"embeddable":true,"href":"https:\/\/ladunedupilat.com\/es\/wp-json\/wp\/v2\/users\/8"}],"replies":[{"embeddable":true,"href":"https:\/\/ladunedupilat.com\/es\/wp-json\/wp\/v2\/comments?post=375"}],"version-history":[{"count":1,"href":"https:\/\/ladunedupilat.com\/es\/wp-json\/wp\/v2\/pages\/375\/revisions"}],"predecessor-version":[{"id":25539,"href":"https:\/\/ladunedupilat.com\/es\/wp-json\/wp\/v2\/pages\/375\/revisions\/25539"}],"up":[{"embeddable":true,"href":"https:\/\/ladunedupilat.com\/es\/wp-json\/wp\/v2\/pages\/371"}],"wp:featuredmedia":[{"embeddable":true,"href":"https:\/\/ladunedupilat.com\/es\/wp-json\/wp\/v2\/media\/25299"}],"wp:attachment":[{"href":"https:\/\/ladunedupilat.com\/es\/wp-json\/wp\/v2\/media?parent=375"}],"curies":[{"name":"gracias","href":"https:\/\/api.w.org\/{rel}","templated":true}]}}