{"id":3806,"date":"2021-11-02T11:56:20","date_gmt":"2021-11-02T10:56:20","guid":{"rendered":"https:\/\/ladunedupilat.com\/?page_id=3806"},"modified":"2024-02-15T12:42:25","modified_gmt":"2024-02-15T11:42:25","slug":"costos-y-financiacion","status":"publish","type":"page","link":"https:\/\/ladunedupilat.com\/es\/je-decouvre\/lespace-daccueil\/couts-et-financements\/","title":{"rendered":"Costos y financiaci\u00f3n"},"content":{"rendered":"<section class=\"wp-block-uagb-columns uagb-columns__wrap uagb-columns__background-none uagb-columns__stack-mobile uagb-columns__valign- uagb-columns__gap-10 align uagb-block-98bcc42b uagb-columns__columns-1 uagb-columns__max_width-custom\"><div class=\"uagb-columns__overlay\"><\/div><div class=\"uagb-columns__inner-wrap uagb-columns__columns-1\">\n<div class=\"wp-block-uagb-column uagb-column__wrap uagb-column__background-undefined uagb-block-f0fdaba4\"><div class=\"uagb-column__overlay\"><\/div>\n<p>La recalificaci\u00f3n del espacio de recepci\u00f3n se realiz\u00f3 a favor de:<\/p>\n\n\n\n<ul class=\"wp-block-list\">\n<li><strong>una arquitectura simple y coherente (caba\u00f1as bajo los \u00e1rboles integradas en su entorno forestal)<\/strong><\/li>\n\n\n\n<li><strong>una mejor relaci\u00f3n con el bosque colindante<\/strong><\/li>\n\n\n\n<li><strong>mejora de los est\u00e1ndares de accesibilidad y seguridad<\/strong><\/li>\n\n\n\n<li><strong>servicios p\u00fablicos m\u00e1s adaptados a la asistencia y expectativas del p\u00fablico<\/strong><\/li>\n\n\n\n<li><strong>circulaci\u00f3n m\u00e1s fluida dentro del \u00e1rea de recepci\u00f3n, rutas seguras, alternativas al uso del autom\u00f3vil<\/strong><\/li>\n\n\n\n<li><strong>desarrollo de herramientas de mediaci\u00f3n y sensibilizaci\u00f3n ambiental<\/strong><\/li>\n\n\n\n<li><strong>una evoluci\u00f3n de la oferta comercial m\u00e1s acorde con las tendencias actuales<\/strong><\/li>\n<\/ul>\n<\/div>\n<\/div><\/section>\n\n\n\n<p><\/p>\n\n\n\n<p class=\"has-h-2-font-size\"><strong>Costo y financiaci\u00f3n de las operaciones.<\/strong><\/p>\n\n\n\n<section class=\"wp-block-uagb-columns uagb-columns__wrap uagb-columns__background-none uagb-columns__stack-mobile uagb-columns__valign- uagb-columns__gap-10 align uagb-block-2e3d906f uagb-columns__columns-1 uagb-columns__max_width-custom\"><div class=\"uagb-columns__overlay\"><\/div><div class=\"uagb-columns__inner-wrap uagb-columns__columns-1\">\n<div class=\"wp-block-uagb-column uagb-column__wrap uagb-column__background-undefined uagb-block-a09e7e10\"><div class=\"uagb-column__overlay\"><\/div>\n<figure class=\"wp-block-image size-large\"><img loading=\"lazy\" decoding=\"async\" width=\"1024\" height=\"354\" src=\"https:\/\/ladunedupilat.com\/wp-content\/uploads\/2024\/02\/Plaque_2_FEDER_VF-1024x354.png\" alt=\"-\" class=\"wp-image-25727\" srcset=\"https:\/\/ladunedupilat.com\/wp-content\/uploads\/2024\/02\/Plaque_2_FEDER_VF-1024x354.png 1024w, https:\/\/ladunedupilat.com\/wp-content\/uploads\/2024\/02\/Plaque_2_FEDER_VF-300x104.png 300w, https:\/\/ladunedupilat.com\/wp-content\/uploads\/2024\/02\/Plaque_2_FEDER_VF-768x266.png 768w, https:\/\/ladunedupilat.com\/wp-content\/uploads\/2024\/02\/Plaque_2_FEDER_VF-1536x531.png 1536w, https:\/\/ladunedupilat.com\/wp-content\/uploads\/2024\/02\/Plaque_2_FEDER_VF-2048x709.png 2048w, https:\/\/ladunedupilat.com\/wp-content\/uploads\/2024\/02\/Plaque_2_FEDER_VF-18x6.png 18w, https:\/\/ladunedupilat.com\/wp-content\/uploads\/2024\/02\/Plaque_2_FEDER_VF-1200x415.png 1200w, https:\/\/ladunedupilat.com\/wp-content\/uploads\/2024\/02\/Plaque_2_FEDER_VF-1980x685.png 1980w\" sizes=\"auto, (max-width: 1024px) 100vw, 1024px\" \/><\/figure>\n<\/div>\n<\/div><\/section>\n\n\n\n<section class=\"wp-block-uagb-columns uagb-columns__wrap uagb-columns__background-none uagb-columns__stack-mobile uagb-columns__valign- uagb-columns__gap-10 align uagb-block-5b23b3ec uagb-columns__columns-1 uagb-columns__max_width-custom\"><div class=\"uagb-columns__overlay\"><\/div><div class=\"uagb-columns__inner-wrap uagb-columns__columns-1\">\n<div class=\"wp-block-uagb-column uagb-column__wrap uagb-column__background-undefined uagb-block-a76d5ecb\"><div class=\"uagb-column__overlay\"><\/div>\n<p><strong>La <a href=\"https:\/\/ladunedupilat.com\/es\/yo-descubro\/mision-union-mixta\/gestion-publica\/\">Uni\u00f3n Mixta de la Gran Duna de Pilat<\/a> financia las obras de rehabilitaci\u00f3n por valor de 2 millones de euros.<\/strong><\/p>\n<\/div>\n<\/div><\/section>\n\n\n\n<h2 class=\"wp-block-heading\">Una mirada retrospectiva a la inauguraci\u00f3n en junio de 2023<\/h2>\n\n\n\n<p>El viernes 30 de junio, Nathalie Le Yondre, presidenta del Sindicato de Gesti\u00f3n Mixta, inaugur\u00f3 la zona de recepci\u00f3n de la Duna de Pilat, lugar emblem\u00e1tico de nuestro territorio, en presencia de los servicios del Estado y del Conservatorio. de la costa, cargos electos, socios del Gran Sitio, responsables de proyectos, empresas... Todos acudieron en gran n\u00famero para celebrar este importante momento que ilustra nuestra acci\u00f3n guiada por el enfoque del Gran Sitio de Francia.<\/p>\n\n\n\n<p>Una evoluci\u00f3n impulsada por la b\u00fasqueda de un equilibrio entre la mejora de las condiciones de acogida de los visitantes y el descubrimiento del lugar, as\u00ed como la preservaci\u00f3n de este fr\u00e1gil espacio natural.<\/p>\n\n\n\n<blockquote class=\"wp-block-quote is-layout-flow wp-block-quote-is-layout-flow\">\n<p>Algunas cifras clave: 2 a\u00f1os de trabajos retrasados por la pandemia e interrumpidos por los incendios que azotaron la Gironda en 2022 \/ 3 grandes operaciones \/ 3 jefes de proyecto en un sitio abierto a los visitantes a pesar de las obras \/ 24 empresas en el sitio...<\/p>\n<\/blockquote>\n\n\n\n<p>Direcci\u00f3n de proyecto para la recalificaci\u00f3n de la zona de recepci\u00f3n del Gran Sitio de la Duna de Pilat: Aldebert Verdier Architectes \/ AVA \u2013 BASE paisaje \u2013 IGConcept \/ Agence Foll\u00e9aGautier \/ BB escenograf\u00eda \u2013 Benjamin Ribeau (Gr\u00e1ficos)<\/p>\n\n\n\n<p>Im\u00e1genes Midi Prod \u2013 Patrice Hauser<\/p>\n\n\n\n<figure class=\"wp-block-gallery has-nested-images columns-default is-cropped wp-block-gallery-1 is-layout-flex wp-block-gallery-is-layout-flex\">\n<figure class=\"wp-block-image size-large\"><img loading=\"lazy\" decoding=\"async\" width=\"1024\" height=\"682\" data-id=\"24996\" src=\"https:\/\/ladunedupilat.com\/wp-content\/uploads\/2023\/07\/DSC03599-1024x682.jpg\" alt=\"Inauguraci\u00f3n\" class=\"wp-image-24996\" srcset=\"https:\/\/ladunedupilat.com\/wp-content\/uploads\/2023\/07\/DSC03599-1024x682.jpg 1024w, https:\/\/ladunedupilat.com\/wp-content\/uploads\/2023\/07\/DSC03599-300x200.jpg 300w, https:\/\/ladunedupilat.com\/wp-content\/uploads\/2023\/07\/DSC03599-768x512.jpg 768w, https:\/\/ladunedupilat.com\/wp-content\/uploads\/2023\/07\/DSC03599-1536x1024.jpg 1536w, https:\/\/ladunedupilat.com\/wp-content\/uploads\/2023\/07\/DSC03599-18x12.jpg 18w, https:\/\/ladunedupilat.com\/wp-content\/uploads\/2023\/07\/DSC03599-1200x800.jpg 1200w, https:\/\/ladunedupilat.com\/wp-content\/uploads\/2023\/07\/DSC03599-1980x1320.jpg 1980w, https:\/\/ladunedupilat.com\/wp-content\/uploads\/2023\/07\/DSC03599.jpg 2000w\" sizes=\"auto, (max-width: 1024px) 100vw, 1024px\" \/><figcaption class=\"wp-element-caption\">Ceremonia de inauguraci\u00f3n<\/figcaption><\/figure>\n\n\n\n<figure class=\"wp-block-image size-large\"><img loading=\"lazy\" decoding=\"async\" width=\"682\" height=\"1024\" data-id=\"24997\" src=\"https:\/\/ladunedupilat.com\/wp-content\/uploads\/2023\/07\/DSC03626-682x1024.jpg\" alt=\"-\" class=\"wp-image-24997\" srcset=\"https:\/\/ladunedupilat.com\/wp-content\/uploads\/2023\/07\/DSC03626-682x1024.jpg 682w, https:\/\/ladunedupilat.com\/wp-content\/uploads\/2023\/07\/DSC03626-200x300.jpg 200w, https:\/\/ladunedupilat.com\/wp-content\/uploads\/2023\/07\/DSC03626-768x1152.jpg 768w, https:\/\/ladunedupilat.com\/wp-content\/uploads\/2023\/07\/DSC03626-1024x1536.jpg 1024w, https:\/\/ladunedupilat.com\/wp-content\/uploads\/2023\/07\/DSC03626-8x12.jpg 8w, https:\/\/ladunedupilat.com\/wp-content\/uploads\/2023\/07\/DSC03626-1200x1800.jpg 1200w, https:\/\/ladunedupilat.com\/wp-content\/uploads\/2023\/07\/DSC03626.jpg 1333w\" sizes=\"auto, (max-width: 682px) 100vw, 682px\" \/><figcaption class=\"wp-element-caption\">La prensa presente en este gran evento.<\/figcaption><\/figure>\n\n\n\n<figure class=\"wp-block-image size-large\"><img loading=\"lazy\" decoding=\"async\" width=\"1024\" height=\"682\" data-id=\"25000\" src=\"https:\/\/ladunedupilat.com\/wp-content\/uploads\/2023\/07\/DSC03889-1024x682.jpg\" alt=\"-\" class=\"wp-image-25000\" srcset=\"https:\/\/ladunedupilat.com\/wp-content\/uploads\/2023\/07\/DSC03889-1024x682.jpg 1024w, https:\/\/ladunedupilat.com\/wp-content\/uploads\/2023\/07\/DSC03889-300x200.jpg 300w, https:\/\/ladunedupilat.com\/wp-content\/uploads\/2023\/07\/DSC03889-768x512.jpg 768w, https:\/\/ladunedupilat.com\/wp-content\/uploads\/2023\/07\/DSC03889-1536x1024.jpg 1536w, https:\/\/ladunedupilat.com\/wp-content\/uploads\/2023\/07\/DSC03889-18x12.jpg 18w, https:\/\/ladunedupilat.com\/wp-content\/uploads\/2023\/07\/DSC03889-1200x800.jpg 1200w, https:\/\/ladunedupilat.com\/wp-content\/uploads\/2023\/07\/DSC03889-1980x1320.jpg 1980w, https:\/\/ladunedupilat.com\/wp-content\/uploads\/2023\/07\/DSC03889.jpg 2000w\" sizes=\"auto, (max-width: 1024px) 100vw, 1024px\" \/><figcaption class=\"wp-element-caption\">Los socios unidos<\/figcaption><\/figure>\n\n\n\n<figure class=\"wp-block-image size-large\"><img loading=\"lazy\" decoding=\"async\" width=\"1024\" height=\"682\" data-id=\"24999\" src=\"https:\/\/ladunedupilat.com\/wp-content\/uploads\/2023\/07\/DSC03675-1024x682.jpg\" alt=\"-\" class=\"wp-image-24999\" srcset=\"https:\/\/ladunedupilat.com\/wp-content\/uploads\/2023\/07\/DSC03675-1024x682.jpg 1024w, https:\/\/ladunedupilat.com\/wp-content\/uploads\/2023\/07\/DSC03675-300x200.jpg 300w, https:\/\/ladunedupilat.com\/wp-content\/uploads\/2023\/07\/DSC03675-768x512.jpg 768w, https:\/\/ladunedupilat.com\/wp-content\/uploads\/2023\/07\/DSC03675-1536x1024.jpg 1536w, https:\/\/ladunedupilat.com\/wp-content\/uploads\/2023\/07\/DSC03675-18x12.jpg 18w, https:\/\/ladunedupilat.com\/wp-content\/uploads\/2023\/07\/DSC03675-1200x800.jpg 1200w, https:\/\/ladunedupilat.com\/wp-content\/uploads\/2023\/07\/DSC03675-1980x1320.jpg 1980w, https:\/\/ladunedupilat.com\/wp-content\/uploads\/2023\/07\/DSC03675.jpg 2000w\" sizes=\"auto, (max-width: 1024px) 100vw, 1024px\" \/><figcaption class=\"wp-element-caption\">Visita a los nuevos concesionarios<\/figcaption><\/figure>\n\n\n\n<figure class=\"wp-block-image size-large\"><img loading=\"lazy\" decoding=\"async\" width=\"1024\" height=\"767\" data-id=\"24969\" src=\"https:\/\/ladunedupilat.com\/wp-content\/uploads\/2023\/06\/VILLAGE_DUNE_39-1024x767.jpg\" alt=\"pueblo de caba\u00f1as\" class=\"wp-image-24969\" srcset=\"https:\/\/ladunedupilat.com\/wp-content\/uploads\/2023\/06\/VILLAGE_DUNE_39-1024x767.jpg 1024w, https:\/\/ladunedupilat.com\/wp-content\/uploads\/2023\/06\/VILLAGE_DUNE_39-300x225.jpg 300w, https:\/\/ladunedupilat.com\/wp-content\/uploads\/2023\/06\/VILLAGE_DUNE_39-768x575.jpg 768w, https:\/\/ladunedupilat.com\/wp-content\/uploads\/2023\/06\/VILLAGE_DUNE_39-1536x1150.jpg 1536w, https:\/\/ladunedupilat.com\/wp-content\/uploads\/2023\/06\/VILLAGE_DUNE_39-2048x1534.jpg 2048w, https:\/\/ladunedupilat.com\/wp-content\/uploads\/2023\/06\/VILLAGE_DUNE_39-16x12.jpg 16w, https:\/\/ladunedupilat.com\/wp-content\/uploads\/2023\/06\/VILLAGE_DUNE_39-1200x899.jpg 1200w, https:\/\/ladunedupilat.com\/wp-content\/uploads\/2023\/06\/VILLAGE_DUNE_39-1980x1483.jpg 1980w\" sizes=\"auto, (max-width: 1024px) 100vw, 1024px\" \/><figcaption class=\"wp-element-caption\">Una zona de recepci\u00f3n integrada<\/figcaption><\/figure>\n\n\n\n<figure class=\"wp-block-image size-large\"><img loading=\"lazy\" decoding=\"async\" width=\"1024\" height=\"682\" data-id=\"25001\" src=\"https:\/\/ladunedupilat.com\/wp-content\/uploads\/2023\/07\/DSC03950-1024x682.jpg\" alt=\"-\" class=\"wp-image-25001\" srcset=\"https:\/\/ladunedupilat.com\/wp-content\/uploads\/2023\/07\/DSC03950-1024x682.jpg 1024w, https:\/\/ladunedupilat.com\/wp-content\/uploads\/2023\/07\/DSC03950-300x200.jpg 300w, https:\/\/ladunedupilat.com\/wp-content\/uploads\/2023\/07\/DSC03950-768x512.jpg 768w, https:\/\/ladunedupilat.com\/wp-content\/uploads\/2023\/07\/DSC03950-1536x1024.jpg 1536w, https:\/\/ladunedupilat.com\/wp-content\/uploads\/2023\/07\/DSC03950-18x12.jpg 18w, https:\/\/ladunedupilat.com\/wp-content\/uploads\/2023\/07\/DSC03950-1200x800.jpg 1200w, https:\/\/ladunedupilat.com\/wp-content\/uploads\/2023\/07\/DSC03950-1980x1320.jpg 1980w, https:\/\/ladunedupilat.com\/wp-content\/uploads\/2023\/07\/DSC03950.jpg 2000w\" sizes=\"auto, (max-width: 1024px) 100vw, 1024px\" \/><figcaption class=\"wp-element-caption\">Foto de la cresta de la duna<\/figcaption><\/figure>\n\n\n\n<figure class=\"wp-block-image size-large\"><img loading=\"lazy\" decoding=\"async\" width=\"1024\" height=\"682\" data-id=\"24998\" src=\"https:\/\/ladunedupilat.com\/wp-content\/uploads\/2023\/07\/DSC03633-1024x682.jpg\" alt=\"-\" class=\"wp-image-24998\" srcset=\"https:\/\/ladunedupilat.com\/wp-content\/uploads\/2023\/07\/DSC03633-1024x682.jpg 1024w, https:\/\/ladunedupilat.com\/wp-content\/uploads\/2023\/07\/DSC03633-300x200.jpg 300w, https:\/\/ladunedupilat.com\/wp-content\/uploads\/2023\/07\/DSC03633-768x512.jpg 768w, https:\/\/ladunedupilat.com\/wp-content\/uploads\/2023\/07\/DSC03633-1536x1024.jpg 1536w, https:\/\/ladunedupilat.com\/wp-content\/uploads\/2023\/07\/DSC03633-18x12.jpg 18w, https:\/\/ladunedupilat.com\/wp-content\/uploads\/2023\/07\/DSC03633-1200x800.jpg 1200w, https:\/\/ladunedupilat.com\/wp-content\/uploads\/2023\/07\/DSC03633-1980x1320.jpg 1980w, https:\/\/ladunedupilat.com\/wp-content\/uploads\/2023\/07\/DSC03633.jpg 2000w\" sizes=\"auto, (max-width: 1024px) 100vw, 1024px\" \/><figcaption class=\"wp-element-caption\">Gente para este hermoso d\u00eda.<\/figcaption><\/figure>\n\n\n\n<figure class=\"wp-block-image size-large\"><img loading=\"lazy\" decoding=\"async\" width=\"768\" height=\"1024\" data-id=\"25047\" src=\"https:\/\/ladunedupilat.com\/wp-content\/uploads\/2023\/07\/cabane9-768x1024.jpg\" alt=\"para escolares\" class=\"wp-image-25047\" srcset=\"https:\/\/ladunedupilat.com\/wp-content\/uploads\/2023\/07\/cabane9-768x1024.jpg 768w, https:\/\/ladunedupilat.com\/wp-content\/uploads\/2023\/07\/cabane9-225x300.jpg 225w, https:\/\/ladunedupilat.com\/wp-content\/uploads\/2023\/07\/cabane9-1152x1536.jpg 1152w, https:\/\/ladunedupilat.com\/wp-content\/uploads\/2023\/07\/cabane9-9x12.jpg 9w, https:\/\/ladunedupilat.com\/wp-content\/uploads\/2023\/07\/cabane9.jpg 1200w\" sizes=\"auto, (max-width: 768px) 100vw, 768px\" \/><figcaption class=\"wp-element-caption\">Huevos de pat\u00edn, huellas...<\/figcaption><\/figure>\n\n\n\n<figure class=\"wp-block-image size-large\"><img loading=\"lazy\" decoding=\"async\" width=\"1024\" height=\"683\" data-id=\"25124\" src=\"https:\/\/ladunedupilat.com\/wp-content\/uploads\/2023\/07\/IMG_8196-1-1024x683.jpg\" alt=\"las arenas\" class=\"wp-image-25124\" srcset=\"https:\/\/ladunedupilat.com\/wp-content\/uploads\/2023\/07\/IMG_8196-1-1024x683.jpg 1024w, https:\/\/ladunedupilat.com\/wp-content\/uploads\/2023\/07\/IMG_8196-1-300x200.jpg 300w, https:\/\/ladunedupilat.com\/wp-content\/uploads\/2023\/07\/IMG_8196-1-768x512.jpg 768w, https:\/\/ladunedupilat.com\/wp-content\/uploads\/2023\/07\/IMG_8196-1-1536x1024.jpg 1536w, https:\/\/ladunedupilat.com\/wp-content\/uploads\/2023\/07\/IMG_8196-1-2048x1365.jpg 2048w, https:\/\/ladunedupilat.com\/wp-content\/uploads\/2023\/07\/IMG_8196-1-18x12.jpg 18w, https:\/\/ladunedupilat.com\/wp-content\/uploads\/2023\/07\/IMG_8196-1-1200x800.jpg 1200w, https:\/\/ladunedupilat.com\/wp-content\/uploads\/2023\/07\/IMG_8196-1-1980x1320.jpg 1980w\" sizes=\"auto, (max-width: 1024px) 100vw, 1024px\" \/><figcaption class=\"wp-element-caption\">Zoom en las arenas<\/figcaption><\/figure>\n<\/figure>\n\n\n\n<figure class=\"wp-block-image size-large\"><img loading=\"lazy\" decoding=\"async\" width=\"1024\" height=\"683\" src=\"https:\/\/ladunedupilat.com\/wp-content\/uploads\/2024\/02\/Plaque-2024_VF-1024x683.png\" alt=\"-\" class=\"wp-image-25728\" srcset=\"https:\/\/ladunedupilat.com\/wp-content\/uploads\/2024\/02\/Plaque-2024_VF-1024x683.png 1024w, https:\/\/ladunedupilat.com\/wp-content\/uploads\/2024\/02\/Plaque-2024_VF-300x200.png 300w, https:\/\/ladunedupilat.com\/wp-content\/uploads\/2024\/02\/Plaque-2024_VF-768x512.png 768w, https:\/\/ladunedupilat.com\/wp-content\/uploads\/2024\/02\/Plaque-2024_VF-1536x1024.png 1536w, https:\/\/ladunedupilat.com\/wp-content\/uploads\/2024\/02\/Plaque-2024_VF-18x12.png 18w, https:\/\/ladunedupilat.com\/wp-content\/uploads\/2024\/02\/Plaque-2024_VF-1200x800.png 1200w, https:\/\/ladunedupilat.com\/wp-content\/uploads\/2024\/02\/Plaque-2024_VF.png 1701w\" sizes=\"auto, (max-width: 1024px) 100vw, 1024px\" \/><\/figure>","protected":false},"excerpt":{"rendered":"<p>La recalificaci\u00f3n del espacio de recepci\u00f3n se realiz\u00f3 a favor de: Costo y financiamiento de operaciones El Sindicato Mixto de\u2026<\/p>","protected":false},"author":8,"featured_media":25540,"parent":371,"menu_order":0,"comment_status":"closed","ping_status":"closed","template":"","meta":{"_acf_changed":false,"_uag_custom_page_level_css":"","footnotes":""},"class_list":["post-3806","page","type-page","status-publish","has-post-thumbnail","hentry"],"acf":[],"uagb_featured_image_src":{"full":["https:\/\/ladunedupilat.com\/wp-content\/uploads\/2023\/11\/DJI_20231013122354_0206_D-Panorama-1-scaled.jpg",2560,774,false],"thumbnail":["https:\/\/ladunedupilat.com\/wp-content\/uploads\/2023\/11\/DJI_20231013122354_0206_D-Panorama-1-150x150.jpg",150,150,true],"medium":["https:\/\/ladunedupilat.com\/wp-content\/uploads\/2023\/11\/DJI_20231013122354_0206_D-Panorama-1-300x91.jpg",300,91,true],"medium_large":["https:\/\/ladunedupilat.com\/wp-content\/uploads\/2023\/11\/DJI_20231013122354_0206_D-Panorama-1-768x232.jpg",580,175,true],"large":["https:\/\/ladunedupilat.com\/wp-content\/uploads\/2023\/11\/DJI_20231013122354_0206_D-Panorama-1-1024x310.jpg",580,176,true],"1536x1536":["https:\/\/ladunedupilat.com\/wp-content\/uploads\/2023\/11\/DJI_20231013122354_0206_D-Panorama-1-1536x464.jpg",1536,464,true],"2048x2048":["https:\/\/ladunedupilat.com\/wp-content\/uploads\/2023\/11\/DJI_20231013122354_0206_D-Panorama-1-2048x619.jpg",2048,619,true],"trp-custom-language-flag":["https:\/\/ladunedupilat.com\/wp-content\/uploads\/2023\/11\/DJI_20231013122354_0206_D-Panorama-1-18x5.jpg",18,5,true],"post-thumbnail":["https:\/\/ladunedupilat.com\/wp-content\/uploads\/2023\/11\/DJI_20231013122354_0206_D-Panorama-1-1200x363.jpg",1200,363,true],"twentytwenty-fullscreen":["https:\/\/ladunedupilat.com\/wp-content\/uploads\/2023\/11\/DJI_20231013122354_0206_D-Panorama-1-1980x599.jpg",1980,599,true]},"uagb_author_info":{"display_name":"communication@ladunedupilat.com","author_link":"https:\/\/ladunedupilat.com\/es\/author\/communicationladunedupilat-com\/"},"uagb_comment_info":0,"uagb_excerpt":"La requalification de l\u2019espace d\u2019accueil s\u2019est faite en faveur de : Co\u00fbt et financement des op\u00e9rations Le Syndicat Mixte de&hellip;","_links":{"self":[{"href":"https:\/\/ladunedupilat.com\/es\/wp-json\/wp\/v2\/pages\/3806","targetHints":{"allow":["GET"]}}],"collection":[{"href":"https:\/\/ladunedupilat.com\/es\/wp-json\/wp\/v2\/pages"}],"about":[{"href":"https:\/\/ladunedupilat.com\/es\/wp-json\/wp\/v2\/types\/page"}],"author":[{"embeddable":true,"href":"https:\/\/ladunedupilat.com\/es\/wp-json\/wp\/v2\/users\/8"}],"replies":[{"embeddable":true,"href":"https:\/\/ladunedupilat.com\/es\/wp-json\/wp\/v2\/comments?post=3806"}],"version-history":[{"count":5,"href":"https:\/\/ladunedupilat.com\/es\/wp-json\/wp\/v2\/pages\/3806\/revisions"}],"predecessor-version":[{"id":25730,"href":"https:\/\/ladunedupilat.com\/es\/wp-json\/wp\/v2\/pages\/3806\/revisions\/25730"}],"up":[{"embeddable":true,"href":"https:\/\/ladunedupilat.com\/es\/wp-json\/wp\/v2\/pages\/371"}],"wp:featuredmedia":[{"embeddable":true,"href":"https:\/\/ladunedupilat.com\/es\/wp-json\/wp\/v2\/media\/25540"}],"wp:attachment":[{"href":"https:\/\/ladunedupilat.com\/es\/wp-json\/wp\/v2\/media?parent=3806"}],"curies":[{"name":"gracias","href":"https:\/\/api.w.org\/{rel}","templated":true}]}}