{"id":388,"date":"2021-03-03T08:32:38","date_gmt":"2021-03-03T07:32:38","guid":{"rendered":"https:\/\/ladunedupilat.com\/?page_id=388"},"modified":"2025-08-01T16:22:49","modified_gmt":"2025-08-01T14:22:49","slug":"asistencia-en-vivo","status":"publish","type":"page","link":"https:\/\/ladunedupilat.com\/es\/preparation\/frequentation-en-direct\/","title":{"rendered":"<strong>Asistencia<\/strong> en directo"},"content":{"rendered":"<h2 class=\"wp-block-heading has-text-align-center\">Antes de venir, verifique el tr\u00e1fico del estacionamiento en tiempo real:<\/h2>\n\n\n\n<div style=\"height:40px\" aria-hidden=\"true\" class=\"wp-block-spacer\"><\/div>\n\n\n\n<section class=\"wp-block-uagb-columns uagb-columns__wrap uagb-columns__background-color uagb-columns__stack-mobile uagb-columns__valign-center uagb-columns__gap-30 align uagb-block-964618ab uagb-columns__columns-3 uagb-columns__max_width-custom\"><div class=\"uagb-columns__overlay\"><\/div><div class=\"uagb-columns__inner-wrap uagb-columns__columns-3\">\n<div class=\"wp-block-uagb-column uagb-column__wrap uagb-column__background-color uagb-block-06d4bf38 moveLeft\"><div class=\"uagb-column__overlay\"><\/div>\n<iframe loading=\"lazy\" id=\"freq\" src=\"https:\/\/bassin-arcachon.com\/parking\/index-new.php?lang=ss\" data-dashlane-frameid=\"225\" width=\"100%\" height=\"250px\" frameborder=\"0\"><\/iframe>\n<script>document.getElementById('freq').contentWindow.location.href=document.getElementById('freq').src<\/script>\n<\/div>\n\n\n\n<div class=\"wp-block-uagb-column uagb-column__wrap uagb-column__background-undefined uagb-block-0ec641b5\"><div class=\"uagb-column__overlay\"><\/div><\/div>\n\n\n\n<div class=\"wp-block-uagb-column uagb-column__wrap uagb-column__background-color uagb-block-232a514c moveRight\"><div class=\"uagb-column__overlay\"><\/div>\n<p>Estacionando en el estacionamiento del \u00e1rea de recepci\u00f3n, contribuyes a la preservaci\u00f3n del Gran Sitio (gesti\u00f3n p\u00fablica) y evitas el estacionamiento \u201cno autorizado\u201d que degrada el medio ambiente. <br><strong>La naturaleza nos da la bienvenida, \u00a1respet\u00e9mosla juntos!<\/strong><\/p>\n\n\n\n<p><strong>Consejo inteligente: el acceso a Dune es gratuito si vienes a pie, <a href=\"https:\/\/bassin-arcachon.com\/bassin-a-velo\/\" data-type=\"page\" rel=\"nofollow noopener\" target=\"_blank\">bicicleta<\/a> o en <a href=\"https:\/\/www.bus-baia.fr\/\" data-type=\"URL\" data-id=\"https:\/\/www.bus-baia.fr\/\" rel=\"nofollow noopener\" target=\"_blank\">autob\u00fas ba\u00eda<\/a>.<\/strong><\/p>\n\n\n\n<div class=\"wp-block-buttons tw-mb-0 is-layout-flex wp-block-buttons-is-layout-flex\">\n<div class=\"wp-block-button\"><a class=\"wp-block-button__link wp-element-button\" href=\"https:\/\/ladunedupilat.com\/es\/preparacion\/tarifas-y-suscripciones\/\">Consulto los precios del parking<\/a><\/div>\n<\/div>\n<\/div>\n<\/div><\/section>\n\n\n\n<div style=\"height:40px\" aria-hidden=\"true\" class=\"wp-block-spacer\"><\/div>\n\n\n\n<section class=\"wp-block-uagb-columns uagb-columns__wrap uagb-columns__background-none uagb-columns__stack-tablet uagb-columns__valign-top uagb-columns__gap-30 alignwide uagb-block-11a1af08 uagb-columns__columns-2 uagb-columns__max_width-custom blocCont bloc-2G\"><div class=\"uagb-columns__overlay\"><\/div><div class=\"uagb-columns__inner-wrap uagb-columns__columns-2\">\n<div class=\"wp-block-uagb-column uagb-column__wrap uagb-column__background-none uagb-block-762b6fe7\"><div class=\"uagb-column__overlay\"><\/div>\n<figure class=\"wp-block-image size-full tw-mb-0 tw-mt-0\"><img loading=\"lazy\" decoding=\"async\" width=\"960\" height=\"960\" src=\"https:\/\/ladunedupilat.com\/wp-content\/uploads\/2023\/11\/Frequentation-2.jpg\" alt=\"-\" class=\"wp-image-25497\" srcset=\"https:\/\/ladunedupilat.com\/wp-content\/uploads\/2023\/11\/Frequentation-2.jpg 960w, https:\/\/ladunedupilat.com\/wp-content\/uploads\/2023\/11\/Frequentation-2-300x300.jpg 300w, https:\/\/ladunedupilat.com\/wp-content\/uploads\/2023\/11\/Frequentation-2-150x150.jpg 150w, https:\/\/ladunedupilat.com\/wp-content\/uploads\/2023\/11\/Frequentation-2-768x768.jpg 768w, https:\/\/ladunedupilat.com\/wp-content\/uploads\/2023\/11\/Frequentation-2-12x12.jpg 12w\" sizes=\"auto, (max-width: 960px) 100vw, 960px\" \/><\/figure>\n<\/div>\n\n\n\n<div class=\"wp-block-uagb-column uagb-column__wrap uagb-column__background-undefined uagb-block-e90ed47a\"><div class=\"uagb-column__overlay\"><\/div>\n<h3 class=\"wp-block-heading tw-mt-0\">\u00bfCu\u00e1ndo es la mejor \u00e9poca para visitar la Duna de Pilat?<\/h3>\n\n\n\n<p>Muchos de ustedes vienen a visitar la duna de Pilat durante la temporada de verano. <strong>Para su comodidad y optimizar su visita, lo invitamos a consultar nuestra herramienta de asistencia en tiempo real, antes de su visita.<\/strong><\/p>\n\n\n\n<p>La<strong>Verano<\/strong>, prefiero visitar la duna <strong>temprano por la ma\u00f1ana<\/strong> para evitar las multitudes.\u00a0<\/p>\n\n\n\n<div class=\"wp-block-buttons is-layout-flex wp-block-buttons-is-layout-flex\">\n<div class=\"wp-block-button\"><a class=\"wp-block-button__link wp-element-button\" href=\"https:\/\/ladunedupilat.com\/es\/preparacion\/consejos-de-visita\/\">Consulto todos los consejos de visita<\/a><\/div>\n<\/div>\n<\/div>\n<\/div><\/section>","protected":false},"excerpt":{"rendered":"<p>Estacionando en el estacionamiento del \u00e1rea de recepci\u00f3n, contribuyes a la preservaci\u00f3n del Gran Sitio (gesti\u00f3n p\u00fablica) y evitas el estacionamiento \u201cno autorizado\u201d que degrada el medio ambiente.<\/p>","protected":false},"author":8,"featured_media":25496,"parent":284,"menu_order":0,"comment_status":"closed","ping_status":"closed","template":"templates\/template-full-width.php","meta":{"_acf_changed":false,"_uag_custom_page_level_css":"","footnotes":""},"class_list":["post-388","page","type-page","status-publish","has-post-thumbnail","hentry"],"acf":[],"uagb_featured_image_src":{"full":["https:\/\/ladunedupilat.com\/wp-content\/uploads\/2023\/11\/DJI_20231013120357_0139_D-scaled.jpg",2560,1917,false],"thumbnail":["https:\/\/ladunedupilat.com\/wp-content\/uploads\/2023\/11\/DJI_20231013120357_0139_D-150x150.jpg",150,150,true],"medium":["https:\/\/ladunedupilat.com\/wp-content\/uploads\/2023\/11\/DJI_20231013120357_0139_D-300x225.jpg",300,225,true],"medium_large":["https:\/\/ladunedupilat.com\/wp-content\/uploads\/2023\/11\/DJI_20231013120357_0139_D-768x575.jpg",580,434,true],"large":["https:\/\/ladunedupilat.com\/wp-content\/uploads\/2023\/11\/DJI_20231013120357_0139_D-1024x767.jpg",580,434,true],"1536x1536":["https:\/\/ladunedupilat.com\/wp-content\/uploads\/2023\/11\/DJI_20231013120357_0139_D-1536x1150.jpg",1536,1150,true],"2048x2048":["https:\/\/ladunedupilat.com\/wp-content\/uploads\/2023\/11\/DJI_20231013120357_0139_D-2048x1534.jpg",2048,1534,true],"trp-custom-language-flag":["https:\/\/ladunedupilat.com\/wp-content\/uploads\/2023\/11\/DJI_20231013120357_0139_D-16x12.jpg",16,12,true],"post-thumbnail":["https:\/\/ladunedupilat.com\/wp-content\/uploads\/2023\/11\/DJI_20231013120357_0139_D-1200x899.jpg",1200,899,true],"twentytwenty-fullscreen":["https:\/\/ladunedupilat.com\/wp-content\/uploads\/2023\/11\/DJI_20231013120357_0139_D-1980x1483.jpg",1980,1483,true]},"uagb_author_info":{"display_name":"communication@ladunedupilat.com","author_link":"https:\/\/ladunedupilat.com\/es\/author\/communicationladunedupilat-com\/"},"uagb_comment_info":0,"uagb_excerpt":"En stationnant sur le parking de l\u2019espace d\u2019accueil, vous contribuez \u00e0 la pr\u00e9servation du Grand Site (gestion publique) et \u00e9vitez le stationnement \u201csauvage\u201d qui d\u00e9grade les milieux","_links":{"self":[{"href":"https:\/\/ladunedupilat.com\/es\/wp-json\/wp\/v2\/pages\/388","targetHints":{"allow":["GET"]}}],"collection":[{"href":"https:\/\/ladunedupilat.com\/es\/wp-json\/wp\/v2\/pages"}],"about":[{"href":"https:\/\/ladunedupilat.com\/es\/wp-json\/wp\/v2\/types\/page"}],"author":[{"embeddable":true,"href":"https:\/\/ladunedupilat.com\/es\/wp-json\/wp\/v2\/users\/8"}],"replies":[{"embeddable":true,"href":"https:\/\/ladunedupilat.com\/es\/wp-json\/wp\/v2\/comments?post=388"}],"version-history":[{"count":3,"href":"https:\/\/ladunedupilat.com\/es\/wp-json\/wp\/v2\/pages\/388\/revisions"}],"predecessor-version":[{"id":27244,"href":"https:\/\/ladunedupilat.com\/es\/wp-json\/wp\/v2\/pages\/388\/revisions\/27244"}],"up":[{"embeddable":true,"href":"https:\/\/ladunedupilat.com\/es\/wp-json\/wp\/v2\/pages\/284"}],"wp:featuredmedia":[{"embeddable":true,"href":"https:\/\/ladunedupilat.com\/es\/wp-json\/wp\/v2\/media\/25496"}],"wp:attachment":[{"href":"https:\/\/ladunedupilat.com\/es\/wp-json\/wp\/v2\/media?parent=388"}],"curies":[{"name":"gracias","href":"https:\/\/api.w.org\/{rel}","templated":true}]}}