{"id":392,"date":"2021-03-03T08:33:55","date_gmt":"2021-03-03T07:33:55","guid":{"rendered":"https:\/\/ladunedupilat.com\/?page_id=392"},"modified":"2025-08-01T16:55:09","modified_gmt":"2025-08-01T14:55:09","slug":"tarifas-y-suscripciones","status":"publish","type":"page","link":"https:\/\/ladunedupilat.com\/es\/preparation\/tarifs-et-abonnements\/","title":{"rendered":"<strong>Tarifas<\/strong> y Pase Anual"},"content":{"rendered":"<h2 class=\"wp-block-heading\"><strong>bienvenidos<\/strong> en el Gran Sitio de la Dune du Pilat<\/h2>\n\n\n\n<section class=\"wp-block-uagb-columns uagb-columns__wrap uagb-columns__background-none uagb-columns__stack-mobile uagb-columns__valign- uagb-columns__gap-10 align uagb-block-72a5d164 uagb-columns__columns-1 uagb-columns__max_width-custom\"><div class=\"uagb-columns__overlay\"><\/div><div class=\"uagb-columns__inner-wrap uagb-columns__columns-1\">\n<div class=\"wp-block-uagb-column uagb-column__wrap uagb-column__background-undefined uagb-block-6a5b45ce\"><div class=\"uagb-column__overlay\"><\/div>\n<p>\u00a1Al estacionar en el \u00e1rea de recepci\u00f3n, usted contribuye, a trav\u00e9s de su pago, a la preservaci\u00f3n de este sitio natural excepcional! \u00bfSab\u00edas que los ingresos del estacionamiento p\u00fablico se donan \u00edntegramente a la gesti\u00f3n del Gran Sitio: recolecci\u00f3n de residuos en \u00e1reas naturales, monitoreo naturalista, herramientas gratuitas de educaci\u00f3n ambiental, etc.<\/p>\n\n\n\n<p>Consulto los precios de temporada alta, temporada baja y pase anual en la siguiente tabla:<\/p>\n\n\n\n<div style=\"height:40px\" aria-hidden=\"true\" class=\"wp-block-spacer\"><\/div>\n\n\n\n<div class=\"wp-block-uagb-tabs uagb-block-c218a1b9 uagb-tabs__wrap uagb-tabs__hstyle5-desktop uagb-tabs__hstyle5-tablet uagb-tabs__stack4-mobile\" data-tab-active=\"0\"><ul class=\"uagb-tabs__panel uagb-tabs__align-left\" role=\"tablist\"><li class=\"uagb-tab uagb-tabs__active\" role=\"none\"><a href=\"#uagb-tabs__tab0\" class=\"uagb-tabs-list uagb-tabs__icon-position-left\" data-tab=\"0\" role=\"tab\"><div>Temporada alta<\/div><\/a><\/li><li class=\"uagb-tab\" role=\"none\"><a href=\"#uagb-tabs__tab1\" class=\"uagb-tabs-list uagb-tabs__icon-position-left\" data-tab=\"1\" role=\"tab\"><div>Temporada baja<\/div><\/a><\/li><li class=\"uagb-tab\" role=\"none\"><a href=\"#uagb-tabs__tab2\" class=\"uagb-tabs-list uagb-tabs__icon-position-left\" data-tab=\"2\" role=\"tab\"><div>Pase anual<\/div><\/a><\/li><\/ul><div class=\"uagb-tabs__body-wrap\">\n<div class=\"wp-block-uagb-tabs-child uagb-tabs__body-container uagb-inner-tab-0\" aria-labelledby=\"uagb-tabs__tab0\">\n<figure class=\"wp-block-table tw-mb-0 tw-mt-0 is-style-tw-border-h-inner\"><table><thead><tr><th><\/th><th class=\"has-text-align-center\" data-align=\"center\"><img decoding=\"async\" src=\"https:\/\/ladunedupilat.com\/wp-content\/uploads\/2021\/04\/PICTO-VOITURE.svg\" alt=\"-\" style=\"width: 50px;\"><\/th><th class=\"has-text-align-center\" data-align=\"center\"><img loading=\"lazy\" decoding=\"async\" src=\"https:\/\/ladunedupilat.com\/wp-content\/uploads\/2021\/04\/PICTO-MOTO.svg\" alt=\"-\" width=\"50\" height=\"50\"><\/th><th class=\"has-text-align-center\" data-align=\"center\"><img decoding=\"async\" src=\"https:\/\/ladunedupilat.com\/wp-content\/uploads\/2021\/04\/PICTO-BUS.svg\" alt=\"-\" width=\"50\"> <img decoding=\"async\" src=\"https:\/\/ladunedupilat.com\/wp-content\/uploads\/2021\/04\/PICTO-CAMPINGCAR.svg\" alt=\"-\" width=\"50\"><\/th><\/tr><\/thead><tbody><tr><td><strong>Tasa de DESCUBRIMIENTO<\/strong><br>4 horas<\/td><td class=\"has-text-align-center\" data-align=\"center\">7\u20ac<\/td><td class=\"has-text-align-center\" data-align=\"center\">5\u20ac<\/td><td class=\"has-text-align-center\" data-align=\"center\">10\u20ac<\/td><\/tr><tr><td><strong>Tasa de INMERSI\u00d3N<\/strong><br>8 horas<\/td><td class=\"has-text-align-center\" data-align=\"center\">9\u20ac<\/td><td class=\"has-text-align-center\" data-align=\"center\">7\u20ac<\/td><td class=\"has-text-align-center\" data-align=\"center\">12\u20ac<\/td><\/tr><tr><td><strong>Tarifa de D\u00cdA<\/strong><br>12 horas<\/td><td class=\"has-text-align-center\" data-align=\"center\">11\u20ac<\/td><td class=\"has-text-align-center\" data-align=\"center\">9\u20ac<\/td><td class=\"has-text-align-center\" data-align=\"center\">14\u20ac<\/td><\/tr><tr><td><strong>Parada de un minuto<\/strong><br>30 minutos<\/td><td class=\"has-text-align-center\" data-align=\"center\">Libre<\/td><td class=\"has-text-align-center\" data-align=\"center\">Libre<\/td><td class=\"has-text-align-center\" data-align=\"center\">Libre<\/td><\/tr><\/tbody><\/table><\/figure>\n<\/div>\n\n\n\n<div class=\"wp-block-uagb-tabs-child uagb-tabs__body-container uagb-inner-tab-1\" aria-labelledby=\"uagb-tabs__tab1\">\n<figure class=\"wp-block-table tw-mb-0 tw-mt-0 is-style-tw-border-h-inner\"><table><thead><tr><th><\/th><th class=\"has-text-align-center\" data-align=\"center\"><img decoding=\"async\" src=\"https:\/\/ladunedupilat.com\/wp-content\/uploads\/2021\/04\/PICTO-VOITURE.svg\" alt=\"-\" style=\"width: 50px;\"><\/th><th class=\"has-text-align-center\" data-align=\"center\"><img loading=\"lazy\" decoding=\"async\" src=\"https:\/\/ladunedupilat.com\/wp-content\/uploads\/2021\/04\/PICTO-MOTO.svg\" alt=\"-\" width=\"50\" height=\"50\"><\/th><th class=\"has-text-align-center\" data-align=\"center\"><img decoding=\"async\" src=\"https:\/\/ladunedupilat.com\/wp-content\/uploads\/2021\/04\/PICTO-BUS.svg\" alt=\"-\" width=\"50\"> <img decoding=\"async\" src=\"https:\/\/ladunedupilat.com\/wp-content\/uploads\/2021\/04\/PICTO-CAMPINGCAR.svg\" alt=\"-\" width=\"50\"><\/th><\/tr><\/thead><tbody><tr><td><strong>Tasa de DESCUBRIMIENTO<\/strong><br>4 horas<\/td><td class=\"has-text-align-center\" data-align=\"center\">1\u20ac<\/td><td class=\"has-text-align-center\" data-align=\"center\">1\u20ac<\/td><td class=\"has-text-align-center\" data-align=\"center\">2\u20ac<\/td><\/tr><tr><td><strong>Tasa de INMERSI\u00d3N<\/strong><br>8 horas<\/td><td class=\"has-text-align-center\" data-align=\"center\">2\u20ac<\/td><td class=\"has-text-align-center\" data-align=\"center\">2\u20ac<\/td><td class=\"has-text-align-center\" data-align=\"center\">4\u20ac<\/td><\/tr><tr><td><strong>Tarifa de D\u00cdA<\/strong><br>12 horas<\/td><td class=\"has-text-align-center\" data-align=\"center\">4\u20ac<\/td><td class=\"has-text-align-center\" data-align=\"center\">4\u20ac<\/td><td class=\"has-text-align-center\" data-align=\"center\">6\u20ac<\/td><\/tr><tr><td><strong>Parada de un minuto<\/strong><br>30 minutos<\/td><td class=\"has-text-align-center\" data-align=\"center\">Libre<\/td><td class=\"has-text-align-center\" data-align=\"center\">Libre<\/td><td class=\"has-text-align-center\" data-align=\"center\">Libre<\/td><\/tr><\/tbody><\/table><\/figure>\n<\/div>\n\n\n\n<div class=\"wp-block-uagb-tabs-child uagb-tabs__body-container uagb-inner-tab-2\" aria-labelledby=\"uagb-tabs__tab2\">\n<figure class=\"wp-block-table tw-mb-0 tw-mt-0 is-style-tw-border-h-inner\"><table><thead><tr><th><\/th><th class=\"has-text-align-center\" data-align=\"center\"><img decoding=\"async\" src=\"https:\/\/ladunedupilat.com\/wp-content\/uploads\/2021\/04\/PICTO-VOITURE.svg\" alt=\"-\" style=\"width: 50px;\"><\/th><th class=\"has-text-align-center\" data-align=\"center\"> <img decoding=\"async\" src=\"https:\/\/ladunedupilat.com\/wp-content\/uploads\/2021\/04\/PICTO-CAMPINGCAR.svg\" alt=\"-\" width=\"50\"><\/th><\/tr><\/thead><tbody><tr><td><strong>Pase anual<\/strong><\/td><td class=\"has-text-align-center\" data-align=\"center\">15\u20ac<\/td><td class=\"has-text-align-center\" data-align=\"center\">30\u20ac<\/td><\/tr><\/tbody><\/table><\/figure>\n\n\n\n<p>\u00bfVisitas el sitio con frecuencia? \u00a1El Pase Anual es para ti! Te otorga acceso ilimitado al aparcamiento del Gran Sitio de la Duna de Pilat durante todo el a\u00f1o, durante un a\u00f1o a partir de la fecha de emisi\u00f3n.<\/p>\n\n\n\n<p>La tarjeta es personal e individual.<\/p>\n\n\n\n<p><strong>\u00a1Te invitamos a optar por una suscripci\u00f3n online, m\u00e1s sencilla y r\u00e1pida!<\/strong> <\/p>\n\n\n\n<div class=\"wp-block-buttons is-horizontal is-content-justification-center is-layout-flex wp-container-core-buttons-is-layout-03627597 wp-block-buttons-is-layout-flex\">\n<div class=\"wp-block-button\"><a class=\"wp-block-button__link wp-element-button\" href=\"https:\/\/booking-ladunedupilat.axigap.com\" rel=\"nofollow noopener\" target=\"_blank\">Deseo suscribirme ONLINE<\/a><\/div>\n\n\n\n<div class=\"wp-block-button\"><a class=\"wp-block-button__link wp-element-button\" href=\"https:\/\/ladunedupilat.com\/es\/suscripciones\/\">Me gustar\u00eda suscribirme EN EL SITIO<\/a><\/div>\n<\/div>\n<\/div>\n<\/div><\/div>\n\n\n\n<p>Est\u00e1 prohibido estacionarse entre las 2 a.m. y las 5 a.m. El estacionamiento durante toda la noche est\u00e1 sujeto a una penalizaci\u00f3n de 50 euros.<\/p>\n\n\n\n<section class=\"wp-block-uagb-columns uagb-columns__wrap uagb-columns__background-color uagb-columns__stack-mobile uagb-columns__valign- uagb-columns__gap-10 align uagb-block-8af98e0c uagb-columns__columns-1 uagb-columns__max_width-theme\"><div class=\"uagb-columns__overlay\"><\/div><div class=\"uagb-columns__inner-wrap uagb-columns__columns-1\">\n<div class=\"wp-block-uagb-column uagb-column__wrap uagb-column__background-undefined uagb-block-4a032627\"><div class=\"uagb-column__overlay\"><\/div>\n<ul class=\"wp-block-list\">\n<li>Temporada alta: se aplican tarifas de temporada a partir del 1<sup>er<\/sup> d\u00eda de las vacaciones de invierno, hasta el \u00faltimo d\u00eda de las vacaciones de Todos los Santos (todas las zonas de vacaciones escolares combinadas).<\/li>\n\n\n\n<li>Temporada baja: las tarifas de temporada baja aplican el resto del a\u00f1o, fuera de estos per\u00edodos.<\/li>\n<\/ul>\n<\/div>\n<\/div><\/section>\n<\/div>\n<\/div><\/section>\n\n\n\n<h2 class=\"wp-block-heading\"><strong>Pase anual <\/strong><\/h2>\n\n\n\n<h6 class=\"wp-block-heading\"><strong>\u00bfPARA QUI\u00c9N?<\/strong><\/h6>\n\n\n\n<p>Locales, visitantes habituales y amantes del lugar que suelen visitar la Duna en coche. \u00a1Por supuesto, se puede acceder a la Duna en bicicleta y autob\u00fas!<\/p>\n\n\n\n<h6 class=\"wp-block-heading\"><strong>LAS BUENAS RAZONES<\/strong><\/h6>\n\n\n\n<ul class=\"wp-block-list\">\n<li>Participe en la preservaci\u00f3n del sitio<\/li>\n<\/ul>\n\n\n\n<ul class=\"wp-block-list\">\n<li>Acceso a la Duna durante todo el a\u00f1o.<\/li>\n<\/ul>\n\n\n\n<ul class=\"wp-block-list\">\n<li>Ahorre tiempo y dinero en cada visita<\/li>\n<\/ul>\n\n\n\n<ul class=\"wp-block-list\">\n<li>Aprovecha el \u00e1rea de recepci\u00f3n y sus servicios<\/li>\n<\/ul>\n\n\n\n<ul class=\"wp-block-list\">\n<li>Contribuir a la correcta gesti\u00f3n del sitio<\/li>\n<\/ul>\n\n\n\n<blockquote class=\"wp-block-quote is-layout-flow wp-block-quote-is-layout-flow\">\n<blockquote class=\"wp-block-quote is-layout-flow wp-block-quote-is-layout-flow\">\n<p><em class=\"\">Es una invitaci\u00f3n a vivir la Duna de otra manera, a volver cuando quieras, a respetarla m\u00e1s, a ser parte de su preservaci\u00f3n.<\/em><\/p>\n\n\n\n<p>Nathalie LE YONDRE, presidenta del proyecto Grand Site de France de la Duna del Pilat<\/p>\n<\/blockquote>\n<\/blockquote>\n\n\n\n<ul class=\"wp-block-list\">\n<li>Suscripci\u00f3n v\u00e1lida por 1 a\u00f1o y renovable<\/li>\n\n\n\n<li>Aparcamiento sin l\u00edmite de tiempo, durante el horario de apertura del parking.<\/li>\n\n\n\n<li>15 euros para un coche o una moto \/ 30 euros para una autocaravana<\/li>\n<\/ul>\n\n\n\n<div class=\"wp-block-buttons is-layout-flex wp-block-buttons-is-layout-flex\">\n<div class=\"wp-block-button\"><a class=\"wp-block-button__link wp-element-button\" href=\"https:\/\/booking-ladunedupilat.axigap.com\/\" rel=\"nofollow noopener\" target=\"_blank\">SUSCRIBIR<\/a><\/div>\n<\/div>\n\n\n\n<figure class=\"wp-block-embed is-type-video is-provider-youtube wp-block-embed-youtube wp-embed-aspect-16-9 wp-has-aspect-ratio\"><div class=\"wp-block-embed__wrapper\">\n<iframe loading=\"lazy\" title=\"BUENAS RAZONES PARA ADOPTAR EL PASE ANUAL A LA DUNA DE PILAT\" width=\"580\" height=\"326\" src=\"https:\/\/www.youtube.com\/embed\/X49r8NhPpZc?feature=oembed\" frameborder=\"0\" allow=\"accelerometer; autoplay; clipboard-write; encrypted-media; gyroscope; picture-in-picture; web-share\" referrerpolicy=\"strict-origin-when-cross-origin\" allowfullscreen><\/iframe>\n<\/div><figcaption class=\"wp-element-caption\">Cr\u00e9dito del video: Rising Tide Agency<\/figcaption><\/figure>\n\n\n\n<h2 class=\"wp-block-heading moveTitre\"><strong>Modos y medios<\/strong> de pago<\/h2>\n\n\n\n<section class=\"wp-block-uagb-columns uagb-columns__wrap uagb-columns__background-none uagb-columns__stack-mobile uagb-columns__valign- uagb-columns__gap-30 align uagb-block-cfbdf262 uagb-columns__columns-1 uagb-columns__max_width-custom\"><div class=\"uagb-columns__overlay\"><\/div><div class=\"uagb-columns__inner-wrap uagb-columns__columns-1\">\n<div class=\"wp-block-uagb-column uagb-column__wrap uagb-column__background-undefined uagb-block-ca6b2b5a\"><div class=\"uagb-column__overlay\"><\/div>\n<p>Al pagar por el estacionamiento, contribuyes a <strong>mantenimiento<\/strong> y en el <strong>preservaci\u00f3n<\/strong> de este fr\u00e1gil espacio natural.<\/p>\n\n\n\n<p><strong>Por simplicidad, dos opciones <strong>est\u00e1n<\/strong><\/strong> <strong>posible:<\/strong><\/p>\n\n\n\n<ul class=\"wp-block-list\">\n<li><strong>\u00bfHa olvidado su recibo de pago en su veh\u00edculo? Puedes pagar tu parking directamente en las barreras de salida, con tarjeta bancaria y sin contacto;<\/strong><\/li>\n\n\n\n<li><strong>\u00bfEst\u00e1 su boleto en su bolso? Puedes pagar tu estacionamiento en los terminales de pago ubicados en el \u00e1rea de recepci\u00f3n, antes de regresar a tu veh\u00edculo (tarjeta de cr\u00e9dito y efectivo).<\/strong><\/li>\n<\/ul>\n\n\n\n<p>Te invitamos a <strong>prefiera el pago con tarjeta de cr\u00e9dito y sin contacto.<\/strong><\/p>\n<\/div>\n<\/div><\/section>\n\n\n\n<p><\/p>","protected":false},"excerpt":{"rendered":"<p>\u00a1Al estacionar en el \u00e1rea de recepci\u00f3n, usted contribuye, a trav\u00e9s de su pago, a la preservaci\u00f3n de este sitio natural excepcional! <\/p>","protected":false},"author":8,"featured_media":1825,"parent":284,"menu_order":3,"comment_status":"closed","ping_status":"closed","template":"templates\/template-full-width.php","meta":{"_acf_changed":false,"_uag_custom_page_level_css":"","footnotes":""},"class_list":["post-392","page","type-page","status-publish","has-post-thumbnail","hentry"],"acf":[],"uagb_featured_image_src":{"full":["https:\/\/ladunedupilat.com\/wp-content\/uploads\/2021\/05\/entete-tarif.jpg",1600,800,false],"thumbnail":["https:\/\/ladunedupilat.com\/wp-content\/uploads\/2021\/05\/entete-tarif-150x150.jpg",150,150,true],"medium":["https:\/\/ladunedupilat.com\/wp-content\/uploads\/2021\/05\/entete-tarif-300x150.jpg",300,150,true],"medium_large":["https:\/\/ladunedupilat.com\/wp-content\/uploads\/2021\/05\/entete-tarif-768x384.jpg",580,290,true],"large":["https:\/\/ladunedupilat.com\/wp-content\/uploads\/2021\/05\/entete-tarif-1024x512.jpg",580,290,true],"1536x1536":["https:\/\/ladunedupilat.com\/wp-content\/uploads\/2021\/05\/entete-tarif-1536x768.jpg",1536,768,true],"2048x2048":["https:\/\/ladunedupilat.com\/wp-content\/uploads\/2021\/05\/entete-tarif.jpg",1600,800,false],"trp-custom-language-flag":["https:\/\/ladunedupilat.com\/wp-content\/uploads\/2021\/05\/entete-tarif-16x8.jpg",16,8,true],"post-thumbnail":["https:\/\/ladunedupilat.com\/wp-content\/uploads\/2021\/05\/entete-tarif-1200x600.jpg",1200,600,true],"twentytwenty-fullscreen":["https:\/\/ladunedupilat.com\/wp-content\/uploads\/2021\/05\/entete-tarif.jpg",1600,800,false]},"uagb_author_info":{"display_name":"communication@ladunedupilat.com","author_link":"https:\/\/ladunedupilat.com\/es\/author\/communicationladunedupilat-com\/"},"uagb_comment_info":0,"uagb_excerpt":"En vous stationnant sur l\u2019espace d\u2019accueil, vous contribuez, par votre paiement, \u00e0 la pr\u00e9servation de ce site naturel d\u2019exception !","_links":{"self":[{"href":"https:\/\/ladunedupilat.com\/es\/wp-json\/wp\/v2\/pages\/392","targetHints":{"allow":["GET"]}}],"collection":[{"href":"https:\/\/ladunedupilat.com\/es\/wp-json\/wp\/v2\/pages"}],"about":[{"href":"https:\/\/ladunedupilat.com\/es\/wp-json\/wp\/v2\/types\/page"}],"author":[{"embeddable":true,"href":"https:\/\/ladunedupilat.com\/es\/wp-json\/wp\/v2\/users\/8"}],"replies":[{"embeddable":true,"href":"https:\/\/ladunedupilat.com\/es\/wp-json\/wp\/v2\/comments?post=392"}],"version-history":[{"count":13,"href":"https:\/\/ladunedupilat.com\/es\/wp-json\/wp\/v2\/pages\/392\/revisions"}],"predecessor-version":[{"id":27252,"href":"https:\/\/ladunedupilat.com\/es\/wp-json\/wp\/v2\/pages\/392\/revisions\/27252"}],"up":[{"embeddable":true,"href":"https:\/\/ladunedupilat.com\/es\/wp-json\/wp\/v2\/pages\/284"}],"wp:featuredmedia":[{"embeddable":true,"href":"https:\/\/ladunedupilat.com\/es\/wp-json\/wp\/v2\/media\/1825"}],"wp:attachment":[{"href":"https:\/\/ladunedupilat.com\/es\/wp-json\/wp\/v2\/media?parent=392"}],"curies":[{"name":"gracias","href":"https:\/\/api.w.org\/{rel}","templated":true}]}}