{"id":396,"date":"2021-03-03T08:34:47","date_gmt":"2021-03-03T07:34:47","guid":{"rendered":"https:\/\/ladunedupilat.com\/?page_id=396"},"modified":"2025-05-23T10:05:14","modified_gmt":"2025-05-23T08:05:14","slug":"en-el-sitio","status":"publish","type":"page","link":"https:\/\/ladunedupilat.com\/es\/preparation\/sur-place\/","title":{"rendered":"En el sitio"},"content":{"rendered":"<p><\/p>\n\n\n\n<figure class=\"wp-block-embed is-type-video is-provider-youtube wp-block-embed-youtube wp-embed-aspect-16-9 wp-has-aspect-ratio\"><div class=\"wp-block-embed__wrapper\">\n<iframe loading=\"lazy\" title=\"Bienvenidos al Gran Sitio de la Duna del Pilat\" width=\"580\" height=\"326\" src=\"https:\/\/www.youtube.com\/embed\/-i-p-vEdq5w?feature=oembed\" frameborder=\"0\" allow=\"accelerometer; autoplay; clipboard-write; encrypted-media; gyroscope; picture-in-picture; web-share\" referrerpolicy=\"strict-origin-when-cross-origin\" allowfullscreen><\/iframe>\n<\/div><figcaption class=\"wp-element-caption\">V\u00eddeo @MidiProd<\/figcaption><\/figure>\n\n\n\n<p><\/p>\n\n\n\n<p><strong>Principal puerta de entrada al Gran Sitio, el \u00e1rea de recepci\u00f3n ofrece todos los servicios y equipamientos que le permitir\u00e1n descubrirlo de una forma c\u00f3moda y respetuosa con el medio ambiente.<\/strong> <\/p>\n\n\n\n<p>La Dune du Pilat es accesible durante todo el a\u00f1o, pero muchos de ustedes quieren caminar en verano. Para un descubrimiento m\u00e1s placentero, deje su veh\u00edculo a un lado y t\u00f3mese el tiempo para admirar la naturaleza. <strong>A pie, en bici, en autob\u00fas<\/strong>, hay muchas posibilidades para venir a la Duna! <\/p>\n\n\n\n<p>Si sigues optando por venir en coche, la zona de recepci\u00f3n dispone de un aparcamiento arbolado. Al aparcar en este \u00faltimo, contribuyes a la conservaci\u00f3n del Gran Sitio (gesti\u00f3n p\u00fablica). El estacionamiento salvaje, a lo largo de la carretera y en el bosque est\u00e1 estrictamente prohibido. <\/p>\n\n\n\n<p>La naturaleza nos acoge, respetemosla!<\/p>\n\n\n\n<p><strong>EN EL ESPACIO DE RECEPCI\u00d3N DUNE, ENCONTRAR\u00c1S:<\/strong><\/p>\n\n\n\n<figure class=\"wp-block-gallery has-nested-images columns-4 is-cropped wp-block-gallery-1 is-layout-flex wp-block-gallery-is-layout-flex\">\n<figure class=\"wp-block-image size-large\"><img loading=\"lazy\" decoding=\"async\" width=\"1024\" height=\"683\" data-id=\"25170\" src=\"https:\/\/ladunedupilat.com\/wp-content\/uploads\/2023\/08\/IMG_8357-1024x683.jpg\" alt=\"-\" class=\"wp-image-25170\" srcset=\"https:\/\/ladunedupilat.com\/wp-content\/uploads\/2023\/08\/IMG_8357-1024x683.jpg 1024w, https:\/\/ladunedupilat.com\/wp-content\/uploads\/2023\/08\/IMG_8357-300x200.jpg 300w, https:\/\/ladunedupilat.com\/wp-content\/uploads\/2023\/08\/IMG_8357-768x512.jpg 768w, https:\/\/ladunedupilat.com\/wp-content\/uploads\/2023\/08\/IMG_8357-1536x1024.jpg 1536w, https:\/\/ladunedupilat.com\/wp-content\/uploads\/2023\/08\/IMG_8357-2048x1365.jpg 2048w, https:\/\/ladunedupilat.com\/wp-content\/uploads\/2023\/08\/IMG_8357-18x12.jpg 18w, https:\/\/ladunedupilat.com\/wp-content\/uploads\/2023\/08\/IMG_8357-1200x800.jpg 1200w, https:\/\/ladunedupilat.com\/wp-content\/uploads\/2023\/08\/IMG_8357-1980x1320.jpg 1980w\" sizes=\"auto, (max-width: 1024px) 100vw, 1024px\" \/><figcaption class=\"wp-element-caption\">gran paseo<\/figcaption><\/figure>\n\n\n\n<figure class=\"wp-block-image size-large\"><img decoding=\"async\" data-id=\"25162\" src=\"https:\/\/ladunedupilat.com\/wp-content\/uploads\/2023\/08\/IMG_8257-1024x683.jpg\" alt=\"-\" class=\"wp-image-25162\"><figcaption class=\"wp-element-caption\">tienda cultural<\/figcaption><\/figure>\n\n\n\n<figure class=\"wp-block-image size-large\"><img loading=\"lazy\" decoding=\"async\" width=\"1024\" height=\"683\" data-id=\"25165\" src=\"https:\/\/ladunedupilat.com\/wp-content\/uploads\/2023\/08\/IMG_8333-1024x683.jpg\" alt=\"-\" class=\"wp-image-25165\" srcset=\"https:\/\/ladunedupilat.com\/wp-content\/uploads\/2023\/08\/IMG_8333-1024x683.jpg 1024w, https:\/\/ladunedupilat.com\/wp-content\/uploads\/2023\/08\/IMG_8333-300x200.jpg 300w, https:\/\/ladunedupilat.com\/wp-content\/uploads\/2023\/08\/IMG_8333-768x512.jpg 768w, https:\/\/ladunedupilat.com\/wp-content\/uploads\/2023\/08\/IMG_8333-1536x1024.jpg 1536w, https:\/\/ladunedupilat.com\/wp-content\/uploads\/2023\/08\/IMG_8333-2048x1365.jpg 2048w, https:\/\/ladunedupilat.com\/wp-content\/uploads\/2023\/08\/IMG_8333-18x12.jpg 18w, https:\/\/ladunedupilat.com\/wp-content\/uploads\/2023\/08\/IMG_8333-1200x800.jpg 1200w, https:\/\/ladunedupilat.com\/wp-content\/uploads\/2023\/08\/IMG_8333-1980x1320.jpg 1980w\" sizes=\"auto, (max-width: 1024px) 100vw, 1024px\" \/><figcaption class=\"wp-element-caption\">Equipo del Gran Sitio<\/figcaption><\/figure>\n\n\n\n<figure class=\"wp-block-image size-large\"><img loading=\"lazy\" decoding=\"async\" width=\"1024\" height=\"767\" data-id=\"25160\" src=\"https:\/\/ladunedupilat.com\/wp-content\/uploads\/2023\/08\/VILLAGE_DUNE_19-1024x767.jpg\" alt=\"-\" class=\"wp-image-25160\" srcset=\"https:\/\/ladunedupilat.com\/wp-content\/uploads\/2023\/08\/VILLAGE_DUNE_19-1024x767.jpg 1024w, https:\/\/ladunedupilat.com\/wp-content\/uploads\/2023\/08\/VILLAGE_DUNE_19-300x225.jpg 300w, https:\/\/ladunedupilat.com\/wp-content\/uploads\/2023\/08\/VILLAGE_DUNE_19-768x575.jpg 768w, https:\/\/ladunedupilat.com\/wp-content\/uploads\/2023\/08\/VILLAGE_DUNE_19-1536x1150.jpg 1536w, https:\/\/ladunedupilat.com\/wp-content\/uploads\/2023\/08\/VILLAGE_DUNE_19-2048x1534.jpg 2048w, https:\/\/ladunedupilat.com\/wp-content\/uploads\/2023\/08\/VILLAGE_DUNE_19-16x12.jpg 16w, https:\/\/ladunedupilat.com\/wp-content\/uploads\/2023\/08\/VILLAGE_DUNE_19-1200x899.jpg 1200w, https:\/\/ladunedupilat.com\/wp-content\/uploads\/2023\/08\/VILLAGE_DUNE_19-1980x1483.jpg 1980w\" sizes=\"auto, (max-width: 1024px) 100vw, 1024px\" \/><figcaption class=\"wp-element-caption\">Verrines, tapas\u2026<\/figcaption><\/figure>\n\n\n\n<figure class=\"wp-block-image size-large\"><img loading=\"lazy\" decoding=\"async\" width=\"1024\" height=\"767\" data-id=\"25158\" src=\"https:\/\/ladunedupilat.com\/wp-content\/uploads\/2023\/08\/VILLAGE_DUNE_45-1024x767.jpg\" alt=\"-\" class=\"wp-image-25158\" srcset=\"https:\/\/ladunedupilat.com\/wp-content\/uploads\/2023\/08\/VILLAGE_DUNE_45-1024x767.jpg 1024w, https:\/\/ladunedupilat.com\/wp-content\/uploads\/2023\/08\/VILLAGE_DUNE_45-300x225.jpg 300w, https:\/\/ladunedupilat.com\/wp-content\/uploads\/2023\/08\/VILLAGE_DUNE_45-768x575.jpg 768w, https:\/\/ladunedupilat.com\/wp-content\/uploads\/2023\/08\/VILLAGE_DUNE_45-1536x1150.jpg 1536w, https:\/\/ladunedupilat.com\/wp-content\/uploads\/2023\/08\/VILLAGE_DUNE_45-2048x1534.jpg 2048w, https:\/\/ladunedupilat.com\/wp-content\/uploads\/2023\/08\/VILLAGE_DUNE_45-16x12.jpg 16w, https:\/\/ladunedupilat.com\/wp-content\/uploads\/2023\/08\/VILLAGE_DUNE_45-1200x899.jpg 1200w, https:\/\/ladunedupilat.com\/wp-content\/uploads\/2023\/08\/VILLAGE_DUNE_45-1980x1483.jpg 1980w\" sizes=\"auto, (max-width: 1024px) 100vw, 1024px\" \/><figcaption class=\"wp-element-caption\">Informaci\u00f3n<\/figcaption><\/figure>\n\n\n\n<figure class=\"wp-block-image size-large\"><img loading=\"lazy\" decoding=\"async\" width=\"1024\" height=\"683\" data-id=\"25156\" src=\"https:\/\/ladunedupilat.com\/wp-content\/uploads\/2023\/08\/IMG_8241-1024x683.jpg\" alt=\"-\" class=\"wp-image-25156\" srcset=\"https:\/\/ladunedupilat.com\/wp-content\/uploads\/2023\/08\/IMG_8241-1024x683.jpg 1024w, https:\/\/ladunedupilat.com\/wp-content\/uploads\/2023\/08\/IMG_8241-300x200.jpg 300w, https:\/\/ladunedupilat.com\/wp-content\/uploads\/2023\/08\/IMG_8241-768x512.jpg 768w, https:\/\/ladunedupilat.com\/wp-content\/uploads\/2023\/08\/IMG_8241-1536x1024.jpg 1536w, https:\/\/ladunedupilat.com\/wp-content\/uploads\/2023\/08\/IMG_8241-2048x1365.jpg 2048w, https:\/\/ladunedupilat.com\/wp-content\/uploads\/2023\/08\/IMG_8241-18x12.jpg 18w, https:\/\/ladunedupilat.com\/wp-content\/uploads\/2023\/08\/IMG_8241-1200x800.jpg 1200w, https:\/\/ladunedupilat.com\/wp-content\/uploads\/2023\/08\/IMG_8241-1980x1320.jpg 1980w\" sizes=\"auto, (max-width: 1024px) 100vw, 1024px\" \/><figcaption class=\"wp-element-caption\">Caba\u00f1a de descubrimiento<\/figcaption><\/figure>\n\n\n\n<figure class=\"wp-block-image size-large\"><img loading=\"lazy\" decoding=\"async\" width=\"1024\" height=\"683\" data-id=\"25163\" src=\"https:\/\/ladunedupilat.com\/wp-content\/uploads\/2023\/08\/IMG_8297-1024x683.jpg\" alt=\"-\" class=\"wp-image-25163\" srcset=\"https:\/\/ladunedupilat.com\/wp-content\/uploads\/2023\/08\/IMG_8297-1024x683.jpg 1024w, https:\/\/ladunedupilat.com\/wp-content\/uploads\/2023\/08\/IMG_8297-300x200.jpg 300w, https:\/\/ladunedupilat.com\/wp-content\/uploads\/2023\/08\/IMG_8297-768x512.jpg 768w, https:\/\/ladunedupilat.com\/wp-content\/uploads\/2023\/08\/IMG_8297-1536x1024.jpg 1536w, https:\/\/ladunedupilat.com\/wp-content\/uploads\/2023\/08\/IMG_8297-2048x1365.jpg 2048w, https:\/\/ladunedupilat.com\/wp-content\/uploads\/2023\/08\/IMG_8297-18x12.jpg 18w, https:\/\/ladunedupilat.com\/wp-content\/uploads\/2023\/08\/IMG_8297-1200x800.jpg 1200w, https:\/\/ladunedupilat.com\/wp-content\/uploads\/2023\/08\/IMG_8297-1980x1320.jpg 1980w\" sizes=\"auto, (max-width: 1024px) 100vw, 1024px\" \/><figcaption class=\"wp-element-caption\">senderos<\/figcaption><\/figure>\n\n\n\n<figure class=\"wp-block-image size-large\"><img loading=\"lazy\" decoding=\"async\" width=\"1024\" height=\"767\" data-id=\"25157\" src=\"https:\/\/ladunedupilat.com\/wp-content\/uploads\/2023\/08\/VILLAGE_DUNE_39-1024x767.jpg\" alt=\"-\" class=\"wp-image-25157\" srcset=\"https:\/\/ladunedupilat.com\/wp-content\/uploads\/2023\/08\/VILLAGE_DUNE_39-1024x767.jpg 1024w, https:\/\/ladunedupilat.com\/wp-content\/uploads\/2023\/08\/VILLAGE_DUNE_39-300x225.jpg 300w, https:\/\/ladunedupilat.com\/wp-content\/uploads\/2023\/08\/VILLAGE_DUNE_39-768x575.jpg 768w, https:\/\/ladunedupilat.com\/wp-content\/uploads\/2023\/08\/VILLAGE_DUNE_39-1536x1150.jpg 1536w, https:\/\/ladunedupilat.com\/wp-content\/uploads\/2023\/08\/VILLAGE_DUNE_39-2048x1534.jpg 2048w, https:\/\/ladunedupilat.com\/wp-content\/uploads\/2023\/08\/VILLAGE_DUNE_39-16x12.jpg 16w, https:\/\/ladunedupilat.com\/wp-content\/uploads\/2023\/08\/VILLAGE_DUNE_39-1200x899.jpg 1200w, https:\/\/ladunedupilat.com\/wp-content\/uploads\/2023\/08\/VILLAGE_DUNE_39-1980x1483.jpg 1980w\" sizes=\"auto, (max-width: 1024px) 100vw, 1024px\" \/><figcaption class=\"wp-element-caption\">pueblo de caba\u00f1as<\/figcaption><\/figure>\n\n\n\n<figure class=\"wp-block-image size-large\"><img loading=\"lazy\" decoding=\"async\" width=\"1024\" height=\"683\" data-id=\"25169\" src=\"https:\/\/ladunedupilat.com\/wp-content\/uploads\/2023\/08\/IMG_8321-1024x683.jpg\" alt=\"-\" class=\"wp-image-25169\" srcset=\"https:\/\/ladunedupilat.com\/wp-content\/uploads\/2023\/08\/IMG_8321-1024x683.jpg 1024w, https:\/\/ladunedupilat.com\/wp-content\/uploads\/2023\/08\/IMG_8321-300x200.jpg 300w, https:\/\/ladunedupilat.com\/wp-content\/uploads\/2023\/08\/IMG_8321-768x512.jpg 768w, https:\/\/ladunedupilat.com\/wp-content\/uploads\/2023\/08\/IMG_8321-1536x1024.jpg 1536w, https:\/\/ladunedupilat.com\/wp-content\/uploads\/2023\/08\/IMG_8321-2048x1365.jpg 2048w, https:\/\/ladunedupilat.com\/wp-content\/uploads\/2023\/08\/IMG_8321-18x12.jpg 18w, https:\/\/ladunedupilat.com\/wp-content\/uploads\/2023\/08\/IMG_8321-1200x800.jpg 1200w, https:\/\/ladunedupilat.com\/wp-content\/uploads\/2023\/08\/IMG_8321-1980x1320.jpg 1980w\" sizes=\"auto, (max-width: 1024px) 100vw, 1024px\" \/><figcaption class=\"wp-element-caption\">ruta tur\u00edstica<\/figcaption><\/figure>\n\n\n\n<figure class=\"wp-block-image size-large\"><img loading=\"lazy\" decoding=\"async\" width=\"1024\" height=\"683\" data-id=\"25168\" src=\"https:\/\/ladunedupilat.com\/wp-content\/uploads\/2023\/08\/IMG_8343-1-1024x683.jpg\" alt=\"-\" class=\"wp-image-25168\" srcset=\"https:\/\/ladunedupilat.com\/wp-content\/uploads\/2023\/08\/IMG_8343-1-1024x683.jpg 1024w, https:\/\/ladunedupilat.com\/wp-content\/uploads\/2023\/08\/IMG_8343-1-300x200.jpg 300w, https:\/\/ladunedupilat.com\/wp-content\/uploads\/2023\/08\/IMG_8343-1-768x512.jpg 768w, https:\/\/ladunedupilat.com\/wp-content\/uploads\/2023\/08\/IMG_8343-1-1536x1024.jpg 1536w, https:\/\/ladunedupilat.com\/wp-content\/uploads\/2023\/08\/IMG_8343-1-2048x1365.jpg 2048w, https:\/\/ladunedupilat.com\/wp-content\/uploads\/2023\/08\/IMG_8343-1-18x12.jpg 18w, https:\/\/ladunedupilat.com\/wp-content\/uploads\/2023\/08\/IMG_8343-1-1200x800.jpg 1200w, https:\/\/ladunedupilat.com\/wp-content\/uploads\/2023\/08\/IMG_8343-1-1980x1320.jpg 1980w\" sizes=\"auto, (max-width: 1024px) 100vw, 1024px\" \/><figcaption class=\"wp-element-caption\">Manejo de sitio<\/figcaption><\/figure>\n\n\n\n<figure class=\"wp-block-image size-large\"><img loading=\"lazy\" decoding=\"async\" width=\"683\" height=\"1024\" data-id=\"25164\" src=\"https:\/\/ladunedupilat.com\/wp-content\/uploads\/2023\/08\/IMG_8318-683x1024.jpg\" alt=\"-\" class=\"wp-image-25164\" srcset=\"https:\/\/ladunedupilat.com\/wp-content\/uploads\/2023\/08\/IMG_8318-683x1024.jpg 683w, https:\/\/ladunedupilat.com\/wp-content\/uploads\/2023\/08\/IMG_8318-200x300.jpg 200w, https:\/\/ladunedupilat.com\/wp-content\/uploads\/2023\/08\/IMG_8318-768x1152.jpg 768w, https:\/\/ladunedupilat.com\/wp-content\/uploads\/2023\/08\/IMG_8318-1024x1536.jpg 1024w, https:\/\/ladunedupilat.com\/wp-content\/uploads\/2023\/08\/IMG_8318-1365x2048.jpg 1365w, https:\/\/ladunedupilat.com\/wp-content\/uploads\/2023\/08\/IMG_8318-8x12.jpg 8w, https:\/\/ladunedupilat.com\/wp-content\/uploads\/2023\/08\/IMG_8318-1200x1800.jpg 1200w, https:\/\/ladunedupilat.com\/wp-content\/uploads\/2023\/08\/IMG_8318-1980x2970.jpg 1980w, https:\/\/ladunedupilat.com\/wp-content\/uploads\/2023\/08\/IMG_8318-scaled.jpg 1707w\" sizes=\"auto, (max-width: 683px) 100vw, 683px\" \/><figcaption class=\"wp-element-caption\">Bicicletas en el sitio<\/figcaption><\/figure>\n\n\n\n<figure class=\"wp-block-image size-large\"><img loading=\"lazy\" decoding=\"async\" width=\"1024\" height=\"683\" data-id=\"25161\" src=\"https:\/\/ladunedupilat.com\/wp-content\/uploads\/2023\/08\/IMG_8247-1024x683.jpg\" alt=\"-\" class=\"wp-image-25161\" srcset=\"https:\/\/ladunedupilat.com\/wp-content\/uploads\/2023\/08\/IMG_8247-1024x683.jpg 1024w, https:\/\/ladunedupilat.com\/wp-content\/uploads\/2023\/08\/IMG_8247-300x200.jpg 300w, https:\/\/ladunedupilat.com\/wp-content\/uploads\/2023\/08\/IMG_8247-768x512.jpg 768w, https:\/\/ladunedupilat.com\/wp-content\/uploads\/2023\/08\/IMG_8247-1536x1024.jpg 1536w, https:\/\/ladunedupilat.com\/wp-content\/uploads\/2023\/08\/IMG_8247-2048x1365.jpg 2048w, https:\/\/ladunedupilat.com\/wp-content\/uploads\/2023\/08\/IMG_8247-18x12.jpg 18w, https:\/\/ladunedupilat.com\/wp-content\/uploads\/2023\/08\/IMG_8247-1200x800.jpg 1200w, https:\/\/ladunedupilat.com\/wp-content\/uploads\/2023\/08\/IMG_8247-1980x1320.jpg 1980w\" sizes=\"auto, (max-width: 1024px) 100vw, 1024px\" \/><figcaption class=\"wp-element-caption\">Restaurantes<\/figcaption><\/figure>\n\n\n\n<figure class=\"wp-block-image size-large\"><img loading=\"lazy\" decoding=\"async\" width=\"1024\" height=\"683\" data-id=\"25154\" src=\"https:\/\/ladunedupilat.com\/wp-content\/uploads\/2023\/08\/IMG_8270-1024x683.jpg\" alt=\"-\" class=\"wp-image-25154\" srcset=\"https:\/\/ladunedupilat.com\/wp-content\/uploads\/2023\/08\/IMG_8270-1024x683.jpg 1024w, https:\/\/ladunedupilat.com\/wp-content\/uploads\/2023\/08\/IMG_8270-300x200.jpg 300w, https:\/\/ladunedupilat.com\/wp-content\/uploads\/2023\/08\/IMG_8270-768x512.jpg 768w, https:\/\/ladunedupilat.com\/wp-content\/uploads\/2023\/08\/IMG_8270-1536x1024.jpg 1536w, https:\/\/ladunedupilat.com\/wp-content\/uploads\/2023\/08\/IMG_8270-2048x1365.jpg 2048w, https:\/\/ladunedupilat.com\/wp-content\/uploads\/2023\/08\/IMG_8270-18x12.jpg 18w, https:\/\/ladunedupilat.com\/wp-content\/uploads\/2023\/08\/IMG_8270-1200x800.jpg 1200w, https:\/\/ladunedupilat.com\/wp-content\/uploads\/2023\/08\/IMG_8270-1980x1320.jpg 1980w\" sizes=\"auto, (max-width: 1024px) 100vw, 1024px\" \/><figcaption class=\"wp-element-caption\">bienvenida<\/figcaption><\/figure>\n\n\n\n<figure class=\"wp-block-image size-large\"><img loading=\"lazy\" decoding=\"async\" width=\"1024\" height=\"683\" data-id=\"25155\" src=\"https:\/\/ladunedupilat.com\/wp-content\/uploads\/2023\/08\/IMG_8223-1024x683.jpg\" alt=\"-\" class=\"wp-image-25155\" srcset=\"https:\/\/ladunedupilat.com\/wp-content\/uploads\/2023\/08\/IMG_8223-1024x683.jpg 1024w, https:\/\/ladunedupilat.com\/wp-content\/uploads\/2023\/08\/IMG_8223-300x200.jpg 300w, https:\/\/ladunedupilat.com\/wp-content\/uploads\/2023\/08\/IMG_8223-768x512.jpg 768w, https:\/\/ladunedupilat.com\/wp-content\/uploads\/2023\/08\/IMG_8223-1536x1024.jpg 1536w, https:\/\/ladunedupilat.com\/wp-content\/uploads\/2023\/08\/IMG_8223-2048x1365.jpg 2048w, https:\/\/ladunedupilat.com\/wp-content\/uploads\/2023\/08\/IMG_8223-18x12.jpg 18w, https:\/\/ladunedupilat.com\/wp-content\/uploads\/2023\/08\/IMG_8223-1200x800.jpg 1200w, https:\/\/ladunedupilat.com\/wp-content\/uploads\/2023\/08\/IMG_8223-1980x1320.jpg 1980w\" sizes=\"auto, (max-width: 1024px) 100vw, 1024px\" \/><figcaption class=\"wp-element-caption\">Fauna y flora<\/figcaption><\/figure>\n\n\n\n<figure class=\"wp-block-image size-large\"><img loading=\"lazy\" decoding=\"async\" width=\"1024\" height=\"683\" data-id=\"25130\" src=\"https:\/\/ladunedupilat.com\/wp-content\/uploads\/2023\/07\/IMG_8286-1024x683.jpg\" alt=\"-\" class=\"wp-image-25130\" srcset=\"https:\/\/ladunedupilat.com\/wp-content\/uploads\/2023\/07\/IMG_8286-1024x683.jpg 1024w, https:\/\/ladunedupilat.com\/wp-content\/uploads\/2023\/07\/IMG_8286-300x200.jpg 300w, https:\/\/ladunedupilat.com\/wp-content\/uploads\/2023\/07\/IMG_8286-768x512.jpg 768w, https:\/\/ladunedupilat.com\/wp-content\/uploads\/2023\/07\/IMG_8286-1536x1024.jpg 1536w, https:\/\/ladunedupilat.com\/wp-content\/uploads\/2023\/07\/IMG_8286-2048x1365.jpg 2048w, https:\/\/ladunedupilat.com\/wp-content\/uploads\/2023\/07\/IMG_8286-18x12.jpg 18w, https:\/\/ladunedupilat.com\/wp-content\/uploads\/2023\/07\/IMG_8286-1200x800.jpg 1200w, https:\/\/ladunedupilat.com\/wp-content\/uploads\/2023\/07\/IMG_8286-1980x1320.jpg 1980w\" sizes=\"auto, (max-width: 1024px) 100vw, 1024px\" \/><figcaption class=\"wp-element-caption\">Camino de la concha de ostra<\/figcaption><\/figure>\n<\/figure>\n\n\n\n<section class=\"wp-block-uagb-columns uagb-columns__wrap uagb-columns__background-none uagb-columns__stack-mobile uagb-columns__valign- uagb-columns__gap-20 align uagb-block-17a9575d uagb-columns__columns-2 uagb-columns__max_width-custom animated fadeIn\"><div class=\"uagb-columns__overlay\"><\/div><div class=\"uagb-columns__inner-wrap uagb-columns__columns-2\">\n<div class=\"wp-block-uagb-column uagb-column__wrap uagb-column__background-undefined uagb-block-abaf8f7a\"><div class=\"uagb-column__overlay\"><\/div>\n<p><\/p>\n\n\n\n<p><strong>La<\/strong> <strong>ba\u00f1o<\/strong> limpiado regularmente.<\/p>\n\n\n\n<p><strong>La cabina de recepci\u00f3n e informaci\u00f3n<\/strong>Imprescindible para guiarte por el sitio. Kassy, Bastien y el equipo del punto de informaci\u00f3n te guiar\u00e1n para descubrir la Duna, as\u00ed como las riquezas naturales de la zona. Encontrar\u00e1s documentaci\u00f3n sobre la visita al Gran Sitio, sus alrededores y todas las actividades de mediaci\u00f3n (senderismo guiado, talleres infantiles, etc.). Informaci\u00f3n en el 05 56 22 12 85.<\/p>\n\n\n\n<p><strong>\u00bfC\u00f3mo se form\u00f3 la duna de Pilat? \u00bfPor qu\u00e9 est\u00e1 aqu\u00ed y no en otra parte? \u00bfDe d\u00f3nde viene la arena? \u00bfQu\u00e9 impacto tuvo el fuego en el bosque?<\/strong> Todo el equipo de mediaci\u00f3n te da la bienvenida y te invita a descubrir con ellos la historia de la Duna y el bosque, su biodiversidad... Participa en uno de nuestros eventos gratuitos. Mas informaci\u00f3n <a href=\"https:\/\/ladunedupilat.com\/es\/las-actividades\/\">aqu\u00ed<\/a>. <\/p>\n\n\n\n<p>Las exposiciones temporales se presentan en la cabina de exposiciones. De mayo a noviembre de 2025, descubra la exposici\u00f3n del colectivo LesAssoci\u00e9s, titulada <a href=\"https:\/\/ladunedupilat.com\/es\/exposicion-de-600-grados\/\">&quot;600 grados&quot;<\/a> en el \u00e1rea de recepci\u00f3n de Dune.<\/p>\n\n\n\n<p><\/p>\n\n\n\n<p><strong>Las escaleras se instalan de abril a octubre.<\/strong>. Te dan un acceso m\u00e1s f\u00e1cil a la cresta de la duna.<\/p>\n<\/div>\n\n\n\n<div class=\"wp-block-uagb-column uagb-column__wrap uagb-column__background-undefined uagb-block-5923de5c\"><div class=\"uagb-column__overlay\"><\/div>\n<p><strong>El carril bici y las v\u00edas peatonales<\/strong>Te llevaremos con cuidado a los aparcamientos de bicicletas, al pueblo de caba\u00f1as y luego al sendero que lleva al pie de la duna. Hay taquillas conectadas disponibles para que puedas dejar tus pertenencias.<\/p>\n\n\n\n<p><strong>El estacionamiento<\/strong> se divide en varias zonas: P1, P2, P3, P4 (estacionamientos exclusivos para autobuses, personas con movilidad reducida, etc.). Para contribuir al mantenimiento y conservaci\u00f3n de este fr\u00e1gil espacio natural, el aparcamiento es de pago (gesti\u00f3n p\u00fablica del Gran Sitio).<\/p>\n\n\n\n<p><strong>Catering y tiendas culturales en el lugar<\/strong>. En el sitio, encontrar\u00e1:<\/p>\n\n\n\n<ul class=\"wp-block-list\">\n<li><strong>3 restaurantes<\/strong> : degustaci\u00f3n de mariscos (incluidas las ostras de la Bah\u00eda de Arcachon), tapas a base de embutidos y mariscos; verrines y cocottes de la cocina francesa vinculados al patrimonio culinario local; productos frescos, locales u org\u00e1nicos...<\/li>\n\n\n\n<li><strong>3 tiendas de comida para llevar<\/strong> : productos de panader\u00eda\/emparedados etiquetados como org\u00e1nicos; productos de helados org\u00e1nicos; S\u00e1ndwiches fr\u00edos o calientes con productos locales <\/li>\n\n\n\n<li><strong>2 tiendas culturales:<\/strong> uno dedicado a los productos de la artesan\u00eda local; el otro a ofertas complementarias.<\/li>\n<\/ul>\n<\/div>\n<\/div><\/section>\n\n\n\n<section class=\"wp-block-uagb-columns uagb-columns__wrap uagb-columns__background-none uagb-columns__stack-mobile uagb-columns__valign- uagb-columns__gap-10 align uagb-block-6da5acfb uagb-columns__columns-1 uagb-columns__max_width-custom\"><div class=\"uagb-columns__overlay\"><\/div><div class=\"uagb-columns__inner-wrap uagb-columns__columns-1\">\n<div class=\"wp-block-uagb-column uagb-column__wrap uagb-column__background-undefined uagb-block-45a6c70b\"><div class=\"uagb-column__overlay\"><\/div>\n<div class=\"wp-block-buttons is-layout-flex wp-block-buttons-is-layout-flex\">\n<div class=\"wp-block-button\"><a class=\"wp-block-button__link wp-element-button\" href=\"https:\/\/ladunedupilat.com\/es\/preparacion\/tarifas-y-suscripciones\/\">Consulto los precios del parking&nbsp;<\/a><\/div>\n<\/div>\n\n\n\n<div class=\"wp-block-buttons is-layout-flex wp-block-buttons-is-layout-flex\">\n<div class=\"wp-block-button\"><a class=\"wp-block-button__link wp-element-button\" href=\"https:\/\/ladunedupilat.com\/es\/preparacion\/regulacion\/\">Consulta la normativa vigente en el Gran Sitio.<\/a><\/div>\n<\/div>\n<\/div>\n<\/div><\/section>","protected":false},"excerpt":{"rendered":"<p>A pie, en bicicleta, en autob\u00fas e incluso en barco, \u00a1hay muchas posibilidades de acceder a la Duna! Deje su veh\u00edculo a un lado y t\u00f3mese el tiempo para admirar la naturaleza.<\/p>","protected":false},"author":8,"featured_media":25133,"parent":284,"menu_order":5,"comment_status":"closed","ping_status":"closed","template":"templates\/template-full-width.php","meta":{"_acf_changed":false,"_uag_custom_page_level_css":"","footnotes":""},"class_list":["post-396","page","type-page","status-publish","has-post-thumbnail","hentry"],"acf":[],"uagb_featured_image_src":{"full":["https:\/\/ladunedupilat.com\/wp-content\/uploads\/2023\/07\/Village_dune-scaled.jpg",2560,1917,false],"thumbnail":["https:\/\/ladunedupilat.com\/wp-content\/uploads\/2023\/07\/Village_dune-150x150.jpg",150,150,true],"medium":["https:\/\/ladunedupilat.com\/wp-content\/uploads\/2023\/07\/Village_dune-300x225.jpg",300,225,true],"medium_large":["https:\/\/ladunedupilat.com\/wp-content\/uploads\/2023\/07\/Village_dune-768x575.jpg",580,434,true],"large":["https:\/\/ladunedupilat.com\/wp-content\/uploads\/2023\/07\/Village_dune-1024x767.jpg",580,434,true],"1536x1536":["https:\/\/ladunedupilat.com\/wp-content\/uploads\/2023\/07\/Village_dune-1536x1150.jpg",1536,1150,true],"2048x2048":["https:\/\/ladunedupilat.com\/wp-content\/uploads\/2023\/07\/Village_dune-2048x1534.jpg",2048,1534,true],"trp-custom-language-flag":["https:\/\/ladunedupilat.com\/wp-content\/uploads\/2023\/07\/Village_dune-16x12.jpg",16,12,true],"post-thumbnail":["https:\/\/ladunedupilat.com\/wp-content\/uploads\/2023\/07\/Village_dune-1200x899.jpg",1200,899,true],"twentytwenty-fullscreen":["https:\/\/ladunedupilat.com\/wp-content\/uploads\/2023\/07\/Village_dune-1980x1483.jpg",1980,1483,true]},"uagb_author_info":{"display_name":"communication@ladunedupilat.com","author_link":"https:\/\/ladunedupilat.com\/es\/author\/communicationladunedupilat-com\/"},"uagb_comment_info":0,"uagb_excerpt":"\u00c0 pied, \u00e0 v\u00e9lo, en bus et m\u00eame en bateau, les possibilit\u00e9s sont multiples pour acc\u00e9der \u00e0 la Dune ! Laissez votre v\u00e9hicule de c\u00f4t\u00e9 et prenez le temps d\u2019admirer la nature.","_links":{"self":[{"href":"https:\/\/ladunedupilat.com\/es\/wp-json\/wp\/v2\/pages\/396","targetHints":{"allow":["GET"]}}],"collection":[{"href":"https:\/\/ladunedupilat.com\/es\/wp-json\/wp\/v2\/pages"}],"about":[{"href":"https:\/\/ladunedupilat.com\/es\/wp-json\/wp\/v2\/types\/page"}],"author":[{"embeddable":true,"href":"https:\/\/ladunedupilat.com\/es\/wp-json\/wp\/v2\/users\/8"}],"replies":[{"embeddable":true,"href":"https:\/\/ladunedupilat.com\/es\/wp-json\/wp\/v2\/comments?post=396"}],"version-history":[{"count":3,"href":"https:\/\/ladunedupilat.com\/es\/wp-json\/wp\/v2\/pages\/396\/revisions"}],"predecessor-version":[{"id":26984,"href":"https:\/\/ladunedupilat.com\/es\/wp-json\/wp\/v2\/pages\/396\/revisions\/26984"}],"up":[{"embeddable":true,"href":"https:\/\/ladunedupilat.com\/es\/wp-json\/wp\/v2\/pages\/284"}],"wp:featuredmedia":[{"embeddable":true,"href":"https:\/\/ladunedupilat.com\/es\/wp-json\/wp\/v2\/media\/25133"}],"wp:attachment":[{"href":"https:\/\/ladunedupilat.com\/es\/wp-json\/wp\/v2\/media?parent=396"}],"curies":[{"name":"gracias","href":"https:\/\/api.w.org\/{rel}","templated":true}]}}