{"id":398,"date":"2021-03-03T08:35:35","date_gmt":"2021-03-03T07:35:35","guid":{"rendered":"https:\/\/ladunedupilat.com\/?page_id=398"},"modified":"2025-01-28T15:49:39","modified_gmt":"2025-01-28T14:49:39","slug":"accesibilidad-para-todos","status":"publish","type":"page","link":"https:\/\/ladunedupilat.com\/es\/preparation\/accessibilite-pour-tous\/","title":{"rendered":"<strong>Accesibilidad para todos<\/strong>"},"content":{"rendered":"<h2 class=\"wp-block-heading\">El \u00e1rea de recepci\u00f3n Dune est\u00e1 certificada <strong>Turismo y discapacidad<\/strong> para 4 discapacidades: motora, mental, visual y auditiva.<\/h2>\n\n\n<div class=\"wp-block-image\">\n<figure class=\"alignright size-full\"><img loading=\"lazy\" decoding=\"async\" width=\"200\" height=\"141\" src=\"https:\/\/ladunedupilat.com\/wp-content\/uploads\/2025\/01\/Logo_Tourisme_Handicap_1-e1738071091121.jpg\" alt=\"-\" class=\"wp-image-26701\"><\/figure>\n<\/div>\n\n\n<h2 class=\"wp-block-heading\"><strong>Discapacidad motora<\/strong><\/h2>\n\n\n\n<p><strong>Al ser la Duna un espacio natural, existen limitaciones naturales y t\u00e9cnicas (caminata sobre la arena, fuerte pendiente, etc.) que impiden la implementaci\u00f3n de medios que permitan el acceso a la cumbre a personas con movilidad reducida (PMR).<\/strong> <\/p>\n\n\n\n<p>Sin embargo, <strong>toda el \u00e1rea de recepci\u00f3n <\/strong>(caba\u00f1as, ba\u00f1os, restaurantes y tiendas culturales) <strong>es accesible para personas con movilidad reducida<\/strong>Se puede acceder a la exposici\u00f3n, a las cabinas de informaci\u00f3n y a las de descubrimiento con sillas de ruedas y cochecitos. Adem\u00e1s, en la entrada del recinto hay plazas de aparcamiento reservadas para... <strong>Personas titulares de la tarjeta de estacionamiento de inclusi\u00f3n de movilidad<\/strong>.<\/p>\n\n\n\n<p>Dependiendo de la naturaleza de la discapacidad, llegar al pie de la Duna puede resultar dif\u00edcil (150 metros en la arena entre la maleza). <strong>El ascenso a la Duna se facilita mediante una escalera.<\/strong> (aproximadamente 140 escalones) instalado entre abril y noviembre.<\/p>\n\n\n\n<p>Otra manera de llegar al pie de la Duna, lado oc\u00e9ano: por las escaleras (un centenar de escalones) situadas en la Corniche en Pyla-sur-Mer.<\/p>\n\n\n\n<p>Tambi\u00e9n hay lugares con <strong>mirador sobre la Duna<\/strong> Accesibles para personas con movilidad reducida, como el paseo mar\u00edtimo Daniel Meller (Pyla-sur-Mer) o el embarcadero de Moulleau (Arcachon). Encontrar\u00e1 toda esta informaci\u00f3n en <strong>el equipo del punto de informaci\u00f3n<\/strong>.<\/p>\n\n\n\n<p><\/p>\n\n\n\n<p><\/p>\n\n\n\n<h2 class=\"wp-block-heading moveTitre\"><strong>Discapacidad mental <\/strong><\/h2>\n\n\n\n<p>Uno <strong>Documento de la FALC<\/strong> (f\u00e1cil de leer y comprender) la presentaci\u00f3n de la Duna de Pilat est\u00e1 disponible en el punto de informaci\u00f3n y <strong>en este enlace<\/strong> :<\/p>\n\n\n\n<div class=\"wp-block-uagb-buttons uagb-buttons__outer-wrap uagb-btn__default-btn uagb-btn-tablet__default-btn uagb-btn-mobile__default-btn uagb-block-c7962975\"><div class=\"uagb-buttons__wrap uagb-buttons-layout-wrap\">\n<div class=\"wp-block-uagb-buttons-child uagb-buttons__outer-wrap uagb-block-b464cfa7 wp-block-button\"><div class=\"uagb-button__wrapper\"><a class=\"uagb-buttons-repeater wp-block-button__link\" aria-label=\"\" href=\"https:\/\/ladunedupilat.com\/wp-content\/uploads\/2025\/01\/DOCUMENT_FALC.pdf\" rel=\"follow noopener\" target=\"_self\" role=\"button\"><div class=\"uagb-button__link\">DESCARGAR EL DOCUMENTO FALC<\/div><\/a><\/div><\/div>\n<\/div><\/div>\n\n\n\n<figure class=\"wp-block-gallery has-nested-images columns-default is-cropped wp-block-gallery-1 is-layout-flex wp-block-gallery-is-layout-flex\">\n<figure class=\"wp-block-image size-large\"><img loading=\"lazy\" decoding=\"async\" width=\"1024\" height=\"1024\" data-id=\"26715\" src=\"https:\/\/ladunedupilat.com\/wp-content\/uploads\/2025\/01\/audio_description_insta-1024x1024.png\" alt=\"-\" class=\"wp-image-26715\" srcset=\"https:\/\/ladunedupilat.com\/wp-content\/uploads\/2025\/01\/audio_description_insta-1024x1024.png 1024w, https:\/\/ladunedupilat.com\/wp-content\/uploads\/2025\/01\/audio_description_insta-300x300.png 300w, https:\/\/ladunedupilat.com\/wp-content\/uploads\/2025\/01\/audio_description_insta-150x150.png 150w, https:\/\/ladunedupilat.com\/wp-content\/uploads\/2025\/01\/audio_description_insta-768x768.png 768w, https:\/\/ladunedupilat.com\/wp-content\/uploads\/2025\/01\/audio_description_insta-12x12.png 12w, https:\/\/ladunedupilat.com\/wp-content\/uploads\/2025\/01\/audio_description_insta.png 1080w\" sizes=\"auto, (max-width: 1024px) 100vw, 1024px\" \/><figcaption class=\"wp-element-caption\">Auriculares con sonido amplificado<\/figcaption><\/figure>\n\n\n\n<figure class=\"wp-block-image size-large\"><img loading=\"lazy\" decoding=\"async\" width=\"1024\" height=\"1024\" data-id=\"26716\" src=\"https:\/\/ladunedupilat.com\/wp-content\/uploads\/2025\/01\/braille_insta-1024x1024.png\" alt=\"-\" class=\"wp-image-26716\" srcset=\"https:\/\/ladunedupilat.com\/wp-content\/uploads\/2025\/01\/braille_insta-1024x1024.png 1024w, https:\/\/ladunedupilat.com\/wp-content\/uploads\/2025\/01\/braille_insta-300x300.png 300w, https:\/\/ladunedupilat.com\/wp-content\/uploads\/2025\/01\/braille_insta-150x150.png 150w, https:\/\/ladunedupilat.com\/wp-content\/uploads\/2025\/01\/braille_insta-768x768.png 768w, https:\/\/ladunedupilat.com\/wp-content\/uploads\/2025\/01\/braille_insta-12x12.png 12w, https:\/\/ladunedupilat.com\/wp-content\/uploads\/2025\/01\/braille_insta.png 1080w\" sizes=\"auto, (max-width: 1024px) 100vw, 1024px\" \/><figcaption class=\"wp-element-caption\">Documento en braille<\/figcaption><\/figure>\n\n\n\n<figure class=\"wp-block-image size-large\"><img loading=\"lazy\" decoding=\"async\" width=\"1024\" height=\"1024\" data-id=\"26717\" src=\"https:\/\/ladunedupilat.com\/wp-content\/uploads\/2025\/01\/pmr_insta-1024x1024.png\" alt=\"-\" class=\"wp-image-26717\" srcset=\"https:\/\/ladunedupilat.com\/wp-content\/uploads\/2025\/01\/pmr_insta-1024x1024.png 1024w, https:\/\/ladunedupilat.com\/wp-content\/uploads\/2025\/01\/pmr_insta-300x300.png 300w, https:\/\/ladunedupilat.com\/wp-content\/uploads\/2025\/01\/pmr_insta-150x150.png 150w, https:\/\/ladunedupilat.com\/wp-content\/uploads\/2025\/01\/pmr_insta-768x768.png 768w, https:\/\/ladunedupilat.com\/wp-content\/uploads\/2025\/01\/pmr_insta-12x12.png 12w, https:\/\/ladunedupilat.com\/wp-content\/uploads\/2025\/01\/pmr_insta.png 1080w\" sizes=\"auto, (max-width: 1024px) 100vw, 1024px\" \/><figcaption class=\"wp-element-caption\">Ruta PMR<\/figcaption><\/figure>\n<\/figure>\n\n\n\n<h2 class=\"wp-block-heading moveTitre\"><strong>Discapacidad visual<\/strong><\/h2>\n\n\n\n<p>Uno <strong>documento en braille<\/strong> El resumen de los paneles presentes en el lugar est\u00e1 disponible en el punto de informaci\u00f3n as\u00ed como en la caseta de mediaci\u00f3n.<br>Una versi\u00f3n audiodescrita de las pel\u00edculas proyectadas en la cabina de exhibici\u00f3n est\u00e1 disponible a pedido mediante auriculares.<br>Las grabaciones de audio de los paneles informativos del sitio est\u00e1n disponibles a trav\u00e9s de <strong>Estos enlaces:<\/strong><\/p>\n\n\n\n<div class=\"wp-block-buttons is-layout-flex wp-block-buttons-is-layout-flex\">\n<div class=\"wp-block-button\"><a class=\"wp-block-button__link wp-element-button\" href=\"https:\/\/ladunedupilat.com\/wp-content\/uploads\/2025\/01\/Station-1.mp3\">ADMINISTRACI\u00d3N DEL SITIO Y REGLAMENTOS<\/a><\/div>\n\n\n\n<div class=\"wp-block-button\"><a class=\"wp-block-button__link wp-element-button\" href=\"https:\/\/ladunedupilat.com\/wp-content\/uploads\/2025\/01\/Station-2.mp3\">LOS GUARDIANES DE LA DUNA<\/a><\/div>\n\n\n\n<div class=\"wp-block-button\"><a class=\"wp-block-button__link wp-element-button\" href=\"https:\/\/ladunedupilat.com\/wp-content\/uploads\/2025\/01\/Station-3.mp3\">FORMACI\u00d3N DE LA DUNA<\/a><\/div>\n\n\n\n<div class=\"wp-block-button\"><a class=\"wp-block-button__link wp-element-button\" href=\"https:\/\/ladunedupilat.com\/wp-content\/uploads\/2025\/01\/Station-4.mp3\">PAISAJES EN MOVIMIENTO<\/a><\/div>\n\n\n\n<div class=\"wp-block-button\"><a class=\"wp-block-button__link wp-element-button\" href=\"https:\/\/ladunedupilat.com\/wp-content\/uploads\/2025\/01\/Station-5.mp3\">LA FAUNA Y LA FLORA DEL GRAN SITIO<\/a><\/div>\n<\/div>\n\n\n\n<h2 class=\"wp-block-heading moveTitre\"><strong>Discapacidad auditiva<\/strong><\/h2>\n\n\n\n<p>Del <strong>auriculares con sonido amplificado<\/strong> Est\u00e1n disponibles en el punto de informaci\u00f3n para que las personas con dificultades auditivas puedan disfrutar de las pel\u00edculas que se proyectan en la cabina de exhibici\u00f3n.<\/p>\n\n\n\n<p><\/p>\n\n\n\n<h2 class=\"wp-block-heading moveTitre\" id=\"vue360\">Pel\u00edculas que presentan la Duna, su formaci\u00f3n y su gesti\u00f3n.<\/h2>\n\n\n\n<p><strong>Para aquellos que no puedan subir a la Duna de Pilat, hay pel\u00edculas y espacios de meditaci\u00f3n disponibles en la zona de recepci\u00f3n.<\/strong><\/p>\n\n\n\n<figure class=\"wp-block-embed is-type-video is-provider-youtube wp-block-embed-youtube wp-embed-aspect-16-9 wp-has-aspect-ratio\"><div class=\"wp-block-embed__wrapper\">\n<iframe loading=\"lazy\" title=\"Guardianes de la Duna - Descripci\u00f3n de audio\" width=\"580\" height=\"326\" src=\"https:\/\/www.youtube.com\/embed\/VBHNK5VCRrQ?feature=oembed\" frameborder=\"0\" allow=\"accelerometer; autoplay; clipboard-write; encrypted-media; gyroscope; picture-in-picture; web-share\" referrerpolicy=\"strict-origin-when-cross-origin\" allowfullscreen><\/iframe>\n<\/div><\/figure>\n\n\n\n<h2 class=\"wp-block-heading\">TURISMO MANUAL EN LA CUENCA DE ARCACHON<\/h2>\n\n\n\n<p>Contin\u00fae su descubrimiento de la bah\u00eda de Arcachon con paseos, alojamiento, actividades de ocio, restaurantes, etc.\u00a0<strong>totalmente adaptado<\/strong>. All\u00e1<strong>\u00a0Marca Turismo y Discapacidad y los sellos Valides Handicap\u00e9s, Handiplage, Handisurf, Handivalide\u00a0<\/strong>son garant\u00edas de calidad y seguridad.<\/p>\n\n\n\n<div class=\"wp-block-buttons is-layout-flex wp-block-buttons-is-layout-flex\">\n<div class=\"wp-block-button\"><a class=\"wp-block-button__link wp-element-button\" href=\"https:\/\/www.calameo.com\/read\/000024421494aad58e094\" rel=\"nofollow noopener\" target=\"_blank\">DESCARGA LA GU\u00cdA DE PISCINAS ACCESIBLES<\/a><\/div>\n<\/div>","protected":false},"excerpt":{"rendered":"<p>Incluso si los 160 escalones seguramente ser\u00e1n lo mejor de su aliento, todos pueden subir a su propio ritmo.<\/p>","protected":false},"author":8,"featured_media":26676,"parent":284,"menu_order":6,"comment_status":"closed","ping_status":"closed","template":"templates\/template-full-width.php","meta":{"_acf_changed":false,"_uag_custom_page_level_css":"","footnotes":""},"class_list":["post-398","page","type-page","status-publish","has-post-thumbnail","hentry"],"acf":[],"uagb_featured_image_src":{"full":["https:\/\/ladunedupilat.com\/wp-content\/uploads\/2025\/01\/Accessibilite-scaled-e1738056525185.jpg",2560,1408,false],"thumbnail":["https:\/\/ladunedupilat.com\/wp-content\/uploads\/2025\/01\/Accessibilite-scaled-e1738056525185-150x150.jpg",150,150,true],"medium":["https:\/\/ladunedupilat.com\/wp-content\/uploads\/2025\/01\/Accessibilite-scaled-e1738056525185-300x165.jpg",300,165,true],"medium_large":["https:\/\/ladunedupilat.com\/wp-content\/uploads\/2025\/01\/Accessibilite-scaled-e1738056525185-768x422.jpg",580,319,true],"large":["https:\/\/ladunedupilat.com\/wp-content\/uploads\/2025\/01\/Accessibilite-scaled-e1738056525185-1024x563.jpg",580,319,true],"1536x1536":["https:\/\/ladunedupilat.com\/wp-content\/uploads\/2025\/01\/Accessibilite-scaled-e1738056525185-1536x845.jpg",1536,845,true],"2048x2048":["https:\/\/ladunedupilat.com\/wp-content\/uploads\/2025\/01\/Accessibilite-scaled-e1738056525185-2048x1126.jpg",2048,1126,true],"trp-custom-language-flag":["https:\/\/ladunedupilat.com\/wp-content\/uploads\/2025\/01\/Accessibilite-scaled-e1738056525185-18x10.jpg",18,10,true],"post-thumbnail":["https:\/\/ladunedupilat.com\/wp-content\/uploads\/2025\/01\/Accessibilite-scaled-e1738056525185-1200x660.jpg",1200,660,true],"twentytwenty-fullscreen":["https:\/\/ladunedupilat.com\/wp-content\/uploads\/2025\/01\/Accessibilite-scaled-e1738056525185-1980x1089.jpg",1980,1089,true]},"uagb_author_info":{"display_name":"communication@ladunedupilat.com","author_link":"https:\/\/ladunedupilat.com\/es\/author\/communicationladunedupilat-com\/"},"uagb_comment_info":0,"uagb_excerpt":"M\u00eame si les 160 marches auront s\u00fbrement raison de votre souffle, chacun peut y monter \u00e0 son rythme.","_links":{"self":[{"href":"https:\/\/ladunedupilat.com\/es\/wp-json\/wp\/v2\/pages\/398","targetHints":{"allow":["GET"]}}],"collection":[{"href":"https:\/\/ladunedupilat.com\/es\/wp-json\/wp\/v2\/pages"}],"about":[{"href":"https:\/\/ladunedupilat.com\/es\/wp-json\/wp\/v2\/types\/page"}],"author":[{"embeddable":true,"href":"https:\/\/ladunedupilat.com\/es\/wp-json\/wp\/v2\/users\/8"}],"replies":[{"embeddable":true,"href":"https:\/\/ladunedupilat.com\/es\/wp-json\/wp\/v2\/comments?post=398"}],"version-history":[{"count":20,"href":"https:\/\/ladunedupilat.com\/es\/wp-json\/wp\/v2\/pages\/398\/revisions"}],"predecessor-version":[{"id":26720,"href":"https:\/\/ladunedupilat.com\/es\/wp-json\/wp\/v2\/pages\/398\/revisions\/26720"}],"up":[{"embeddable":true,"href":"https:\/\/ladunedupilat.com\/es\/wp-json\/wp\/v2\/pages\/284"}],"wp:featuredmedia":[{"embeddable":true,"href":"https:\/\/ladunedupilat.com\/es\/wp-json\/wp\/v2\/media\/26676"}],"wp:attachment":[{"href":"https:\/\/ladunedupilat.com\/es\/wp-json\/wp\/v2\/media?parent=398"}],"curies":[{"name":"gracias","href":"https:\/\/api.w.org\/{rel}","templated":true}]}}