{"id":427,"date":"2021-03-03T09:06:50","date_gmt":"2021-03-03T08:06:50","guid":{"rendered":"https:\/\/ladunedupilat.com\/?page_id=427"},"modified":"2022-02-13T09:06:47","modified_gmt":"2022-02-13T08:06:47","slug":"notas-legales","status":"publish","type":"page","link":"https:\/\/ladunedupilat.com\/es\/mentions-legales\/","title":{"rendered":"Notas legales"},"content":{"rendered":"<h2 class=\"wp-block-heading\" id=\"bienvenue-sur-le-site-officiel-du-gestionnaire-du-grand-site-de-la-dune-du-pilat\">Bienvenido al sitio oficial del gerente del Grand Site de la Dune du Pilat<\/h2>\n\n\n\n<p>De acuerdo con las disposiciones de la Ley No. 2004-575 del 21 de junio de 2004 para la confianza en la econom\u00eda digital, los usuarios del sitio ladunedupilat.com son informados de la identidad de los distintos actores en el contexto de su implementaci\u00f3n y seguimiento.<\/p>\n\n\n\n<h3 class=\"wp-block-heading\" id=\"edition-du-site\">Edici\u00f3n del sitio<\/h3>\n\n\n\n<p>Este sitio web tiene como objetivo <strong>informar y concienciar <\/strong>visitantes del Gran Sitio de la Dune du Pilat.&nbsp;<\/p>\n\n\n\n<p>Es propiedad exclusiva de:<\/p>\n\n\n\n<p><strong>UNI\u00d3N MIXTA DE LA GRANDE DUNE DU PILAT<\/strong>, gerente del Gran Sitio de Dune du Pilat&nbsp;<\/p>\n\n\n\n<p>Route de Biscarrosse RD218<br>\u00c1rea de recepci\u00f3n de la duna<br>33115 Pyla-sur-Mer<\/p>\n\n\n\n<p>Tel\u00e9fono: 05.56.22.81.22<br>Fax: 05.57.15.17.94<\/p>\n\n\n\n<h3 class=\"wp-block-heading\" id=\"responsable-de-publication\">Responsable de publicaci\u00f3n<\/h3>\n\n\n\n<p>Directores de la publicaci\u00f3n del sitio: <strong>Nathalie Le Yondre, presidenta y Maria De Vos, directora de la Uni\u00f3n Mixta de la Grande Dune du Pilat<\/strong><\/p>\n\n\n\n<p>Responsables editoriales: <strong>Louise Poupin, Jefa del Departamento de Recepci\u00f3n, Mediaci\u00f3n y Comunicaci\u00f3n y Ga\u00efa Ollivier, Responsable de Comunicaci\u00f3n y Relaciones con la Prensa<\/strong><\/p>\n\n\n\n<h3 class=\"wp-block-heading\" id=\"concepteur\">Dise\u00f1ador<\/h3>\n\n\n\n<p>Concepci\u00f3n y realizaci\u00f3n : <a href=\"https:\/\/ka2com.fr\/\" target=\"_blank\" rel=\"noreferrer noopener nofollow\">Agencia Ka2<\/a><\/p>\n\n\n\n<h3 class=\"wp-block-heading\" id=\"hebergeur\">Anfitri\u00f3n<\/h3>\n\n\n\n<p>El sitio web est\u00e1 alojado por <a href=\"https:\/\/www.surfonline.fr\/\" rel=\"nofollow noopener\" target=\"_blank\">Navegar en l\u00ednea<\/a>.<\/p>\n\n\n\n<h3 class=\"wp-block-heading\" id=\"credits\">Cr\u00e9ditos<\/h3>\n\n\n\n<p><strong>Fotos : <\/strong>Gran Sitio de la Duna de Pilat, Reserva Natural Nacional de Banc d&#039;Arguin, Ecomus\u00e9e de Marqu\u00e8ze, ISP3D, SIBA-Agence les Conteurs,&nbsp;<\/p>\n\n\n\n<p><strong>V\u00eddeos:<\/strong> Midi Prod<\/p>\n\n\n\n<h3 class=\"wp-block-heading\" id=\"responsabilite\">Responsabilidad<\/h3>\n\n\n\n<p>El Syndicat Mixte de la Grande Dune du Pilat ofrece muchos enlaces a otros sitios, principalmente sitios oficiales. Comprobados peri\u00f3dicamente, se proporcionan \u00fanicamente a t\u00edtulo informativo y no comprometen la responsabilidad del Syndicat Mixte.<\/p>\n\n\n\n<p>Por otro lado, el Syndicat Mixte de la Grande Dune du Pilat se exime de toda responsabilidad por los enlaces de hipertexto a su sitio Dune du Pilat.<\/p>\n\n\n\n<h3 class=\"wp-block-heading\" id=\"propriete-intellectuelle\">Propiedad intelectual<\/h3>\n\n\n\n<p>El sitio y la informaci\u00f3n que contiene est\u00e1n protegidos por la ley de propiedad intelectual francesa y por convenciones internacionales. El sitio (o cualquier elemento de su contenido) no puede ser reproducido, republicado, transcrito, modificado o retransmitido sin la autorizaci\u00f3n previa por escrito de los titulares de los derechos (esto no se refiere al uso en el c\u00edrculo familiar ni al uso privado).<\/p>\n\n\n\n<p>Para cualquier solicitud, env\u00ede un correo electr\u00f3nico a <a href=\"mailto:contact@ladunedupilat.com\">contact@ladunedupilat.com<\/a><\/p>","protected":false},"excerpt":{"rendered":"<p>De acuerdo con las disposiciones de la Ley No. 2004-575 del 21 de junio de 2004 para la confianza en la econom\u00eda digital, los usuarios del sitio ladunedupilat.com son informados de la identidad de los distintos actores en el contexto de su implementaci\u00f3n y seguimiento.<\/p>","protected":false},"author":8,"featured_media":2118,"parent":0,"menu_order":50,"comment_status":"closed","ping_status":"closed","template":"templates\/template-full-width.php","meta":{"_acf_changed":false,"_uag_custom_page_level_css":"","footnotes":""},"class_list":["post-427","page","type-page","status-publish","has-post-thumbnail","hentry"],"acf":[],"uagb_featured_image_src":{"full":["https:\/\/ladunedupilat.com\/wp-content\/uploads\/2021\/06\/circuits-pedestres-entete.jpg",1600,800,false],"thumbnail":["https:\/\/ladunedupilat.com\/wp-content\/uploads\/2021\/06\/circuits-pedestres-entete-150x150.jpg",150,150,true],"medium":["https:\/\/ladunedupilat.com\/wp-content\/uploads\/2021\/06\/circuits-pedestres-entete-300x150.jpg",300,150,true],"medium_large":["https:\/\/ladunedupilat.com\/wp-content\/uploads\/2021\/06\/circuits-pedestres-entete-768x384.jpg",580,290,true],"large":["https:\/\/ladunedupilat.com\/wp-content\/uploads\/2021\/06\/circuits-pedestres-entete-1024x512.jpg",580,290,true],"1536x1536":["https:\/\/ladunedupilat.com\/wp-content\/uploads\/2021\/06\/circuits-pedestres-entete-1536x768.jpg",1536,768,true],"2048x2048":["https:\/\/ladunedupilat.com\/wp-content\/uploads\/2021\/06\/circuits-pedestres-entete.jpg",1600,800,false],"trp-custom-language-flag":["https:\/\/ladunedupilat.com\/wp-content\/uploads\/2021\/06\/circuits-pedestres-entete-16x8.jpg",16,8,true],"post-thumbnail":["https:\/\/ladunedupilat.com\/wp-content\/uploads\/2021\/06\/circuits-pedestres-entete-1200x600.jpg",1200,600,true],"twentytwenty-fullscreen":["https:\/\/ladunedupilat.com\/wp-content\/uploads\/2021\/06\/circuits-pedestres-entete.jpg",1600,800,false]},"uagb_author_info":{"display_name":"communication@ladunedupilat.com","author_link":"https:\/\/ladunedupilat.com\/es\/author\/communicationladunedupilat-com\/"},"uagb_comment_info":0,"uagb_excerpt":"Conform\u00e9ment aux dispositions de la loi n\u00b0 2004-575 du 21 juin 2004 pour la confiance en l\u2019\u00e9conomie num\u00e9rique, il est pr\u00e9cis\u00e9 aux utilisateurs du site ladunedupilat.com l\u2019identit\u00e9 des diff\u00e9rents intervenants dans le cadre de sa r\u00e9alisation et de son suivi.","_links":{"self":[{"href":"https:\/\/ladunedupilat.com\/es\/wp-json\/wp\/v2\/pages\/427","targetHints":{"allow":["GET"]}}],"collection":[{"href":"https:\/\/ladunedupilat.com\/es\/wp-json\/wp\/v2\/pages"}],"about":[{"href":"https:\/\/ladunedupilat.com\/es\/wp-json\/wp\/v2\/types\/page"}],"author":[{"embeddable":true,"href":"https:\/\/ladunedupilat.com\/es\/wp-json\/wp\/v2\/users\/8"}],"replies":[{"embeddable":true,"href":"https:\/\/ladunedupilat.com\/es\/wp-json\/wp\/v2\/comments?post=427"}],"version-history":[{"count":0,"href":"https:\/\/ladunedupilat.com\/es\/wp-json\/wp\/v2\/pages\/427\/revisions"}],"wp:featuredmedia":[{"embeddable":true,"href":"https:\/\/ladunedupilat.com\/es\/wp-json\/wp\/v2\/media\/2118"}],"wp:attachment":[{"href":"https:\/\/ladunedupilat.com\/es\/wp-json\/wp\/v2\/media?parent=427"}],"curies":[{"name":"gracias","href":"https:\/\/api.w.org\/{rel}","templated":true}]}}