{"id":54,"date":"2021-02-12T18:37:23","date_gmt":"2021-02-12T17:37:23","guid":{"rendered":"https:\/\/ladunedupilat.com\/?page_id=54"},"modified":"2025-08-07T17:03:55","modified_gmt":"2025-08-07T15:03:55","slug":"documentaciones","status":"publish","type":"page","link":"https:\/\/ladunedupilat.com\/es\/je-decouvre\/documentations\/","title":{"rendered":"Documentaci\u00f3n"},"content":{"rendered":"<p class=\"has-text-align-center\">Encuentre todos nuestros documentos \u00fatiles con un solo clic:<\/p>\n\n\n\n<div style=\"height:6px\" aria-hidden=\"true\" class=\"wp-block-spacer\"><\/div>","protected":false},"excerpt":{"rendered":"<p>Encuentre todos nuestros documentos \u00fatiles con un solo clic, para verlos y descargarlos en PDF.<\/p>","protected":false},"author":8,"featured_media":25994,"parent":280,"menu_order":5,"comment_status":"closed","ping_status":"closed","template":"templates\/template-page-documentations.php","meta":{"_acf_changed":false,"_uag_custom_page_level_css":"","footnotes":""},"class_list":["post-54","page","type-page","status-publish","has-post-thumbnail","hentry"],"acf":[],"uagb_featured_image_src":{"full":["https:\/\/ladunedupilat.com\/wp-content\/uploads\/2024\/05\/IMG_9044-scaled-e1715610464528.jpg",2560,981,false],"thumbnail":["https:\/\/ladunedupilat.com\/wp-content\/uploads\/2024\/05\/IMG_9044-scaled-e1715610464528-150x150.jpg",150,150,true],"medium":["https:\/\/ladunedupilat.com\/wp-content\/uploads\/2024\/05\/IMG_9044-scaled-e1715610464528-300x115.jpg",300,115,true],"medium_large":["https:\/\/ladunedupilat.com\/wp-content\/uploads\/2024\/05\/IMG_9044-scaled-e1715610464528-768x294.jpg",580,222,true],"large":["https:\/\/ladunedupilat.com\/wp-content\/uploads\/2024\/05\/IMG_9044-scaled-e1715610464528-1024x392.jpg",580,222,true],"1536x1536":["https:\/\/ladunedupilat.com\/wp-content\/uploads\/2024\/05\/IMG_9044-scaled-e1715610464528-1536x589.jpg",1536,589,true],"2048x2048":["https:\/\/ladunedupilat.com\/wp-content\/uploads\/2024\/05\/IMG_9044-scaled-e1715610464528-2048x785.jpg",2048,785,true],"trp-custom-language-flag":["https:\/\/ladunedupilat.com\/wp-content\/uploads\/2024\/05\/IMG_9044-scaled-e1715610464528-18x7.jpg",18,7,true],"post-thumbnail":["https:\/\/ladunedupilat.com\/wp-content\/uploads\/2024\/05\/IMG_9044-scaled-e1715610464528-1200x460.jpg",1200,460,true],"twentytwenty-fullscreen":["https:\/\/ladunedupilat.com\/wp-content\/uploads\/2024\/05\/IMG_9044-scaled-e1715610464528-1980x759.jpg",1980,759,true]},"uagb_author_info":{"display_name":"communication@ladunedupilat.com","author_link":"https:\/\/ladunedupilat.com\/es\/author\/communicationladunedupilat-com\/"},"uagb_comment_info":0,"uagb_excerpt":"Retrouvez tous nos documents utiles en un clic, \u00e0 visualiser et \u00e0 t\u00e9l\u00e9charger en PDF.","_links":{"self":[{"href":"https:\/\/ladunedupilat.com\/es\/wp-json\/wp\/v2\/pages\/54","targetHints":{"allow":["GET"]}}],"collection":[{"href":"https:\/\/ladunedupilat.com\/es\/wp-json\/wp\/v2\/pages"}],"about":[{"href":"https:\/\/ladunedupilat.com\/es\/wp-json\/wp\/v2\/types\/page"}],"author":[{"embeddable":true,"href":"https:\/\/ladunedupilat.com\/es\/wp-json\/wp\/v2\/users\/8"}],"replies":[{"embeddable":true,"href":"https:\/\/ladunedupilat.com\/es\/wp-json\/wp\/v2\/comments?post=54"}],"version-history":[{"count":2,"href":"https:\/\/ladunedupilat.com\/es\/wp-json\/wp\/v2\/pages\/54\/revisions"}],"predecessor-version":[{"id":27267,"href":"https:\/\/ladunedupilat.com\/es\/wp-json\/wp\/v2\/pages\/54\/revisions\/27267"}],"up":[{"embeddable":true,"href":"https:\/\/ladunedupilat.com\/es\/wp-json\/wp\/v2\/pages\/280"}],"wp:featuredmedia":[{"embeddable":true,"href":"https:\/\/ladunedupilat.com\/es\/wp-json\/wp\/v2\/media\/25994"}],"wp:attachment":[{"href":"https:\/\/ladunedupilat.com\/es\/wp-json\/wp\/v2\/media?parent=54"}],"curies":[{"name":"gracias","href":"https:\/\/api.w.org\/{rel}","templated":true}]}}