{"id":558,"date":"2021-04-05T15:53:07","date_gmt":"2021-04-05T13:53:07","guid":{"rendered":"https:\/\/ladunedupilat.com\/?page_id=558"},"modified":"2021-10-25T14:26:09","modified_gmt":"2021-10-25T12:26:09","slug":"suscripcion-al-estacionamiento","status":"publish","type":"page","link":"https:\/\/ladunedupilat.com\/es\/preparation\/abonnement-parc-de-stationnement\/","title":{"rendered":"Suscripci\u00f3n al estacionamiento"},"content":{"rendered":"<h2 class=\"wp-block-heading\">Condiciones generales de suscripci\u00f3n anual al estacionamiento de Dune du Pilat<\/h2>\n\n\n\n<h3 class=\"wp-block-heading\">1. Disposiciones generales<\/h3>\n\n\n\n<p>Estas condiciones generales se aplican autom\u00e1ticamente a cualquier suscripci\u00f3n anual al aparcamiento Grand Site de la dune du Pilat. La firma del formulario de suscripci\u00f3n anual en las condiciones que se definen a continuaci\u00f3n y la utilizaci\u00f3n de los medios de acceso implica la aceptaci\u00f3n sin reservas de las condiciones generales de suscripci\u00f3n.<\/p>\n\n\n\n<h3 class=\"wp-block-heading\">2. Suscripci\u00f3n anual<\/h3>\n\n\n\n<p>2.1. La suscripci\u00f3n a la suscripci\u00f3n anual compromete a las siguientes partes: el usuario de la suscripci\u00f3n (en adelante tambi\u00e9n el suscriptor), el comprador de la suscripci\u00f3n y el Syndicat Mixte de la Grande Dune du Pilat con domicilio social en el H\u00f4tel de Ville de La Teste de Buch - 1, Esplanade Edmond Dor\u00e9 BP 50105 - 33164 La Teste de Buch Cedex.<\/p>\n\n\n\n<p>2.2. El contrato, celebrado entre el suscriptor y el Syndicat Mixte de la Grande Dune du Pilat, consta de estas condiciones generales de suscripci\u00f3n, el formulario de suscripci\u00f3n, la lista de precios que aparece en nuestro sitio web www.ladunedupilat.com y se muestra dentro del estacionamiento.<br>El suscriptor reconoce haber le\u00eddo estos documentos y los acepta antes de la celebraci\u00f3n del contrato.<br>La suscripci\u00f3n se realiza mediante la cumplimentaci\u00f3n del formulario online y luego mediante la firma del contrato con los agentes encargados de la explotaci\u00f3n del aparcamiento.<\/p>\n\n\n\n<p>2.3. La suscripci\u00f3n es estrictamente personal para el usuario. Se suscribe por un per\u00edodo de 12 meses y comienza el d\u00eda de la validaci\u00f3n del archivo de suscripci\u00f3n.<\/p>\n\n\n\n<h3 class=\"wp-block-heading\">3. Condiciones de uso de la suscripci\u00f3n<\/h3>\n\n\n\n<p>3.1. La tarjeta de suscriptor permite a su titular estacionar su veh\u00edculo en el estacionamiento de Grand Site en la duna de Pilat entre las 5 a.m. y las 2 a.m. del d\u00eda siguiente durante la duraci\u00f3n de la suscripci\u00f3n. No se permite estacionarse entre las 2:00 a.m. y las 5:00 a.m. Se aplica una sanci\u00f3n de 50 euros en caso de incumplimiento de esta prohibici\u00f3n.<\/p>\n\n\n\n<p>3.2. El usuario tiene la garant\u00eda de encontrar una plaza de aparcamiento excepto cuando el letrero colocado en la entrada del aparcamiento muestra lleno. En este caso, el Sindicato Mixto no se hace responsable y el suscriptor no podr\u00e1 reclamar ninguna compensaci\u00f3n o reembolso de la totalidad o parte de las tarifas de suscripci\u00f3n pagadas durante la suscripci\u00f3n.<\/p>\n\n\n\n<p>3.3. La validez de los medios de acceso se puede comprobar en cualquier momento.<br>En caso de duda sobre la identidad del suscriptor, se puede solicitar al agente designado gerente de la direcci\u00f3n del Sindicato Mixto de la Grande Dune du Pilat (o su adjunto) que presente una prueba de identidad.<\/p>\n\n\n\n<p>3.4. Para evitar cualquier problema de uso, la tarjeta de suscripci\u00f3n no debe plegarse, ponerse en contacto con el agua y todas las fuentes de calor (salpicadero por ejemplo).<\/p>\n\n\n\n<p>3.5. El uso de la tarjeta de abonado para salir del aparcamiento solo es posible si se utiliz\u00f3 para entrar en \u00e9l. Siempre se debe respetar el ciclo de entrada \/ salida.<\/p>\n\n\n\n<p>3.6. Todo abonado que haya olvidado su tarjeta o la presente en mal ciclo deber\u00e1 abonar el importe horario correspondiente a la duraci\u00f3n del aparcamiento. En este caso, no se puede solicitar ning\u00fan reembolso.<\/p>\n\n\n\n<h3 class=\"wp-block-heading\">4. P\u00e9rdida, robo, defecto<\/h3>\n\n\n\n<p>4.1. En caso de p\u00e9rdida, deterioro o defecto de la tarjeta de suscripci\u00f3n por mal mantenimiento, no se reembolsar\u00e1n los importes abonados por el contrato. La emisi\u00f3n de un nuevo medio de acceso dar\u00e1 lugar a la firma de un nuevo contrato de suscripci\u00f3n as\u00ed como a un nuevo pago.<\/p>\n\n\n\n<p>4.2. En caso de defecto en los medios de acceso sin cuestionar al suscriptor, este \u00faltimo deber\u00e1 devolverlo lo antes posible al Punto de Informaci\u00f3n Tur\u00edstica del Gran Sitio. Ser\u00e1 reemplazado sin costo para el suscriptor; La responsabilidad del Syndicat Mixte de la Grande Dune du Pilat se limita expresamente a la sustituci\u00f3n de los medios de acceso defectuosos.<\/p>\n\n\n\n<p>4.3. En ning\u00fan caso se reembolsar\u00e1n las multas de estacionamiento tomadas por el suscriptor entre la fecha de p\u00e9rdida, robo o solicitud de reposici\u00f3n del medio de acceso y la fecha de recepci\u00f3n por parte del suscriptor de su nuevo medio.<\/p>\n\n\n\n<h4 class=\"wp-block-heading\">5. Pago de la suscripci\u00f3n<\/h4>\n\n\n\n<p>5.1. El pago de la suscripci\u00f3n es el monto fijo definido por deliberaci\u00f3n del Comit\u00e9 Sindical y vigente en la fecha de inicio de la suscripci\u00f3n.<\/p>\n\n\n\n<p>5.2. El comprador y el suscriptor deben ser mayores de edad.<\/p>\n\n\n\n<p>5.3 Un adquirente puede admitir varias suscripciones.<\/p>\n\n\n\n<p>5.4. El pago de la suscripci\u00f3n se realiza in situ y de una sola vez en efectivo, cheque o tarjeta de cr\u00e9dito.<\/p>\n\n\n\n<h3 class=\"wp-block-heading\">6. Rescisi\u00f3n del contrato por iniciativa del pagador.<\/h3>\n\n\n\n<p>Al finalizar su suscripci\u00f3n, en caso de no renovaci\u00f3n, el suscriptor dispone de 7 d\u00edas (laborables y calculados a partir del \u00faltimo d\u00eda de la suscripci\u00f3n) para devolver sus medios de acceso en buen estado de funcionamiento al Punto de Informaci\u00f3n. Atractivos tur\u00edsticos de el Gran Sitio de la duna de Pilat. A falta de entrega del medio de acceso dentro del plazo antes mencionado, ser\u00e1 autom\u00e1ticamente inhabilitado por el Sindicato Mixto de la Gran Duna de Pilat.<\/p>\n\n\n\n<h3 class=\"wp-block-heading\">7. Rescisi\u00f3n del contrato por iniciativa del Syndicat Mixte de la Grande Dune du Pilat.<\/h3>\n\n\n\n<p>7.1. El contrato es rescindido autom\u00e1ticamente por el Syndicat Mixte de la Grande Dune du Pilat por las siguientes razones:<br>\u2022 En caso de fraude en la constituci\u00f3n del expediente de suscripci\u00f3n, declaraci\u00f3n falsa, falsificaci\u00f3n de anexos;<br>\u2022 En caso de fraude en el uso de los medios de acceso (en particular en el caso del uso de la suscripci\u00f3n por alguien que no sea el suscriptor);<br>\u2022 En caso de incumplimiento de las normas vigentes dentro del aparcamiento (l\u00edmite de velocidad, per\u00edmetro de las plazas de aparcamiento);<br>\u2022 En caso de cese de funcionamiento o modificaci\u00f3n de las condiciones de funcionamiento del aparcamiento por parte del Sindicato Mixte de la Grande Dune du Pilat, cualquiera que sea la causa.<br>Tras la rescisi\u00f3n del contrato, el Syndicat Mixte de la Grande Dune du Pilat invalida los medios de acceso.<\/p>\n\n\n\n<p>7.2. Cualquier usuario cuya suscripci\u00f3n haya sido cancelada por fraude establecido se compromete a devolver su medio de acceso al Punto de Informaci\u00f3n Tur\u00edstica del Gran Sitio en un plazo de 7 d\u00edas.<\/p>\n\n\n\n<p>7.3. El Syndicat Mixte de la Grande Dune du Pilat se reserva el derecho de rechazar cualquier nuevo contrato de suscripci\u00f3n a un comprador o suscriptor cuyo contrato ya haya sido rescindido por culpa.<\/p>\n\n\n\n<h3 class=\"wp-block-heading\">8. Responsabilidad<\/h3>\n\n\n\n<p>La cantidad recaudada no constituye un derecho de custodia, vigilancia o dep\u00f3sito del veh\u00edculo. El Syndicat Mixte de la Grande Dune du Pilat no se hace responsable de los robos y \/ o da\u00f1os causados al veh\u00edculo, cualquiera que sea la causa. El suscriptor se compromete a renunciar por estos motivos, directamente oa trav\u00e9s de un tercero (por ejemplo una compa\u00f1\u00eda de seguros) a cualquier recurso contra el Syndicat Mixte de la Grande Dune du Pilat o sus empleados.<\/p>\n\n\n\n<h4 class=\"wp-block-heading\">9. Protecci\u00f3n de datos personales<\/h4>\n\n\n\n<p>9.1. La informaci\u00f3n recopilada por el Syndicat Mixte de la Grande Dune du Pilat est\u00e1 sujeta a procesamiento inform\u00e1tico, siendo opcional la respuesta a determinadas preguntas.<\/p>\n\n\n\n<p>9.2. De acuerdo con la normativa aplicable, toda persona tiene derecho a acceder, rectificar y suprimir la informaci\u00f3n personal que le concierna, que puede ejercitar enviando una solicitud al Syndicat Mixte du Grand Site de la Dune du Pilat.<\/p>\n\n\n\n<div style=\"height:50px\" aria-hidden=\"true\" class=\"wp-block-spacer\"><\/div>","protected":false},"excerpt":{"rendered":"<p>Condiciones generales de suscripci\u00f3n anual al estacionamiento de Dune du Pilat<\/p>","protected":false},"author":8,"featured_media":0,"parent":284,"menu_order":4,"comment_status":"closed","ping_status":"closed","template":"templates\/template-full-width.php","meta":{"_acf_changed":false,"_uag_custom_page_level_css":"","footnotes":""},"class_list":["post-558","page","type-page","status-publish","hentry"],"acf":[],"uagb_featured_image_src":{"full":false,"thumbnail":false,"medium":false,"medium_large":false,"large":false,"1536x1536":false,"2048x2048":false,"trp-custom-language-flag":false,"post-thumbnail":false,"twentytwenty-fullscreen":false},"uagb_author_info":{"display_name":"communication@ladunedupilat.com","author_link":"https:\/\/ladunedupilat.com\/es\/author\/communicationladunedupilat-com\/"},"uagb_comment_info":0,"uagb_excerpt":"Conditions g\u00e9n\u00e9rales d\u2019abonnement annuel au parc de stationnement de la dune du Pilat","_links":{"self":[{"href":"https:\/\/ladunedupilat.com\/es\/wp-json\/wp\/v2\/pages\/558","targetHints":{"allow":["GET"]}}],"collection":[{"href":"https:\/\/ladunedupilat.com\/es\/wp-json\/wp\/v2\/pages"}],"about":[{"href":"https:\/\/ladunedupilat.com\/es\/wp-json\/wp\/v2\/types\/page"}],"author":[{"embeddable":true,"href":"https:\/\/ladunedupilat.com\/es\/wp-json\/wp\/v2\/users\/8"}],"replies":[{"embeddable":true,"href":"https:\/\/ladunedupilat.com\/es\/wp-json\/wp\/v2\/comments?post=558"}],"version-history":[{"count":0,"href":"https:\/\/ladunedupilat.com\/es\/wp-json\/wp\/v2\/pages\/558\/revisions"}],"up":[{"embeddable":true,"href":"https:\/\/ladunedupilat.com\/es\/wp-json\/wp\/v2\/pages\/284"}],"wp:attachment":[{"href":"https:\/\/ladunedupilat.com\/es\/wp-json\/wp\/v2\/media?parent=558"}],"curies":[{"name":"gracias","href":"https:\/\/api.w.org\/{rel}","templated":true}]}}