{"id":597,"date":"2021-04-06T13:18:05","date_gmt":"2021-04-06T11:18:05","guid":{"rendered":"https:\/\/ladunedupilat.com\/?page_id=597"},"modified":"2021-07-06T16:22:12","modified_gmt":"2021-07-06T14:22:12","slug":"politica-de-privacidad-2","status":"publish","type":"page","link":"https:\/\/ladunedupilat.com\/es\/politique-de-confidentialite-2\/","title":{"rendered":"pol\u00edtica de confidencialidad"},"content":{"rendered":"<p><em>\u00daltima actualizaci\u00f3n: 6 de abril de 2021<\/em><\/p>\n\n\n\n<p>Syndicat Mixte de la Dune du Pilat tiene como objetivo ser un ciudadano corporativo ejemplar y contribuir a la protecci\u00f3n de sus datos personales. Valoramos mucho la honestidad y la claridad y estamos comprometidos a construir relaciones s\u00f3lidas y duraderas con nuestros clientes, basadas en la confianza y el inter\u00e9s mutuo. De acuerdo con esta filosof\u00eda, la protecci\u00f3n de sus datos personales es fundamental para nosotros y deseamos informarle a trav\u00e9s de esta pol\u00edtica de protecci\u00f3n de datos personales de la forma en que recopilamos y procesamos estos datos. Esta pol\u00edtica de confidencialidad define y le informa de la forma en que Syndicat Mixte de la Dune du Pilat utiliza y protege la informaci\u00f3n que usted nos transmite, en su caso, cuando utiliza este sitio accesible desde la siguiente URL: Syndicat Mixte de la Dune du Pilat.com (en adelante, el &quot;Sitio&quot;). Tenga en cuenta que esta pol\u00edtica de privacidad puede ser modificada o complementada en cualquier momento por Syndicat Mixte de la Dune du Pilat, en particular con el fin de cumplir con cualquier desarrollo legislativo, reglamentario, jurisprudencial o tecnol\u00f3gico. En tal caso, la fecha de su actualizaci\u00f3n estar\u00e1 claramente identificada en la parte superior de esta pol\u00edtica. Estas modificaciones son vinculantes para el Usuario tan pronto como se pongan en l\u00ednea. Por tanto, el Usuario debe consultar peri\u00f3dicamente esta pol\u00edtica de confidencialidad y uso de cookies para estar al tanto de cualquier cambio.<\/p>\n\n\n\n<h2 class=\"wp-block-heading\">1. Datos personales<\/h2>\n\n\n\n<p>En general, puede visitar el Sitio sin revelar ninguna informaci\u00f3n personal sobre usted. En cualquier caso, no est\u00e1 obligado en modo alguno a transmitir esta informaci\u00f3n a Syndicat Mixte de la Dune du Pilat. Sin embargo, en caso de rechazo, es posible que no pueda beneficiarse de cierta informaci\u00f3n o servicios que haya solicitado. Como tal, Syndicat Mixte de la Dune du Pilat puede ser requerido en ciertos casos para pedirle que proporcione informaci\u00f3n (en adelante, su \u201cInformaci\u00f3n personal\u201d): nombre y apellido; direcci\u00f3n de correo electr\u00f3nico ; n\u00famero de tel\u00e9fono ; direcci\u00f3n postal ; cualquier solicitud especial que pueda dirigirnos (principalmente con fines de archivo); Al proporcionar esta informaci\u00f3n, usted acepta expresamente que ser\u00e1 procesada por Syndicat Mixte de la Dune du Pilat, para los fines indicados en el punto 2 a continuaci\u00f3n, as\u00ed como para los fines indicados al final de cada formulario. De acuerdo con el Reglamento General de Protecci\u00f3n de Datos adoptado por el Parlamento Europeo el 14 de abril de 2016, y la Ley de Protecci\u00f3n de Datos de 6 de enero de 1978 seg\u00fan enmendada, Syndicat Mixte de la Dune du Pilat le informa de los siguientes puntos:<\/p>\n\n\n\n<h3 class=\"wp-block-heading\">1.1. Identidad del responsable del tratamiento<\/h3>\n\n\n\n<p>El responsable del tratamiento es Syndicat Mixte de la Dune du Pilat, con domicilio social en Route de Biscarrosse (RD 218) 33115 Pyla-sur-Merx. Correo electr\u00f3nico: information@ladunedupilat.com.<\/p>\n\n\n\n<h3 class=\"wp-block-heading\">1.2. Finalidades del tratamiento<\/h3>\n\n\n\n<p>Syndicat Mixte de la Dune du Pilat puede procesar su Informaci\u00f3n personal: (a) con el fin de proporcionarle la informaci\u00f3n o los servicios que ha solicitado recibir (enviando nuestros boletines despu\u00e9s de su registro); y \/ o (b) con el prop\u00f3sito de recopilar informaci\u00f3n que nos permita mejorar nuestro Sitio, nuestros productos y servicios (en particular mediante cookies).<\/p>\n\n\n\n<h3 class=\"wp-block-heading\">1.3. Destinatarios<\/h3>\n\n\n\n<p>Solo Syndicat Mixte de la Dune du Pilat es el destinatario de su informaci\u00f3n personal. Estos, ya sea de forma individual o agregada, nunca se transmiten a un tercero, sin perjuicio de los proveedores de servicios a los que utilice Syndicat Mixte de la Dune du Pilat (encontrar\u00e1 m\u00e1s informaci\u00f3n sobre ellos en el punto 7 a continuaci\u00f3n). Ni Syndicat Mixte de la Dune du Pilat, ni ninguno de sus proveedores de servicios, vende los datos personales de los visitantes y Usuarios de su Sitio.<\/p>\n\n\n\n<h3 class=\"wp-block-heading\">1.4. Duraci\u00f3n de la conservaci\u00f3n<\/h3>\n\n\n\n<p>Syndicat Mixte de la Dune du Pilat conserva su informaci\u00f3n personal solo durante el tiempo correspondiente al prop\u00f3sito de la recopilaci\u00f3n, como se indica en el punto 2 anterior, que en ning\u00fan caso puede exceder los 24 meses.<\/p>\n\n\n\n<h3 class=\"wp-block-heading\">1.5. Derechos y libertades inform\u00e1ticos<\/h3>\n\n\n\n<p>Tiene los siguientes derechos con respecto a su Informaci\u00f3n personal, que puede ejercer escribi\u00e9ndonos a la direcci\u00f3n de correo electr\u00f3nico (information@ladunedupilat.com), a la direcci\u00f3n postal (ver punto 1) o utilizando el formulario de contacto en el Sitio en la siguiente URL: https:\/\/ladunedupilat.com\/contact\/<\/p>\n\n\n\n<h4 class=\"wp-block-heading\"><strong>Derecho de acceso y comunicaci\u00f3n de datos<\/strong><\/h4>\n\n\n\n<p>Tiene la opci\u00f3n de acceder a la informaci\u00f3n personal que le concierne. Sin embargo, debido a la obligaci\u00f3n de seguridad y confidencialidad en el tratamiento de los datos personales que incumbe a Syndicat Mixte de la Dune du Pilat, se le informa que su solicitud ser\u00e1 procesada siempre que acredite su identidad, en particular mediante la presentaci\u00f3n de un escaneo de su documento de identidad v\u00e1lido (en el caso de una solicitud utilizando nuestro formulario electr\u00f3nico dedicado) o una fotocopia firmada de su documento de identidad v\u00e1lido (en el caso de una solicitud por escrito). Syndicat Mixte de la Dune du Pilat le informa que tendr\u00e1 derecho, si es necesario, a oponerse a solicitudes claramente abusivas (por su n\u00famero, su car\u00e1cter repetitivo o sistem\u00e1tico). Para ayudarlo en su proceso, en particular si desea ejercer su derecho de acceso mediante una solicitud por escrito a la direcci\u00f3n postal mencionada en el punto 1, encontrar\u00e1 al hacer clic en el siguiente enlace un modelo de carta elaborado por la Comisi\u00f3n Nacional. para la Computaci\u00f3n y las Libertades (la \u201cCNIL\u201d). <a href=\"https:\/\/www.cnil.fr\/fr\/modele\/courrier\/exercer-son-droit-dacces\" target=\"_blank\" rel=\"noreferrer noopener nofollow\">https:\/\/www.cnil.fr\/fr\/modele\/courrier\/exercer-son-droit-dacces<\/a><\/p>\n\n\n\n<h4 class=\"wp-block-heading\"><strong>Derecho a rectificar datos<\/strong><\/h4>\n\n\n\n<p>En virtud de este derecho, la legislaci\u00f3n le faculta para solicitar la rectificaci\u00f3n, actualizaci\u00f3n, bloqueo o incluso supresi\u00f3n de los datos que le conciernen que puedan resultar inexactos, err\u00f3neos, incompletos u obsoletos. Adem\u00e1s, puede definir directivas generales y espec\u00edficas relacionadas con el destino de los datos personales despu\u00e9s de su muerte. En su caso, los herederos de una persona fallecida podr\u00e1n exigir que se tenga en cuenta la muerte de su familiar y \/ o que se realicen las actualizaciones necesarias. Para ayudarle en su proceso, en particular si desea ejercer, por cuenta propia o en nombre de uno de sus familiares fallecidos, su derecho de rectificaci\u00f3n mediante solicitud escrita a la direcci\u00f3n postal mencionada en el punto 1, deber\u00e1 encuentre haciendo clic en el siguiente enlace una carta modelo desarrollada por la CNIL. <a href=\"https:\/\/www.cnil.fr\/fr\/modele\/courrier\/rectifier-des-donnees-inexactes-obsoletes-ou-perimees\" target=\"_blank\" rel=\"noreferrer noopener nofollow\">https:\/\/www.cnil.fr\/fr\/modele\/courrier\/rectifier-des-donnees-inexactes-obsoletes-ou-perimees<\/a><\/p>\n\n\n\n<h4 class=\"wp-block-heading\"><strong>Derecho de oposici\u00f3n<\/strong><\/h4>\n\n\n\n<p>El ejercicio de este derecho s\u00f3lo es posible en una de las dos situaciones siguientes: Cuando el ejercicio de este derecho se base en motivos leg\u00edtimos; o Cuando el ejercicio de este derecho tenga por objeto evitar que los datos recogidos sean utilizados con fines de prospecci\u00f3n comercial. Para ayudarle en su proceso, en particular si desea ejercitar su derecho de oposici\u00f3n mediante una solicitud por escrito dirigida a la direcci\u00f3n postal indicada en el punto 1, encontrar\u00e1 haciendo clic en el siguiente enlace un modelo de carta elaborado por la CNIL. . <a href=\"https:\/\/www.cnil.fr\/fr\/modele\/courrier\/supprimer-des-informations-vous-concernant-dun-site-internet\" target=\"_blank\" rel=\"noreferrer noopener nofollow\">https:\/\/www.cnil.fr\/fr\/modele\/courrier\/supprimer-des-informations-vous-concernant-dun-site-internet<\/a> Sin embargo, le proporcionamos herramientas para administrar sus datos directamente en nuestro sitio. Los encontrar\u00e1 en la parte inferior de la p\u00e1gina. Cont\u00e1ctenos si tiene alg\u00fan problema con su uso.<\/p>\n\n\n\n<h3 class=\"wp-block-heading\">1.6. Duraci\u00f3n de la respuesta<\/h3>\n\n\n\n<p>Syndicat Mixte de la Dune du Pilat se compromete a responder a su solicitud de acceso, rectificaci\u00f3n u oposici\u00f3n o cualquier otra solicitud de informaci\u00f3n adicional en un plazo razonable que no podr\u00e1 exceder de 1 mes desde la recepci\u00f3n de su solicitud.<\/p>\n\n\n\n<h3 class=\"wp-block-heading\">1.7. Proveedores de servicios autorizados y traslado a un tercer pa\u00eds de la Uni\u00f3n Europea<\/h3>\n\n\n\n<p>Syndicat Mixte de la Dune du Pilat le informa que utiliza sus proveedores de servicios autorizados para facilitar la recogida y tratamiento de los datos que nos ha comunicado. Estos proveedores de servicios pueden estar ubicados fuera de la Uni\u00f3n Europea y comunicar los datos recopilados a trav\u00e9s de los diversos formularios en el Sitio (con la excepci\u00f3n del formulario que le permite ejercer sus derechos de TI y Libertades que Syndicat Mixte de la Dune ofrece y utiliza. du Pilat).<\/p>\n\n\n\n<h3 class=\"wp-block-heading\">1.8. Reclamaci\u00f3n ante la autoridad competente<\/h3>\n\n\n\n<p>Si considera que Syndicat Mixte de la Dune du Pilat no respeta sus obligaciones con respecto a su Informaci\u00f3n Personal, puede dirigir una queja o una solicitud a la autoridad competente. En Francia, la autoridad competente es la CNIL a la que puede enviar una solicitud electr\u00f3nicamente haciendo clic en el siguiente enlace: https:\/\/www.cnil.fr\/fr\/plaintes\/internet.<\/p>\n\n\n\n<p><\/p>\n\n\n\n<div class=\"data443-privacy-safe\" style=\"font-size:12px;text-align: left;\"><a href=\"javascript:;\" onclick=\"openpopup_();\">\n\t\t<img decoding=\"async\" id=\"data443-privacy-safe-image\" src=\"https:\/\/orders.data443.com\/seal\/seal.php?params=\" alt=\"Caja fuerte de privacidad Data443\" \/>\n\t\t<\/a><\/div><script>jQuery('#data443-privacy-safe-image').load(function(){var px='12px';var w=jQuery(this).width();if(w>0&&w<=150){px='6px'}else if(w<300){px='10px'};jQuery('.data443-privacy-safe').css({'font-size': px});})<\/script>","protected":false},"excerpt":{"rendered":"<p>En general, puede visitar el Sitio sin revelar ninguna informaci\u00f3n personal sobre usted.<\/p>","protected":false},"author":8,"featured_media":1785,"parent":0,"menu_order":50,"comment_status":"closed","ping_status":"closed","template":"templates\/template-full-width.php","meta":{"_acf_changed":false,"_uag_custom_page_level_css":"","footnotes":""},"class_list":["post-597","page","type-page","status-publish","has-post-thumbnail","hentry"],"acf":[],"uagb_featured_image_src":{"full":["https:\/\/ladunedupilat.com\/wp-content\/uploads\/2021\/05\/entete-actus.jpg",1600,800,false],"thumbnail":["https:\/\/ladunedupilat.com\/wp-content\/uploads\/2021\/05\/entete-actus-150x150.jpg",150,150,true],"medium":["https:\/\/ladunedupilat.com\/wp-content\/uploads\/2021\/05\/entete-actus-300x150.jpg",300,150,true],"medium_large":["https:\/\/ladunedupilat.com\/wp-content\/uploads\/2021\/05\/entete-actus-768x384.jpg",580,290,true],"large":["https:\/\/ladunedupilat.com\/wp-content\/uploads\/2021\/05\/entete-actus-1024x512.jpg",580,290,true],"1536x1536":["https:\/\/ladunedupilat.com\/wp-content\/uploads\/2021\/05\/entete-actus-1536x768.jpg",1536,768,true],"2048x2048":["https:\/\/ladunedupilat.com\/wp-content\/uploads\/2021\/05\/entete-actus.jpg",1600,800,false],"trp-custom-language-flag":["https:\/\/ladunedupilat.com\/wp-content\/uploads\/2021\/05\/entete-actus-16x8.jpg",16,8,true],"post-thumbnail":["https:\/\/ladunedupilat.com\/wp-content\/uploads\/2021\/05\/entete-actus-1200x600.jpg",1200,600,true],"twentytwenty-fullscreen":["https:\/\/ladunedupilat.com\/wp-content\/uploads\/2021\/05\/entete-actus.jpg",1600,800,false]},"uagb_author_info":{"display_name":"communication@ladunedupilat.com","author_link":"https:\/\/ladunedupilat.com\/es\/author\/communicationladunedupilat-com\/"},"uagb_comment_info":0,"uagb_excerpt":"D\u2019une mani\u00e8re g\u00e9n\u00e9rale, il vous est possible de visiter le Site sans communiquer aucune information personnelle vous concernant.","_links":{"self":[{"href":"https:\/\/ladunedupilat.com\/es\/wp-json\/wp\/v2\/pages\/597","targetHints":{"allow":["GET"]}}],"collection":[{"href":"https:\/\/ladunedupilat.com\/es\/wp-json\/wp\/v2\/pages"}],"about":[{"href":"https:\/\/ladunedupilat.com\/es\/wp-json\/wp\/v2\/types\/page"}],"author":[{"embeddable":true,"href":"https:\/\/ladunedupilat.com\/es\/wp-json\/wp\/v2\/users\/8"}],"replies":[{"embeddable":true,"href":"https:\/\/ladunedupilat.com\/es\/wp-json\/wp\/v2\/comments?post=597"}],"version-history":[{"count":0,"href":"https:\/\/ladunedupilat.com\/es\/wp-json\/wp\/v2\/pages\/597\/revisions"}],"wp:featuredmedia":[{"embeddable":true,"href":"https:\/\/ladunedupilat.com\/es\/wp-json\/wp\/v2\/media\/1785"}],"wp:attachment":[{"href":"https:\/\/ladunedupilat.com\/es\/wp-json\/wp\/v2\/media?parent=597"}],"curies":[{"name":"gracias","href":"https:\/\/api.w.org\/{rel}","templated":true}]}}